{"id":5739,"date":"2022-09-05T10:39:50","date_gmt":"2022-09-05T10:39:50","guid":{"rendered":"https:\/\/franciscobelmonte.com\/tienda\/?post_type=product&#038;p=5739"},"modified":"2026-01-03T12:14:47","modified_gmt":"2026-01-03T10:14:47","slug":"maleta-givi-mk-42-litros","status":"publish","type":"product","link":"https:\/\/franciscobelmonte.com\/tienda\/maleta-givi-mk-42-litros\/","title":{"rendered":"MALETA GIVI OBKN42A MK 42 LTS. OBK42\/T. OUTBACK ALUMINIO"},"content":{"rendered":"<h1>MALETA GIVI OBKN42A\u00a0 MK 42 LTS. OBK42\/T. OUTBACK ALUMINIO<\/h1>\n<div class=\"rte\">\n<p>Esta compacta maleta de 42 lts, desarrollada para ubicarse en la parte posterior, se fija a la moto mediante una parrilla MONOKEY. Su estructura cuadrada, realizada totalmente en aluminio con acabado natural, recupera el dise\u00f1o &lt;&lt;Adventure&gt;&gt; t\u00edpico de las maletas laterales OUTBACK. Los perfiles y los parachoques angulares a contraste de tecno pol\u00edmero negro a\u00f1aden el toque final de estilo.<br \/>\nPuede albergar c\u00f3modamente 1 casco modular o integral. Esta maleta (disponible tambi\u00e9n en la versi\u00f3n de 58 lts) ofrece la posibilidad de colocar objetos u otras bolsas sobre la tapa gracias a sus 4 pasacorreas superiores.<br \/>\nAl equipamiento t\u00e9cnico, que incluye tambi\u00e9n la cerradura Security Lock y una \u00fatil alfombrilla para el fondo que absorbe golpes y vibraciones, se a\u00f1aden accesorios opcionales que permiten personalizar la maleta al gusto del usuario: desde la red el\u00e1stica que sujeta el equipaje debajo de la tapa al respaldo de poliuretano, pasando por la luz interna de cortes\u00eda, la bolsa interna impermeable y muchos otros complementos.<\/p>\n<\/div>\n","protected":false},"excerpt":{"rendered":"<p>Esta compacta maleta de 42 lts, desarrollada para ubicarse en la parte posterior, se fija a la moto mediante una parrilla MONOKEY. Su estructura cuadrada, realizada totalmente en aluminio con acabado natural.<\/p>\n","protected":false},"featured_media":5740,"comment_status":"open","ping_status":"closed","template":"","meta":{"_themeisle_gutenberg_block_has_review":false},"pwb-brand":[188],"product_brand":[],"product_cat":[302,303],"product_tag":[885,787,531],"class_list":{"0":"post-5739","1":"product","2":"type-product","3":"status-publish","4":"has-post-thumbnail","6":"pwb-brand-givi","7":"product_cat-accesorios-moto","8":"product_cat-maletas","9":"product_tag-dto-navideno-25","10":"product_tag-givi-sin-rebajas-20","11":"product_tag-rebajas-25","13":"first","14":"instock","15":"sale","16":"taxable","17":"shipping-taxable","18":"purchasable","19":"product-type-simple"},"yoast_head":"<!-- This site is optimized with the Yoast SEO plugin v27.4 - https:\/\/yoast.com\/product\/yoast-seo-wordpress\/ -->\n<title>MALETA GIVI OBKN42A MK 42 LTS. OBK42\/T. OUTBACK ALUMINIO - Boutique Francisco Belmonte<\/title>\n<meta name=\"description\" content=\"Maleta Givi MK 42 Lts Aluminio natural . Maletas de moto Givi en nuestra Boutique Francisco Belmonte en Murcia, al mejor precio. Cons\u00faltanos cualquier duda.\" \/>\n<meta name=\"robots\" content=\"index, follow, max-snippet:-1, max-image-preview:large, max-video-preview:-1\" \/>\n<link rel=\"canonical\" href=\"https:\/\/franciscobelmonte.com\/tienda\/maleta-givi-mk-42-litros\/\" \/>\n<meta property=\"og:locale\" content=\"es_ES\" \/>\n<meta property=\"og:type\" content=\"article\" \/>\n<meta property=\"og:title\" content=\"MALETA GIVI OBKN42A MK 42 LTS. OBK42\/T. OUTBACK ALUMINIO - Boutique Francisco Belmonte\" \/>\n<meta property=\"og:description\" content=\"Maleta Givi MK 42 Lts Aluminio natural . Maletas de moto Givi en nuestra Boutique Francisco Belmonte en Murcia, al mejor precio. Cons\u00faltanos cualquier duda.\" \/>\n<meta property=\"og:url\" content=\"https:\/\/franciscobelmonte.com\/tienda\/maleta-givi-mk-42-litros\/\" \/>\n<meta property=\"og:site_name\" content=\"Boutique Francisco Belmonte\" \/>\n<meta property=\"article:publisher\" content=\"https:\/\/www.facebook.com\/motosfranciscobelmonte\" \/>\n<meta property=\"article:modified_time\" content=\"2026-01-03T10:14:47+00:00\" \/>\n<meta property=\"og:image\" content=\"https:\/\/franciscobelmonte.com\/tienda\/wp-content\/uploads\/2022\/09\/maleta-givi-mk-42-lts-obk42a-aluminio-nat.jpg\" \/>\n\t<meta property=\"og:image:width\" content=\"800\" \/>\n\t<meta property=\"og:image:height\" content=\"800\" \/>\n\t<meta property=\"og:image:type\" content=\"image\/jpeg\" \/>\n<meta name=\"twitter:card\" content=\"summary_large_image\" \/>\n<meta name=\"twitter:label1\" content=\"Tiempo de lectura\" \/>\n\t<meta name=\"twitter:data1\" content=\"1 minuto\" \/>\n<script type=\"application\/ld+json\" class=\"yoast-schema-graph\">{\"@context\":\"https:\\\/\\\/schema.org\",\"@graph\":[{\"@type\":\"WebPage\",\"@id\":\"https:\\\/\\\/franciscobelmonte.com\\\/tienda\\\/maleta-givi-mk-42-litros\\\/\",\"url\":\"https:\\\/\\\/franciscobelmonte.com\\\/tienda\\\/maleta-givi-mk-42-litros\\\/\",\"name\":\"MALETA GIVI OBKN42A MK 42 LTS. OBK42\\\/T. OUTBACK ALUMINIO - Boutique Francisco Belmonte\",\"isPartOf\":{\"@id\":\"https:\\\/\\\/franciscobelmonte.com\\\/tienda\\\/#website\"},\"primaryImageOfPage\":{\"@id\":\"https:\\\/\\\/franciscobelmonte.com\\\/tienda\\\/maleta-givi-mk-42-litros\\\/#primaryimage\"},\"image\":{\"@id\":\"https:\\\/\\\/franciscobelmonte.com\\\/tienda\\\/maleta-givi-mk-42-litros\\\/#primaryimage\"},\"thumbnailUrl\":\"https:\\\/\\\/franciscobelmonte.com\\\/tienda\\\/wp-content\\\/uploads\\\/2022\\\/09\\\/maleta-givi-mk-42-lts-obk42a-aluminio-nat.jpg\",\"datePublished\":\"2022-09-05T10:39:50+00:00\",\"dateModified\":\"2026-01-03T10:14:47+00:00\",\"description\":\"Maleta Givi MK 42 Lts Aluminio natural . Maletas de moto Givi en nuestra Boutique Francisco Belmonte en Murcia, al mejor precio. Cons\u00faltanos cualquier duda.\",\"breadcrumb\":{\"@id\":\"https:\\\/\\\/franciscobelmonte.com\\\/tienda\\\/maleta-givi-mk-42-litros\\\/#breadcrumb\"},\"inLanguage\":\"es\",\"potentialAction\":[{\"@type\":\"ReadAction\",\"target\":[\"https:\\\/\\\/franciscobelmonte.com\\\/tienda\\\/maleta-givi-mk-42-litros\\\/\"]}]},{\"@type\":\"ImageObject\",\"inLanguage\":\"es\",\"@id\":\"https:\\\/\\\/franciscobelmonte.com\\\/tienda\\\/maleta-givi-mk-42-litros\\\/#primaryimage\",\"url\":\"https:\\\/\\\/franciscobelmonte.com\\\/tienda\\\/wp-content\\\/uploads\\\/2022\\\/09\\\/maleta-givi-mk-42-lts-obk42a-aluminio-nat.jpg\",\"contentUrl\":\"https:\\\/\\\/franciscobelmonte.com\\\/tienda\\\/wp-content\\\/uploads\\\/2022\\\/09\\\/maleta-givi-mk-42-lts-obk42a-aluminio-nat.jpg\",\"width\":800,\"height\":800,\"caption\":\"maleta givi mk 42 lts aluminio natural en murcia francisco belmonte\"},{\"@type\":\"BreadcrumbList\",\"@id\":\"https:\\\/\\\/franciscobelmonte.com\\\/tienda\\\/maleta-givi-mk-42-litros\\\/#breadcrumb\",\"itemListElement\":[{\"@type\":\"ListItem\",\"position\":1,\"name\":\"Portada\",\"item\":\"https:\\\/\\\/franciscobelmonte.com\\\/tienda\\\/\"},{\"@type\":\"ListItem\",\"position\":2,\"name\":\"Tienda\",\"item\":\"https:\\\/\\\/franciscobelmonte.com\\\/tienda\\\/boutique-equipamiento-motero\\\/\"},{\"@type\":\"ListItem\",\"position\":3,\"name\":\"MALETA GIVI OBKN42A MK 42 LTS. OBK42\\\/T. OUTBACK ALUMINIO\"}]},{\"@type\":\"WebSite\",\"@id\":\"https:\\\/\\\/franciscobelmonte.com\\\/tienda\\\/#website\",\"url\":\"https:\\\/\\\/franciscobelmonte.com\\\/tienda\\\/\",\"name\":\"Boutique Francisco Belmonte\",\"description\":\"Todo en complementos para motoristas\",\"publisher\":{\"@id\":\"https:\\\/\\\/franciscobelmonte.com\\\/tienda\\\/#organization\"},\"potentialAction\":[{\"@type\":\"SearchAction\",\"target\":{\"@type\":\"EntryPoint\",\"urlTemplate\":\"https:\\\/\\\/franciscobelmonte.com\\\/tienda\\\/?s={search_term_string}\"},\"query-input\":{\"@type\":\"PropertyValueSpecification\",\"valueRequired\":true,\"valueName\":\"search_term_string\"}}],\"inLanguage\":\"es\"},{\"@type\":\"Organization\",\"@id\":\"https:\\\/\\\/franciscobelmonte.com\\\/tienda\\\/#organization\",\"name\":\"Boutique Francisco Belmonte\",\"url\":\"https:\\\/\\\/franciscobelmonte.com\\\/tienda\\\/\",\"logo\":{\"@type\":\"ImageObject\",\"inLanguage\":\"es\",\"@id\":\"https:\\\/\\\/franciscobelmonte.com\\\/tienda\\\/#\\\/schema\\\/logo\\\/image\\\/\",\"url\":\"https:\\\/\\\/franciscobelmonte.com\\\/tienda\\\/wp-content\\\/uploads\\\/2021\\\/12\\\/Francisco-Belmonte-logo.png\",\"contentUrl\":\"https:\\\/\\\/franciscobelmonte.com\\\/tienda\\\/wp-content\\\/uploads\\\/2021\\\/12\\\/Francisco-Belmonte-logo.png\",\"width\":2153,\"height\":536,\"caption\":\"Boutique Francisco Belmonte\"},\"image\":{\"@id\":\"https:\\\/\\\/franciscobelmonte.com\\\/tienda\\\/#\\\/schema\\\/logo\\\/image\\\/\"},\"sameAs\":[\"https:\\\/\\\/www.facebook.com\\\/motosfranciscobelmonte\",\"https:\\\/\\\/www.instagram.com\\\/fco.belmonte\\\/\"]}]}<\/script>\n<!-- \/ Yoast SEO plugin. -->","yoast_head_json":{"title":"MALETA GIVI OBKN42A MK 42 LTS. OBK42\/T. OUTBACK ALUMINIO - Boutique Francisco Belmonte","description":"Maleta Givi MK 42 Lts Aluminio natural . Maletas de moto Givi en nuestra Boutique Francisco Belmonte en Murcia, al mejor precio. Cons\u00faltanos cualquier duda.","robots":{"index":"index","follow":"follow","max-snippet":"max-snippet:-1","max-image-preview":"max-image-preview:large","max-video-preview":"max-video-preview:-1"},"canonical":"https:\/\/franciscobelmonte.com\/tienda\/maleta-givi-mk-42-litros\/","og_locale":"es_ES","og_type":"article","og_title":"MALETA GIVI OBKN42A MK 42 LTS. OBK42\/T. OUTBACK ALUMINIO - Boutique Francisco Belmonte","og_description":"Maleta Givi MK 42 Lts Aluminio natural . Maletas de moto Givi en nuestra Boutique Francisco Belmonte en Murcia, al mejor precio. Cons\u00faltanos cualquier duda.","og_url":"https:\/\/franciscobelmonte.com\/tienda\/maleta-givi-mk-42-litros\/","og_site_name":"Boutique Francisco Belmonte","article_publisher":"https:\/\/www.facebook.com\/motosfranciscobelmonte","article_modified_time":"2026-01-03T10:14:47+00:00","og_image":[{"width":800,"height":800,"url":"https:\/\/franciscobelmonte.com\/tienda\/wp-content\/uploads\/2022\/09\/maleta-givi-mk-42-lts-obk42a-aluminio-nat.jpg","type":"image\/jpeg"}],"twitter_card":"summary_large_image","twitter_misc":{"Tiempo de lectura":"1 minuto"},"schema":{"@context":"https:\/\/schema.org","@graph":[{"@type":"WebPage","@id":"https:\/\/franciscobelmonte.com\/tienda\/maleta-givi-mk-42-litros\/","url":"https:\/\/franciscobelmonte.com\/tienda\/maleta-givi-mk-42-litros\/","name":"MALETA GIVI OBKN42A MK 42 LTS. OBK42\/T. OUTBACK ALUMINIO - Boutique Francisco Belmonte","isPartOf":{"@id":"https:\/\/franciscobelmonte.com\/tienda\/#website"},"primaryImageOfPage":{"@id":"https:\/\/franciscobelmonte.com\/tienda\/maleta-givi-mk-42-litros\/#primaryimage"},"image":{"@id":"https:\/\/franciscobelmonte.com\/tienda\/maleta-givi-mk-42-litros\/#primaryimage"},"thumbnailUrl":"https:\/\/franciscobelmonte.com\/tienda\/wp-content\/uploads\/2022\/09\/maleta-givi-mk-42-lts-obk42a-aluminio-nat.jpg","datePublished":"2022-09-05T10:39:50+00:00","dateModified":"2026-01-03T10:14:47+00:00","description":"Maleta Givi MK 42 Lts Aluminio natural . Maletas de moto Givi en nuestra Boutique Francisco Belmonte en Murcia, al mejor precio. Cons\u00faltanos cualquier duda.","breadcrumb":{"@id":"https:\/\/franciscobelmonte.com\/tienda\/maleta-givi-mk-42-litros\/#breadcrumb"},"inLanguage":"es","potentialAction":[{"@type":"ReadAction","target":["https:\/\/franciscobelmonte.com\/tienda\/maleta-givi-mk-42-litros\/"]}]},{"@type":"ImageObject","inLanguage":"es","@id":"https:\/\/franciscobelmonte.com\/tienda\/maleta-givi-mk-42-litros\/#primaryimage","url":"https:\/\/franciscobelmonte.com\/tienda\/wp-content\/uploads\/2022\/09\/maleta-givi-mk-42-lts-obk42a-aluminio-nat.jpg","contentUrl":"https:\/\/franciscobelmonte.com\/tienda\/wp-content\/uploads\/2022\/09\/maleta-givi-mk-42-lts-obk42a-aluminio-nat.jpg","width":800,"height":800,"caption":"maleta givi mk 42 lts aluminio natural en murcia francisco belmonte"},{"@type":"BreadcrumbList","@id":"https:\/\/franciscobelmonte.com\/tienda\/maleta-givi-mk-42-litros\/#breadcrumb","itemListElement":[{"@type":"ListItem","position":1,"name":"Portada","item":"https:\/\/franciscobelmonte.com\/tienda\/"},{"@type":"ListItem","position":2,"name":"Tienda","item":"https:\/\/franciscobelmonte.com\/tienda\/boutique-equipamiento-motero\/"},{"@type":"ListItem","position":3,"name":"MALETA GIVI OBKN42A MK 42 LTS. OBK42\/T. OUTBACK ALUMINIO"}]},{"@type":"WebSite","@id":"https:\/\/franciscobelmonte.com\/tienda\/#website","url":"https:\/\/franciscobelmonte.com\/tienda\/","name":"Boutique Francisco Belmonte","description":"Todo en complementos para motoristas","publisher":{"@id":"https:\/\/franciscobelmonte.com\/tienda\/#organization"},"potentialAction":[{"@type":"SearchAction","target":{"@type":"EntryPoint","urlTemplate":"https:\/\/franciscobelmonte.com\/tienda\/?s={search_term_string}"},"query-input":{"@type":"PropertyValueSpecification","valueRequired":true,"valueName":"search_term_string"}}],"inLanguage":"es"},{"@type":"Organization","@id":"https:\/\/franciscobelmonte.com\/tienda\/#organization","name":"Boutique Francisco Belmonte","url":"https:\/\/franciscobelmonte.com\/tienda\/","logo":{"@type":"ImageObject","inLanguage":"es","@id":"https:\/\/franciscobelmonte.com\/tienda\/#\/schema\/logo\/image\/","url":"https:\/\/franciscobelmonte.com\/tienda\/wp-content\/uploads\/2021\/12\/Francisco-Belmonte-logo.png","contentUrl":"https:\/\/franciscobelmonte.com\/tienda\/wp-content\/uploads\/2021\/12\/Francisco-Belmonte-logo.png","width":2153,"height":536,"caption":"Boutique Francisco Belmonte"},"image":{"@id":"https:\/\/franciscobelmonte.com\/tienda\/#\/schema\/logo\/image\/"},"sameAs":["https:\/\/www.facebook.com\/motosfranciscobelmonte","https:\/\/www.instagram.com\/fco.belmonte\/"]}]}},"jetpack_sharing_enabled":true,"brands":[{"id":188,"name":"Givi","slug":"givi"}],"_links":{"self":[{"href":"https:\/\/franciscobelmonte.com\/tienda\/wp-json\/wp\/v2\/product\/5739","targetHints":{"allow":["GET"]}}],"collection":[{"href":"https:\/\/franciscobelmonte.com\/tienda\/wp-json\/wp\/v2\/product"}],"about":[{"href":"https:\/\/franciscobelmonte.com\/tienda\/wp-json\/wp\/v2\/types\/product"}],"replies":[{"embeddable":true,"href":"https:\/\/franciscobelmonte.com\/tienda\/wp-json\/wp\/v2\/comments?post=5739"}],"wp:featuredmedia":[{"embeddable":true,"href":"https:\/\/franciscobelmonte.com\/tienda\/wp-json\/wp\/v2\/media\/5740"}],"wp:attachment":[{"href":"https:\/\/franciscobelmonte.com\/tienda\/wp-json\/wp\/v2\/media?parent=5739"}],"wp:term":[{"taxonomy":"pwb-brand","embeddable":true,"href":"https:\/\/franciscobelmonte.com\/tienda\/wp-json\/wp\/v2\/pwb-brand?post=5739"},{"taxonomy":"product_brand","embeddable":true,"href":"https:\/\/franciscobelmonte.com\/tienda\/wp-json\/wp\/v2\/product_brand?post=5739"},{"taxonomy":"product_cat","embeddable":true,"href":"https:\/\/franciscobelmonte.com\/tienda\/wp-json\/wp\/v2\/product_cat?post=5739"},{"taxonomy":"product_tag","embeddable":true,"href":"https:\/\/franciscobelmonte.com\/tienda\/wp-json\/wp\/v2\/product_tag?post=5739"}],"curies":[{"name":"wp","href":"https:\/\/api.w.org\/{rel}","templated":true}]}}