{"id":5802,"date":"2022-09-06T17:04:48","date_gmt":"2022-09-06T17:04:48","guid":{"rendered":"https:\/\/franciscobelmonte.com\/tienda\/?post_type=product&#038;p=5802"},"modified":"2025-12-15T20:44:03","modified_gmt":"2025-12-15T18:44:03","slug":"guantes-alpinestars-reef-negro-blanco","status":"publish","type":"product","link":"https:\/\/franciscobelmonte.com\/tienda\/guantes-alpinestars-reef-negro-blanco\/","title":{"rendered":"GUANTES ALPINESTARS REEF NEGRO \/ BLANCO"},"content":{"rendered":"<h2>Guantes ALPINESTARS Reef Negro \/ Blanco<\/h2>\n<p>El guante Reef presenta una construcci\u00f3n de tela el\u00e1stica para un peso bajo y altos niveles de transpirabilidad y una palma de gamuza sint\u00e9tica para una mayor resistencia a la abrasi\u00f3n, perfecto para la conducci\u00f3n urbana.<br \/>\nUn guante que tambi\u00e9n cuenta con una gran cantidad de toques amigables para el conductor, incluida una construcci\u00f3n delgada de la mu\u00f1eca para un ajuste optimizado dentro de las mangas de una chaqueta.<br \/>\nNudillo duro cubierto para una protecci\u00f3n efectiva contra impactos y un dedo \u00edndice compatible con pantalla t\u00e1ctil para usar con sistemas GPS y tel\u00e9fonos inteligentes.<\/p>\n<p><strong>Caracter\u00edsticas<\/strong><\/p>\n<ul>\n<li>Construcci\u00f3n de tejido el\u00e1stico para un peso reducido y altos niveles de transpirabilidad.<\/li>\n<li>Mu\u00f1equera con correas para un cierre seguro y protegido.<\/li>\n<li>Pulgar ergon\u00f3mico para optimizar la libertad de movimiento y la flexibilidad.<\/li>\n<li>Inserci\u00f3n el\u00e1stica ergon\u00f3mica para mayor elasticidad en la palma y comodidad adicional.<\/li>\n<li>Dedo \u00edndice compatible con pantallas t\u00e1ctiles.<\/li>\n<li>La construcci\u00f3n delgada de la mu\u00f1eca asegura que el guante se sienta mejor dentro de las mangas de una chaqueta.<\/li>\n<li>Construcci\u00f3n de malla el\u00e1stica en la parte trasera completa para mayor transpirabilidad.<\/li>\n<li>Estampado de calor con patr\u00f3n en la palma para una mayor protecci\u00f3n contra la abrasi\u00f3n y los cortes.<\/li>\n<li>Zona de agarre de goma para excelentes niveles de agarre y protecci\u00f3n adicional contra abrasi\u00f3n y cortes.<\/li>\n<li>Nudillos r\u00edgidos cubiertos de PVC para mayor protecci\u00f3n contra impactos.<\/li>\n<\/ul>\n<p>&nbsp;<\/p>\n<p>&nbsp;<\/p>\n<p>&nbsp;<\/p>\n","protected":false},"excerpt":{"rendered":"<p>El guante Reef presenta una construcci\u00f3n de tela el\u00e1stica para un peso bajo y altos niveles de transpirabilidad y una palma de gamuza sint\u00e9tica para una mayor resistencia a la abrasi\u00f3n, perfecto para la conducci\u00f3n urbana.<\/p>\n<p><a style=\"color: #0000ff;\" href=\"https:\/\/franciscobelmonte.com\/tienda\/wp-content\/uploads\/2022\/09\/Tallas-guantes-alpinestars.png\" target=\"_blank\" rel=\"noopener\"><span style=\"font-size: xx-small;\"> Ver gu\u00eda de tallas<\/span><\/a><\/p>\n","protected":false},"featured_media":5844,"comment_status":"open","ping_status":"closed","template":"","meta":{"_themeisle_gutenberg_block_has_review":false},"pwb-brand":[186],"product_brand":[],"product_cat":[36,151],"product_tag":[865,850,772],"class_list":{"0":"post-5802","1":"product","2":"type-product","3":"status-publish","4":"has-post-thumbnail","6":"pwb-brand-alpinestars","7":"product_cat-guantes","8":"product_cat-guantes-de-moto-verano","9":"product_tag-865","10":"product_tag-rebajas-ropa-verano-20","11":"product_tag-todas-marcas-verano-25","13":"first","14":"outofstock","15":"taxable","16":"shipping-taxable","17":"product-type-variable","18":"has-default-attributes"},"yoast_head":"<!-- This site is optimized with the Yoast SEO plugin v27.3 - https:\/\/yoast.com\/product\/yoast-seo-wordpress\/ -->\n<title>GUANTES ALPINESTARS REEF NEGRO \/ BLANCO - Boutique Francisco Belmonte<\/title>\n<meta name=\"description\" content=\"Guantes Alpinestars Reef Negro Blanco. Guantes de moto Alpinestars en Boutique Francisco Belmonte en Murcia, en sus diferentes colores al mejor precio.\" \/>\n<meta name=\"robots\" content=\"index, follow, max-snippet:-1, max-image-preview:large, max-video-preview:-1\" \/>\n<link rel=\"canonical\" href=\"https:\/\/franciscobelmonte.com\/tienda\/guantes-alpinestars-reef-negro-blanco\/\" \/>\n<meta property=\"og:locale\" content=\"es_ES\" \/>\n<meta property=\"og:type\" content=\"article\" \/>\n<meta property=\"og:title\" content=\"GUANTES ALPINESTARS REEF NEGRO \/ BLANCO - Boutique Francisco Belmonte\" \/>\n<meta property=\"og:description\" content=\"Guantes Alpinestars Reef Negro Blanco. Guantes de moto Alpinestars en Boutique Francisco Belmonte en Murcia, en sus diferentes colores al mejor precio.\" \/>\n<meta property=\"og:url\" content=\"https:\/\/franciscobelmonte.com\/tienda\/guantes-alpinestars-reef-negro-blanco\/\" \/>\n<meta property=\"og:site_name\" content=\"Boutique Francisco Belmonte\" \/>\n<meta property=\"article:publisher\" content=\"https:\/\/www.facebook.com\/motosfranciscobelmonte\" \/>\n<meta property=\"article:modified_time\" content=\"2025-12-15T18:44:03+00:00\" \/>\n<meta property=\"og:image\" content=\"https:\/\/franciscobelmonte.com\/tienda\/wp-content\/uploads\/2022\/09\/guantes-alpinestar-reef-negro-blanco-ok.jpg\" \/>\n\t<meta property=\"og:image:width\" content=\"619\" \/>\n\t<meta property=\"og:image:height\" content=\"800\" \/>\n\t<meta property=\"og:image:type\" content=\"image\/jpeg\" \/>\n<meta name=\"twitter:card\" content=\"summary_large_image\" \/>\n<meta name=\"twitter:label1\" content=\"Tiempo de lectura\" \/>\n\t<meta name=\"twitter:data1\" content=\"1 minuto\" \/>\n<script type=\"application\/ld+json\" class=\"yoast-schema-graph\">{\"@context\":\"https:\\\/\\\/schema.org\",\"@graph\":[{\"@type\":\"WebPage\",\"@id\":\"https:\\\/\\\/franciscobelmonte.com\\\/tienda\\\/guantes-alpinestars-reef-negro-blanco\\\/\",\"url\":\"https:\\\/\\\/franciscobelmonte.com\\\/tienda\\\/guantes-alpinestars-reef-negro-blanco\\\/\",\"name\":\"GUANTES ALPINESTARS REEF NEGRO \\\/ BLANCO - Boutique Francisco Belmonte\",\"isPartOf\":{\"@id\":\"https:\\\/\\\/franciscobelmonte.com\\\/tienda\\\/#website\"},\"primaryImageOfPage\":{\"@id\":\"https:\\\/\\\/franciscobelmonte.com\\\/tienda\\\/guantes-alpinestars-reef-negro-blanco\\\/#primaryimage\"},\"image\":{\"@id\":\"https:\\\/\\\/franciscobelmonte.com\\\/tienda\\\/guantes-alpinestars-reef-negro-blanco\\\/#primaryimage\"},\"thumbnailUrl\":\"https:\\\/\\\/franciscobelmonte.com\\\/tienda\\\/wp-content\\\/uploads\\\/2022\\\/09\\\/guantes-alpinestar-reef-negro-blanco-ok.jpg\",\"datePublished\":\"2022-09-06T17:04:48+00:00\",\"dateModified\":\"2025-12-15T18:44:03+00:00\",\"description\":\"Guantes Alpinestars Reef Negro Blanco. Guantes de moto Alpinestars en Boutique Francisco Belmonte en Murcia, en sus diferentes colores al mejor precio.\",\"breadcrumb\":{\"@id\":\"https:\\\/\\\/franciscobelmonte.com\\\/tienda\\\/guantes-alpinestars-reef-negro-blanco\\\/#breadcrumb\"},\"inLanguage\":\"es\",\"potentialAction\":[{\"@type\":\"ReadAction\",\"target\":[\"https:\\\/\\\/franciscobelmonte.com\\\/tienda\\\/guantes-alpinestars-reef-negro-blanco\\\/\"]}]},{\"@type\":\"ImageObject\",\"inLanguage\":\"es\",\"@id\":\"https:\\\/\\\/franciscobelmonte.com\\\/tienda\\\/guantes-alpinestars-reef-negro-blanco\\\/#primaryimage\",\"url\":\"https:\\\/\\\/franciscobelmonte.com\\\/tienda\\\/wp-content\\\/uploads\\\/2022\\\/09\\\/guantes-alpinestar-reef-negro-blanco-ok.jpg\",\"contentUrl\":\"https:\\\/\\\/franciscobelmonte.com\\\/tienda\\\/wp-content\\\/uploads\\\/2022\\\/09\\\/guantes-alpinestar-reef-negro-blanco-ok.jpg\",\"width\":619,\"height\":800,\"caption\":\"guantes alpinestars reef negro blanco en murcia francisco belmonte\"},{\"@type\":\"BreadcrumbList\",\"@id\":\"https:\\\/\\\/franciscobelmonte.com\\\/tienda\\\/guantes-alpinestars-reef-negro-blanco\\\/#breadcrumb\",\"itemListElement\":[{\"@type\":\"ListItem\",\"position\":1,\"name\":\"Portada\",\"item\":\"https:\\\/\\\/franciscobelmonte.com\\\/tienda\\\/\"},{\"@type\":\"ListItem\",\"position\":2,\"name\":\"Tienda\",\"item\":\"https:\\\/\\\/franciscobelmonte.com\\\/tienda\\\/boutique-equipamiento-motero\\\/\"},{\"@type\":\"ListItem\",\"position\":3,\"name\":\"GUANTES ALPINESTARS REEF NEGRO \\\/ BLANCO\"}]},{\"@type\":\"WebSite\",\"@id\":\"https:\\\/\\\/franciscobelmonte.com\\\/tienda\\\/#website\",\"url\":\"https:\\\/\\\/franciscobelmonte.com\\\/tienda\\\/\",\"name\":\"Boutique Francisco Belmonte\",\"description\":\"Todo en complementos para motoristas\",\"publisher\":{\"@id\":\"https:\\\/\\\/franciscobelmonte.com\\\/tienda\\\/#organization\"},\"potentialAction\":[{\"@type\":\"SearchAction\",\"target\":{\"@type\":\"EntryPoint\",\"urlTemplate\":\"https:\\\/\\\/franciscobelmonte.com\\\/tienda\\\/?s={search_term_string}\"},\"query-input\":{\"@type\":\"PropertyValueSpecification\",\"valueRequired\":true,\"valueName\":\"search_term_string\"}}],\"inLanguage\":\"es\"},{\"@type\":\"Organization\",\"@id\":\"https:\\\/\\\/franciscobelmonte.com\\\/tienda\\\/#organization\",\"name\":\"Boutique Francisco Belmonte\",\"url\":\"https:\\\/\\\/franciscobelmonte.com\\\/tienda\\\/\",\"logo\":{\"@type\":\"ImageObject\",\"inLanguage\":\"es\",\"@id\":\"https:\\\/\\\/franciscobelmonte.com\\\/tienda\\\/#\\\/schema\\\/logo\\\/image\\\/\",\"url\":\"https:\\\/\\\/franciscobelmonte.com\\\/tienda\\\/wp-content\\\/uploads\\\/2021\\\/12\\\/Francisco-Belmonte-logo.png\",\"contentUrl\":\"https:\\\/\\\/franciscobelmonte.com\\\/tienda\\\/wp-content\\\/uploads\\\/2021\\\/12\\\/Francisco-Belmonte-logo.png\",\"width\":2153,\"height\":536,\"caption\":\"Boutique Francisco Belmonte\"},\"image\":{\"@id\":\"https:\\\/\\\/franciscobelmonte.com\\\/tienda\\\/#\\\/schema\\\/logo\\\/image\\\/\"},\"sameAs\":[\"https:\\\/\\\/www.facebook.com\\\/motosfranciscobelmonte\",\"https:\\\/\\\/www.instagram.com\\\/fco.belmonte\\\/\"]}]}<\/script>\n<!-- \/ Yoast SEO plugin. -->","yoast_head_json":{"title":"GUANTES ALPINESTARS REEF NEGRO \/ BLANCO - Boutique Francisco Belmonte","description":"Guantes Alpinestars Reef Negro Blanco. Guantes de moto Alpinestars en Boutique Francisco Belmonte en Murcia, en sus diferentes colores al mejor precio.","robots":{"index":"index","follow":"follow","max-snippet":"max-snippet:-1","max-image-preview":"max-image-preview:large","max-video-preview":"max-video-preview:-1"},"canonical":"https:\/\/franciscobelmonte.com\/tienda\/guantes-alpinestars-reef-negro-blanco\/","og_locale":"es_ES","og_type":"article","og_title":"GUANTES ALPINESTARS REEF NEGRO \/ BLANCO - Boutique Francisco Belmonte","og_description":"Guantes Alpinestars Reef Negro Blanco. Guantes de moto Alpinestars en Boutique Francisco Belmonte en Murcia, en sus diferentes colores al mejor precio.","og_url":"https:\/\/franciscobelmonte.com\/tienda\/guantes-alpinestars-reef-negro-blanco\/","og_site_name":"Boutique Francisco Belmonte","article_publisher":"https:\/\/www.facebook.com\/motosfranciscobelmonte","article_modified_time":"2025-12-15T18:44:03+00:00","og_image":[{"width":619,"height":800,"url":"https:\/\/franciscobelmonte.com\/tienda\/wp-content\/uploads\/2022\/09\/guantes-alpinestar-reef-negro-blanco-ok.jpg","type":"image\/jpeg"}],"twitter_card":"summary_large_image","twitter_misc":{"Tiempo de lectura":"1 minuto"},"schema":{"@context":"https:\/\/schema.org","@graph":[{"@type":"WebPage","@id":"https:\/\/franciscobelmonte.com\/tienda\/guantes-alpinestars-reef-negro-blanco\/","url":"https:\/\/franciscobelmonte.com\/tienda\/guantes-alpinestars-reef-negro-blanco\/","name":"GUANTES ALPINESTARS REEF NEGRO \/ BLANCO - Boutique Francisco Belmonte","isPartOf":{"@id":"https:\/\/franciscobelmonte.com\/tienda\/#website"},"primaryImageOfPage":{"@id":"https:\/\/franciscobelmonte.com\/tienda\/guantes-alpinestars-reef-negro-blanco\/#primaryimage"},"image":{"@id":"https:\/\/franciscobelmonte.com\/tienda\/guantes-alpinestars-reef-negro-blanco\/#primaryimage"},"thumbnailUrl":"https:\/\/franciscobelmonte.com\/tienda\/wp-content\/uploads\/2022\/09\/guantes-alpinestar-reef-negro-blanco-ok.jpg","datePublished":"2022-09-06T17:04:48+00:00","dateModified":"2025-12-15T18:44:03+00:00","description":"Guantes Alpinestars Reef Negro Blanco. Guantes de moto Alpinestars en Boutique Francisco Belmonte en Murcia, en sus diferentes colores al mejor precio.","breadcrumb":{"@id":"https:\/\/franciscobelmonte.com\/tienda\/guantes-alpinestars-reef-negro-blanco\/#breadcrumb"},"inLanguage":"es","potentialAction":[{"@type":"ReadAction","target":["https:\/\/franciscobelmonte.com\/tienda\/guantes-alpinestars-reef-negro-blanco\/"]}]},{"@type":"ImageObject","inLanguage":"es","@id":"https:\/\/franciscobelmonte.com\/tienda\/guantes-alpinestars-reef-negro-blanco\/#primaryimage","url":"https:\/\/franciscobelmonte.com\/tienda\/wp-content\/uploads\/2022\/09\/guantes-alpinestar-reef-negro-blanco-ok.jpg","contentUrl":"https:\/\/franciscobelmonte.com\/tienda\/wp-content\/uploads\/2022\/09\/guantes-alpinestar-reef-negro-blanco-ok.jpg","width":619,"height":800,"caption":"guantes alpinestars reef negro blanco en murcia francisco belmonte"},{"@type":"BreadcrumbList","@id":"https:\/\/franciscobelmonte.com\/tienda\/guantes-alpinestars-reef-negro-blanco\/#breadcrumb","itemListElement":[{"@type":"ListItem","position":1,"name":"Portada","item":"https:\/\/franciscobelmonte.com\/tienda\/"},{"@type":"ListItem","position":2,"name":"Tienda","item":"https:\/\/franciscobelmonte.com\/tienda\/boutique-equipamiento-motero\/"},{"@type":"ListItem","position":3,"name":"GUANTES ALPINESTARS REEF NEGRO \/ BLANCO"}]},{"@type":"WebSite","@id":"https:\/\/franciscobelmonte.com\/tienda\/#website","url":"https:\/\/franciscobelmonte.com\/tienda\/","name":"Boutique Francisco Belmonte","description":"Todo en complementos para motoristas","publisher":{"@id":"https:\/\/franciscobelmonte.com\/tienda\/#organization"},"potentialAction":[{"@type":"SearchAction","target":{"@type":"EntryPoint","urlTemplate":"https:\/\/franciscobelmonte.com\/tienda\/?s={search_term_string}"},"query-input":{"@type":"PropertyValueSpecification","valueRequired":true,"valueName":"search_term_string"}}],"inLanguage":"es"},{"@type":"Organization","@id":"https:\/\/franciscobelmonte.com\/tienda\/#organization","name":"Boutique Francisco Belmonte","url":"https:\/\/franciscobelmonte.com\/tienda\/","logo":{"@type":"ImageObject","inLanguage":"es","@id":"https:\/\/franciscobelmonte.com\/tienda\/#\/schema\/logo\/image\/","url":"https:\/\/franciscobelmonte.com\/tienda\/wp-content\/uploads\/2021\/12\/Francisco-Belmonte-logo.png","contentUrl":"https:\/\/franciscobelmonte.com\/tienda\/wp-content\/uploads\/2021\/12\/Francisco-Belmonte-logo.png","width":2153,"height":536,"caption":"Boutique Francisco Belmonte"},"image":{"@id":"https:\/\/franciscobelmonte.com\/tienda\/#\/schema\/logo\/image\/"},"sameAs":["https:\/\/www.facebook.com\/motosfranciscobelmonte","https:\/\/www.instagram.com\/fco.belmonte\/"]}]}},"jetpack_sharing_enabled":true,"brands":[{"id":186,"name":"Alpinestars","slug":"alpinestars"}],"_links":{"self":[{"href":"https:\/\/franciscobelmonte.com\/tienda\/wp-json\/wp\/v2\/product\/5802","targetHints":{"allow":["GET"]}}],"collection":[{"href":"https:\/\/franciscobelmonte.com\/tienda\/wp-json\/wp\/v2\/product"}],"about":[{"href":"https:\/\/franciscobelmonte.com\/tienda\/wp-json\/wp\/v2\/types\/product"}],"replies":[{"embeddable":true,"href":"https:\/\/franciscobelmonte.com\/tienda\/wp-json\/wp\/v2\/comments?post=5802"}],"wp:featuredmedia":[{"embeddable":true,"href":"https:\/\/franciscobelmonte.com\/tienda\/wp-json\/wp\/v2\/media\/5844"}],"wp:attachment":[{"href":"https:\/\/franciscobelmonte.com\/tienda\/wp-json\/wp\/v2\/media?parent=5802"}],"wp:term":[{"taxonomy":"pwb-brand","embeddable":true,"href":"https:\/\/franciscobelmonte.com\/tienda\/wp-json\/wp\/v2\/pwb-brand?post=5802"},{"taxonomy":"product_brand","embeddable":true,"href":"https:\/\/franciscobelmonte.com\/tienda\/wp-json\/wp\/v2\/product_brand?post=5802"},{"taxonomy":"product_cat","embeddable":true,"href":"https:\/\/franciscobelmonte.com\/tienda\/wp-json\/wp\/v2\/product_cat?post=5802"},{"taxonomy":"product_tag","embeddable":true,"href":"https:\/\/franciscobelmonte.com\/tienda\/wp-json\/wp\/v2\/product_tag?post=5802"}],"curies":[{"name":"wp","href":"https:\/\/api.w.org\/{rel}","templated":true}]}}