{"id":5965,"date":"2022-09-08T15:03:45","date_gmt":"2022-09-08T15:03:45","guid":{"rendered":"https:\/\/franciscobelmonte.com\/tienda\/?post_type=product&#038;p=5965"},"modified":"2024-03-06T20:50:21","modified_gmt":"2024-03-06T18:50:21","slug":"casco-ls2-ff353-rapid-player-amarillo-fluor-negro","status":"publish","type":"product","link":"https:\/\/franciscobelmonte.com\/tienda\/casco-ls2-ff353-rapid-player-amarillo-fluor-negro\/","title":{"rendered":"CASCO LS2 FF353 RAPID PLAYER AMARILLO FLUOR \/ NEGRO"},"content":{"rendered":"<h3>Casco LS2 FF353 Rapid Player Amarillo Fl\u00faor \/ Negro<\/h3>\n<p>Est\u00e1 modelado en HPTT, una mezcla de ABS que proporciona una estructura totalmente segura con un peso muy ligero, tres calotas, deflector de aliento, visor de Clase A y sistema de liberaci\u00f3n r\u00e1pida. Este casco es perfecto para usarse en recorridos diarios por la ciudad y es realmente c\u00f3modo para viajes de media distancia.<\/p>\n<p><strong>Caracter\u00edsticas<\/strong><\/p>\n<ul>\n<li>Calota de resina termopl\u00e1stica de alta presi\u00f3n HPTT.<\/li>\n<li>EPS multidensidad.<\/li>\n<li>Pantalla 3D con tratamiento antiara\u00f1azos y anti UV.<\/li>\n<li>Compatible con Pinlock Max Visi\u00f3n (no incluido).<\/li>\n<li>Interior extra\u00edble y lavable.<\/li>\n<li>Espumas cortadas a l\u00e1ser 3D.<\/li>\n<li>Forro confort hipoalerg\u00e9nico transpirable.<\/li>\n<li>Collar\u00edn acolchado en la zona posterior para mayor seguridad y confort.<\/li>\n<li>Sistema de ventilaci\u00f3n canalizado.<\/li>\n<li>Cierre microm\u00e9trico.<\/li>\n<li>Incluye naricera.<\/li>\n<li>Incluye barbillera.<\/li>\n<li>Homologaci\u00f3n ECE 22.05.<\/li>\n<\/ul>\n","protected":false},"excerpt":{"rendered":"<p>Est\u00e1 modelado en HPTT, una mezcla de ABS que proporciona una estructura totalmente segura con un peso muy ligero, tres calotas, deflector de aliento, visor de Clase A y sistema de liberaci\u00f3n r\u00e1pida.<\/p>\n","protected":false},"featured_media":5972,"comment_status":"open","ping_status":"closed","template":"","meta":{"_themeisle_gutenberg_block_has_review":false},"pwb-brand":[225],"product_brand":[],"product_cat":[15,145],"product_tag":[647,618,378,669],"class_list":{"0":"post-5965","1":"product","2":"type-product","3":"status-publish","4":"has-post-thumbnail","6":"pwb-brand-ls2-helmets","7":"product_cat-casco-de-moto","8":"product_cat-cascos-de-moto-integrales","9":"product_tag-descuentos-navidenos","10":"product_tag-jornadas-belmonte","11":"product_tag-ls2","12":"product_tag-rebajas-enero-ls2","14":"first","15":"outofstock","16":"taxable","17":"shipping-taxable","18":"product-type-variable","19":"has-default-attributes"},"yoast_head":"<!-- This site is optimized with the Yoast SEO plugin v27.3 - https:\/\/yoast.com\/product\/yoast-seo-wordpress\/ -->\n<title>CASCO LS2 FF353 RAPID PLAYER AMARILLO FLUOR \/ NEGRO - Boutique Francisco Belmonte<\/title>\n<meta name=\"description\" content=\"Casco LS2 FF353 Rapid Player Amarillo Fl\u00faor - Negro. Cascos de moto LS2 en Boutique Francisco Belmonte en Murcia. Descubre sus distintos modelos.\" \/>\n<meta name=\"robots\" content=\"index, follow, max-snippet:-1, max-image-preview:large, max-video-preview:-1\" \/>\n<link rel=\"canonical\" href=\"https:\/\/franciscobelmonte.com\/tienda\/casco-ls2-ff353-rapid-player-amarillo-fluor-negro\/\" \/>\n<meta property=\"og:locale\" content=\"es_ES\" \/>\n<meta property=\"og:type\" content=\"article\" \/>\n<meta property=\"og:title\" content=\"CASCO LS2 FF353 RAPID PLAYER AMARILLO FLUOR \/ NEGRO - Boutique Francisco Belmonte\" \/>\n<meta property=\"og:description\" content=\"Casco LS2 FF353 Rapid Player Amarillo Fl\u00faor - Negro. Cascos de moto LS2 en Boutique Francisco Belmonte en Murcia. Descubre sus distintos modelos.\" \/>\n<meta property=\"og:url\" content=\"https:\/\/franciscobelmonte.com\/tienda\/casco-ls2-ff353-rapid-player-amarillo-fluor-negro\/\" \/>\n<meta property=\"og:site_name\" content=\"Boutique Francisco Belmonte\" \/>\n<meta property=\"article:publisher\" content=\"https:\/\/www.facebook.com\/motosfranciscobelmonte\" \/>\n<meta property=\"article:modified_time\" content=\"2024-03-06T18:50:21+00:00\" \/>\n<meta property=\"og:image\" content=\"https:\/\/franciscobelmonte.com\/tienda\/wp-content\/uploads\/2022\/09\/casco-ls2-ff353-rapid-player-amarillo-fluor-negro.jpg\" \/>\n\t<meta property=\"og:image:width\" content=\"800\" \/>\n\t<meta property=\"og:image:height\" content=\"800\" \/>\n\t<meta property=\"og:image:type\" content=\"image\/jpeg\" \/>\n<meta name=\"twitter:card\" content=\"summary_large_image\" \/>\n<meta name=\"twitter:label1\" content=\"Tiempo de lectura\" \/>\n\t<meta name=\"twitter:data1\" content=\"1 minuto\" \/>\n<script type=\"application\/ld+json\" class=\"yoast-schema-graph\">{\"@context\":\"https:\\\/\\\/schema.org\",\"@graph\":[{\"@type\":\"WebPage\",\"@id\":\"https:\\\/\\\/franciscobelmonte.com\\\/tienda\\\/casco-ls2-ff353-rapid-player-amarillo-fluor-negro\\\/\",\"url\":\"https:\\\/\\\/franciscobelmonte.com\\\/tienda\\\/casco-ls2-ff353-rapid-player-amarillo-fluor-negro\\\/\",\"name\":\"CASCO LS2 FF353 RAPID PLAYER AMARILLO FLUOR \\\/ NEGRO - Boutique Francisco Belmonte\",\"isPartOf\":{\"@id\":\"https:\\\/\\\/franciscobelmonte.com\\\/tienda\\\/#website\"},\"primaryImageOfPage\":{\"@id\":\"https:\\\/\\\/franciscobelmonte.com\\\/tienda\\\/casco-ls2-ff353-rapid-player-amarillo-fluor-negro\\\/#primaryimage\"},\"image\":{\"@id\":\"https:\\\/\\\/franciscobelmonte.com\\\/tienda\\\/casco-ls2-ff353-rapid-player-amarillo-fluor-negro\\\/#primaryimage\"},\"thumbnailUrl\":\"https:\\\/\\\/franciscobelmonte.com\\\/tienda\\\/wp-content\\\/uploads\\\/2022\\\/09\\\/casco-ls2-ff353-rapid-player-amarillo-fluor-negro.jpg\",\"datePublished\":\"2022-09-08T15:03:45+00:00\",\"dateModified\":\"2024-03-06T18:50:21+00:00\",\"description\":\"Casco LS2 FF353 Rapid Player Amarillo Fl\u00faor - Negro. Cascos de moto LS2 en Boutique Francisco Belmonte en Murcia. Descubre sus distintos modelos.\",\"breadcrumb\":{\"@id\":\"https:\\\/\\\/franciscobelmonte.com\\\/tienda\\\/casco-ls2-ff353-rapid-player-amarillo-fluor-negro\\\/#breadcrumb\"},\"inLanguage\":\"es\",\"potentialAction\":[{\"@type\":\"ReadAction\",\"target\":[\"https:\\\/\\\/franciscobelmonte.com\\\/tienda\\\/casco-ls2-ff353-rapid-player-amarillo-fluor-negro\\\/\"]}]},{\"@type\":\"ImageObject\",\"inLanguage\":\"es\",\"@id\":\"https:\\\/\\\/franciscobelmonte.com\\\/tienda\\\/casco-ls2-ff353-rapid-player-amarillo-fluor-negro\\\/#primaryimage\",\"url\":\"https:\\\/\\\/franciscobelmonte.com\\\/tienda\\\/wp-content\\\/uploads\\\/2022\\\/09\\\/casco-ls2-ff353-rapid-player-amarillo-fluor-negro.jpg\",\"contentUrl\":\"https:\\\/\\\/franciscobelmonte.com\\\/tienda\\\/wp-content\\\/uploads\\\/2022\\\/09\\\/casco-ls2-ff353-rapid-player-amarillo-fluor-negro.jpg\",\"width\":800,\"height\":800,\"caption\":\"casco ls2 ff353 rapid player amarillo fluor negro en murcia francisco belmonte\"},{\"@type\":\"BreadcrumbList\",\"@id\":\"https:\\\/\\\/franciscobelmonte.com\\\/tienda\\\/casco-ls2-ff353-rapid-player-amarillo-fluor-negro\\\/#breadcrumb\",\"itemListElement\":[{\"@type\":\"ListItem\",\"position\":1,\"name\":\"Portada\",\"item\":\"https:\\\/\\\/franciscobelmonte.com\\\/tienda\\\/\"},{\"@type\":\"ListItem\",\"position\":2,\"name\":\"Tienda\",\"item\":\"https:\\\/\\\/franciscobelmonte.com\\\/tienda\\\/boutique-equipamiento-motero\\\/\"},{\"@type\":\"ListItem\",\"position\":3,\"name\":\"CASCO LS2 FF353 RAPID PLAYER AMARILLO FLUOR \\\/ NEGRO\"}]},{\"@type\":\"WebSite\",\"@id\":\"https:\\\/\\\/franciscobelmonte.com\\\/tienda\\\/#website\",\"url\":\"https:\\\/\\\/franciscobelmonte.com\\\/tienda\\\/\",\"name\":\"Boutique Francisco Belmonte\",\"description\":\"Todo en complementos para motoristas\",\"publisher\":{\"@id\":\"https:\\\/\\\/franciscobelmonte.com\\\/tienda\\\/#organization\"},\"potentialAction\":[{\"@type\":\"SearchAction\",\"target\":{\"@type\":\"EntryPoint\",\"urlTemplate\":\"https:\\\/\\\/franciscobelmonte.com\\\/tienda\\\/?s={search_term_string}\"},\"query-input\":{\"@type\":\"PropertyValueSpecification\",\"valueRequired\":true,\"valueName\":\"search_term_string\"}}],\"inLanguage\":\"es\"},{\"@type\":\"Organization\",\"@id\":\"https:\\\/\\\/franciscobelmonte.com\\\/tienda\\\/#organization\",\"name\":\"Boutique Francisco Belmonte\",\"url\":\"https:\\\/\\\/franciscobelmonte.com\\\/tienda\\\/\",\"logo\":{\"@type\":\"ImageObject\",\"inLanguage\":\"es\",\"@id\":\"https:\\\/\\\/franciscobelmonte.com\\\/tienda\\\/#\\\/schema\\\/logo\\\/image\\\/\",\"url\":\"https:\\\/\\\/franciscobelmonte.com\\\/tienda\\\/wp-content\\\/uploads\\\/2021\\\/12\\\/Francisco-Belmonte-logo.png\",\"contentUrl\":\"https:\\\/\\\/franciscobelmonte.com\\\/tienda\\\/wp-content\\\/uploads\\\/2021\\\/12\\\/Francisco-Belmonte-logo.png\",\"width\":2153,\"height\":536,\"caption\":\"Boutique Francisco Belmonte\"},\"image\":{\"@id\":\"https:\\\/\\\/franciscobelmonte.com\\\/tienda\\\/#\\\/schema\\\/logo\\\/image\\\/\"},\"sameAs\":[\"https:\\\/\\\/www.facebook.com\\\/motosfranciscobelmonte\",\"https:\\\/\\\/www.instagram.com\\\/fco.belmonte\\\/\"]}]}<\/script>\n<!-- \/ Yoast SEO plugin. -->","yoast_head_json":{"title":"CASCO LS2 FF353 RAPID PLAYER AMARILLO FLUOR \/ NEGRO - Boutique Francisco Belmonte","description":"Casco LS2 FF353 Rapid Player Amarillo Fl\u00faor - Negro. Cascos de moto LS2 en Boutique Francisco Belmonte en Murcia. Descubre sus distintos modelos.","robots":{"index":"index","follow":"follow","max-snippet":"max-snippet:-1","max-image-preview":"max-image-preview:large","max-video-preview":"max-video-preview:-1"},"canonical":"https:\/\/franciscobelmonte.com\/tienda\/casco-ls2-ff353-rapid-player-amarillo-fluor-negro\/","og_locale":"es_ES","og_type":"article","og_title":"CASCO LS2 FF353 RAPID PLAYER AMARILLO FLUOR \/ NEGRO - Boutique Francisco Belmonte","og_description":"Casco LS2 FF353 Rapid Player Amarillo Fl\u00faor - Negro. Cascos de moto LS2 en Boutique Francisco Belmonte en Murcia. Descubre sus distintos modelos.","og_url":"https:\/\/franciscobelmonte.com\/tienda\/casco-ls2-ff353-rapid-player-amarillo-fluor-negro\/","og_site_name":"Boutique Francisco Belmonte","article_publisher":"https:\/\/www.facebook.com\/motosfranciscobelmonte","article_modified_time":"2024-03-06T18:50:21+00:00","og_image":[{"width":800,"height":800,"url":"https:\/\/franciscobelmonte.com\/tienda\/wp-content\/uploads\/2022\/09\/casco-ls2-ff353-rapid-player-amarillo-fluor-negro.jpg","type":"image\/jpeg"}],"twitter_card":"summary_large_image","twitter_misc":{"Tiempo de lectura":"1 minuto"},"schema":{"@context":"https:\/\/schema.org","@graph":[{"@type":"WebPage","@id":"https:\/\/franciscobelmonte.com\/tienda\/casco-ls2-ff353-rapid-player-amarillo-fluor-negro\/","url":"https:\/\/franciscobelmonte.com\/tienda\/casco-ls2-ff353-rapid-player-amarillo-fluor-negro\/","name":"CASCO LS2 FF353 RAPID PLAYER AMARILLO FLUOR \/ NEGRO - Boutique Francisco Belmonte","isPartOf":{"@id":"https:\/\/franciscobelmonte.com\/tienda\/#website"},"primaryImageOfPage":{"@id":"https:\/\/franciscobelmonte.com\/tienda\/casco-ls2-ff353-rapid-player-amarillo-fluor-negro\/#primaryimage"},"image":{"@id":"https:\/\/franciscobelmonte.com\/tienda\/casco-ls2-ff353-rapid-player-amarillo-fluor-negro\/#primaryimage"},"thumbnailUrl":"https:\/\/franciscobelmonte.com\/tienda\/wp-content\/uploads\/2022\/09\/casco-ls2-ff353-rapid-player-amarillo-fluor-negro.jpg","datePublished":"2022-09-08T15:03:45+00:00","dateModified":"2024-03-06T18:50:21+00:00","description":"Casco LS2 FF353 Rapid Player Amarillo Fl\u00faor - Negro. Cascos de moto LS2 en Boutique Francisco Belmonte en Murcia. Descubre sus distintos modelos.","breadcrumb":{"@id":"https:\/\/franciscobelmonte.com\/tienda\/casco-ls2-ff353-rapid-player-amarillo-fluor-negro\/#breadcrumb"},"inLanguage":"es","potentialAction":[{"@type":"ReadAction","target":["https:\/\/franciscobelmonte.com\/tienda\/casco-ls2-ff353-rapid-player-amarillo-fluor-negro\/"]}]},{"@type":"ImageObject","inLanguage":"es","@id":"https:\/\/franciscobelmonte.com\/tienda\/casco-ls2-ff353-rapid-player-amarillo-fluor-negro\/#primaryimage","url":"https:\/\/franciscobelmonte.com\/tienda\/wp-content\/uploads\/2022\/09\/casco-ls2-ff353-rapid-player-amarillo-fluor-negro.jpg","contentUrl":"https:\/\/franciscobelmonte.com\/tienda\/wp-content\/uploads\/2022\/09\/casco-ls2-ff353-rapid-player-amarillo-fluor-negro.jpg","width":800,"height":800,"caption":"casco ls2 ff353 rapid player amarillo fluor negro en murcia francisco belmonte"},{"@type":"BreadcrumbList","@id":"https:\/\/franciscobelmonte.com\/tienda\/casco-ls2-ff353-rapid-player-amarillo-fluor-negro\/#breadcrumb","itemListElement":[{"@type":"ListItem","position":1,"name":"Portada","item":"https:\/\/franciscobelmonte.com\/tienda\/"},{"@type":"ListItem","position":2,"name":"Tienda","item":"https:\/\/franciscobelmonte.com\/tienda\/boutique-equipamiento-motero\/"},{"@type":"ListItem","position":3,"name":"CASCO LS2 FF353 RAPID PLAYER AMARILLO FLUOR \/ NEGRO"}]},{"@type":"WebSite","@id":"https:\/\/franciscobelmonte.com\/tienda\/#website","url":"https:\/\/franciscobelmonte.com\/tienda\/","name":"Boutique Francisco Belmonte","description":"Todo en complementos para motoristas","publisher":{"@id":"https:\/\/franciscobelmonte.com\/tienda\/#organization"},"potentialAction":[{"@type":"SearchAction","target":{"@type":"EntryPoint","urlTemplate":"https:\/\/franciscobelmonte.com\/tienda\/?s={search_term_string}"},"query-input":{"@type":"PropertyValueSpecification","valueRequired":true,"valueName":"search_term_string"}}],"inLanguage":"es"},{"@type":"Organization","@id":"https:\/\/franciscobelmonte.com\/tienda\/#organization","name":"Boutique Francisco Belmonte","url":"https:\/\/franciscobelmonte.com\/tienda\/","logo":{"@type":"ImageObject","inLanguage":"es","@id":"https:\/\/franciscobelmonte.com\/tienda\/#\/schema\/logo\/image\/","url":"https:\/\/franciscobelmonte.com\/tienda\/wp-content\/uploads\/2021\/12\/Francisco-Belmonte-logo.png","contentUrl":"https:\/\/franciscobelmonte.com\/tienda\/wp-content\/uploads\/2021\/12\/Francisco-Belmonte-logo.png","width":2153,"height":536,"caption":"Boutique Francisco Belmonte"},"image":{"@id":"https:\/\/franciscobelmonte.com\/tienda\/#\/schema\/logo\/image\/"},"sameAs":["https:\/\/www.facebook.com\/motosfranciscobelmonte","https:\/\/www.instagram.com\/fco.belmonte\/"]}]}},"jetpack_sharing_enabled":true,"brands":[{"id":225,"name":"LS2 Helmets","slug":"ls2-helmets"}],"_links":{"self":[{"href":"https:\/\/franciscobelmonte.com\/tienda\/wp-json\/wp\/v2\/product\/5965","targetHints":{"allow":["GET"]}}],"collection":[{"href":"https:\/\/franciscobelmonte.com\/tienda\/wp-json\/wp\/v2\/product"}],"about":[{"href":"https:\/\/franciscobelmonte.com\/tienda\/wp-json\/wp\/v2\/types\/product"}],"replies":[{"embeddable":true,"href":"https:\/\/franciscobelmonte.com\/tienda\/wp-json\/wp\/v2\/comments?post=5965"}],"wp:featuredmedia":[{"embeddable":true,"href":"https:\/\/franciscobelmonte.com\/tienda\/wp-json\/wp\/v2\/media\/5972"}],"wp:attachment":[{"href":"https:\/\/franciscobelmonte.com\/tienda\/wp-json\/wp\/v2\/media?parent=5965"}],"wp:term":[{"taxonomy":"pwb-brand","embeddable":true,"href":"https:\/\/franciscobelmonte.com\/tienda\/wp-json\/wp\/v2\/pwb-brand?post=5965"},{"taxonomy":"product_brand","embeddable":true,"href":"https:\/\/franciscobelmonte.com\/tienda\/wp-json\/wp\/v2\/product_brand?post=5965"},{"taxonomy":"product_cat","embeddable":true,"href":"https:\/\/franciscobelmonte.com\/tienda\/wp-json\/wp\/v2\/product_cat?post=5965"},{"taxonomy":"product_tag","embeddable":true,"href":"https:\/\/franciscobelmonte.com\/tienda\/wp-json\/wp\/v2\/product_tag?post=5965"}],"curies":[{"name":"wp","href":"https:\/\/api.w.org\/{rel}","templated":true}]}}