{"id":6022,"date":"2022-09-10T09:12:42","date_gmt":"2022-09-10T09:12:42","guid":{"rendered":"https:\/\/franciscobelmonte.com\/tienda\/?post_type=product&#038;p=6022"},"modified":"2024-04-10T09:38:38","modified_gmt":"2024-04-10T07:38:38","slug":"casco-hjc-rpha70-kroon-rojo-negro","status":"publish","type":"product","link":"https:\/\/franciscobelmonte.com\/tienda\/casco-hjc-rpha70-kroon-rojo-negro\/","title":{"rendered":"CASCO HJC RPHA 70 KROON ROJO \/ NEGRO"},"content":{"rendered":"<h1>Casco HJC RPHA 70 Kroon Rojo \/ Negro<\/h1>\n<p>Casco HJC RPHA70 Kroon MC-1SF. Es el nuevo casco integral Sport-Touring de HJC. Se trata de un casco muy vers\u00e1til y funcional gracias a su avanzado sistema de ventilaci\u00f3n, el visor solar interior, la lente anti-vaho Pinlock y a sus innovadoras caracter\u00edsticas.<\/p>\n<p><strong>Caracter\u00edsticas principales<\/strong><\/p>\n<p><strong>Calota Externa<\/strong><\/p>\n<p>Calota Exterior fabricada en un compuesto avanzado de fibra de carbono y fibra h\u00edbrida de vidrio y carbono. Este compuesto permite que el caso ofrezca gran resistencia a los impactos con un peso muy reducido. esta tecnolog\u00eda ha sido bautizada por la marca como PIM+ (Premium Integrated Matrix Plus). 3 tama\u00f1os de calota exterior para un mejor ajuste a cada talla.<\/p>\n<p><strong>Ventilaci\u00f3n<\/strong><\/p>\n<p>El sistema de ventilaci\u00f3n del casco consta de una entrada \/ salida de aire en la zona superior para ofrecer un mayor flujo de aire. Dispone de una entrada de aire en la mentonera y dos entradas de aire situadas en la parte superior de la calota que permiten absorber un mayor flujo de aire. Encontramos dos orificios de salida en la zona posterior del casco que garantizan la total extracci\u00f3n de la humedad y del aire caliente del interior del mismo.<\/p>\n<p><strong>Pantalla<\/strong><\/p>\n<p>La pantalla de PRHA 70 ofrece un amplio campo visual y dispone de tratamiento anti-rayadas y anti-vaho. Incorpora pantallita interior Pinlock inclu\u00edda, evita que se empa\u00f1e la pantalla. El mecanismo de la pantalla RapidFire permite montar y desmontar la pantalla de forma r\u00e1pida y sin herramientas.<\/p>\n<p><strong>Interior<\/strong><\/p>\n<p>El interior dispone del sistema Multicool, que presenta tres acabados textiles distintos, cada uno con funciones distintas: el de las carrilleras optimiza el tacto y el confort en marcha, mientras que el que rodea la parte superior de la cabeza combina el correcto ajuste y una \u00f3ptima transpiraci\u00f3n. El acolchado superior tiene como objetivo la correcta evacuaci\u00f3n del sudor y la humedad interior. El acabado exterior del acolchado incorpora zonas reflectantes y dispone de corona de goma que evita la entrada de agua en el interior del casco en caso de lluvia. Dispone de sistema de extracci\u00f3n de emergencia del acolchado lateral, que permite retirar de manera r\u00e1pida y sencilla los acolchados. Todos los acolchados son extra\u00edbles y lavables.<\/p>\n<p><strong>Otras Caracter\u00edsticas<\/strong><\/p>\n<ul style=\"list-style-type: square;\">\n<li>Sistema de cierre de doble hebilla o doble D.<\/li>\n<li>El dise\u00f1o interior permite el uso normal de gafas.<\/li>\n<li>Cubrenariz y cubrebarbilla inclu\u00eddos.<\/li>\n<li>Predisposici\u00f3n para el sistema de comunicaci\u00f3n Smarth Bluetooth by Cardo (no inclu\u00eddo).<\/li>\n<\/ul>\n","protected":false},"excerpt":{"rendered":"<p>Casco HJC RPHA70 Kroon MC-1SF. Es el nuevo casco integral Sport-Touring de HJC. Se trata de un casco muy vers\u00e1til y funcional gracias a su avanzado sistema de ventilaci\u00f3n.<\/p>\n","protected":false},"featured_media":6032,"comment_status":"open","ping_status":"closed","template":"","meta":{"_themeisle_gutenberg_block_has_review":false},"pwb-brand":[190],"product_brand":[],"product_cat":[15,145,700],"product_tag":[433,416],"class_list":{"0":"post-6022","1":"product","2":"type-product","3":"status-publish","4":"has-post-thumbnail","6":"pwb-brand-hjc","7":"product_cat-casco-de-moto","8":"product_cat-cascos-de-moto-integrales","9":"product_cat-seleccion-san-valentin","10":"product_tag-casco-hjc-rpha-70-kroon","11":"product_tag-liquidacion","13":"first","14":"outofstock","15":"taxable","16":"shipping-taxable","17":"product-type-variable","18":"has-default-attributes"},"yoast_head":"<!-- This site is optimized with the Yoast SEO plugin v27.3 - https:\/\/yoast.com\/product\/yoast-seo-wordpress\/ -->\n<title>CASCO HJC RPHA 70 KROON ROJO \/ NEGRO - Boutique Francisco Belmonte<\/title>\n<meta name=\"description\" content=\"Casco HJC RPHA 70 Kroon Rojo-Negro. Cascos de moto HJC en Boutique Francisco Belmonte en Murcia. Descubre su gama de colores al mejor precio.\" \/>\n<meta name=\"robots\" content=\"index, follow, max-snippet:-1, max-image-preview:large, max-video-preview:-1\" \/>\n<link rel=\"canonical\" href=\"https:\/\/franciscobelmonte.com\/tienda\/casco-hjc-rpha70-kroon-rojo-negro\/\" \/>\n<meta property=\"og:locale\" content=\"es_ES\" \/>\n<meta property=\"og:type\" content=\"article\" \/>\n<meta property=\"og:title\" content=\"CASCO HJC RPHA 70 KROON ROJO \/ NEGRO - Boutique Francisco Belmonte\" \/>\n<meta property=\"og:description\" content=\"Casco HJC RPHA 70 Kroon Rojo-Negro. Cascos de moto HJC en Boutique Francisco Belmonte en Murcia. Descubre su gama de colores al mejor precio.\" \/>\n<meta property=\"og:url\" content=\"https:\/\/franciscobelmonte.com\/tienda\/casco-hjc-rpha70-kroon-rojo-negro\/\" \/>\n<meta property=\"og:site_name\" content=\"Boutique Francisco Belmonte\" \/>\n<meta property=\"article:publisher\" content=\"https:\/\/www.facebook.com\/motosfranciscobelmonte\" \/>\n<meta property=\"article:modified_time\" content=\"2024-04-10T07:38:38+00:00\" \/>\n<meta property=\"og:image\" content=\"https:\/\/franciscobelmonte.com\/tienda\/wp-content\/uploads\/2022\/09\/casco-hjc-rpha70-kroon-rojo-negro.jpg\" \/>\n\t<meta property=\"og:image:width\" content=\"800\" \/>\n\t<meta property=\"og:image:height\" content=\"800\" \/>\n\t<meta property=\"og:image:type\" content=\"image\/jpeg\" \/>\n<meta name=\"twitter:card\" content=\"summary_large_image\" \/>\n<meta name=\"twitter:label1\" content=\"Tiempo de lectura\" \/>\n\t<meta name=\"twitter:data1\" content=\"1 minuto\" \/>\n<script type=\"application\/ld+json\" class=\"yoast-schema-graph\">{\"@context\":\"https:\\\/\\\/schema.org\",\"@graph\":[{\"@type\":\"WebPage\",\"@id\":\"https:\\\/\\\/franciscobelmonte.com\\\/tienda\\\/casco-hjc-rpha70-kroon-rojo-negro\\\/\",\"url\":\"https:\\\/\\\/franciscobelmonte.com\\\/tienda\\\/casco-hjc-rpha70-kroon-rojo-negro\\\/\",\"name\":\"CASCO HJC RPHA 70 KROON ROJO \\\/ NEGRO - Boutique Francisco Belmonte\",\"isPartOf\":{\"@id\":\"https:\\\/\\\/franciscobelmonte.com\\\/tienda\\\/#website\"},\"primaryImageOfPage\":{\"@id\":\"https:\\\/\\\/franciscobelmonte.com\\\/tienda\\\/casco-hjc-rpha70-kroon-rojo-negro\\\/#primaryimage\"},\"image\":{\"@id\":\"https:\\\/\\\/franciscobelmonte.com\\\/tienda\\\/casco-hjc-rpha70-kroon-rojo-negro\\\/#primaryimage\"},\"thumbnailUrl\":\"https:\\\/\\\/franciscobelmonte.com\\\/tienda\\\/wp-content\\\/uploads\\\/2022\\\/09\\\/casco-hjc-rpha70-kroon-rojo-negro.jpg\",\"datePublished\":\"2022-09-10T09:12:42+00:00\",\"dateModified\":\"2024-04-10T07:38:38+00:00\",\"description\":\"Casco HJC RPHA 70 Kroon Rojo-Negro. Cascos de moto HJC en Boutique Francisco Belmonte en Murcia. Descubre su gama de colores al mejor precio.\",\"breadcrumb\":{\"@id\":\"https:\\\/\\\/franciscobelmonte.com\\\/tienda\\\/casco-hjc-rpha70-kroon-rojo-negro\\\/#breadcrumb\"},\"inLanguage\":\"es\",\"potentialAction\":[{\"@type\":\"ReadAction\",\"target\":[\"https:\\\/\\\/franciscobelmonte.com\\\/tienda\\\/casco-hjc-rpha70-kroon-rojo-negro\\\/\"]}]},{\"@type\":\"ImageObject\",\"inLanguage\":\"es\",\"@id\":\"https:\\\/\\\/franciscobelmonte.com\\\/tienda\\\/casco-hjc-rpha70-kroon-rojo-negro\\\/#primaryimage\",\"url\":\"https:\\\/\\\/franciscobelmonte.com\\\/tienda\\\/wp-content\\\/uploads\\\/2022\\\/09\\\/casco-hjc-rpha70-kroon-rojo-negro.jpg\",\"contentUrl\":\"https:\\\/\\\/franciscobelmonte.com\\\/tienda\\\/wp-content\\\/uploads\\\/2022\\\/09\\\/casco-hjc-rpha70-kroon-rojo-negro.jpg\",\"width\":800,\"height\":800,\"caption\":\"casco hjc rpha70 kroon rojo negro en murcia francisco belmonte\"},{\"@type\":\"BreadcrumbList\",\"@id\":\"https:\\\/\\\/franciscobelmonte.com\\\/tienda\\\/casco-hjc-rpha70-kroon-rojo-negro\\\/#breadcrumb\",\"itemListElement\":[{\"@type\":\"ListItem\",\"position\":1,\"name\":\"Portada\",\"item\":\"https:\\\/\\\/franciscobelmonte.com\\\/tienda\\\/\"},{\"@type\":\"ListItem\",\"position\":2,\"name\":\"Tienda\",\"item\":\"https:\\\/\\\/franciscobelmonte.com\\\/tienda\\\/boutique-equipamiento-motero\\\/\"},{\"@type\":\"ListItem\",\"position\":3,\"name\":\"CASCO HJC RPHA 70 KROON ROJO \\\/ NEGRO\"}]},{\"@type\":\"WebSite\",\"@id\":\"https:\\\/\\\/franciscobelmonte.com\\\/tienda\\\/#website\",\"url\":\"https:\\\/\\\/franciscobelmonte.com\\\/tienda\\\/\",\"name\":\"Boutique Francisco Belmonte\",\"description\":\"Todo en complementos para motoristas\",\"publisher\":{\"@id\":\"https:\\\/\\\/franciscobelmonte.com\\\/tienda\\\/#organization\"},\"potentialAction\":[{\"@type\":\"SearchAction\",\"target\":{\"@type\":\"EntryPoint\",\"urlTemplate\":\"https:\\\/\\\/franciscobelmonte.com\\\/tienda\\\/?s={search_term_string}\"},\"query-input\":{\"@type\":\"PropertyValueSpecification\",\"valueRequired\":true,\"valueName\":\"search_term_string\"}}],\"inLanguage\":\"es\"},{\"@type\":\"Organization\",\"@id\":\"https:\\\/\\\/franciscobelmonte.com\\\/tienda\\\/#organization\",\"name\":\"Boutique Francisco Belmonte\",\"url\":\"https:\\\/\\\/franciscobelmonte.com\\\/tienda\\\/\",\"logo\":{\"@type\":\"ImageObject\",\"inLanguage\":\"es\",\"@id\":\"https:\\\/\\\/franciscobelmonte.com\\\/tienda\\\/#\\\/schema\\\/logo\\\/image\\\/\",\"url\":\"https:\\\/\\\/franciscobelmonte.com\\\/tienda\\\/wp-content\\\/uploads\\\/2021\\\/12\\\/Francisco-Belmonte-logo.png\",\"contentUrl\":\"https:\\\/\\\/franciscobelmonte.com\\\/tienda\\\/wp-content\\\/uploads\\\/2021\\\/12\\\/Francisco-Belmonte-logo.png\",\"width\":2153,\"height\":536,\"caption\":\"Boutique Francisco Belmonte\"},\"image\":{\"@id\":\"https:\\\/\\\/franciscobelmonte.com\\\/tienda\\\/#\\\/schema\\\/logo\\\/image\\\/\"},\"sameAs\":[\"https:\\\/\\\/www.facebook.com\\\/motosfranciscobelmonte\",\"https:\\\/\\\/www.instagram.com\\\/fco.belmonte\\\/\"]}]}<\/script>\n<!-- \/ Yoast SEO plugin. -->","yoast_head_json":{"title":"CASCO HJC RPHA 70 KROON ROJO \/ NEGRO - Boutique Francisco Belmonte","description":"Casco HJC RPHA 70 Kroon Rojo-Negro. Cascos de moto HJC en Boutique Francisco Belmonte en Murcia. Descubre su gama de colores al mejor precio.","robots":{"index":"index","follow":"follow","max-snippet":"max-snippet:-1","max-image-preview":"max-image-preview:large","max-video-preview":"max-video-preview:-1"},"canonical":"https:\/\/franciscobelmonte.com\/tienda\/casco-hjc-rpha70-kroon-rojo-negro\/","og_locale":"es_ES","og_type":"article","og_title":"CASCO HJC RPHA 70 KROON ROJO \/ NEGRO - Boutique Francisco Belmonte","og_description":"Casco HJC RPHA 70 Kroon Rojo-Negro. Cascos de moto HJC en Boutique Francisco Belmonte en Murcia. Descubre su gama de colores al mejor precio.","og_url":"https:\/\/franciscobelmonte.com\/tienda\/casco-hjc-rpha70-kroon-rojo-negro\/","og_site_name":"Boutique Francisco Belmonte","article_publisher":"https:\/\/www.facebook.com\/motosfranciscobelmonte","article_modified_time":"2024-04-10T07:38:38+00:00","og_image":[{"width":800,"height":800,"url":"https:\/\/franciscobelmonte.com\/tienda\/wp-content\/uploads\/2022\/09\/casco-hjc-rpha70-kroon-rojo-negro.jpg","type":"image\/jpeg"}],"twitter_card":"summary_large_image","twitter_misc":{"Tiempo de lectura":"1 minuto"},"schema":{"@context":"https:\/\/schema.org","@graph":[{"@type":"WebPage","@id":"https:\/\/franciscobelmonte.com\/tienda\/casco-hjc-rpha70-kroon-rojo-negro\/","url":"https:\/\/franciscobelmonte.com\/tienda\/casco-hjc-rpha70-kroon-rojo-negro\/","name":"CASCO HJC RPHA 70 KROON ROJO \/ NEGRO - Boutique Francisco Belmonte","isPartOf":{"@id":"https:\/\/franciscobelmonte.com\/tienda\/#website"},"primaryImageOfPage":{"@id":"https:\/\/franciscobelmonte.com\/tienda\/casco-hjc-rpha70-kroon-rojo-negro\/#primaryimage"},"image":{"@id":"https:\/\/franciscobelmonte.com\/tienda\/casco-hjc-rpha70-kroon-rojo-negro\/#primaryimage"},"thumbnailUrl":"https:\/\/franciscobelmonte.com\/tienda\/wp-content\/uploads\/2022\/09\/casco-hjc-rpha70-kroon-rojo-negro.jpg","datePublished":"2022-09-10T09:12:42+00:00","dateModified":"2024-04-10T07:38:38+00:00","description":"Casco HJC RPHA 70 Kroon Rojo-Negro. Cascos de moto HJC en Boutique Francisco Belmonte en Murcia. Descubre su gama de colores al mejor precio.","breadcrumb":{"@id":"https:\/\/franciscobelmonte.com\/tienda\/casco-hjc-rpha70-kroon-rojo-negro\/#breadcrumb"},"inLanguage":"es","potentialAction":[{"@type":"ReadAction","target":["https:\/\/franciscobelmonte.com\/tienda\/casco-hjc-rpha70-kroon-rojo-negro\/"]}]},{"@type":"ImageObject","inLanguage":"es","@id":"https:\/\/franciscobelmonte.com\/tienda\/casco-hjc-rpha70-kroon-rojo-negro\/#primaryimage","url":"https:\/\/franciscobelmonte.com\/tienda\/wp-content\/uploads\/2022\/09\/casco-hjc-rpha70-kroon-rojo-negro.jpg","contentUrl":"https:\/\/franciscobelmonte.com\/tienda\/wp-content\/uploads\/2022\/09\/casco-hjc-rpha70-kroon-rojo-negro.jpg","width":800,"height":800,"caption":"casco hjc rpha70 kroon rojo negro en murcia francisco belmonte"},{"@type":"BreadcrumbList","@id":"https:\/\/franciscobelmonte.com\/tienda\/casco-hjc-rpha70-kroon-rojo-negro\/#breadcrumb","itemListElement":[{"@type":"ListItem","position":1,"name":"Portada","item":"https:\/\/franciscobelmonte.com\/tienda\/"},{"@type":"ListItem","position":2,"name":"Tienda","item":"https:\/\/franciscobelmonte.com\/tienda\/boutique-equipamiento-motero\/"},{"@type":"ListItem","position":3,"name":"CASCO HJC RPHA 70 KROON ROJO \/ NEGRO"}]},{"@type":"WebSite","@id":"https:\/\/franciscobelmonte.com\/tienda\/#website","url":"https:\/\/franciscobelmonte.com\/tienda\/","name":"Boutique Francisco Belmonte","description":"Todo en complementos para motoristas","publisher":{"@id":"https:\/\/franciscobelmonte.com\/tienda\/#organization"},"potentialAction":[{"@type":"SearchAction","target":{"@type":"EntryPoint","urlTemplate":"https:\/\/franciscobelmonte.com\/tienda\/?s={search_term_string}"},"query-input":{"@type":"PropertyValueSpecification","valueRequired":true,"valueName":"search_term_string"}}],"inLanguage":"es"},{"@type":"Organization","@id":"https:\/\/franciscobelmonte.com\/tienda\/#organization","name":"Boutique Francisco Belmonte","url":"https:\/\/franciscobelmonte.com\/tienda\/","logo":{"@type":"ImageObject","inLanguage":"es","@id":"https:\/\/franciscobelmonte.com\/tienda\/#\/schema\/logo\/image\/","url":"https:\/\/franciscobelmonte.com\/tienda\/wp-content\/uploads\/2021\/12\/Francisco-Belmonte-logo.png","contentUrl":"https:\/\/franciscobelmonte.com\/tienda\/wp-content\/uploads\/2021\/12\/Francisco-Belmonte-logo.png","width":2153,"height":536,"caption":"Boutique Francisco Belmonte"},"image":{"@id":"https:\/\/franciscobelmonte.com\/tienda\/#\/schema\/logo\/image\/"},"sameAs":["https:\/\/www.facebook.com\/motosfranciscobelmonte","https:\/\/www.instagram.com\/fco.belmonte\/"]}]}},"jetpack_sharing_enabled":true,"brands":[{"id":190,"name":"Hjc","slug":"hjc"}],"_links":{"self":[{"href":"https:\/\/franciscobelmonte.com\/tienda\/wp-json\/wp\/v2\/product\/6022","targetHints":{"allow":["GET"]}}],"collection":[{"href":"https:\/\/franciscobelmonte.com\/tienda\/wp-json\/wp\/v2\/product"}],"about":[{"href":"https:\/\/franciscobelmonte.com\/tienda\/wp-json\/wp\/v2\/types\/product"}],"replies":[{"embeddable":true,"href":"https:\/\/franciscobelmonte.com\/tienda\/wp-json\/wp\/v2\/comments?post=6022"}],"wp:featuredmedia":[{"embeddable":true,"href":"https:\/\/franciscobelmonte.com\/tienda\/wp-json\/wp\/v2\/media\/6032"}],"wp:attachment":[{"href":"https:\/\/franciscobelmonte.com\/tienda\/wp-json\/wp\/v2\/media?parent=6022"}],"wp:term":[{"taxonomy":"pwb-brand","embeddable":true,"href":"https:\/\/franciscobelmonte.com\/tienda\/wp-json\/wp\/v2\/pwb-brand?post=6022"},{"taxonomy":"product_brand","embeddable":true,"href":"https:\/\/franciscobelmonte.com\/tienda\/wp-json\/wp\/v2\/product_brand?post=6022"},{"taxonomy":"product_cat","embeddable":true,"href":"https:\/\/franciscobelmonte.com\/tienda\/wp-json\/wp\/v2\/product_cat?post=6022"},{"taxonomy":"product_tag","embeddable":true,"href":"https:\/\/franciscobelmonte.com\/tienda\/wp-json\/wp\/v2\/product_tag?post=6022"}],"curies":[{"name":"wp","href":"https:\/\/api.w.org\/{rel}","templated":true}]}}