{"id":6058,"date":"2022-09-12T14:29:04","date_gmt":"2022-09-12T14:29:04","guid":{"rendered":"https:\/\/franciscobelmonte.com\/tienda\/?post_type=product&#038;p=6058"},"modified":"2026-01-06T19:15:42","modified_gmt":"2026-01-06T17:15:42","slug":"guantes-alpinestars-reef-nino-rojo-fluor-blanco-negro","status":"publish","type":"product","link":"https:\/\/franciscobelmonte.com\/tienda\/guantes-alpinestars-reef-nino-rojo-fluor-blanco-negro\/","title":{"rendered":"GUANTES ALPINESTARS REEF NI\u00d1O ROJO FL\u00daOR \/ BLANCO \/ NEGRO"},"content":{"rendered":"<h2>Guantes ALPINESTARS Reef Ni\u00f1o Rojo Fl\u00faor \/ Blanco \/ Negro<\/h2>\n<p>Guantes con dorso de malla el\u00e1stica y palma de ante sint\u00e9tico. Incorporan protector r\u00edgido en los nudillos y refuerzos en la palma estrat\u00e9gicamente ubicados. Destacan por ser ligeros y transpirables.<\/p>\n<p><strong>CARACTERISTICAS PRINCIPALES<\/strong><\/p>\n<p><strong>Materiales<\/strong><\/p>\n<ul>\n<li>Dorso en malla el\u00e1stica.<\/li>\n<li>Palma en ante sint\u00e9tico con patr\u00f3n de estampaci\u00f3n para mayor resistencia a la abrasi\u00f3n.<\/li>\n<li>Panel de goma en la palma para m\u00e1ximo agarre y durabilidad.<\/li>\n<\/ul>\n<p><strong>Protecci\u00f3n<\/strong><\/p>\n<ul>\n<li>Protector r\u00edgido de PVC en los nudillos recubierto de tejido para una perfecta integraci\u00f3n al dise\u00f1o del guante.<\/li>\n<li>Refuerzo en la palma para mayor protecci\u00f3n.<\/li>\n<\/ul>\n<p><strong>Confort<\/strong><\/p>\n<ul>\n<li>Tejido el\u00e1stico entre los dedos para un mejor ajuste.<\/li>\n<li>Panel ergon\u00f3mico de tejido el\u00e1stico en la palma para mayor libertad de movimientos.<\/li>\n<li>Paredes de los dedos en tejido el\u00e1stico.<\/li>\n<li>Cierre con velcro en la mu\u00f1eca para un ajuste seguro y personalizado.<\/li>\n<li>Punta del dedo \u00edndice compatible con el uso de pantallas t\u00e1ctiles.<\/li>\n<li>Confecci\u00f3n delgada del pu\u00f1o para un mejor encaje dentro de las mangas de la chaqueta.<\/li>\n<\/ul>\n<p><strong>Homologaciones<\/strong><\/p>\n<ul>\n<li>CE EPI Nivel 1<\/li>\n<\/ul>\n<p>&nbsp;<\/p>\n<p>&nbsp;<\/p>\n<p>&nbsp;<\/p>\n","protected":false},"excerpt":{"rendered":"<p>Guantes con dorso de malla el\u00e1stica y palma de ante sint\u00e9tico. Incorporan protector r\u00edgido en los nudillos y refuerzos en la palma estrat\u00e9gicamente ubicados.<\/p>\n<p><a style=\"color: #0000ff;\" href=\"https:\/\/franciscobelmonte.com\/tienda\/wp-content\/uploads\/2022\/09\/Tallas-guantes-alpinestars.png\" target=\"_blank\" rel=\"noopener\"><span style=\"font-size: xx-small;\"> Ver gu\u00eda de tallas<\/span><\/a><\/p>\n","protected":false},"featured_media":6063,"comment_status":"open","ping_status":"closed","template":"","meta":{"_themeisle_gutenberg_block_has_review":false},"pwb-brand":[186],"product_brand":[],"product_cat":[36,151],"product_tag":[865,374,885,888,850],"class_list":{"0":"post-6058","1":"product","2":"type-product","3":"status-publish","4":"has-post-thumbnail","6":"pwb-brand-alpinestars","7":"product_cat-guantes","8":"product_cat-guantes-de-moto-verano","9":"product_tag-865","10":"product_tag-alpinestars","11":"product_tag-dto-navideno-25","12":"product_tag-rebajas-40","13":"product_tag-rebajas-ropa-verano-20","15":"first","16":"instock","17":"sale","18":"taxable","19":"shipping-taxable","20":"purchasable","21":"product-type-variable","22":"has-default-attributes"},"yoast_head":"<!-- This site is optimized with the Yoast SEO plugin v27.4 - https:\/\/yoast.com\/product\/yoast-seo-wordpress\/ -->\n<title>GUANTES ALPINESTARS REEF NI\u00d1O ROJO FL\u00daOR \/ BLANCO \/ NEGRO - Boutique Francisco Belmonte<\/title>\n<meta name=\"description\" content=\"Guantes Alpinestars Reef Ni\u00f1o Rojo Fl\u00faor-Blanco-Negro. Guantes de moto Alpinestars en Boutique Francisco Belmonte en Murcia, en sus diferentes colores.\" \/>\n<meta name=\"robots\" content=\"index, follow, max-snippet:-1, max-image-preview:large, max-video-preview:-1\" \/>\n<link rel=\"canonical\" href=\"https:\/\/franciscobelmonte.com\/tienda\/guantes-alpinestars-reef-nino-rojo-fluor-blanco-negro\/\" \/>\n<meta property=\"og:locale\" content=\"es_ES\" \/>\n<meta property=\"og:type\" content=\"article\" \/>\n<meta property=\"og:title\" content=\"GUANTES ALPINESTARS REEF NI\u00d1O ROJO FL\u00daOR \/ BLANCO \/ NEGRO - Boutique Francisco Belmonte\" \/>\n<meta property=\"og:description\" content=\"Guantes Alpinestars Reef Ni\u00f1o Rojo Fl\u00faor-Blanco-Negro. Guantes de moto Alpinestars en Boutique Francisco Belmonte en Murcia, en sus diferentes colores.\" \/>\n<meta property=\"og:url\" content=\"https:\/\/franciscobelmonte.com\/tienda\/guantes-alpinestars-reef-nino-rojo-fluor-blanco-negro\/\" \/>\n<meta property=\"og:site_name\" content=\"Boutique Francisco Belmonte\" \/>\n<meta property=\"article:publisher\" content=\"https:\/\/www.facebook.com\/motosfranciscobelmonte\" \/>\n<meta property=\"article:modified_time\" content=\"2026-01-06T17:15:42+00:00\" \/>\n<meta property=\"og:image\" content=\"https:\/\/franciscobelmonte.com\/tienda\/wp-content\/uploads\/2022\/09\/guantes-alpinestars-reef-rojo-fluor-blanco-negroinfantil.jpg\" \/>\n\t<meta property=\"og:image:width\" content=\"619\" \/>\n\t<meta property=\"og:image:height\" content=\"800\" \/>\n\t<meta property=\"og:image:type\" content=\"image\/jpeg\" \/>\n<meta name=\"twitter:card\" content=\"summary_large_image\" \/>\n<meta name=\"twitter:label1\" content=\"Tiempo de lectura\" \/>\n\t<meta name=\"twitter:data1\" content=\"1 minuto\" \/>\n<script type=\"application\/ld+json\" class=\"yoast-schema-graph\">{\"@context\":\"https:\\\/\\\/schema.org\",\"@graph\":[{\"@type\":\"WebPage\",\"@id\":\"https:\\\/\\\/franciscobelmonte.com\\\/tienda\\\/guantes-alpinestars-reef-nino-rojo-fluor-blanco-negro\\\/\",\"url\":\"https:\\\/\\\/franciscobelmonte.com\\\/tienda\\\/guantes-alpinestars-reef-nino-rojo-fluor-blanco-negro\\\/\",\"name\":\"GUANTES ALPINESTARS REEF NI\u00d1O ROJO FL\u00daOR \\\/ BLANCO \\\/ NEGRO - Boutique Francisco Belmonte\",\"isPartOf\":{\"@id\":\"https:\\\/\\\/franciscobelmonte.com\\\/tienda\\\/#website\"},\"primaryImageOfPage\":{\"@id\":\"https:\\\/\\\/franciscobelmonte.com\\\/tienda\\\/guantes-alpinestars-reef-nino-rojo-fluor-blanco-negro\\\/#primaryimage\"},\"image\":{\"@id\":\"https:\\\/\\\/franciscobelmonte.com\\\/tienda\\\/guantes-alpinestars-reef-nino-rojo-fluor-blanco-negro\\\/#primaryimage\"},\"thumbnailUrl\":\"https:\\\/\\\/franciscobelmonte.com\\\/tienda\\\/wp-content\\\/uploads\\\/2022\\\/09\\\/guantes-alpinestars-reef-rojo-fluor-blanco-negroinfantil.jpg\",\"datePublished\":\"2022-09-12T14:29:04+00:00\",\"dateModified\":\"2026-01-06T17:15:42+00:00\",\"description\":\"Guantes Alpinestars Reef Ni\u00f1o Rojo Fl\u00faor-Blanco-Negro. Guantes de moto Alpinestars en Boutique Francisco Belmonte en Murcia, en sus diferentes colores.\",\"breadcrumb\":{\"@id\":\"https:\\\/\\\/franciscobelmonte.com\\\/tienda\\\/guantes-alpinestars-reef-nino-rojo-fluor-blanco-negro\\\/#breadcrumb\"},\"inLanguage\":\"es\",\"potentialAction\":[{\"@type\":\"ReadAction\",\"target\":[\"https:\\\/\\\/franciscobelmonte.com\\\/tienda\\\/guantes-alpinestars-reef-nino-rojo-fluor-blanco-negro\\\/\"]}]},{\"@type\":\"ImageObject\",\"inLanguage\":\"es\",\"@id\":\"https:\\\/\\\/franciscobelmonte.com\\\/tienda\\\/guantes-alpinestars-reef-nino-rojo-fluor-blanco-negro\\\/#primaryimage\",\"url\":\"https:\\\/\\\/franciscobelmonte.com\\\/tienda\\\/wp-content\\\/uploads\\\/2022\\\/09\\\/guantes-alpinestars-reef-rojo-fluor-blanco-negroinfantil.jpg\",\"contentUrl\":\"https:\\\/\\\/franciscobelmonte.com\\\/tienda\\\/wp-content\\\/uploads\\\/2022\\\/09\\\/guantes-alpinestars-reef-rojo-fluor-blanco-negroinfantil.jpg\",\"width\":619,\"height\":800,\"caption\":\"guantes alpinestars reef ni\u00f1o rojo fluor blanco negro en murcia francisco belmonte\"},{\"@type\":\"BreadcrumbList\",\"@id\":\"https:\\\/\\\/franciscobelmonte.com\\\/tienda\\\/guantes-alpinestars-reef-nino-rojo-fluor-blanco-negro\\\/#breadcrumb\",\"itemListElement\":[{\"@type\":\"ListItem\",\"position\":1,\"name\":\"Portada\",\"item\":\"https:\\\/\\\/franciscobelmonte.com\\\/tienda\\\/\"},{\"@type\":\"ListItem\",\"position\":2,\"name\":\"Tienda\",\"item\":\"https:\\\/\\\/franciscobelmonte.com\\\/tienda\\\/boutique-equipamiento-motero\\\/\"},{\"@type\":\"ListItem\",\"position\":3,\"name\":\"GUANTES ALPINESTARS REEF NI\u00d1O ROJO FL\u00daOR \\\/ BLANCO \\\/ NEGRO\"}]},{\"@type\":\"WebSite\",\"@id\":\"https:\\\/\\\/franciscobelmonte.com\\\/tienda\\\/#website\",\"url\":\"https:\\\/\\\/franciscobelmonte.com\\\/tienda\\\/\",\"name\":\"Boutique Francisco Belmonte\",\"description\":\"Todo en complementos para motoristas\",\"publisher\":{\"@id\":\"https:\\\/\\\/franciscobelmonte.com\\\/tienda\\\/#organization\"},\"potentialAction\":[{\"@type\":\"SearchAction\",\"target\":{\"@type\":\"EntryPoint\",\"urlTemplate\":\"https:\\\/\\\/franciscobelmonte.com\\\/tienda\\\/?s={search_term_string}\"},\"query-input\":{\"@type\":\"PropertyValueSpecification\",\"valueRequired\":true,\"valueName\":\"search_term_string\"}}],\"inLanguage\":\"es\"},{\"@type\":\"Organization\",\"@id\":\"https:\\\/\\\/franciscobelmonte.com\\\/tienda\\\/#organization\",\"name\":\"Boutique Francisco Belmonte\",\"url\":\"https:\\\/\\\/franciscobelmonte.com\\\/tienda\\\/\",\"logo\":{\"@type\":\"ImageObject\",\"inLanguage\":\"es\",\"@id\":\"https:\\\/\\\/franciscobelmonte.com\\\/tienda\\\/#\\\/schema\\\/logo\\\/image\\\/\",\"url\":\"https:\\\/\\\/franciscobelmonte.com\\\/tienda\\\/wp-content\\\/uploads\\\/2021\\\/12\\\/Francisco-Belmonte-logo.png\",\"contentUrl\":\"https:\\\/\\\/franciscobelmonte.com\\\/tienda\\\/wp-content\\\/uploads\\\/2021\\\/12\\\/Francisco-Belmonte-logo.png\",\"width\":2153,\"height\":536,\"caption\":\"Boutique Francisco Belmonte\"},\"image\":{\"@id\":\"https:\\\/\\\/franciscobelmonte.com\\\/tienda\\\/#\\\/schema\\\/logo\\\/image\\\/\"},\"sameAs\":[\"https:\\\/\\\/www.facebook.com\\\/motosfranciscobelmonte\",\"https:\\\/\\\/www.instagram.com\\\/fco.belmonte\\\/\"]}]}<\/script>\n<!-- \/ Yoast SEO plugin. -->","yoast_head_json":{"title":"GUANTES ALPINESTARS REEF NI\u00d1O ROJO FL\u00daOR \/ BLANCO \/ NEGRO - Boutique Francisco Belmonte","description":"Guantes Alpinestars Reef Ni\u00f1o Rojo Fl\u00faor-Blanco-Negro. Guantes de moto Alpinestars en Boutique Francisco Belmonte en Murcia, en sus diferentes colores.","robots":{"index":"index","follow":"follow","max-snippet":"max-snippet:-1","max-image-preview":"max-image-preview:large","max-video-preview":"max-video-preview:-1"},"canonical":"https:\/\/franciscobelmonte.com\/tienda\/guantes-alpinestars-reef-nino-rojo-fluor-blanco-negro\/","og_locale":"es_ES","og_type":"article","og_title":"GUANTES ALPINESTARS REEF NI\u00d1O ROJO FL\u00daOR \/ BLANCO \/ NEGRO - Boutique Francisco Belmonte","og_description":"Guantes Alpinestars Reef Ni\u00f1o Rojo Fl\u00faor-Blanco-Negro. Guantes de moto Alpinestars en Boutique Francisco Belmonte en Murcia, en sus diferentes colores.","og_url":"https:\/\/franciscobelmonte.com\/tienda\/guantes-alpinestars-reef-nino-rojo-fluor-blanco-negro\/","og_site_name":"Boutique Francisco Belmonte","article_publisher":"https:\/\/www.facebook.com\/motosfranciscobelmonte","article_modified_time":"2026-01-06T17:15:42+00:00","og_image":[{"width":619,"height":800,"url":"https:\/\/franciscobelmonte.com\/tienda\/wp-content\/uploads\/2022\/09\/guantes-alpinestars-reef-rojo-fluor-blanco-negroinfantil.jpg","type":"image\/jpeg"}],"twitter_card":"summary_large_image","twitter_misc":{"Tiempo de lectura":"1 minuto"},"schema":{"@context":"https:\/\/schema.org","@graph":[{"@type":"WebPage","@id":"https:\/\/franciscobelmonte.com\/tienda\/guantes-alpinestars-reef-nino-rojo-fluor-blanco-negro\/","url":"https:\/\/franciscobelmonte.com\/tienda\/guantes-alpinestars-reef-nino-rojo-fluor-blanco-negro\/","name":"GUANTES ALPINESTARS REEF NI\u00d1O ROJO FL\u00daOR \/ BLANCO \/ NEGRO - Boutique Francisco Belmonte","isPartOf":{"@id":"https:\/\/franciscobelmonte.com\/tienda\/#website"},"primaryImageOfPage":{"@id":"https:\/\/franciscobelmonte.com\/tienda\/guantes-alpinestars-reef-nino-rojo-fluor-blanco-negro\/#primaryimage"},"image":{"@id":"https:\/\/franciscobelmonte.com\/tienda\/guantes-alpinestars-reef-nino-rojo-fluor-blanco-negro\/#primaryimage"},"thumbnailUrl":"https:\/\/franciscobelmonte.com\/tienda\/wp-content\/uploads\/2022\/09\/guantes-alpinestars-reef-rojo-fluor-blanco-negroinfantil.jpg","datePublished":"2022-09-12T14:29:04+00:00","dateModified":"2026-01-06T17:15:42+00:00","description":"Guantes Alpinestars Reef Ni\u00f1o Rojo Fl\u00faor-Blanco-Negro. Guantes de moto Alpinestars en Boutique Francisco Belmonte en Murcia, en sus diferentes colores.","breadcrumb":{"@id":"https:\/\/franciscobelmonte.com\/tienda\/guantes-alpinestars-reef-nino-rojo-fluor-blanco-negro\/#breadcrumb"},"inLanguage":"es","potentialAction":[{"@type":"ReadAction","target":["https:\/\/franciscobelmonte.com\/tienda\/guantes-alpinestars-reef-nino-rojo-fluor-blanco-negro\/"]}]},{"@type":"ImageObject","inLanguage":"es","@id":"https:\/\/franciscobelmonte.com\/tienda\/guantes-alpinestars-reef-nino-rojo-fluor-blanco-negro\/#primaryimage","url":"https:\/\/franciscobelmonte.com\/tienda\/wp-content\/uploads\/2022\/09\/guantes-alpinestars-reef-rojo-fluor-blanco-negroinfantil.jpg","contentUrl":"https:\/\/franciscobelmonte.com\/tienda\/wp-content\/uploads\/2022\/09\/guantes-alpinestars-reef-rojo-fluor-blanco-negroinfantil.jpg","width":619,"height":800,"caption":"guantes alpinestars reef ni\u00f1o rojo fluor blanco negro en murcia francisco belmonte"},{"@type":"BreadcrumbList","@id":"https:\/\/franciscobelmonte.com\/tienda\/guantes-alpinestars-reef-nino-rojo-fluor-blanco-negro\/#breadcrumb","itemListElement":[{"@type":"ListItem","position":1,"name":"Portada","item":"https:\/\/franciscobelmonte.com\/tienda\/"},{"@type":"ListItem","position":2,"name":"Tienda","item":"https:\/\/franciscobelmonte.com\/tienda\/boutique-equipamiento-motero\/"},{"@type":"ListItem","position":3,"name":"GUANTES ALPINESTARS REEF NI\u00d1O ROJO FL\u00daOR \/ BLANCO \/ NEGRO"}]},{"@type":"WebSite","@id":"https:\/\/franciscobelmonte.com\/tienda\/#website","url":"https:\/\/franciscobelmonte.com\/tienda\/","name":"Boutique Francisco Belmonte","description":"Todo en complementos para motoristas","publisher":{"@id":"https:\/\/franciscobelmonte.com\/tienda\/#organization"},"potentialAction":[{"@type":"SearchAction","target":{"@type":"EntryPoint","urlTemplate":"https:\/\/franciscobelmonte.com\/tienda\/?s={search_term_string}"},"query-input":{"@type":"PropertyValueSpecification","valueRequired":true,"valueName":"search_term_string"}}],"inLanguage":"es"},{"@type":"Organization","@id":"https:\/\/franciscobelmonte.com\/tienda\/#organization","name":"Boutique Francisco Belmonte","url":"https:\/\/franciscobelmonte.com\/tienda\/","logo":{"@type":"ImageObject","inLanguage":"es","@id":"https:\/\/franciscobelmonte.com\/tienda\/#\/schema\/logo\/image\/","url":"https:\/\/franciscobelmonte.com\/tienda\/wp-content\/uploads\/2021\/12\/Francisco-Belmonte-logo.png","contentUrl":"https:\/\/franciscobelmonte.com\/tienda\/wp-content\/uploads\/2021\/12\/Francisco-Belmonte-logo.png","width":2153,"height":536,"caption":"Boutique Francisco Belmonte"},"image":{"@id":"https:\/\/franciscobelmonte.com\/tienda\/#\/schema\/logo\/image\/"},"sameAs":["https:\/\/www.facebook.com\/motosfranciscobelmonte","https:\/\/www.instagram.com\/fco.belmonte\/"]}]}},"jetpack_sharing_enabled":true,"brands":[{"id":186,"name":"Alpinestars","slug":"alpinestars"}],"_links":{"self":[{"href":"https:\/\/franciscobelmonte.com\/tienda\/wp-json\/wp\/v2\/product\/6058","targetHints":{"allow":["GET"]}}],"collection":[{"href":"https:\/\/franciscobelmonte.com\/tienda\/wp-json\/wp\/v2\/product"}],"about":[{"href":"https:\/\/franciscobelmonte.com\/tienda\/wp-json\/wp\/v2\/types\/product"}],"replies":[{"embeddable":true,"href":"https:\/\/franciscobelmonte.com\/tienda\/wp-json\/wp\/v2\/comments?post=6058"}],"wp:featuredmedia":[{"embeddable":true,"href":"https:\/\/franciscobelmonte.com\/tienda\/wp-json\/wp\/v2\/media\/6063"}],"wp:attachment":[{"href":"https:\/\/franciscobelmonte.com\/tienda\/wp-json\/wp\/v2\/media?parent=6058"}],"wp:term":[{"taxonomy":"pwb-brand","embeddable":true,"href":"https:\/\/franciscobelmonte.com\/tienda\/wp-json\/wp\/v2\/pwb-brand?post=6058"},{"taxonomy":"product_brand","embeddable":true,"href":"https:\/\/franciscobelmonte.com\/tienda\/wp-json\/wp\/v2\/product_brand?post=6058"},{"taxonomy":"product_cat","embeddable":true,"href":"https:\/\/franciscobelmonte.com\/tienda\/wp-json\/wp\/v2\/product_cat?post=6058"},{"taxonomy":"product_tag","embeddable":true,"href":"https:\/\/franciscobelmonte.com\/tienda\/wp-json\/wp\/v2\/product_tag?post=6058"}],"curies":[{"name":"wp","href":"https:\/\/api.w.org\/{rel}","templated":true}]}}