{"id":6169,"date":"2022-09-19T10:41:15","date_gmt":"2022-09-19T10:41:15","guid":{"rendered":"https:\/\/franciscobelmonte.com\/tienda\/?post_type=product&#038;p=6169"},"modified":"2023-11-10T09:49:58","modified_gmt":"2023-11-10T07:49:58","slug":"casco-scorpion-exo-1400-carbon-air-solid-negro-brillo","status":"publish","type":"product","link":"https:\/\/franciscobelmonte.com\/tienda\/casco-scorpion-exo-1400-carbon-air-solid-negro-brillo\/","title":{"rendered":"CASCO SCORPION EXO-1400 CARBON AIR SOLID NEGRO BRILLO"},"content":{"rendered":"<h2>Casco SCORPION Exo-1400 Carbon Air Solid Negro Brillo<\/h2>\n<p>Se trata de la versi\u00f3n con fibra de carbono del modelo Exp-1400 Air, el nuevo casco integral Sport-Touring de Scorpion. El Exo-1440 Air es un casco muy vers\u00e1til y funcional gracias a su nuevo sistema de ventilaci\u00f3n, el sistema de juste Airfit, el visor solar interior, el acolchado interior Kwikwick3 y a sus innovadoras caracter\u00edsticas. Destaca por su est\u00e9tica deportiva, por ser muy ligero y cuenta con una ac\u00fastica mejorada para hacerlo m\u00e1s silencioso. El Exo-1440 Carbon Air se entrega con una segunda pantalla ahumada oscura con predisposici\u00f3n para Pinlock Maxvision.<\/p>\n<p><strong>Sistema Airfit<\/strong><br \/>\nEl sistema Airfit, a trav\u00e9s de una bomba situada cerca de la barbilla, permite inflar y desinflar los acolchados laterales, proporcionando un ajuste perfecto a la forma de la cara y reduciendo el nivel de ruido (sistema exclusivo de Scorpion Exo).<\/p>\n<p><strong>Pinlock Maxvision<\/strong><br \/>\nPerfectamente integrado en la pantalla, este Pinlock crea una presi\u00f3n de aire permanente e impide as\u00ed que se forme condensaci\u00f3n, incluso cuando la diferencia de temperatura entre el exterior y el interior del casco aumenta.<\/p>\n<p><strong>Kwikwick3<\/strong><br \/>\nAcolchado interior Kwikwick3 con tratamiento antial\u00e9rgico. Ofrece una excelente absorci\u00f3n de la humedad y destaca por ser muy c\u00f3modo, suave y el\u00e1stico. Puede desmontarse y lavarse. Dise\u00f1o de los acolchados laterales optimizado para usuarios de gafas.<\/p>\n<p><strong>TCT (Thermodynamical Composite Technology)<\/strong><br \/>\nCalota extremadamente ligera con nueva estructura TCT fabricada en fibra de carbono y fibra de vidrio; ofrece un nivel de protecci\u00f3n nunca antes visto en el mundo de los cascos. Esta elegante calota es capaz de doblarse gradualmente en caso de impacto, lo que le permite absorber la mayor\u00eda de energ\u00eda generada por el mismo, mientras conserva una de las estructuras m\u00e1s fuertes.<\/p>\n<p><strong>Sistema de pantalla Ellip-Tec<\/strong><br \/>\nCon el mecanismo de pantalla Ellip-tec a\u00fan es m\u00e1s f\u00e1cil y r\u00e1pido el cambio de pantalla. Se realiza sin dificultades en menos de 10 segundos, con la pantalla abierta. Concebido en t\u00fanel aerodin\u00e1mico para limitar al m\u00e1ximo los ruidos a altas velocidades, equipado con resortes m\u00e1s potentes para un ajuste \u00f3ptimo de la pantalla, totalmente herm\u00e9tico y m\u00e1s silencioso. Ellip-Tec ofrece adem\u00e1s una mayor resistencia para mantener la pantalla en su sitio en caso de ca\u00edda. Dispone de un nuevo sistema de cierre central: pulsando solamente la leva del cierre hasta arriba, \u00e9sta se desbloquear\u00e1 y la podremos alzar sin problemas.<\/p>\n<p><strong>Speedview<\/strong><br \/>\nVisor solar interior, f\u00e1cilmente reemplazable y con tratamiento antivaho en ambas caras.<\/p>\n<p><strong>Otras caracter\u00edsticas<\/strong><\/p>\n<ul>\n<li>3 tama\u00f1os de calota exterior para un mejor ajuste a cada talla.<\/li>\n<li>Sistema de extracci\u00f3n de emergencia de los acolchados laterales.<\/li>\n<li>Sistema de bloqueo de pantalla: una palanca de 3 posiciones permite bloquear la pantalla en posici\u00f3n cerrada o ligeramente abierta.<\/li>\n<li>Sistema de ventilaci\u00f3n: dispone de una entrada de aire en la zona de la mentonera y una entrada de aire situada en la parte superior de la calota para absorber un mayor flujo de aire. En el sp\u00f3iler trasero del casco encontramos dos orificios de salida que garantizan la total extracci\u00f3n de la humedad y del aire caliente del interior del mismo. Todas las entradas de aire son f\u00e1cilmente regulables con cualquier tipo de guantes.<\/li>\n<li>Cubrenariz: mejora las prestaciones antivaho.<\/li>\n<li>Cubrebarbilla: contribuye a reducir el ruido.<\/li>\n<li>Cierre de doble anilla de titanio.<\/li>\n<\/ul>\n<p>&nbsp;<\/p>\n<p>&nbsp;<\/p>\n<p>&nbsp;<\/p>\n<p>&nbsp;<\/p>\n","protected":false},"excerpt":{"rendered":"<p>El Exo-1440 Air es un casco muy vers\u00e1til y funcional gracias a su nuevo sistema de ventilaci\u00f3n, el sistema de juste Airfit, el visor solar interior, el acolchado interior Kwikwick3 y a sus innovadoras caracter\u00edsticas.<\/p>\n","protected":false},"featured_media":6179,"comment_status":"open","ping_status":"closed","template":"","meta":{"_themeisle_gutenberg_block_has_review":false},"pwb-brand":[226],"product_brand":[],"product_cat":[15,145],"product_tag":[590,416],"class_list":{"0":"post-6169","1":"product","2":"type-product","3":"status-publish","4":"has-post-thumbnail","6":"pwb-brand-scorpion","7":"product_cat-casco-de-moto","8":"product_cat-cascos-de-moto-integrales","9":"product_tag-casco-scorpion-exo-1400-carbon-air-solid-negro-brillo","10":"product_tag-liquidacion","12":"first","13":"outofstock","14":"taxable","15":"shipping-taxable","16":"product-type-variable","17":"has-default-attributes"},"yoast_head":"<!-- This site is optimized with the Yoast SEO plugin v27.3 - https:\/\/yoast.com\/product\/yoast-seo-wordpress\/ -->\n<title>CASCO SCORPION EXO-1400 CARBON AIR SOLID NEGRO BRILLO - Boutique Francisco Belmonte<\/title>\n<meta name=\"description\" content=\"Casco Scorpion Exo-1400 Carbon Air Solid Negro Brillo. Cascos moto Scorpion al mejor precio en Murcia Francisco Belmonte.\" \/>\n<meta name=\"robots\" content=\"index, follow, max-snippet:-1, max-image-preview:large, max-video-preview:-1\" \/>\n<link rel=\"canonical\" href=\"https:\/\/franciscobelmonte.com\/tienda\/casco-scorpion-exo-1400-carbon-air-solid-negro-brillo\/\" \/>\n<meta property=\"og:locale\" content=\"es_ES\" \/>\n<meta property=\"og:type\" content=\"article\" \/>\n<meta property=\"og:title\" content=\"CASCO SCORPION EXO-1400 CARBON AIR SOLID NEGRO BRILLO - Boutique Francisco Belmonte\" \/>\n<meta property=\"og:description\" content=\"Casco Scorpion Exo-1400 Carbon Air Solid Negro Brillo. Cascos moto Scorpion al mejor precio en Murcia Francisco Belmonte.\" \/>\n<meta property=\"og:url\" content=\"https:\/\/franciscobelmonte.com\/tienda\/casco-scorpion-exo-1400-carbon-air-solid-negro-brillo\/\" \/>\n<meta property=\"og:site_name\" content=\"Boutique Francisco Belmonte\" \/>\n<meta property=\"article:publisher\" content=\"https:\/\/www.facebook.com\/motosfranciscobelmonte\" \/>\n<meta property=\"article:modified_time\" content=\"2023-11-10T07:49:58+00:00\" \/>\n<meta property=\"og:image\" content=\"https:\/\/franciscobelmonte.com\/tienda\/wp-content\/uploads\/2022\/09\/casco-scorpion-exo-1440-carbon-air-solid-negro-brillo.jpg\" \/>\n\t<meta property=\"og:image:width\" content=\"800\" \/>\n\t<meta property=\"og:image:height\" content=\"800\" \/>\n\t<meta property=\"og:image:type\" content=\"image\/jpeg\" \/>\n<meta name=\"twitter:card\" content=\"summary_large_image\" \/>\n<meta name=\"twitter:label1\" content=\"Tiempo de lectura\" \/>\n\t<meta name=\"twitter:data1\" content=\"1 minuto\" \/>\n<script type=\"application\/ld+json\" class=\"yoast-schema-graph\">{\"@context\":\"https:\\\/\\\/schema.org\",\"@graph\":[{\"@type\":\"WebPage\",\"@id\":\"https:\\\/\\\/franciscobelmonte.com\\\/tienda\\\/casco-scorpion-exo-1400-carbon-air-solid-negro-brillo\\\/\",\"url\":\"https:\\\/\\\/franciscobelmonte.com\\\/tienda\\\/casco-scorpion-exo-1400-carbon-air-solid-negro-brillo\\\/\",\"name\":\"CASCO SCORPION EXO-1400 CARBON AIR SOLID NEGRO BRILLO - Boutique Francisco Belmonte\",\"isPartOf\":{\"@id\":\"https:\\\/\\\/franciscobelmonte.com\\\/tienda\\\/#website\"},\"primaryImageOfPage\":{\"@id\":\"https:\\\/\\\/franciscobelmonte.com\\\/tienda\\\/casco-scorpion-exo-1400-carbon-air-solid-negro-brillo\\\/#primaryimage\"},\"image\":{\"@id\":\"https:\\\/\\\/franciscobelmonte.com\\\/tienda\\\/casco-scorpion-exo-1400-carbon-air-solid-negro-brillo\\\/#primaryimage\"},\"thumbnailUrl\":\"https:\\\/\\\/franciscobelmonte.com\\\/tienda\\\/wp-content\\\/uploads\\\/2022\\\/09\\\/casco-scorpion-exo-1440-carbon-air-solid-negro-brillo.jpg\",\"datePublished\":\"2022-09-19T10:41:15+00:00\",\"dateModified\":\"2023-11-10T07:49:58+00:00\",\"description\":\"Casco Scorpion Exo-1400 Carbon Air Solid Negro Brillo. Cascos moto Scorpion al mejor precio en Murcia Francisco Belmonte.\",\"breadcrumb\":{\"@id\":\"https:\\\/\\\/franciscobelmonte.com\\\/tienda\\\/casco-scorpion-exo-1400-carbon-air-solid-negro-brillo\\\/#breadcrumb\"},\"inLanguage\":\"es\",\"potentialAction\":[{\"@type\":\"ReadAction\",\"target\":[\"https:\\\/\\\/franciscobelmonte.com\\\/tienda\\\/casco-scorpion-exo-1400-carbon-air-solid-negro-brillo\\\/\"]}]},{\"@type\":\"ImageObject\",\"inLanguage\":\"es\",\"@id\":\"https:\\\/\\\/franciscobelmonte.com\\\/tienda\\\/casco-scorpion-exo-1400-carbon-air-solid-negro-brillo\\\/#primaryimage\",\"url\":\"https:\\\/\\\/franciscobelmonte.com\\\/tienda\\\/wp-content\\\/uploads\\\/2022\\\/09\\\/casco-scorpion-exo-1440-carbon-air-solid-negro-brillo.jpg\",\"contentUrl\":\"https:\\\/\\\/franciscobelmonte.com\\\/tienda\\\/wp-content\\\/uploads\\\/2022\\\/09\\\/casco-scorpion-exo-1440-carbon-air-solid-negro-brillo.jpg\",\"width\":800,\"height\":800,\"caption\":\"casco scorpion exo 1440 carbon air solid negro brillo en murcia francisco belmonte\"},{\"@type\":\"BreadcrumbList\",\"@id\":\"https:\\\/\\\/franciscobelmonte.com\\\/tienda\\\/casco-scorpion-exo-1400-carbon-air-solid-negro-brillo\\\/#breadcrumb\",\"itemListElement\":[{\"@type\":\"ListItem\",\"position\":1,\"name\":\"Portada\",\"item\":\"https:\\\/\\\/franciscobelmonte.com\\\/tienda\\\/\"},{\"@type\":\"ListItem\",\"position\":2,\"name\":\"Tienda\",\"item\":\"https:\\\/\\\/franciscobelmonte.com\\\/tienda\\\/boutique-equipamiento-motero\\\/\"},{\"@type\":\"ListItem\",\"position\":3,\"name\":\"CASCO SCORPION EXO-1400 CARBON AIR SOLID NEGRO BRILLO\"}]},{\"@type\":\"WebSite\",\"@id\":\"https:\\\/\\\/franciscobelmonte.com\\\/tienda\\\/#website\",\"url\":\"https:\\\/\\\/franciscobelmonte.com\\\/tienda\\\/\",\"name\":\"Boutique Francisco Belmonte\",\"description\":\"Todo en complementos para motoristas\",\"publisher\":{\"@id\":\"https:\\\/\\\/franciscobelmonte.com\\\/tienda\\\/#organization\"},\"potentialAction\":[{\"@type\":\"SearchAction\",\"target\":{\"@type\":\"EntryPoint\",\"urlTemplate\":\"https:\\\/\\\/franciscobelmonte.com\\\/tienda\\\/?s={search_term_string}\"},\"query-input\":{\"@type\":\"PropertyValueSpecification\",\"valueRequired\":true,\"valueName\":\"search_term_string\"}}],\"inLanguage\":\"es\"},{\"@type\":\"Organization\",\"@id\":\"https:\\\/\\\/franciscobelmonte.com\\\/tienda\\\/#organization\",\"name\":\"Boutique Francisco Belmonte\",\"url\":\"https:\\\/\\\/franciscobelmonte.com\\\/tienda\\\/\",\"logo\":{\"@type\":\"ImageObject\",\"inLanguage\":\"es\",\"@id\":\"https:\\\/\\\/franciscobelmonte.com\\\/tienda\\\/#\\\/schema\\\/logo\\\/image\\\/\",\"url\":\"https:\\\/\\\/franciscobelmonte.com\\\/tienda\\\/wp-content\\\/uploads\\\/2021\\\/12\\\/Francisco-Belmonte-logo.png\",\"contentUrl\":\"https:\\\/\\\/franciscobelmonte.com\\\/tienda\\\/wp-content\\\/uploads\\\/2021\\\/12\\\/Francisco-Belmonte-logo.png\",\"width\":2153,\"height\":536,\"caption\":\"Boutique Francisco Belmonte\"},\"image\":{\"@id\":\"https:\\\/\\\/franciscobelmonte.com\\\/tienda\\\/#\\\/schema\\\/logo\\\/image\\\/\"},\"sameAs\":[\"https:\\\/\\\/www.facebook.com\\\/motosfranciscobelmonte\",\"https:\\\/\\\/www.instagram.com\\\/fco.belmonte\\\/\"]}]}<\/script>\n<!-- \/ Yoast SEO plugin. -->","yoast_head_json":{"title":"CASCO SCORPION EXO-1400 CARBON AIR SOLID NEGRO BRILLO - Boutique Francisco Belmonte","description":"Casco Scorpion Exo-1400 Carbon Air Solid Negro Brillo. Cascos moto Scorpion al mejor precio en Murcia Francisco Belmonte.","robots":{"index":"index","follow":"follow","max-snippet":"max-snippet:-1","max-image-preview":"max-image-preview:large","max-video-preview":"max-video-preview:-1"},"canonical":"https:\/\/franciscobelmonte.com\/tienda\/casco-scorpion-exo-1400-carbon-air-solid-negro-brillo\/","og_locale":"es_ES","og_type":"article","og_title":"CASCO SCORPION EXO-1400 CARBON AIR SOLID NEGRO BRILLO - Boutique Francisco Belmonte","og_description":"Casco Scorpion Exo-1400 Carbon Air Solid Negro Brillo. Cascos moto Scorpion al mejor precio en Murcia Francisco Belmonte.","og_url":"https:\/\/franciscobelmonte.com\/tienda\/casco-scorpion-exo-1400-carbon-air-solid-negro-brillo\/","og_site_name":"Boutique Francisco Belmonte","article_publisher":"https:\/\/www.facebook.com\/motosfranciscobelmonte","article_modified_time":"2023-11-10T07:49:58+00:00","og_image":[{"width":800,"height":800,"url":"https:\/\/franciscobelmonte.com\/tienda\/wp-content\/uploads\/2022\/09\/casco-scorpion-exo-1440-carbon-air-solid-negro-brillo.jpg","type":"image\/jpeg"}],"twitter_card":"summary_large_image","twitter_misc":{"Tiempo de lectura":"1 minuto"},"schema":{"@context":"https:\/\/schema.org","@graph":[{"@type":"WebPage","@id":"https:\/\/franciscobelmonte.com\/tienda\/casco-scorpion-exo-1400-carbon-air-solid-negro-brillo\/","url":"https:\/\/franciscobelmonte.com\/tienda\/casco-scorpion-exo-1400-carbon-air-solid-negro-brillo\/","name":"CASCO SCORPION EXO-1400 CARBON AIR SOLID NEGRO BRILLO - Boutique Francisco Belmonte","isPartOf":{"@id":"https:\/\/franciscobelmonte.com\/tienda\/#website"},"primaryImageOfPage":{"@id":"https:\/\/franciscobelmonte.com\/tienda\/casco-scorpion-exo-1400-carbon-air-solid-negro-brillo\/#primaryimage"},"image":{"@id":"https:\/\/franciscobelmonte.com\/tienda\/casco-scorpion-exo-1400-carbon-air-solid-negro-brillo\/#primaryimage"},"thumbnailUrl":"https:\/\/franciscobelmonte.com\/tienda\/wp-content\/uploads\/2022\/09\/casco-scorpion-exo-1440-carbon-air-solid-negro-brillo.jpg","datePublished":"2022-09-19T10:41:15+00:00","dateModified":"2023-11-10T07:49:58+00:00","description":"Casco Scorpion Exo-1400 Carbon Air Solid Negro Brillo. Cascos moto Scorpion al mejor precio en Murcia Francisco Belmonte.","breadcrumb":{"@id":"https:\/\/franciscobelmonte.com\/tienda\/casco-scorpion-exo-1400-carbon-air-solid-negro-brillo\/#breadcrumb"},"inLanguage":"es","potentialAction":[{"@type":"ReadAction","target":["https:\/\/franciscobelmonte.com\/tienda\/casco-scorpion-exo-1400-carbon-air-solid-negro-brillo\/"]}]},{"@type":"ImageObject","inLanguage":"es","@id":"https:\/\/franciscobelmonte.com\/tienda\/casco-scorpion-exo-1400-carbon-air-solid-negro-brillo\/#primaryimage","url":"https:\/\/franciscobelmonte.com\/tienda\/wp-content\/uploads\/2022\/09\/casco-scorpion-exo-1440-carbon-air-solid-negro-brillo.jpg","contentUrl":"https:\/\/franciscobelmonte.com\/tienda\/wp-content\/uploads\/2022\/09\/casco-scorpion-exo-1440-carbon-air-solid-negro-brillo.jpg","width":800,"height":800,"caption":"casco scorpion exo 1440 carbon air solid negro brillo en murcia francisco belmonte"},{"@type":"BreadcrumbList","@id":"https:\/\/franciscobelmonte.com\/tienda\/casco-scorpion-exo-1400-carbon-air-solid-negro-brillo\/#breadcrumb","itemListElement":[{"@type":"ListItem","position":1,"name":"Portada","item":"https:\/\/franciscobelmonte.com\/tienda\/"},{"@type":"ListItem","position":2,"name":"Tienda","item":"https:\/\/franciscobelmonte.com\/tienda\/boutique-equipamiento-motero\/"},{"@type":"ListItem","position":3,"name":"CASCO SCORPION EXO-1400 CARBON AIR SOLID NEGRO BRILLO"}]},{"@type":"WebSite","@id":"https:\/\/franciscobelmonte.com\/tienda\/#website","url":"https:\/\/franciscobelmonte.com\/tienda\/","name":"Boutique Francisco Belmonte","description":"Todo en complementos para motoristas","publisher":{"@id":"https:\/\/franciscobelmonte.com\/tienda\/#organization"},"potentialAction":[{"@type":"SearchAction","target":{"@type":"EntryPoint","urlTemplate":"https:\/\/franciscobelmonte.com\/tienda\/?s={search_term_string}"},"query-input":{"@type":"PropertyValueSpecification","valueRequired":true,"valueName":"search_term_string"}}],"inLanguage":"es"},{"@type":"Organization","@id":"https:\/\/franciscobelmonte.com\/tienda\/#organization","name":"Boutique Francisco Belmonte","url":"https:\/\/franciscobelmonte.com\/tienda\/","logo":{"@type":"ImageObject","inLanguage":"es","@id":"https:\/\/franciscobelmonte.com\/tienda\/#\/schema\/logo\/image\/","url":"https:\/\/franciscobelmonte.com\/tienda\/wp-content\/uploads\/2021\/12\/Francisco-Belmonte-logo.png","contentUrl":"https:\/\/franciscobelmonte.com\/tienda\/wp-content\/uploads\/2021\/12\/Francisco-Belmonte-logo.png","width":2153,"height":536,"caption":"Boutique Francisco Belmonte"},"image":{"@id":"https:\/\/franciscobelmonte.com\/tienda\/#\/schema\/logo\/image\/"},"sameAs":["https:\/\/www.facebook.com\/motosfranciscobelmonte","https:\/\/www.instagram.com\/fco.belmonte\/"]}]}},"jetpack_sharing_enabled":true,"brands":[{"id":226,"name":"Scorpion","slug":"scorpion"}],"_links":{"self":[{"href":"https:\/\/franciscobelmonte.com\/tienda\/wp-json\/wp\/v2\/product\/6169","targetHints":{"allow":["GET"]}}],"collection":[{"href":"https:\/\/franciscobelmonte.com\/tienda\/wp-json\/wp\/v2\/product"}],"about":[{"href":"https:\/\/franciscobelmonte.com\/tienda\/wp-json\/wp\/v2\/types\/product"}],"replies":[{"embeddable":true,"href":"https:\/\/franciscobelmonte.com\/tienda\/wp-json\/wp\/v2\/comments?post=6169"}],"wp:featuredmedia":[{"embeddable":true,"href":"https:\/\/franciscobelmonte.com\/tienda\/wp-json\/wp\/v2\/media\/6179"}],"wp:attachment":[{"href":"https:\/\/franciscobelmonte.com\/tienda\/wp-json\/wp\/v2\/media?parent=6169"}],"wp:term":[{"taxonomy":"pwb-brand","embeddable":true,"href":"https:\/\/franciscobelmonte.com\/tienda\/wp-json\/wp\/v2\/pwb-brand?post=6169"},{"taxonomy":"product_brand","embeddable":true,"href":"https:\/\/franciscobelmonte.com\/tienda\/wp-json\/wp\/v2\/product_brand?post=6169"},{"taxonomy":"product_cat","embeddable":true,"href":"https:\/\/franciscobelmonte.com\/tienda\/wp-json\/wp\/v2\/product_cat?post=6169"},{"taxonomy":"product_tag","embeddable":true,"href":"https:\/\/franciscobelmonte.com\/tienda\/wp-json\/wp\/v2\/product_tag?post=6169"}],"curies":[{"name":"wp","href":"https:\/\/api.w.org\/{rel}","templated":true}]}}