{"id":6333,"date":"2022-09-26T09:19:06","date_gmt":"2022-09-26T09:19:06","guid":{"rendered":"https:\/\/franciscobelmonte.com\/tienda\/?post_type=product&#038;p=6333"},"modified":"2024-07-29T12:55:33","modified_gmt":"2024-07-29T10:55:33","slug":"botas-alpinestars-smx-6-v2-negro-rojo","status":"publish","type":"product","link":"https:\/\/franciscobelmonte.com\/tienda\/botas-alpinestars-smx-6-v2-negro-rojo\/","title":{"rendered":"BOTAS ALPINESTARS SMX-6 V2 NEGRO \/ ROJO"},"content":{"rendered":"<h1>Botas Alpinestars Smx-6 V2 Negro \/ Rojo<\/h1>\n<p>Confeccionadas en microfibra de alta tecnolog\u00eda, las SMX-6 V2 nos ofrecen un dise\u00f1o deportivo y unos niveles de seguridad excepcionales. Estas botas cuentan con los \u00faltimos avances en el desarrollo de calzado de alto rendimiento de Alpinestars. Especialmente indicadas para un uso deportivo en carretera y circuito.<\/p>\n<p><strong>Caracter\u00edsticas principales<\/strong><\/p>\n<ul>\n<li>Zona superior confeccionada en microfibra de alta tecnolog\u00eda, que aporta una mayor durabilidad y flexibilidad.<\/li>\n<li>Refuerzos en TPU de nuevo dise\u00f1o en la zona frontal, zona del tal\u00f3n y parte trasera para mayor protecci\u00f3n y estabilidad.<\/li>\n<li>Innovadora protecci\u00f3n lateral del tobillo en TPU, que proporciona un soporte biomec\u00e1nico entre la parte superior de la pantorrilla\/espinilla y el tobillo, y ofrece una mayor integridad estructural, protecci\u00f3n contra los impactos y resistencia a la abrasi\u00f3n.<\/li>\n<li>Protector de espinilla, protector de pantorrilla, tal\u00f3n y protector para el cambio realizados en TPU inyectado para una mayor durabilidad y protecci\u00f3n contra los impactos.<\/li>\n<li>Deslizadera integrada reemplazable de TPU bi-inyectado. Esta cuenta con un nuevo sistema de fijaci\u00f3n con tornillo que facilita y agiliza el cambio.<\/li>\n<li>Internal Safety Protector: protector de tobillo de doble densidad en el lado medial situado entre la parte superior y forro.<\/li>\n<li>La zona frontal y la zona del tal\u00f3n Aquiles cuentan con una construcci\u00f3n flexible en acorde\u00f3n para una comodidad, extensi\u00f3n y control superiores.<\/li>\n<li>Suela interna con refuerzo integrado en la zona de la ca\u00f1a para proporcionar soporte adicional en la zona del arco.<\/li>\n<li>Ventilaciones estrat\u00e9gicamente ubicadas para mayor ventilaci\u00f3n.<\/li>\n<li>Sistema de apertura \/ cierre lateral con cremallera montada sobre un panel el\u00e1stico. La cremallera se cubre con una gran solapa con Velcro. Este sistema de cierre permite un ajuste seguro y una m\u00e1xima flexibilidad. La apertura es amplia para facilitar la entrada y la salida.<\/li>\n<li>Nueva plantilla anat\u00f3mica desmontable de doble compuesto, que incluye EVA y Lycra en la parte superior, para mejor rendimiento, soporte y comodidad.<\/li>\n<li>Puntera con refuerzo interno debajo de la capa superior para mayor protecci\u00f3n y confort.<\/li>\n<li>Forro interior realizado con tejido transpirable con refuerzo anti-deslizante en la zona del tobillo par mantener el pie sujeto.<\/li>\n<li>Suela con el exclusivo compuesto de goma de Alpinestars dise\u00f1ada para mejorar el tacto y conseguir un \u00f3ptimo agarre. El dibujo de la suela facilita el drenaje de agua.<\/li>\n<li>Las botas Alpinestars SMX-6 V2 est\u00e1n certificadas CE seg\u00fan la normativa EN 13634 : 2010.<\/li>\n<\/ul>\n<p>&nbsp;<\/p>\n","protected":false},"excerpt":{"rendered":"<p>Confeccionadas en microfibra de alta tecnolog\u00eda, las SMX-6 V2 nos ofrecen un dise\u00f1o deportivo y unos niveles de seguridad excepcionales.<\/p>\n<p><a style=\"color: #0000ff;\" href=\"https:\/\/franciscobelmonte.com\/tienda\/wp-content\/uploads\/2022\/09\/Tallas-calzado-alpinestars-hombre.png\" target=\"_blank\" rel=\"noopener\"><span style=\"font-size: xx-small;\"> Ver gu\u00eda de tallas<\/span><\/a><\/p>\n","protected":false},"featured_media":6346,"comment_status":"open","ping_status":"closed","template":"","meta":{"_themeisle_gutenberg_block_has_review":false},"pwb-brand":[186],"product_brand":[],"product_cat":[656,149],"product_tag":[416,749],"class_list":{"0":"post-6333","1":"product","2":"type-product","3":"status-publish","4":"has-post-thumbnail","6":"pwb-brand-alpinestars","7":"product_cat-botas","8":"product_cat-botas-de-moto-racing","9":"product_tag-liquidacion","10":"product_tag-producto-30","12":"first","13":"outofstock","14":"taxable","15":"shipping-taxable","16":"product-type-variable","17":"has-default-attributes"},"yoast_head":"<!-- This site is optimized with the Yoast SEO plugin v27.3 - https:\/\/yoast.com\/product\/yoast-seo-wordpress\/ -->\n<title>BOTAS ALPINESTARS SMX-6 V2 NEGRO \/ ROJO - Boutique Francisco Belmonte<\/title>\n<meta name=\"description\" content=\"Botas Alpinestars Smx-6 V2 Negro - Rojo. Botas de moto Alpinestars en Murcia Francisco Belmonte, en sus diferentes colores al mejor precio.\" \/>\n<meta name=\"robots\" content=\"index, follow, max-snippet:-1, max-image-preview:large, max-video-preview:-1\" \/>\n<link rel=\"canonical\" href=\"https:\/\/franciscobelmonte.com\/tienda\/botas-alpinestars-smx-6-v2-negro-rojo\/\" \/>\n<meta property=\"og:locale\" content=\"es_ES\" \/>\n<meta property=\"og:type\" content=\"article\" \/>\n<meta property=\"og:title\" content=\"BOTAS ALPINESTARS SMX-6 V2 NEGRO \/ ROJO - Boutique Francisco Belmonte\" \/>\n<meta property=\"og:description\" content=\"Botas Alpinestars Smx-6 V2 Negro - Rojo. Botas de moto Alpinestars en Murcia Francisco Belmonte, en sus diferentes colores al mejor precio.\" \/>\n<meta property=\"og:url\" content=\"https:\/\/franciscobelmonte.com\/tienda\/botas-alpinestars-smx-6-v2-negro-rojo\/\" \/>\n<meta property=\"og:site_name\" content=\"Boutique Francisco Belmonte\" \/>\n<meta property=\"article:publisher\" content=\"https:\/\/www.facebook.com\/motosfranciscobelmonte\" \/>\n<meta property=\"article:modified_time\" content=\"2024-07-29T10:55:33+00:00\" \/>\n<meta property=\"og:image\" content=\"https:\/\/franciscobelmonte.com\/tienda\/wp-content\/uploads\/2022\/09\/botas-alpinestars-smx-6-v2-negro-rojo.jpg\" \/>\n\t<meta property=\"og:image:width\" content=\"800\" \/>\n\t<meta property=\"og:image:height\" content=\"800\" \/>\n\t<meta property=\"og:image:type\" content=\"image\/jpeg\" \/>\n<meta name=\"twitter:card\" content=\"summary_large_image\" \/>\n<meta name=\"twitter:label1\" content=\"Tiempo de lectura\" \/>\n\t<meta name=\"twitter:data1\" content=\"1 minuto\" \/>\n<script type=\"application\/ld+json\" class=\"yoast-schema-graph\">{\"@context\":\"https:\\\/\\\/schema.org\",\"@graph\":[{\"@type\":\"WebPage\",\"@id\":\"https:\\\/\\\/franciscobelmonte.com\\\/tienda\\\/botas-alpinestars-smx-6-v2-negro-rojo\\\/\",\"url\":\"https:\\\/\\\/franciscobelmonte.com\\\/tienda\\\/botas-alpinestars-smx-6-v2-negro-rojo\\\/\",\"name\":\"BOTAS ALPINESTARS SMX-6 V2 NEGRO \\\/ ROJO - Boutique Francisco Belmonte\",\"isPartOf\":{\"@id\":\"https:\\\/\\\/franciscobelmonte.com\\\/tienda\\\/#website\"},\"primaryImageOfPage\":{\"@id\":\"https:\\\/\\\/franciscobelmonte.com\\\/tienda\\\/botas-alpinestars-smx-6-v2-negro-rojo\\\/#primaryimage\"},\"image\":{\"@id\":\"https:\\\/\\\/franciscobelmonte.com\\\/tienda\\\/botas-alpinestars-smx-6-v2-negro-rojo\\\/#primaryimage\"},\"thumbnailUrl\":\"https:\\\/\\\/franciscobelmonte.com\\\/tienda\\\/wp-content\\\/uploads\\\/2022\\\/09\\\/botas-alpinestars-smx-6-v2-negro-rojo.jpg\",\"datePublished\":\"2022-09-26T09:19:06+00:00\",\"dateModified\":\"2024-07-29T10:55:33+00:00\",\"description\":\"Botas Alpinestars Smx-6 V2 Negro - Rojo. Botas de moto Alpinestars en Murcia Francisco Belmonte, en sus diferentes colores al mejor precio.\",\"breadcrumb\":{\"@id\":\"https:\\\/\\\/franciscobelmonte.com\\\/tienda\\\/botas-alpinestars-smx-6-v2-negro-rojo\\\/#breadcrumb\"},\"inLanguage\":\"es\",\"potentialAction\":[{\"@type\":\"ReadAction\",\"target\":[\"https:\\\/\\\/franciscobelmonte.com\\\/tienda\\\/botas-alpinestars-smx-6-v2-negro-rojo\\\/\"]}]},{\"@type\":\"ImageObject\",\"inLanguage\":\"es\",\"@id\":\"https:\\\/\\\/franciscobelmonte.com\\\/tienda\\\/botas-alpinestars-smx-6-v2-negro-rojo\\\/#primaryimage\",\"url\":\"https:\\\/\\\/franciscobelmonte.com\\\/tienda\\\/wp-content\\\/uploads\\\/2022\\\/09\\\/botas-alpinestars-smx-6-v2-negro-rojo.jpg\",\"contentUrl\":\"https:\\\/\\\/franciscobelmonte.com\\\/tienda\\\/wp-content\\\/uploads\\\/2022\\\/09\\\/botas-alpinestars-smx-6-v2-negro-rojo.jpg\",\"width\":800,\"height\":800,\"caption\":\"botas alpinestars smx-6 v2 negro rojo en murcia francisco belmonte\"},{\"@type\":\"BreadcrumbList\",\"@id\":\"https:\\\/\\\/franciscobelmonte.com\\\/tienda\\\/botas-alpinestars-smx-6-v2-negro-rojo\\\/#breadcrumb\",\"itemListElement\":[{\"@type\":\"ListItem\",\"position\":1,\"name\":\"Portada\",\"item\":\"https:\\\/\\\/franciscobelmonte.com\\\/tienda\\\/\"},{\"@type\":\"ListItem\",\"position\":2,\"name\":\"Tienda\",\"item\":\"https:\\\/\\\/franciscobelmonte.com\\\/tienda\\\/boutique-equipamiento-motero\\\/\"},{\"@type\":\"ListItem\",\"position\":3,\"name\":\"BOTAS ALPINESTARS SMX-6 V2 NEGRO \\\/ ROJO\"}]},{\"@type\":\"WebSite\",\"@id\":\"https:\\\/\\\/franciscobelmonte.com\\\/tienda\\\/#website\",\"url\":\"https:\\\/\\\/franciscobelmonte.com\\\/tienda\\\/\",\"name\":\"Boutique Francisco Belmonte\",\"description\":\"Todo en complementos para motoristas\",\"publisher\":{\"@id\":\"https:\\\/\\\/franciscobelmonte.com\\\/tienda\\\/#organization\"},\"potentialAction\":[{\"@type\":\"SearchAction\",\"target\":{\"@type\":\"EntryPoint\",\"urlTemplate\":\"https:\\\/\\\/franciscobelmonte.com\\\/tienda\\\/?s={search_term_string}\"},\"query-input\":{\"@type\":\"PropertyValueSpecification\",\"valueRequired\":true,\"valueName\":\"search_term_string\"}}],\"inLanguage\":\"es\"},{\"@type\":\"Organization\",\"@id\":\"https:\\\/\\\/franciscobelmonte.com\\\/tienda\\\/#organization\",\"name\":\"Boutique Francisco Belmonte\",\"url\":\"https:\\\/\\\/franciscobelmonte.com\\\/tienda\\\/\",\"logo\":{\"@type\":\"ImageObject\",\"inLanguage\":\"es\",\"@id\":\"https:\\\/\\\/franciscobelmonte.com\\\/tienda\\\/#\\\/schema\\\/logo\\\/image\\\/\",\"url\":\"https:\\\/\\\/franciscobelmonte.com\\\/tienda\\\/wp-content\\\/uploads\\\/2021\\\/12\\\/Francisco-Belmonte-logo.png\",\"contentUrl\":\"https:\\\/\\\/franciscobelmonte.com\\\/tienda\\\/wp-content\\\/uploads\\\/2021\\\/12\\\/Francisco-Belmonte-logo.png\",\"width\":2153,\"height\":536,\"caption\":\"Boutique Francisco Belmonte\"},\"image\":{\"@id\":\"https:\\\/\\\/franciscobelmonte.com\\\/tienda\\\/#\\\/schema\\\/logo\\\/image\\\/\"},\"sameAs\":[\"https:\\\/\\\/www.facebook.com\\\/motosfranciscobelmonte\",\"https:\\\/\\\/www.instagram.com\\\/fco.belmonte\\\/\"]}]}<\/script>\n<!-- \/ Yoast SEO plugin. -->","yoast_head_json":{"title":"BOTAS ALPINESTARS SMX-6 V2 NEGRO \/ ROJO - Boutique Francisco Belmonte","description":"Botas Alpinestars Smx-6 V2 Negro - Rojo. Botas de moto Alpinestars en Murcia Francisco Belmonte, en sus diferentes colores al mejor precio.","robots":{"index":"index","follow":"follow","max-snippet":"max-snippet:-1","max-image-preview":"max-image-preview:large","max-video-preview":"max-video-preview:-1"},"canonical":"https:\/\/franciscobelmonte.com\/tienda\/botas-alpinestars-smx-6-v2-negro-rojo\/","og_locale":"es_ES","og_type":"article","og_title":"BOTAS ALPINESTARS SMX-6 V2 NEGRO \/ ROJO - Boutique Francisco Belmonte","og_description":"Botas Alpinestars Smx-6 V2 Negro - Rojo. Botas de moto Alpinestars en Murcia Francisco Belmonte, en sus diferentes colores al mejor precio.","og_url":"https:\/\/franciscobelmonte.com\/tienda\/botas-alpinestars-smx-6-v2-negro-rojo\/","og_site_name":"Boutique Francisco Belmonte","article_publisher":"https:\/\/www.facebook.com\/motosfranciscobelmonte","article_modified_time":"2024-07-29T10:55:33+00:00","og_image":[{"width":800,"height":800,"url":"https:\/\/franciscobelmonte.com\/tienda\/wp-content\/uploads\/2022\/09\/botas-alpinestars-smx-6-v2-negro-rojo.jpg","type":"image\/jpeg"}],"twitter_card":"summary_large_image","twitter_misc":{"Tiempo de lectura":"1 minuto"},"schema":{"@context":"https:\/\/schema.org","@graph":[{"@type":"WebPage","@id":"https:\/\/franciscobelmonte.com\/tienda\/botas-alpinestars-smx-6-v2-negro-rojo\/","url":"https:\/\/franciscobelmonte.com\/tienda\/botas-alpinestars-smx-6-v2-negro-rojo\/","name":"BOTAS ALPINESTARS SMX-6 V2 NEGRO \/ ROJO - Boutique Francisco Belmonte","isPartOf":{"@id":"https:\/\/franciscobelmonte.com\/tienda\/#website"},"primaryImageOfPage":{"@id":"https:\/\/franciscobelmonte.com\/tienda\/botas-alpinestars-smx-6-v2-negro-rojo\/#primaryimage"},"image":{"@id":"https:\/\/franciscobelmonte.com\/tienda\/botas-alpinestars-smx-6-v2-negro-rojo\/#primaryimage"},"thumbnailUrl":"https:\/\/franciscobelmonte.com\/tienda\/wp-content\/uploads\/2022\/09\/botas-alpinestars-smx-6-v2-negro-rojo.jpg","datePublished":"2022-09-26T09:19:06+00:00","dateModified":"2024-07-29T10:55:33+00:00","description":"Botas Alpinestars Smx-6 V2 Negro - Rojo. Botas de moto Alpinestars en Murcia Francisco Belmonte, en sus diferentes colores al mejor precio.","breadcrumb":{"@id":"https:\/\/franciscobelmonte.com\/tienda\/botas-alpinestars-smx-6-v2-negro-rojo\/#breadcrumb"},"inLanguage":"es","potentialAction":[{"@type":"ReadAction","target":["https:\/\/franciscobelmonte.com\/tienda\/botas-alpinestars-smx-6-v2-negro-rojo\/"]}]},{"@type":"ImageObject","inLanguage":"es","@id":"https:\/\/franciscobelmonte.com\/tienda\/botas-alpinestars-smx-6-v2-negro-rojo\/#primaryimage","url":"https:\/\/franciscobelmonte.com\/tienda\/wp-content\/uploads\/2022\/09\/botas-alpinestars-smx-6-v2-negro-rojo.jpg","contentUrl":"https:\/\/franciscobelmonte.com\/tienda\/wp-content\/uploads\/2022\/09\/botas-alpinestars-smx-6-v2-negro-rojo.jpg","width":800,"height":800,"caption":"botas alpinestars smx-6 v2 negro rojo en murcia francisco belmonte"},{"@type":"BreadcrumbList","@id":"https:\/\/franciscobelmonte.com\/tienda\/botas-alpinestars-smx-6-v2-negro-rojo\/#breadcrumb","itemListElement":[{"@type":"ListItem","position":1,"name":"Portada","item":"https:\/\/franciscobelmonte.com\/tienda\/"},{"@type":"ListItem","position":2,"name":"Tienda","item":"https:\/\/franciscobelmonte.com\/tienda\/boutique-equipamiento-motero\/"},{"@type":"ListItem","position":3,"name":"BOTAS ALPINESTARS SMX-6 V2 NEGRO \/ ROJO"}]},{"@type":"WebSite","@id":"https:\/\/franciscobelmonte.com\/tienda\/#website","url":"https:\/\/franciscobelmonte.com\/tienda\/","name":"Boutique Francisco Belmonte","description":"Todo en complementos para motoristas","publisher":{"@id":"https:\/\/franciscobelmonte.com\/tienda\/#organization"},"potentialAction":[{"@type":"SearchAction","target":{"@type":"EntryPoint","urlTemplate":"https:\/\/franciscobelmonte.com\/tienda\/?s={search_term_string}"},"query-input":{"@type":"PropertyValueSpecification","valueRequired":true,"valueName":"search_term_string"}}],"inLanguage":"es"},{"@type":"Organization","@id":"https:\/\/franciscobelmonte.com\/tienda\/#organization","name":"Boutique Francisco Belmonte","url":"https:\/\/franciscobelmonte.com\/tienda\/","logo":{"@type":"ImageObject","inLanguage":"es","@id":"https:\/\/franciscobelmonte.com\/tienda\/#\/schema\/logo\/image\/","url":"https:\/\/franciscobelmonte.com\/tienda\/wp-content\/uploads\/2021\/12\/Francisco-Belmonte-logo.png","contentUrl":"https:\/\/franciscobelmonte.com\/tienda\/wp-content\/uploads\/2021\/12\/Francisco-Belmonte-logo.png","width":2153,"height":536,"caption":"Boutique Francisco Belmonte"},"image":{"@id":"https:\/\/franciscobelmonte.com\/tienda\/#\/schema\/logo\/image\/"},"sameAs":["https:\/\/www.facebook.com\/motosfranciscobelmonte","https:\/\/www.instagram.com\/fco.belmonte\/"]}]}},"jetpack_sharing_enabled":true,"brands":[{"id":186,"name":"Alpinestars","slug":"alpinestars"}],"_links":{"self":[{"href":"https:\/\/franciscobelmonte.com\/tienda\/wp-json\/wp\/v2\/product\/6333","targetHints":{"allow":["GET"]}}],"collection":[{"href":"https:\/\/franciscobelmonte.com\/tienda\/wp-json\/wp\/v2\/product"}],"about":[{"href":"https:\/\/franciscobelmonte.com\/tienda\/wp-json\/wp\/v2\/types\/product"}],"replies":[{"embeddable":true,"href":"https:\/\/franciscobelmonte.com\/tienda\/wp-json\/wp\/v2\/comments?post=6333"}],"wp:featuredmedia":[{"embeddable":true,"href":"https:\/\/franciscobelmonte.com\/tienda\/wp-json\/wp\/v2\/media\/6346"}],"wp:attachment":[{"href":"https:\/\/franciscobelmonte.com\/tienda\/wp-json\/wp\/v2\/media?parent=6333"}],"wp:term":[{"taxonomy":"pwb-brand","embeddable":true,"href":"https:\/\/franciscobelmonte.com\/tienda\/wp-json\/wp\/v2\/pwb-brand?post=6333"},{"taxonomy":"product_brand","embeddable":true,"href":"https:\/\/franciscobelmonte.com\/tienda\/wp-json\/wp\/v2\/product_brand?post=6333"},{"taxonomy":"product_cat","embeddable":true,"href":"https:\/\/franciscobelmonte.com\/tienda\/wp-json\/wp\/v2\/product_cat?post=6333"},{"taxonomy":"product_tag","embeddable":true,"href":"https:\/\/franciscobelmonte.com\/tienda\/wp-json\/wp\/v2\/product_tag?post=6333"}],"curies":[{"name":"wp","href":"https:\/\/api.w.org\/{rel}","templated":true}]}}