{"id":6394,"date":"2022-09-28T09:02:56","date_gmt":"2022-09-28T09:02:56","guid":{"rendered":"https:\/\/franciscobelmonte.com\/tienda\/?post_type=product&#038;p=6394"},"modified":"2026-02-12T17:37:19","modified_gmt":"2026-02-12T15:37:19","slug":"guantes-alpinestars-s-max-ds-stella-lady-negro-rosa","status":"publish","type":"product","link":"https:\/\/franciscobelmonte.com\/tienda\/guantes-alpinestars-s-max-ds-stella-lady-negro-rosa\/","title":{"rendered":"GUANTES ALPINESTARS S MAX DS STELLA LADY NEGRO\/ROSA"},"content":{"rendered":"<h2>Guantes\u00a0 Alp\u00ecnestars S MAX DS Stella Lady Negro\/Rosa<\/h2>\n<div class=\"layoutArea\">\n<div class=\"column\">\n<p>Guantes de pu\u00f1o corto, impermeables y muy confortables. Est\u00e1n confeccionados en combinaci\u00f3n de piel y malla el\u00e1stica e incorporan membrana Drystar.<\/p>\n<p>Cuentan adem\u00e1s con protector r\u00edgido en nudillos y refuerzos en puntos clave para mayor resistencia y protecci\u00f3n.<\/p>\n<p><strong>Caracter\u00edsticas principales<\/strong><\/p>\n<ul style=\"list-style-type: square;\">\n<li>Confeccionados en combinaci\u00f3n de piel y malla el\u00e1stica.<\/li>\n<li>Membrana Drystar 100% impermeable y transpirable.<\/li>\n<li>Protector r\u00edgido en los nudillos integrado debajo del tejido.<\/li>\n<li>Acolchado en los dedos para una mayor protecci\u00f3n.<\/li>\n<li>Refuerzos laterales para mayor resistencia.<\/li>\n<li>Refuerzo en la palma para favorecer el agarre.<\/li>\n<li>Inserci\u00f3n el\u00e1stica ergon\u00f3mica en la palma para mayor confort.<\/li>\n<li>Cierre con velcro.<\/li>\n<li>Compatible con el uso de pantallas t\u00e1ctiles.<\/li>\n<\/ul>\n<\/div>\n<\/div>\n","protected":false},"excerpt":{"rendered":"<p>Guantes de pu\u00f1o corto, impermeables y muy confortables. Est\u00e1n confeccionados en combinaci\u00f3n de piel y malla el\u00e1stica e incorporan membrana Drystar.<\/p>\n<p><a style=\"color: #0000ff;\" href=\"https:\/\/franciscobelmonte.com\/tienda\/wp-content\/uploads\/2022\/09\/Tallas-guantes-alpinestars.png\" target=\"_blank\" rel=\"noopener\"><span style=\"font-size: xx-small;\"> Ver gu\u00eda de tallas<\/span><\/a><\/p>\n","protected":false},"featured_media":6411,"comment_status":"open","ping_status":"closed","template":"","meta":{"_themeisle_gutenberg_block_has_review":false},"pwb-brand":[186],"product_brand":[],"product_cat":[36,150],"product_tag":[865,771,842,888,849],"class_list":{"0":"post-6394","1":"product","2":"type-product","3":"status-publish","4":"has-post-thumbnail","6":"pwb-brand-alpinestars","7":"product_cat-guantes","8":"product_cat-guantes-de-moto-invierno","9":"product_tag-865","10":"product_tag-alpinestars-sin-rebajas-25","11":"product_tag-invierno-20","12":"product_tag-rebajas-40","13":"product_tag-rebajas-ropa-invierno-25","15":"first","16":"instock","17":"sale","18":"taxable","19":"shipping-taxable","20":"purchasable","21":"product-type-variable","22":"has-default-attributes"},"yoast_head":"<!-- This site is optimized with the Yoast SEO plugin v27.4 - https:\/\/yoast.com\/product\/yoast-seo-wordpress\/ -->\n<title>GUANTES ALPINESTARS S MAX DS STELLA LADY NEGRO\/ROSA - Boutique Francisco Belmonte<\/title>\n<meta name=\"description\" content=\"Guantes Alpinestars S Max DS Stella Lady Negro-Rosa. Guantes de moto Alpinestars en Murcia Francisco Belmonte, en sus diferentes colores.\" \/>\n<meta name=\"robots\" content=\"index, follow, max-snippet:-1, max-image-preview:large, max-video-preview:-1\" \/>\n<link rel=\"canonical\" href=\"https:\/\/franciscobelmonte.com\/tienda\/guantes-alpinestars-s-max-ds-stella-lady-negro-rosa\/\" \/>\n<meta property=\"og:locale\" content=\"es_ES\" \/>\n<meta property=\"og:type\" content=\"article\" \/>\n<meta property=\"og:title\" content=\"GUANTES ALPINESTARS S MAX DS STELLA LADY NEGRO\/ROSA - Boutique Francisco Belmonte\" \/>\n<meta property=\"og:description\" content=\"Guantes Alpinestars S Max DS Stella Lady Negro-Rosa. Guantes de moto Alpinestars en Murcia Francisco Belmonte, en sus diferentes colores.\" \/>\n<meta property=\"og:url\" content=\"https:\/\/franciscobelmonte.com\/tienda\/guantes-alpinestars-s-max-ds-stella-lady-negro-rosa\/\" \/>\n<meta property=\"og:site_name\" content=\"Boutique Francisco Belmonte\" \/>\n<meta property=\"article:publisher\" content=\"https:\/\/www.facebook.com\/motosfranciscobelmonte\" \/>\n<meta property=\"article:modified_time\" content=\"2026-02-12T15:37:19+00:00\" \/>\n<meta property=\"og:image\" content=\"https:\/\/franciscobelmonte.com\/tienda\/wp-content\/uploads\/2022\/09\/guantes-alpinestars-stella-s-max-ds-stella-lady-negro-rosa-ok.jpg\" \/>\n\t<meta property=\"og:image:width\" content=\"619\" \/>\n\t<meta property=\"og:image:height\" content=\"800\" \/>\n\t<meta property=\"og:image:type\" content=\"image\/jpeg\" \/>\n<meta name=\"twitter:card\" content=\"summary_large_image\" \/>\n<meta name=\"twitter:label1\" content=\"Tiempo de lectura\" \/>\n\t<meta name=\"twitter:data1\" content=\"1 minuto\" \/>\n<script type=\"application\/ld+json\" class=\"yoast-schema-graph\">{\"@context\":\"https:\\\/\\\/schema.org\",\"@graph\":[{\"@type\":\"WebPage\",\"@id\":\"https:\\\/\\\/franciscobelmonte.com\\\/tienda\\\/guantes-alpinestars-s-max-ds-stella-lady-negro-rosa\\\/\",\"url\":\"https:\\\/\\\/franciscobelmonte.com\\\/tienda\\\/guantes-alpinestars-s-max-ds-stella-lady-negro-rosa\\\/\",\"name\":\"GUANTES ALPINESTARS S MAX DS STELLA LADY NEGRO\\\/ROSA - Boutique Francisco Belmonte\",\"isPartOf\":{\"@id\":\"https:\\\/\\\/franciscobelmonte.com\\\/tienda\\\/#website\"},\"primaryImageOfPage\":{\"@id\":\"https:\\\/\\\/franciscobelmonte.com\\\/tienda\\\/guantes-alpinestars-s-max-ds-stella-lady-negro-rosa\\\/#primaryimage\"},\"image\":{\"@id\":\"https:\\\/\\\/franciscobelmonte.com\\\/tienda\\\/guantes-alpinestars-s-max-ds-stella-lady-negro-rosa\\\/#primaryimage\"},\"thumbnailUrl\":\"https:\\\/\\\/franciscobelmonte.com\\\/tienda\\\/wp-content\\\/uploads\\\/2022\\\/09\\\/guantes-alpinestars-stella-s-max-ds-stella-lady-negro-rosa-ok.jpg\",\"datePublished\":\"2022-09-28T09:02:56+00:00\",\"dateModified\":\"2026-02-12T15:37:19+00:00\",\"description\":\"Guantes Alpinestars S Max DS Stella Lady Negro-Rosa. Guantes de moto Alpinestars en Murcia Francisco Belmonte, en sus diferentes colores.\",\"breadcrumb\":{\"@id\":\"https:\\\/\\\/franciscobelmonte.com\\\/tienda\\\/guantes-alpinestars-s-max-ds-stella-lady-negro-rosa\\\/#breadcrumb\"},\"inLanguage\":\"es\",\"potentialAction\":[{\"@type\":\"ReadAction\",\"target\":[\"https:\\\/\\\/franciscobelmonte.com\\\/tienda\\\/guantes-alpinestars-s-max-ds-stella-lady-negro-rosa\\\/\"]}]},{\"@type\":\"ImageObject\",\"inLanguage\":\"es\",\"@id\":\"https:\\\/\\\/franciscobelmonte.com\\\/tienda\\\/guantes-alpinestars-s-max-ds-stella-lady-negro-rosa\\\/#primaryimage\",\"url\":\"https:\\\/\\\/franciscobelmonte.com\\\/tienda\\\/wp-content\\\/uploads\\\/2022\\\/09\\\/guantes-alpinestars-stella-s-max-ds-stella-lady-negro-rosa-ok.jpg\",\"contentUrl\":\"https:\\\/\\\/franciscobelmonte.com\\\/tienda\\\/wp-content\\\/uploads\\\/2022\\\/09\\\/guantes-alpinestars-stella-s-max-ds-stella-lady-negro-rosa-ok.jpg\",\"width\":619,\"height\":800,\"caption\":\"guantes alpinestars stella s max ds stella lady negro rosa en murcia francisco belmonte\"},{\"@type\":\"BreadcrumbList\",\"@id\":\"https:\\\/\\\/franciscobelmonte.com\\\/tienda\\\/guantes-alpinestars-s-max-ds-stella-lady-negro-rosa\\\/#breadcrumb\",\"itemListElement\":[{\"@type\":\"ListItem\",\"position\":1,\"name\":\"Portada\",\"item\":\"https:\\\/\\\/franciscobelmonte.com\\\/tienda\\\/\"},{\"@type\":\"ListItem\",\"position\":2,\"name\":\"Tienda\",\"item\":\"https:\\\/\\\/franciscobelmonte.com\\\/tienda\\\/boutique-equipamiento-motero\\\/\"},{\"@type\":\"ListItem\",\"position\":3,\"name\":\"GUANTES ALPINESTARS S MAX DS STELLA LADY NEGRO\\\/ROSA\"}]},{\"@type\":\"WebSite\",\"@id\":\"https:\\\/\\\/franciscobelmonte.com\\\/tienda\\\/#website\",\"url\":\"https:\\\/\\\/franciscobelmonte.com\\\/tienda\\\/\",\"name\":\"Boutique Francisco Belmonte\",\"description\":\"Todo en complementos para motoristas\",\"publisher\":{\"@id\":\"https:\\\/\\\/franciscobelmonte.com\\\/tienda\\\/#organization\"},\"potentialAction\":[{\"@type\":\"SearchAction\",\"target\":{\"@type\":\"EntryPoint\",\"urlTemplate\":\"https:\\\/\\\/franciscobelmonte.com\\\/tienda\\\/?s={search_term_string}\"},\"query-input\":{\"@type\":\"PropertyValueSpecification\",\"valueRequired\":true,\"valueName\":\"search_term_string\"}}],\"inLanguage\":\"es\"},{\"@type\":\"Organization\",\"@id\":\"https:\\\/\\\/franciscobelmonte.com\\\/tienda\\\/#organization\",\"name\":\"Boutique Francisco Belmonte\",\"url\":\"https:\\\/\\\/franciscobelmonte.com\\\/tienda\\\/\",\"logo\":{\"@type\":\"ImageObject\",\"inLanguage\":\"es\",\"@id\":\"https:\\\/\\\/franciscobelmonte.com\\\/tienda\\\/#\\\/schema\\\/logo\\\/image\\\/\",\"url\":\"https:\\\/\\\/franciscobelmonte.com\\\/tienda\\\/wp-content\\\/uploads\\\/2021\\\/12\\\/Francisco-Belmonte-logo.png\",\"contentUrl\":\"https:\\\/\\\/franciscobelmonte.com\\\/tienda\\\/wp-content\\\/uploads\\\/2021\\\/12\\\/Francisco-Belmonte-logo.png\",\"width\":2153,\"height\":536,\"caption\":\"Boutique Francisco Belmonte\"},\"image\":{\"@id\":\"https:\\\/\\\/franciscobelmonte.com\\\/tienda\\\/#\\\/schema\\\/logo\\\/image\\\/\"},\"sameAs\":[\"https:\\\/\\\/www.facebook.com\\\/motosfranciscobelmonte\",\"https:\\\/\\\/www.instagram.com\\\/fco.belmonte\\\/\"]}]}<\/script>\n<!-- \/ Yoast SEO plugin. -->","yoast_head_json":{"title":"GUANTES ALPINESTARS S MAX DS STELLA LADY NEGRO\/ROSA - Boutique Francisco Belmonte","description":"Guantes Alpinestars S Max DS Stella Lady Negro-Rosa. Guantes de moto Alpinestars en Murcia Francisco Belmonte, en sus diferentes colores.","robots":{"index":"index","follow":"follow","max-snippet":"max-snippet:-1","max-image-preview":"max-image-preview:large","max-video-preview":"max-video-preview:-1"},"canonical":"https:\/\/franciscobelmonte.com\/tienda\/guantes-alpinestars-s-max-ds-stella-lady-negro-rosa\/","og_locale":"es_ES","og_type":"article","og_title":"GUANTES ALPINESTARS S MAX DS STELLA LADY NEGRO\/ROSA - Boutique Francisco Belmonte","og_description":"Guantes Alpinestars S Max DS Stella Lady Negro-Rosa. Guantes de moto Alpinestars en Murcia Francisco Belmonte, en sus diferentes colores.","og_url":"https:\/\/franciscobelmonte.com\/tienda\/guantes-alpinestars-s-max-ds-stella-lady-negro-rosa\/","og_site_name":"Boutique Francisco Belmonte","article_publisher":"https:\/\/www.facebook.com\/motosfranciscobelmonte","article_modified_time":"2026-02-12T15:37:19+00:00","og_image":[{"width":619,"height":800,"url":"https:\/\/franciscobelmonte.com\/tienda\/wp-content\/uploads\/2022\/09\/guantes-alpinestars-stella-s-max-ds-stella-lady-negro-rosa-ok.jpg","type":"image\/jpeg"}],"twitter_card":"summary_large_image","twitter_misc":{"Tiempo de lectura":"1 minuto"},"schema":{"@context":"https:\/\/schema.org","@graph":[{"@type":"WebPage","@id":"https:\/\/franciscobelmonte.com\/tienda\/guantes-alpinestars-s-max-ds-stella-lady-negro-rosa\/","url":"https:\/\/franciscobelmonte.com\/tienda\/guantes-alpinestars-s-max-ds-stella-lady-negro-rosa\/","name":"GUANTES ALPINESTARS S MAX DS STELLA LADY NEGRO\/ROSA - Boutique Francisco Belmonte","isPartOf":{"@id":"https:\/\/franciscobelmonte.com\/tienda\/#website"},"primaryImageOfPage":{"@id":"https:\/\/franciscobelmonte.com\/tienda\/guantes-alpinestars-s-max-ds-stella-lady-negro-rosa\/#primaryimage"},"image":{"@id":"https:\/\/franciscobelmonte.com\/tienda\/guantes-alpinestars-s-max-ds-stella-lady-negro-rosa\/#primaryimage"},"thumbnailUrl":"https:\/\/franciscobelmonte.com\/tienda\/wp-content\/uploads\/2022\/09\/guantes-alpinestars-stella-s-max-ds-stella-lady-negro-rosa-ok.jpg","datePublished":"2022-09-28T09:02:56+00:00","dateModified":"2026-02-12T15:37:19+00:00","description":"Guantes Alpinestars S Max DS Stella Lady Negro-Rosa. Guantes de moto Alpinestars en Murcia Francisco Belmonte, en sus diferentes colores.","breadcrumb":{"@id":"https:\/\/franciscobelmonte.com\/tienda\/guantes-alpinestars-s-max-ds-stella-lady-negro-rosa\/#breadcrumb"},"inLanguage":"es","potentialAction":[{"@type":"ReadAction","target":["https:\/\/franciscobelmonte.com\/tienda\/guantes-alpinestars-s-max-ds-stella-lady-negro-rosa\/"]}]},{"@type":"ImageObject","inLanguage":"es","@id":"https:\/\/franciscobelmonte.com\/tienda\/guantes-alpinestars-s-max-ds-stella-lady-negro-rosa\/#primaryimage","url":"https:\/\/franciscobelmonte.com\/tienda\/wp-content\/uploads\/2022\/09\/guantes-alpinestars-stella-s-max-ds-stella-lady-negro-rosa-ok.jpg","contentUrl":"https:\/\/franciscobelmonte.com\/tienda\/wp-content\/uploads\/2022\/09\/guantes-alpinestars-stella-s-max-ds-stella-lady-negro-rosa-ok.jpg","width":619,"height":800,"caption":"guantes alpinestars stella s max ds stella lady negro rosa en murcia francisco belmonte"},{"@type":"BreadcrumbList","@id":"https:\/\/franciscobelmonte.com\/tienda\/guantes-alpinestars-s-max-ds-stella-lady-negro-rosa\/#breadcrumb","itemListElement":[{"@type":"ListItem","position":1,"name":"Portada","item":"https:\/\/franciscobelmonte.com\/tienda\/"},{"@type":"ListItem","position":2,"name":"Tienda","item":"https:\/\/franciscobelmonte.com\/tienda\/boutique-equipamiento-motero\/"},{"@type":"ListItem","position":3,"name":"GUANTES ALPINESTARS S MAX DS STELLA LADY NEGRO\/ROSA"}]},{"@type":"WebSite","@id":"https:\/\/franciscobelmonte.com\/tienda\/#website","url":"https:\/\/franciscobelmonte.com\/tienda\/","name":"Boutique Francisco Belmonte","description":"Todo en complementos para motoristas","publisher":{"@id":"https:\/\/franciscobelmonte.com\/tienda\/#organization"},"potentialAction":[{"@type":"SearchAction","target":{"@type":"EntryPoint","urlTemplate":"https:\/\/franciscobelmonte.com\/tienda\/?s={search_term_string}"},"query-input":{"@type":"PropertyValueSpecification","valueRequired":true,"valueName":"search_term_string"}}],"inLanguage":"es"},{"@type":"Organization","@id":"https:\/\/franciscobelmonte.com\/tienda\/#organization","name":"Boutique Francisco Belmonte","url":"https:\/\/franciscobelmonte.com\/tienda\/","logo":{"@type":"ImageObject","inLanguage":"es","@id":"https:\/\/franciscobelmonte.com\/tienda\/#\/schema\/logo\/image\/","url":"https:\/\/franciscobelmonte.com\/tienda\/wp-content\/uploads\/2021\/12\/Francisco-Belmonte-logo.png","contentUrl":"https:\/\/franciscobelmonte.com\/tienda\/wp-content\/uploads\/2021\/12\/Francisco-Belmonte-logo.png","width":2153,"height":536,"caption":"Boutique Francisco Belmonte"},"image":{"@id":"https:\/\/franciscobelmonte.com\/tienda\/#\/schema\/logo\/image\/"},"sameAs":["https:\/\/www.facebook.com\/motosfranciscobelmonte","https:\/\/www.instagram.com\/fco.belmonte\/"]}]}},"jetpack_sharing_enabled":true,"brands":[{"id":186,"name":"Alpinestars","slug":"alpinestars"}],"_links":{"self":[{"href":"https:\/\/franciscobelmonte.com\/tienda\/wp-json\/wp\/v2\/product\/6394","targetHints":{"allow":["GET"]}}],"collection":[{"href":"https:\/\/franciscobelmonte.com\/tienda\/wp-json\/wp\/v2\/product"}],"about":[{"href":"https:\/\/franciscobelmonte.com\/tienda\/wp-json\/wp\/v2\/types\/product"}],"replies":[{"embeddable":true,"href":"https:\/\/franciscobelmonte.com\/tienda\/wp-json\/wp\/v2\/comments?post=6394"}],"wp:featuredmedia":[{"embeddable":true,"href":"https:\/\/franciscobelmonte.com\/tienda\/wp-json\/wp\/v2\/media\/6411"}],"wp:attachment":[{"href":"https:\/\/franciscobelmonte.com\/tienda\/wp-json\/wp\/v2\/media?parent=6394"}],"wp:term":[{"taxonomy":"pwb-brand","embeddable":true,"href":"https:\/\/franciscobelmonte.com\/tienda\/wp-json\/wp\/v2\/pwb-brand?post=6394"},{"taxonomy":"product_brand","embeddable":true,"href":"https:\/\/franciscobelmonte.com\/tienda\/wp-json\/wp\/v2\/product_brand?post=6394"},{"taxonomy":"product_cat","embeddable":true,"href":"https:\/\/franciscobelmonte.com\/tienda\/wp-json\/wp\/v2\/product_cat?post=6394"},{"taxonomy":"product_tag","embeddable":true,"href":"https:\/\/franciscobelmonte.com\/tienda\/wp-json\/wp\/v2\/product_tag?post=6394"}],"curies":[{"name":"wp","href":"https:\/\/api.w.org\/{rel}","templated":true}]}}