{"id":6429,"date":"2022-09-28T10:56:39","date_gmt":"2022-09-28T10:56:39","guid":{"rendered":"https:\/\/franciscobelmonte.com\/tienda\/?post_type=product&#038;p=6429"},"modified":"2026-01-17T11:36:11","modified_gmt":"2026-01-17T09:36:11","slug":"chaleco-airbag-dainese-smart-jacket-lady-v2-negro-amarillo-fluor","status":"publish","type":"product","link":"https:\/\/franciscobelmonte.com\/tienda\/chaleco-airbag-dainese-smart-jacket-lady-v2-negro-amarillo-fluor\/","title":{"rendered":"CHALECO AIRBAG DAINESE SMART JACKET LADY V2 NEGRO \/ AMARILLO FLUOR"},"content":{"rendered":"<h2>Chaleco Airbag DAINESE Smart Jacket Lady V2 Negro \/ Amarillo Fl\u00faor<\/h2>\n<div class=\"layoutArea\">\n<div class=\"column\">\n<p>Dise\u00f1ado espec\u00edficamente con patronaje de mujeres. El Smart Jacket ofrece la protecci\u00f3n de la avanzada tecnolog\u00eda airbag Dainese D-air\u00ae utilizada en MotoGP\u2122 en un chaleco extremadamente vers\u00e1til. Puede llevarse encima o debajo de cualquier chaqueta o prenda, no necesita ning\u00fan tipo de conexi\u00f3n con la moto, es ventilada y se puede plegar con facilidad. Ofrece todas las prestaciones del sistema Dainese D-air\u00ae de \u00faltima generaci\u00f3n en una prenda pr\u00e1ctica que tiene un sinf\u00edn de usos.<\/p>\n<p><strong>Una chaqueta para todos, para todo.<\/strong><\/p>\n<p>El Smart Jacket te protege sin limitaciones. Se adapta a cualquier prenda, se puede llevar encima o debajo de cualquier equipaci\u00f3n y es perfecta para cualquier tipo de moto y piloto.<\/p>\n<p><strong>Ll\u00e9vala donde quieras.<\/strong><\/p>\n<p>Se trata de un airbag muy pr\u00e1ctico y funcional. Ofrece una excelente ventilaci\u00f3n y se adapta a cualquier situaci\u00f3n clim\u00e1tica. Su tecnolog\u00eda no teme a la lluvia ni el fr\u00edo. Cuando bajas de la moto, se puede doblar y guardar f\u00e1cilmente en el ba\u00fal o en una mochila. Con el Smart Jacket siempre podr\u00e1s llevar la seguridad contigo.<\/p>\n<p><strong>Pr\u00e1ctica como un chaleco, inteligente como una Dainese.<\/strong><\/p>\n<p>La facilidad de uso es lo que hace \u00fanica a la Smart Jacket. Est\u00e1 lista para protegerte nada m\u00e1s pon\u00e9rtela. Dispone de una autonom\u00eda de m\u00e1s de 26 horas sin necesidad de cargarla gracias a su bater\u00eda de larga duraci\u00f3n. El Shield interior se sustituye con facilidad, sin intervenciones complejas ni largos tiempos de espera.<\/p>\n<p><strong>La tecnolog\u00eda airbag de MotoGP, en una chaqueta para todos.<\/strong><\/p>\n<p>El Smart Jacket incorpora la \u00faltima generaci\u00f3n de la tecnolog\u00eda D-Air derivada y desarrollada durante 25 a\u00f1os en MotoGP. Gracias a su complejo algoritmo, reconoce autom\u00e1ticamente las situaciones de peligro y se activa inmediatamente cuando es necesario.<\/p>\n<p><strong>M\u00e1s que una espaldera.<\/strong><\/p>\n<p>El sistema airbag D-Air protege la espalda y las partes vitales del piloto mediante su protector Shield, una bolsa de microfilamentos que proporciona una m\u00e1xima absorci\u00f3n de los impactos sin necesidad de usar protectores r\u00edgidos. Proporciona una protecci\u00f3n equivalente a la de 7 espalderas sin ocupar tanto espacio.<\/p>\n<p><strong>Un escudo para el motociclista.<\/strong><\/p>\n<p>Lo que hace \u00fanica a la Smart Jacket es la bolsa de aire patentada por Dainese que, gracias a su exclusiva estructura de microfilamentos, garantiza un hinchado homog\u00e9neo para ofrecer el mismo nivel de protecci\u00f3n en cada cent\u00edmetro de la chaqueta. Se trata de la \u00fanica protecci\u00f3n airbag para moto certificada sin usar protectores r\u00edgidos en el torso (EN 1621-4 Lev. 2) y en la espalda (EN 1621-4 CB Lev. 1).\u00a0 El Smart Jacket es muy resistente a la abrasi\u00f3n y proporciona una excelente libertad de movimientos.<\/p>\n<p><strong>Aut\u00e9ntica protecci\u00f3n inteligente.<\/strong><\/p>\n<p>El cerebro de la Smart Jacket es la unidad de control del sistema Dainese D-Air\u00ae, que, sin necesidad de cables ni conexiones con la moto, detecta autom\u00e1ticamente cualquier situaci\u00f3n de peligro y activa de inmediato la bolsa de aire para proteger al piloto. Siempre en el momento adecuado y solo cuando es necesario. Una cabeza que piensa y act\u00faa por tu seguridad.<\/p>\n<p><strong>Siempre atenta a lo que sucede alrededor del motociclista.<\/strong><\/p>\n<p>La unidad de control de Smart Jacket es un cerebro que detecta y analiza todo lo que sucede alrededor del motociclista. Con sus 7 sensores, monitoriza y procesa los datos 1000 veces por segundo. Su complejo algoritmo es capaz de tomar decisiones y activa el airbag en caso de derrape, ca\u00edda del piloto o colisi\u00f3n con un objeto u otro veh\u00edculo. Y, por primera vez en un sistema de airbag para moto, tambi\u00e9n se activa en caso de impacto con el veh\u00edculo detenido, t\u00edpico al parar en cruces o sem\u00e1foros. T\u00fa piensas en la carretera, ella en protegerte durante el camino.<\/p>\n<p><strong>Millones de datos analizados para ofrecer la m\u00e1xima protecci\u00f3n.<\/strong><\/p>\n<p>La inteligencia del sistema D-air\u00ae del Smart Jacket es fruto del an\u00e1lisis de millones de datos recopilados durante m\u00e1s de 25 a\u00f1os de pruebas efectuadas por motociclistas y pilotos en carreteras y circuitos de todo el mundo. Una cantidad de informaci\u00f3n sin precedentes que ha permitido poner a punto un sistema airbag con niveles de eficacia y protecci\u00f3n incomparables. Es como tener un cerebro que ha hecho suyas cientos de miles de experiencias: siempre sabe lo que hacer y cu\u00e1ndo hacerlo.<\/p>\n<\/div>\n<\/div>\n","protected":false},"excerpt":{"rendered":"<p>Dise\u00f1ado espec\u00edficamente con patronaje de mujeres. El Smart Jacket ofrece la protecci\u00f3n de la avanzada tecnolog\u00eda airbag Dainese D-air\u00ae utilizada en MotoGP\u2122 en un chaleco extremadamente vers\u00e1til.<\/p>\n<p>&nbsp;<\/p>\n","protected":false},"featured_media":6441,"comment_status":"open","ping_status":"closed","template":"","meta":{"_themeisle_gutenberg_block_has_review":false},"pwb-brand":[189],"product_brand":[],"product_cat":[60,659],"product_tag":[865,774,888],"class_list":{"0":"post-6429","1":"product","2":"type-product","3":"status-publish","4":"has-post-thumbnail","6":"pwb-brand-dainese","7":"product_cat-protecciones","8":"product_cat-regala-seguridad","9":"product_tag-865","10":"product_tag-dainese-sin-rebajas-20","11":"product_tag-rebajas-40","13":"first","14":"instock","15":"sale","16":"taxable","17":"shipping-taxable","18":"purchasable","19":"product-type-variable","20":"has-default-attributes"},"yoast_head":"<!-- This site is optimized with the Yoast SEO plugin v27.4 - https:\/\/yoast.com\/product\/yoast-seo-wordpress\/ -->\n<title>CHALECO AIRBAG DAINESE SMART JACKET LADY V2 NEGRO \/ AMARILLO FLUOR - Boutique Francisco Belmonte<\/title>\n<meta name=\"description\" content=\"Se puede llevar encima o debajo de cualquier chaqueta. No necesita ning\u00fan tipo de conexi\u00f3n con la moto, es ventilada y se puede plegar con facilidad.\" \/>\n<meta name=\"robots\" content=\"index, follow, max-snippet:-1, max-image-preview:large, max-video-preview:-1\" \/>\n<link rel=\"canonical\" href=\"https:\/\/franciscobelmonte.com\/tienda\/chaleco-airbag-dainese-smart-jacket-lady-v2-negro-amarillo-fluor\/\" \/>\n<meta property=\"og:locale\" content=\"es_ES\" \/>\n<meta property=\"og:type\" content=\"article\" \/>\n<meta property=\"og:title\" content=\"CHALECO AIRBAG DAINESE SMART JACKET LADY V2 NEGRO \/ AMARILLO FLUOR - Boutique Francisco Belmonte\" \/>\n<meta property=\"og:description\" content=\"Se puede llevar encima o debajo de cualquier chaqueta. No necesita ning\u00fan tipo de conexi\u00f3n con la moto, es ventilada y se puede plegar con facilidad.\" \/>\n<meta property=\"og:url\" content=\"https:\/\/franciscobelmonte.com\/tienda\/chaleco-airbag-dainese-smart-jacket-lady-v2-negro-amarillo-fluor\/\" \/>\n<meta property=\"og:site_name\" content=\"Boutique Francisco Belmonte\" \/>\n<meta property=\"article:publisher\" content=\"https:\/\/www.facebook.com\/motosfranciscobelmonte\" \/>\n<meta property=\"article:modified_time\" content=\"2026-01-17T09:36:11+00:00\" \/>\n<meta property=\"og:image\" content=\"https:\/\/franciscobelmonte.com\/tienda\/wp-content\/uploads\/2022\/09\/proteccion-dainese-smart-jacket-lady-v2-negro-amarillo-fluor.jpg\" \/>\n\t<meta property=\"og:image:width\" content=\"800\" \/>\n\t<meta property=\"og:image:height\" content=\"800\" \/>\n\t<meta property=\"og:image:type\" content=\"image\/jpeg\" \/>\n<meta name=\"twitter:card\" content=\"summary_large_image\" \/>\n<meta name=\"twitter:label1\" content=\"Tiempo de lectura\" \/>\n\t<meta name=\"twitter:data1\" content=\"1 minuto\" \/>\n<script type=\"application\/ld+json\" class=\"yoast-schema-graph\">{\"@context\":\"https:\\\/\\\/schema.org\",\"@graph\":[{\"@type\":\"WebPage\",\"@id\":\"https:\\\/\\\/franciscobelmonte.com\\\/tienda\\\/chaleco-airbag-dainese-smart-jacket-lady-v2-negro-amarillo-fluor\\\/\",\"url\":\"https:\\\/\\\/franciscobelmonte.com\\\/tienda\\\/chaleco-airbag-dainese-smart-jacket-lady-v2-negro-amarillo-fluor\\\/\",\"name\":\"CHALECO AIRBAG DAINESE SMART JACKET LADY V2 NEGRO \\\/ AMARILLO FLUOR - Boutique Francisco Belmonte\",\"isPartOf\":{\"@id\":\"https:\\\/\\\/franciscobelmonte.com\\\/tienda\\\/#website\"},\"primaryImageOfPage\":{\"@id\":\"https:\\\/\\\/franciscobelmonte.com\\\/tienda\\\/chaleco-airbag-dainese-smart-jacket-lady-v2-negro-amarillo-fluor\\\/#primaryimage\"},\"image\":{\"@id\":\"https:\\\/\\\/franciscobelmonte.com\\\/tienda\\\/chaleco-airbag-dainese-smart-jacket-lady-v2-negro-amarillo-fluor\\\/#primaryimage\"},\"thumbnailUrl\":\"https:\\\/\\\/franciscobelmonte.com\\\/tienda\\\/wp-content\\\/uploads\\\/2022\\\/09\\\/proteccion-dainese-smart-jacket-lady-v2-negro-amarillo-fluor.jpg\",\"datePublished\":\"2022-09-28T10:56:39+00:00\",\"dateModified\":\"2026-01-17T09:36:11+00:00\",\"description\":\"Se puede llevar encima o debajo de cualquier chaqueta. No necesita ning\u00fan tipo de conexi\u00f3n con la moto, es ventilada y se puede plegar con facilidad.\",\"breadcrumb\":{\"@id\":\"https:\\\/\\\/franciscobelmonte.com\\\/tienda\\\/chaleco-airbag-dainese-smart-jacket-lady-v2-negro-amarillo-fluor\\\/#breadcrumb\"},\"inLanguage\":\"es\",\"potentialAction\":[{\"@type\":\"ReadAction\",\"target\":[\"https:\\\/\\\/franciscobelmonte.com\\\/tienda\\\/chaleco-airbag-dainese-smart-jacket-lady-v2-negro-amarillo-fluor\\\/\"]}]},{\"@type\":\"ImageObject\",\"inLanguage\":\"es\",\"@id\":\"https:\\\/\\\/franciscobelmonte.com\\\/tienda\\\/chaleco-airbag-dainese-smart-jacket-lady-v2-negro-amarillo-fluor\\\/#primaryimage\",\"url\":\"https:\\\/\\\/franciscobelmonte.com\\\/tienda\\\/wp-content\\\/uploads\\\/2022\\\/09\\\/proteccion-dainese-smart-jacket-lady-v2-negro-amarillo-fluor.jpg\",\"contentUrl\":\"https:\\\/\\\/franciscobelmonte.com\\\/tienda\\\/wp-content\\\/uploads\\\/2022\\\/09\\\/proteccion-dainese-smart-jacket-lady-v2-negro-amarillo-fluor.jpg\",\"width\":800,\"height\":800,\"caption\":\"proteccion dainese smart jacket lady v2 negro amarillo fluor en murcia francisco belmonte\"},{\"@type\":\"BreadcrumbList\",\"@id\":\"https:\\\/\\\/franciscobelmonte.com\\\/tienda\\\/chaleco-airbag-dainese-smart-jacket-lady-v2-negro-amarillo-fluor\\\/#breadcrumb\",\"itemListElement\":[{\"@type\":\"ListItem\",\"position\":1,\"name\":\"Portada\",\"item\":\"https:\\\/\\\/franciscobelmonte.com\\\/tienda\\\/\"},{\"@type\":\"ListItem\",\"position\":2,\"name\":\"Tienda\",\"item\":\"https:\\\/\\\/franciscobelmonte.com\\\/tienda\\\/boutique-equipamiento-motero\\\/\"},{\"@type\":\"ListItem\",\"position\":3,\"name\":\"CHALECO AIRBAG DAINESE SMART JACKET LADY V2 NEGRO \\\/ AMARILLO FLUOR\"}]},{\"@type\":\"WebSite\",\"@id\":\"https:\\\/\\\/franciscobelmonte.com\\\/tienda\\\/#website\",\"url\":\"https:\\\/\\\/franciscobelmonte.com\\\/tienda\\\/\",\"name\":\"Boutique Francisco Belmonte\",\"description\":\"Todo en complementos para motoristas\",\"publisher\":{\"@id\":\"https:\\\/\\\/franciscobelmonte.com\\\/tienda\\\/#organization\"},\"potentialAction\":[{\"@type\":\"SearchAction\",\"target\":{\"@type\":\"EntryPoint\",\"urlTemplate\":\"https:\\\/\\\/franciscobelmonte.com\\\/tienda\\\/?s={search_term_string}\"},\"query-input\":{\"@type\":\"PropertyValueSpecification\",\"valueRequired\":true,\"valueName\":\"search_term_string\"}}],\"inLanguage\":\"es\"},{\"@type\":\"Organization\",\"@id\":\"https:\\\/\\\/franciscobelmonte.com\\\/tienda\\\/#organization\",\"name\":\"Boutique Francisco Belmonte\",\"url\":\"https:\\\/\\\/franciscobelmonte.com\\\/tienda\\\/\",\"logo\":{\"@type\":\"ImageObject\",\"inLanguage\":\"es\",\"@id\":\"https:\\\/\\\/franciscobelmonte.com\\\/tienda\\\/#\\\/schema\\\/logo\\\/image\\\/\",\"url\":\"https:\\\/\\\/franciscobelmonte.com\\\/tienda\\\/wp-content\\\/uploads\\\/2021\\\/12\\\/Francisco-Belmonte-logo.png\",\"contentUrl\":\"https:\\\/\\\/franciscobelmonte.com\\\/tienda\\\/wp-content\\\/uploads\\\/2021\\\/12\\\/Francisco-Belmonte-logo.png\",\"width\":2153,\"height\":536,\"caption\":\"Boutique Francisco Belmonte\"},\"image\":{\"@id\":\"https:\\\/\\\/franciscobelmonte.com\\\/tienda\\\/#\\\/schema\\\/logo\\\/image\\\/\"},\"sameAs\":[\"https:\\\/\\\/www.facebook.com\\\/motosfranciscobelmonte\",\"https:\\\/\\\/www.instagram.com\\\/fco.belmonte\\\/\"]}]}<\/script>\n<!-- \/ Yoast SEO plugin. -->","yoast_head_json":{"title":"CHALECO AIRBAG DAINESE SMART JACKET LADY V2 NEGRO \/ AMARILLO FLUOR - Boutique Francisco Belmonte","description":"Se puede llevar encima o debajo de cualquier chaqueta. No necesita ning\u00fan tipo de conexi\u00f3n con la moto, es ventilada y se puede plegar con facilidad.","robots":{"index":"index","follow":"follow","max-snippet":"max-snippet:-1","max-image-preview":"max-image-preview:large","max-video-preview":"max-video-preview:-1"},"canonical":"https:\/\/franciscobelmonte.com\/tienda\/chaleco-airbag-dainese-smart-jacket-lady-v2-negro-amarillo-fluor\/","og_locale":"es_ES","og_type":"article","og_title":"CHALECO AIRBAG DAINESE SMART JACKET LADY V2 NEGRO \/ AMARILLO FLUOR - Boutique Francisco Belmonte","og_description":"Se puede llevar encima o debajo de cualquier chaqueta. No necesita ning\u00fan tipo de conexi\u00f3n con la moto, es ventilada y se puede plegar con facilidad.","og_url":"https:\/\/franciscobelmonte.com\/tienda\/chaleco-airbag-dainese-smart-jacket-lady-v2-negro-amarillo-fluor\/","og_site_name":"Boutique Francisco Belmonte","article_publisher":"https:\/\/www.facebook.com\/motosfranciscobelmonte","article_modified_time":"2026-01-17T09:36:11+00:00","og_image":[{"width":800,"height":800,"url":"https:\/\/franciscobelmonte.com\/tienda\/wp-content\/uploads\/2022\/09\/proteccion-dainese-smart-jacket-lady-v2-negro-amarillo-fluor.jpg","type":"image\/jpeg"}],"twitter_card":"summary_large_image","twitter_misc":{"Tiempo de lectura":"1 minuto"},"schema":{"@context":"https:\/\/schema.org","@graph":[{"@type":"WebPage","@id":"https:\/\/franciscobelmonte.com\/tienda\/chaleco-airbag-dainese-smart-jacket-lady-v2-negro-amarillo-fluor\/","url":"https:\/\/franciscobelmonte.com\/tienda\/chaleco-airbag-dainese-smart-jacket-lady-v2-negro-amarillo-fluor\/","name":"CHALECO AIRBAG DAINESE SMART JACKET LADY V2 NEGRO \/ AMARILLO FLUOR - Boutique Francisco Belmonte","isPartOf":{"@id":"https:\/\/franciscobelmonte.com\/tienda\/#website"},"primaryImageOfPage":{"@id":"https:\/\/franciscobelmonte.com\/tienda\/chaleco-airbag-dainese-smart-jacket-lady-v2-negro-amarillo-fluor\/#primaryimage"},"image":{"@id":"https:\/\/franciscobelmonte.com\/tienda\/chaleco-airbag-dainese-smart-jacket-lady-v2-negro-amarillo-fluor\/#primaryimage"},"thumbnailUrl":"https:\/\/franciscobelmonte.com\/tienda\/wp-content\/uploads\/2022\/09\/proteccion-dainese-smart-jacket-lady-v2-negro-amarillo-fluor.jpg","datePublished":"2022-09-28T10:56:39+00:00","dateModified":"2026-01-17T09:36:11+00:00","description":"Se puede llevar encima o debajo de cualquier chaqueta. No necesita ning\u00fan tipo de conexi\u00f3n con la moto, es ventilada y se puede plegar con facilidad.","breadcrumb":{"@id":"https:\/\/franciscobelmonte.com\/tienda\/chaleco-airbag-dainese-smart-jacket-lady-v2-negro-amarillo-fluor\/#breadcrumb"},"inLanguage":"es","potentialAction":[{"@type":"ReadAction","target":["https:\/\/franciscobelmonte.com\/tienda\/chaleco-airbag-dainese-smart-jacket-lady-v2-negro-amarillo-fluor\/"]}]},{"@type":"ImageObject","inLanguage":"es","@id":"https:\/\/franciscobelmonte.com\/tienda\/chaleco-airbag-dainese-smart-jacket-lady-v2-negro-amarillo-fluor\/#primaryimage","url":"https:\/\/franciscobelmonte.com\/tienda\/wp-content\/uploads\/2022\/09\/proteccion-dainese-smart-jacket-lady-v2-negro-amarillo-fluor.jpg","contentUrl":"https:\/\/franciscobelmonte.com\/tienda\/wp-content\/uploads\/2022\/09\/proteccion-dainese-smart-jacket-lady-v2-negro-amarillo-fluor.jpg","width":800,"height":800,"caption":"proteccion dainese smart jacket lady v2 negro amarillo fluor en murcia francisco belmonte"},{"@type":"BreadcrumbList","@id":"https:\/\/franciscobelmonte.com\/tienda\/chaleco-airbag-dainese-smart-jacket-lady-v2-negro-amarillo-fluor\/#breadcrumb","itemListElement":[{"@type":"ListItem","position":1,"name":"Portada","item":"https:\/\/franciscobelmonte.com\/tienda\/"},{"@type":"ListItem","position":2,"name":"Tienda","item":"https:\/\/franciscobelmonte.com\/tienda\/boutique-equipamiento-motero\/"},{"@type":"ListItem","position":3,"name":"CHALECO AIRBAG DAINESE SMART JACKET LADY V2 NEGRO \/ AMARILLO FLUOR"}]},{"@type":"WebSite","@id":"https:\/\/franciscobelmonte.com\/tienda\/#website","url":"https:\/\/franciscobelmonte.com\/tienda\/","name":"Boutique Francisco Belmonte","description":"Todo en complementos para motoristas","publisher":{"@id":"https:\/\/franciscobelmonte.com\/tienda\/#organization"},"potentialAction":[{"@type":"SearchAction","target":{"@type":"EntryPoint","urlTemplate":"https:\/\/franciscobelmonte.com\/tienda\/?s={search_term_string}"},"query-input":{"@type":"PropertyValueSpecification","valueRequired":true,"valueName":"search_term_string"}}],"inLanguage":"es"},{"@type":"Organization","@id":"https:\/\/franciscobelmonte.com\/tienda\/#organization","name":"Boutique Francisco Belmonte","url":"https:\/\/franciscobelmonte.com\/tienda\/","logo":{"@type":"ImageObject","inLanguage":"es","@id":"https:\/\/franciscobelmonte.com\/tienda\/#\/schema\/logo\/image\/","url":"https:\/\/franciscobelmonte.com\/tienda\/wp-content\/uploads\/2021\/12\/Francisco-Belmonte-logo.png","contentUrl":"https:\/\/franciscobelmonte.com\/tienda\/wp-content\/uploads\/2021\/12\/Francisco-Belmonte-logo.png","width":2153,"height":536,"caption":"Boutique Francisco Belmonte"},"image":{"@id":"https:\/\/franciscobelmonte.com\/tienda\/#\/schema\/logo\/image\/"},"sameAs":["https:\/\/www.facebook.com\/motosfranciscobelmonte","https:\/\/www.instagram.com\/fco.belmonte\/"]}]}},"jetpack_sharing_enabled":true,"brands":[{"id":189,"name":"Dainese","slug":"dainese"}],"_links":{"self":[{"href":"https:\/\/franciscobelmonte.com\/tienda\/wp-json\/wp\/v2\/product\/6429","targetHints":{"allow":["GET"]}}],"collection":[{"href":"https:\/\/franciscobelmonte.com\/tienda\/wp-json\/wp\/v2\/product"}],"about":[{"href":"https:\/\/franciscobelmonte.com\/tienda\/wp-json\/wp\/v2\/types\/product"}],"replies":[{"embeddable":true,"href":"https:\/\/franciscobelmonte.com\/tienda\/wp-json\/wp\/v2\/comments?post=6429"}],"wp:featuredmedia":[{"embeddable":true,"href":"https:\/\/franciscobelmonte.com\/tienda\/wp-json\/wp\/v2\/media\/6441"}],"wp:attachment":[{"href":"https:\/\/franciscobelmonte.com\/tienda\/wp-json\/wp\/v2\/media?parent=6429"}],"wp:term":[{"taxonomy":"pwb-brand","embeddable":true,"href":"https:\/\/franciscobelmonte.com\/tienda\/wp-json\/wp\/v2\/pwb-brand?post=6429"},{"taxonomy":"product_brand","embeddable":true,"href":"https:\/\/franciscobelmonte.com\/tienda\/wp-json\/wp\/v2\/product_brand?post=6429"},{"taxonomy":"product_cat","embeddable":true,"href":"https:\/\/franciscobelmonte.com\/tienda\/wp-json\/wp\/v2\/product_cat?post=6429"},{"taxonomy":"product_tag","embeddable":true,"href":"https:\/\/franciscobelmonte.com\/tienda\/wp-json\/wp\/v2\/product_tag?post=6429"}],"curies":[{"name":"wp","href":"https:\/\/api.w.org\/{rel}","templated":true}]}}