{"id":6445,"date":"2022-09-29T06:44:55","date_gmt":"2022-09-29T06:44:55","guid":{"rendered":"https:\/\/franciscobelmonte.com\/tienda\/?post_type=product&#038;p=6445"},"modified":"2025-12-15T19:28:24","modified_gmt":"2025-12-15T17:28:24","slug":"sistema-de-comunicacion-bluetooth-sena-20s-evo","status":"publish","type":"product","link":"https:\/\/franciscobelmonte.com\/tienda\/sistema-de-comunicacion-bluetooth-sena-20s-evo\/","title":{"rendered":"SISTEMA DE COMUNICACION BLUETOOTH SENA 20S EVO"},"content":{"rendered":"<h2>Sistema de Comunicaci\u00f3n Bluetooth Sena 20S EVO<\/h2>\n<div class=\"layoutArea\">\n<div class=\"column\">\n<p>El sistema de comunicaci\u00f3n 20S EVO se ha dise\u00f1ado con una antena de aleta de tibur\u00f3n de tipo fijo, a diferencia de la antena abatible del 20S original. Este elegante dise\u00f1o de la antena ha mejorado la estabilidad y el rango de alcance del intercomunicador Bluetooth grupal, mientras que las actualizaciones del hardware permiten un rendimiento general m\u00e1s robusto.<\/p>\n<p>La tecnolog\u00eda Audio Multitasking del Sena 20S EVO le permite entablar una conversaci\u00f3n a trav\u00e9s del intercomunicador del casco de la motocicleta mientras escucha m\u00fasica, la radio FM o el GPS. Olvide las frustraciones que produc\u00edan las interrupciones de las funciones de audio en los dispositivos de comunicaci\u00f3n Bluetooth anteriores. Las caracter\u00edsticas de audio del 20S EVO no se interrumpir\u00e1n entre ellas, simplemente se superpondr\u00e1n para obtener una experiencia de escucha regular.<\/p>\n<ul>\n<li>Tiempo de conversaci\u00f3n: 13 horas<\/li>\n<li>Temperatura de funcionamiento: de -10\u00baC a 55\u00baC<\/li>\n<li>M\u00f3dulo principal: 94,7 mm x 48,3 mm x 25,5 mm<\/li>\n<li>Bluetooth 4.1<\/li>\n<li>Perfil del auricular (HSP)<\/li>\n<li>Perfil de manos libres (HFP)<\/li>\n<li>Advanced Audio Distribution Profile (A2DP)<\/li>\n<li>Audio Video Remote Control Profile (AVRCP)<\/li>\n<li>Distancia de funcionamiento: hasta 2 Km<\/li>\n<li>Admite hasta 8 conductores<\/li>\n<li>Cancelaci\u00f3n de Ruido: Advanced Noise Control<\/li>\n<li>C\u00f3dec: SBC integrado<\/li>\n<li>Especificaciones de radiofrecuencia: de 76 a 108 MHz<\/li>\n<li>Memoria para 10 emisoras preconfiguradas<\/li>\n<li>Tiempo de carga: 2,5 h.<\/li>\n<li>Bater\u00eda de pol\u00edmero de litio.<\/li>\n<li>Certificados: CE, FCC, IC<\/li>\n<\/ul>\n<p>&nbsp;<\/p>\n<p>&nbsp;<\/p>\n<\/div>\n<\/div>\n","protected":false},"excerpt":{"rendered":"<p>El sistema de comunicaci\u00f3n 20S EVO se ha dise\u00f1ado con una antena de aleta de tibur\u00f3n de tipo fijo, a diferencia de la antena abatible del 20S original.<\/p>\n","protected":false},"featured_media":6452,"comment_status":"open","ping_status":"closed","template":"","meta":{"_themeisle_gutenberg_block_has_review":false},"pwb-brand":[312],"product_brand":[],"product_cat":[29],"product_tag":[763,885,818],"class_list":{"0":"post-6445","1":"product","2":"type-product","3":"status-publish","4":"has-post-thumbnail","6":"pwb-brand-sena","7":"product_cat-comunicacion-y-navegacion","8":"product_tag-2as-rebajas-agosto-15","9":"product_tag-dto-navideno-25","10":"product_tag-rebajas-20","12":"first","13":"instock","14":"taxable","15":"shipping-taxable","16":"purchasable","17":"product-type-simple"},"yoast_head":"<!-- This site is optimized with the Yoast SEO plugin v27.4 - https:\/\/yoast.com\/product\/yoast-seo-wordpress\/ -->\n<title>SISTEMA DE COMUNICACION BLUETOOTH SENA 20S EVO - Boutique Francisco Belmonte<\/title>\n<meta name=\"description\" content=\"Sistema de comunicaci\u00f3n bluetooth Sena 20S EVO. Sistemas de comunicaci\u00f3n de moto SENA en Murcia, Francisco Belmonte. Desc\u00fabrelos al mejor precio.\" \/>\n<meta name=\"robots\" content=\"index, follow, max-snippet:-1, max-image-preview:large, max-video-preview:-1\" \/>\n<link rel=\"canonical\" href=\"https:\/\/franciscobelmonte.com\/tienda\/sistema-de-comunicacion-bluetooth-sena-20s-evo\/\" \/>\n<meta property=\"og:locale\" content=\"es_ES\" \/>\n<meta property=\"og:type\" content=\"article\" \/>\n<meta property=\"og:title\" content=\"SISTEMA DE COMUNICACION BLUETOOTH SENA 20S EVO - Boutique Francisco Belmonte\" \/>\n<meta property=\"og:description\" content=\"Sistema de comunicaci\u00f3n bluetooth Sena 20S EVO. Sistemas de comunicaci\u00f3n de moto SENA en Murcia, Francisco Belmonte. Desc\u00fabrelos al mejor precio.\" \/>\n<meta property=\"og:url\" content=\"https:\/\/franciscobelmonte.com\/tienda\/sistema-de-comunicacion-bluetooth-sena-20s-evo\/\" \/>\n<meta property=\"og:site_name\" content=\"Boutique Francisco Belmonte\" \/>\n<meta property=\"article:publisher\" content=\"https:\/\/www.facebook.com\/motosfranciscobelmonte\" \/>\n<meta property=\"article:modified_time\" content=\"2025-12-15T17:28:24+00:00\" \/>\n<meta property=\"og:image\" content=\"https:\/\/franciscobelmonte.com\/tienda\/wp-content\/uploads\/2022\/09\/intercomunicador-sena-20s-evo-hd.jpg\" \/>\n\t<meta property=\"og:image:width\" content=\"800\" \/>\n\t<meta property=\"og:image:height\" content=\"800\" \/>\n\t<meta property=\"og:image:type\" content=\"image\/jpeg\" \/>\n<meta name=\"twitter:card\" content=\"summary_large_image\" \/>\n<meta name=\"twitter:label1\" content=\"Tiempo de lectura\" \/>\n\t<meta name=\"twitter:data1\" content=\"1 minuto\" \/>\n<script type=\"application\/ld+json\" class=\"yoast-schema-graph\">{\"@context\":\"https:\\\/\\\/schema.org\",\"@graph\":[{\"@type\":\"WebPage\",\"@id\":\"https:\\\/\\\/franciscobelmonte.com\\\/tienda\\\/sistema-de-comunicacion-bluetooth-sena-20s-evo\\\/\",\"url\":\"https:\\\/\\\/franciscobelmonte.com\\\/tienda\\\/sistema-de-comunicacion-bluetooth-sena-20s-evo\\\/\",\"name\":\"SISTEMA DE COMUNICACION BLUETOOTH SENA 20S EVO - Boutique Francisco Belmonte\",\"isPartOf\":{\"@id\":\"https:\\\/\\\/franciscobelmonte.com\\\/tienda\\\/#website\"},\"primaryImageOfPage\":{\"@id\":\"https:\\\/\\\/franciscobelmonte.com\\\/tienda\\\/sistema-de-comunicacion-bluetooth-sena-20s-evo\\\/#primaryimage\"},\"image\":{\"@id\":\"https:\\\/\\\/franciscobelmonte.com\\\/tienda\\\/sistema-de-comunicacion-bluetooth-sena-20s-evo\\\/#primaryimage\"},\"thumbnailUrl\":\"https:\\\/\\\/franciscobelmonte.com\\\/tienda\\\/wp-content\\\/uploads\\\/2022\\\/09\\\/intercomunicador-sena-20s-evo-hd.jpg\",\"datePublished\":\"2022-09-29T06:44:55+00:00\",\"dateModified\":\"2025-12-15T17:28:24+00:00\",\"description\":\"Sistema de comunicaci\u00f3n bluetooth Sena 20S EVO. Sistemas de comunicaci\u00f3n de moto SENA en Murcia, Francisco Belmonte. Desc\u00fabrelos al mejor precio.\",\"breadcrumb\":{\"@id\":\"https:\\\/\\\/franciscobelmonte.com\\\/tienda\\\/sistema-de-comunicacion-bluetooth-sena-20s-evo\\\/#breadcrumb\"},\"inLanguage\":\"es\",\"potentialAction\":[{\"@type\":\"ReadAction\",\"target\":[\"https:\\\/\\\/franciscobelmonte.com\\\/tienda\\\/sistema-de-comunicacion-bluetooth-sena-20s-evo\\\/\"]}]},{\"@type\":\"ImageObject\",\"inLanguage\":\"es\",\"@id\":\"https:\\\/\\\/franciscobelmonte.com\\\/tienda\\\/sistema-de-comunicacion-bluetooth-sena-20s-evo\\\/#primaryimage\",\"url\":\"https:\\\/\\\/franciscobelmonte.com\\\/tienda\\\/wp-content\\\/uploads\\\/2022\\\/09\\\/intercomunicador-sena-20s-evo-hd.jpg\",\"contentUrl\":\"https:\\\/\\\/franciscobelmonte.com\\\/tienda\\\/wp-content\\\/uploads\\\/2022\\\/09\\\/intercomunicador-sena-20s-evo-hd.jpg\",\"width\":800,\"height\":800,\"caption\":\"intercomunicador sena 20s evo en murcia francisco belmonte\"},{\"@type\":\"BreadcrumbList\",\"@id\":\"https:\\\/\\\/franciscobelmonte.com\\\/tienda\\\/sistema-de-comunicacion-bluetooth-sena-20s-evo\\\/#breadcrumb\",\"itemListElement\":[{\"@type\":\"ListItem\",\"position\":1,\"name\":\"Portada\",\"item\":\"https:\\\/\\\/franciscobelmonte.com\\\/tienda\\\/\"},{\"@type\":\"ListItem\",\"position\":2,\"name\":\"Tienda\",\"item\":\"https:\\\/\\\/franciscobelmonte.com\\\/tienda\\\/boutique-equipamiento-motero\\\/\"},{\"@type\":\"ListItem\",\"position\":3,\"name\":\"SISTEMA DE COMUNICACION BLUETOOTH SENA 20S EVO\"}]},{\"@type\":\"WebSite\",\"@id\":\"https:\\\/\\\/franciscobelmonte.com\\\/tienda\\\/#website\",\"url\":\"https:\\\/\\\/franciscobelmonte.com\\\/tienda\\\/\",\"name\":\"Boutique Francisco Belmonte\",\"description\":\"Todo en complementos para motoristas\",\"publisher\":{\"@id\":\"https:\\\/\\\/franciscobelmonte.com\\\/tienda\\\/#organization\"},\"potentialAction\":[{\"@type\":\"SearchAction\",\"target\":{\"@type\":\"EntryPoint\",\"urlTemplate\":\"https:\\\/\\\/franciscobelmonte.com\\\/tienda\\\/?s={search_term_string}\"},\"query-input\":{\"@type\":\"PropertyValueSpecification\",\"valueRequired\":true,\"valueName\":\"search_term_string\"}}],\"inLanguage\":\"es\"},{\"@type\":\"Organization\",\"@id\":\"https:\\\/\\\/franciscobelmonte.com\\\/tienda\\\/#organization\",\"name\":\"Boutique Francisco Belmonte\",\"url\":\"https:\\\/\\\/franciscobelmonte.com\\\/tienda\\\/\",\"logo\":{\"@type\":\"ImageObject\",\"inLanguage\":\"es\",\"@id\":\"https:\\\/\\\/franciscobelmonte.com\\\/tienda\\\/#\\\/schema\\\/logo\\\/image\\\/\",\"url\":\"https:\\\/\\\/franciscobelmonte.com\\\/tienda\\\/wp-content\\\/uploads\\\/2021\\\/12\\\/Francisco-Belmonte-logo.png\",\"contentUrl\":\"https:\\\/\\\/franciscobelmonte.com\\\/tienda\\\/wp-content\\\/uploads\\\/2021\\\/12\\\/Francisco-Belmonte-logo.png\",\"width\":2153,\"height\":536,\"caption\":\"Boutique Francisco Belmonte\"},\"image\":{\"@id\":\"https:\\\/\\\/franciscobelmonte.com\\\/tienda\\\/#\\\/schema\\\/logo\\\/image\\\/\"},\"sameAs\":[\"https:\\\/\\\/www.facebook.com\\\/motosfranciscobelmonte\",\"https:\\\/\\\/www.instagram.com\\\/fco.belmonte\\\/\"]}]}<\/script>\n<!-- \/ Yoast SEO plugin. -->","yoast_head_json":{"title":"SISTEMA DE COMUNICACION BLUETOOTH SENA 20S EVO - Boutique Francisco Belmonte","description":"Sistema de comunicaci\u00f3n bluetooth Sena 20S EVO. Sistemas de comunicaci\u00f3n de moto SENA en Murcia, Francisco Belmonte. Desc\u00fabrelos al mejor precio.","robots":{"index":"index","follow":"follow","max-snippet":"max-snippet:-1","max-image-preview":"max-image-preview:large","max-video-preview":"max-video-preview:-1"},"canonical":"https:\/\/franciscobelmonte.com\/tienda\/sistema-de-comunicacion-bluetooth-sena-20s-evo\/","og_locale":"es_ES","og_type":"article","og_title":"SISTEMA DE COMUNICACION BLUETOOTH SENA 20S EVO - Boutique Francisco Belmonte","og_description":"Sistema de comunicaci\u00f3n bluetooth Sena 20S EVO. Sistemas de comunicaci\u00f3n de moto SENA en Murcia, Francisco Belmonte. Desc\u00fabrelos al mejor precio.","og_url":"https:\/\/franciscobelmonte.com\/tienda\/sistema-de-comunicacion-bluetooth-sena-20s-evo\/","og_site_name":"Boutique Francisco Belmonte","article_publisher":"https:\/\/www.facebook.com\/motosfranciscobelmonte","article_modified_time":"2025-12-15T17:28:24+00:00","og_image":[{"width":800,"height":800,"url":"https:\/\/franciscobelmonte.com\/tienda\/wp-content\/uploads\/2022\/09\/intercomunicador-sena-20s-evo-hd.jpg","type":"image\/jpeg"}],"twitter_card":"summary_large_image","twitter_misc":{"Tiempo de lectura":"1 minuto"},"schema":{"@context":"https:\/\/schema.org","@graph":[{"@type":"WebPage","@id":"https:\/\/franciscobelmonte.com\/tienda\/sistema-de-comunicacion-bluetooth-sena-20s-evo\/","url":"https:\/\/franciscobelmonte.com\/tienda\/sistema-de-comunicacion-bluetooth-sena-20s-evo\/","name":"SISTEMA DE COMUNICACION BLUETOOTH SENA 20S EVO - Boutique Francisco Belmonte","isPartOf":{"@id":"https:\/\/franciscobelmonte.com\/tienda\/#website"},"primaryImageOfPage":{"@id":"https:\/\/franciscobelmonte.com\/tienda\/sistema-de-comunicacion-bluetooth-sena-20s-evo\/#primaryimage"},"image":{"@id":"https:\/\/franciscobelmonte.com\/tienda\/sistema-de-comunicacion-bluetooth-sena-20s-evo\/#primaryimage"},"thumbnailUrl":"https:\/\/franciscobelmonte.com\/tienda\/wp-content\/uploads\/2022\/09\/intercomunicador-sena-20s-evo-hd.jpg","datePublished":"2022-09-29T06:44:55+00:00","dateModified":"2025-12-15T17:28:24+00:00","description":"Sistema de comunicaci\u00f3n bluetooth Sena 20S EVO. Sistemas de comunicaci\u00f3n de moto SENA en Murcia, Francisco Belmonte. Desc\u00fabrelos al mejor precio.","breadcrumb":{"@id":"https:\/\/franciscobelmonte.com\/tienda\/sistema-de-comunicacion-bluetooth-sena-20s-evo\/#breadcrumb"},"inLanguage":"es","potentialAction":[{"@type":"ReadAction","target":["https:\/\/franciscobelmonte.com\/tienda\/sistema-de-comunicacion-bluetooth-sena-20s-evo\/"]}]},{"@type":"ImageObject","inLanguage":"es","@id":"https:\/\/franciscobelmonte.com\/tienda\/sistema-de-comunicacion-bluetooth-sena-20s-evo\/#primaryimage","url":"https:\/\/franciscobelmonte.com\/tienda\/wp-content\/uploads\/2022\/09\/intercomunicador-sena-20s-evo-hd.jpg","contentUrl":"https:\/\/franciscobelmonte.com\/tienda\/wp-content\/uploads\/2022\/09\/intercomunicador-sena-20s-evo-hd.jpg","width":800,"height":800,"caption":"intercomunicador sena 20s evo en murcia francisco belmonte"},{"@type":"BreadcrumbList","@id":"https:\/\/franciscobelmonte.com\/tienda\/sistema-de-comunicacion-bluetooth-sena-20s-evo\/#breadcrumb","itemListElement":[{"@type":"ListItem","position":1,"name":"Portada","item":"https:\/\/franciscobelmonte.com\/tienda\/"},{"@type":"ListItem","position":2,"name":"Tienda","item":"https:\/\/franciscobelmonte.com\/tienda\/boutique-equipamiento-motero\/"},{"@type":"ListItem","position":3,"name":"SISTEMA DE COMUNICACION BLUETOOTH SENA 20S EVO"}]},{"@type":"WebSite","@id":"https:\/\/franciscobelmonte.com\/tienda\/#website","url":"https:\/\/franciscobelmonte.com\/tienda\/","name":"Boutique Francisco Belmonte","description":"Todo en complementos para motoristas","publisher":{"@id":"https:\/\/franciscobelmonte.com\/tienda\/#organization"},"potentialAction":[{"@type":"SearchAction","target":{"@type":"EntryPoint","urlTemplate":"https:\/\/franciscobelmonte.com\/tienda\/?s={search_term_string}"},"query-input":{"@type":"PropertyValueSpecification","valueRequired":true,"valueName":"search_term_string"}}],"inLanguage":"es"},{"@type":"Organization","@id":"https:\/\/franciscobelmonte.com\/tienda\/#organization","name":"Boutique Francisco Belmonte","url":"https:\/\/franciscobelmonte.com\/tienda\/","logo":{"@type":"ImageObject","inLanguage":"es","@id":"https:\/\/franciscobelmonte.com\/tienda\/#\/schema\/logo\/image\/","url":"https:\/\/franciscobelmonte.com\/tienda\/wp-content\/uploads\/2021\/12\/Francisco-Belmonte-logo.png","contentUrl":"https:\/\/franciscobelmonte.com\/tienda\/wp-content\/uploads\/2021\/12\/Francisco-Belmonte-logo.png","width":2153,"height":536,"caption":"Boutique Francisco Belmonte"},"image":{"@id":"https:\/\/franciscobelmonte.com\/tienda\/#\/schema\/logo\/image\/"},"sameAs":["https:\/\/www.facebook.com\/motosfranciscobelmonte","https:\/\/www.instagram.com\/fco.belmonte\/"]}]}},"jetpack_sharing_enabled":true,"brands":[{"id":312,"name":"Sena","slug":"sena"}],"_links":{"self":[{"href":"https:\/\/franciscobelmonte.com\/tienda\/wp-json\/wp\/v2\/product\/6445","targetHints":{"allow":["GET"]}}],"collection":[{"href":"https:\/\/franciscobelmonte.com\/tienda\/wp-json\/wp\/v2\/product"}],"about":[{"href":"https:\/\/franciscobelmonte.com\/tienda\/wp-json\/wp\/v2\/types\/product"}],"replies":[{"embeddable":true,"href":"https:\/\/franciscobelmonte.com\/tienda\/wp-json\/wp\/v2\/comments?post=6445"}],"wp:featuredmedia":[{"embeddable":true,"href":"https:\/\/franciscobelmonte.com\/tienda\/wp-json\/wp\/v2\/media\/6452"}],"wp:attachment":[{"href":"https:\/\/franciscobelmonte.com\/tienda\/wp-json\/wp\/v2\/media?parent=6445"}],"wp:term":[{"taxonomy":"pwb-brand","embeddable":true,"href":"https:\/\/franciscobelmonte.com\/tienda\/wp-json\/wp\/v2\/pwb-brand?post=6445"},{"taxonomy":"product_brand","embeddable":true,"href":"https:\/\/franciscobelmonte.com\/tienda\/wp-json\/wp\/v2\/product_brand?post=6445"},{"taxonomy":"product_cat","embeddable":true,"href":"https:\/\/franciscobelmonte.com\/tienda\/wp-json\/wp\/v2\/product_cat?post=6445"},{"taxonomy":"product_tag","embeddable":true,"href":"https:\/\/franciscobelmonte.com\/tienda\/wp-json\/wp\/v2\/product_tag?post=6445"}],"curies":[{"name":"wp","href":"https:\/\/api.w.org\/{rel}","templated":true}]}}