{"id":6482,"date":"2022-09-29T15:58:50","date_gmt":"2022-09-29T15:58:50","guid":{"rendered":"https:\/\/franciscobelmonte.com\/tienda\/?post_type=product&#038;p=6482"},"modified":"2026-01-06T20:55:32","modified_gmt":"2026-01-06T18:55:32","slug":"chaqueta-airbag-dainese-smart-jacket-ls-sport-negro-rojo-fluor","status":"publish","type":"product","link":"https:\/\/franciscobelmonte.com\/tienda\/chaqueta-airbag-dainese-smart-jacket-ls-sport-negro-rojo-fluor\/","title":{"rendered":"CHAQUETA AIRBAG DAINESE SMART JACKET LS SPORT NEGRO \/ ROJO FLUOR"},"content":{"rendered":"<h2>Chaqueta Airbag DAINESE Smart Jacket LS Sport Negro \/ Rojo Fl\u00faor<\/h2>\n<div class=\"layoutArea\">\n<div class=\"column\">\n<p>Chaqueta de moto ventilada y transpirable con el sistema de airbag Dainese D-air incorporado. Su construcci\u00f3n con materiales resistentes, el\u00e1sticos y las protecciones Pro-Armor de Nivel 2 tipo B en codos y hombros otorgan el m\u00e1s alto nivel de protecci\u00f3n y cobertura, con el m\u00e1ximo confort y libertad de movimientos. Smart Jacket LS Sport combina la versatilidad y el rendimiento de una chaqueta deportiva de Dainese con la inteligencia y la protecci\u00f3n del sistema de airbag Dainese D-air. No requiere ninguna conexi\u00f3n con la moto y se puede utilizar como una chaqueta deportiva normal.<\/p>\n<p><strong>La tecnolog\u00eda airbag de MotoGP, en una chaqueta para todos<\/strong><\/p>\n<p>El Smart Jacket incorpora la \u00faltima generaci\u00f3n de la tecnolog\u00eda D-Air derivada y desarrollada durante 25 a\u00f1os en MotoGP. Gracias a su complejo algoritmo, reconoce autom\u00e1ticamente las situaciones de peligro y se activa inmediatamente cuando es necesario. El sistema se activa y te protege en caso de resbalones, ca\u00eddas, impactos con un obst\u00e1culo u otro veh\u00edculo y colisiones traseras, incluso estando parado.<\/p>\n<p><strong>M\u00e1s que una espaldera, sin espaldera<\/strong><\/p>\n<p>El sistema airbag D-air protege la espalda y el pecho del piloto mediante su protector Shield, una bolsa de microfilamentos que proporciona una m\u00e1xima absorci\u00f3n de los impactos sin necesidad de usar protectores r\u00edgidos. Proporciona una protecci\u00f3n equivalente a la de 7 espalderas si ocupar tanto espacio.<\/p>\n<p><strong>Tan seguro como 8 protectores pectorales, sin partes r\u00edgidas<\/strong><\/p>\n<p>La protecci\u00f3n proporcionada por el sistema de airbad Dainese D-air equivale a 8 protectores pectorales r\u00edgidos de nivel 2 en la parte frontal.<\/p>\n<p><strong>Aut\u00e9ntica protecci\u00f3n inteligente<\/strong><\/p>\n<p>El cerebro de la Smart Jacket es la unidad de control del sistema Dainese D-Air, que, sin necesidad de cables ni conexiones con la moto, detecta autom\u00e1ticamente cualquier situaci\u00f3n de peligro y activa de inmediato la bolsa de aire para proteger al piloto. Siempre en el momento adecuado y solo cuando es necesario. Una cabeza que piensa y act\u00faa por tu seguridad.<\/p>\n<p><strong>Siempre atenta a lo que sucede alrededor del motociclista<\/strong><\/p>\n<p>La unidad de control de Smart Jacket es un cerebro que detecta y analiza todo lo que sucede alrededor del motociclista. Monitoriza y procesa los datos 1000 veces por segundo. Su complejo algoritmo es capaz de tomar decisiones y activa el airbag en caso de derrape, ca\u00edda del piloto o colisi\u00f3n con un objeto u otro veh\u00edculo. Y, por primera vez en un sistema de airbag para moto, tambi\u00e9n se activa en caso de impacto con el veh\u00edculo detenido, t\u00edpico al parar en cruces o sem\u00e1foros. T\u00fa piensas en la carretera, ella en protegerte durante el camino.<\/p>\n<p><strong>Materiales<\/strong><\/p>\n<ul>\n<li>Tejido Mugello muy duradero y el\u00e1stico de alta tenacidad.<\/li>\n<\/ul>\n<p><strong>Protecci\u00f3n<\/strong><\/p>\n<ul>\n<li>Sistema de airbad D-air. Cubre la zona de la espalda y del pecho.<\/li>\n<li>Protecciones Pro-Armor en codos y hombros certificadas seg\u00fan la normativa EN 1621.1 Nivel 2 Tipo B. Destacan por ofrecer excelentes niveles de libertad de movimientos y ventilaci\u00f3n.<\/li>\n<\/ul>\n<p><strong>Confort<\/strong><\/p>\n<ul>\n<li>Faja lumbar ajustable interna.<\/li>\n<li>Cierre con cremallera en la mu\u00f1eca.<\/li>\n<li>Ancho de las mangas ajustable.<\/li>\n<\/ul>\n<p><strong>Ergonom\u00eda \/ Temperatura<\/strong><\/p>\n<ul>\n<li>Amplios paneles de malla ventilada en la zona frontal.<\/li>\n<\/ul>\n<p><strong>Otras caracter\u00edsticas<\/strong><\/p>\n<ul>\n<li>Elementos reflectantes para ser m\u00e1s visible en conducci\u00f3n nocturna o con poca luz.<\/li>\n<li>2 bolsillos exteriores con cremallera en la parte frontal.<\/li>\n<\/ul>\n<p>&nbsp;<\/p>\n<p>&nbsp;<\/p>\n<\/div>\n<\/div>\n","protected":false},"excerpt":{"rendered":"<p>Chaqueta de moto ventilada y transpirable con el sistema de airbag Dainese D-air incorporado. Su construcci\u00f3n con materiales resistentes, el\u00e1sticos y las protecciones Pro-Armor de Nivel 2 tipo B en codos y hombros.<\/p>\n<p>&nbsp;<\/p>\n","protected":false},"featured_media":6488,"comment_status":"open","ping_status":"closed","template":"","meta":{"_themeisle_gutenberg_block_has_review":false},"pwb-brand":[189],"product_brand":[],"product_cat":[60],"product_tag":[865,774,888],"class_list":{"0":"post-6482","1":"product","2":"type-product","3":"status-publish","4":"has-post-thumbnail","6":"pwb-brand-dainese","7":"product_cat-protecciones","8":"product_tag-865","9":"product_tag-dainese-sin-rebajas-20","10":"product_tag-rebajas-40","12":"first","13":"instock","14":"sale","15":"taxable","16":"shipping-taxable","17":"purchasable","18":"product-type-variable","19":"has-default-attributes"},"yoast_head":"<!-- This site is optimized with the Yoast SEO plugin v27.4 - https:\/\/yoast.com\/product\/yoast-seo-wordpress\/ -->\n<title>CHAQUETA AIRBAG DAINESE SMART JACKET LS SPORT NEGRO \/ ROJO FLUOR - Boutique Francisco Belmonte<\/title>\n<meta name=\"description\" content=\"Se puede llevar encima o debajo de cualquier chaqueta. No necesita ning\u00fan tipo de conexi\u00f3n con la moto, es ventilada y se puede plegar con facilidad.\" \/>\n<meta name=\"robots\" content=\"index, follow, max-snippet:-1, max-image-preview:large, max-video-preview:-1\" \/>\n<link rel=\"canonical\" href=\"https:\/\/franciscobelmonte.com\/tienda\/chaqueta-airbag-dainese-smart-jacket-ls-sport-negro-rojo-fluor\/\" \/>\n<meta property=\"og:locale\" content=\"es_ES\" \/>\n<meta property=\"og:type\" content=\"article\" \/>\n<meta property=\"og:title\" content=\"CHAQUETA AIRBAG DAINESE SMART JACKET LS SPORT NEGRO \/ ROJO FLUOR - Boutique Francisco Belmonte\" \/>\n<meta property=\"og:description\" content=\"Se puede llevar encima o debajo de cualquier chaqueta. No necesita ning\u00fan tipo de conexi\u00f3n con la moto, es ventilada y se puede plegar con facilidad.\" \/>\n<meta property=\"og:url\" content=\"https:\/\/franciscobelmonte.com\/tienda\/chaqueta-airbag-dainese-smart-jacket-ls-sport-negro-rojo-fluor\/\" \/>\n<meta property=\"og:site_name\" content=\"Boutique Francisco Belmonte\" \/>\n<meta property=\"article:publisher\" content=\"https:\/\/www.facebook.com\/motosfranciscobelmonte\" \/>\n<meta property=\"article:modified_time\" content=\"2026-01-06T18:55:32+00:00\" \/>\n<meta property=\"og:image\" content=\"https:\/\/franciscobelmonte.com\/tienda\/wp-content\/uploads\/2022\/09\/chaqueta-airbar-dainese-smart-jacket-ls-sport-negro-rojo-fluor.jpg\" \/>\n\t<meta property=\"og:image:width\" content=\"800\" \/>\n\t<meta property=\"og:image:height\" content=\"800\" \/>\n\t<meta property=\"og:image:type\" content=\"image\/jpeg\" \/>\n<meta name=\"twitter:card\" content=\"summary_large_image\" \/>\n<meta name=\"twitter:label1\" content=\"Tiempo de lectura\" \/>\n\t<meta name=\"twitter:data1\" content=\"1 minuto\" \/>\n<script type=\"application\/ld+json\" class=\"yoast-schema-graph\">{\"@context\":\"https:\\\/\\\/schema.org\",\"@graph\":[{\"@type\":\"WebPage\",\"@id\":\"https:\\\/\\\/franciscobelmonte.com\\\/tienda\\\/chaqueta-airbag-dainese-smart-jacket-ls-sport-negro-rojo-fluor\\\/\",\"url\":\"https:\\\/\\\/franciscobelmonte.com\\\/tienda\\\/chaqueta-airbag-dainese-smart-jacket-ls-sport-negro-rojo-fluor\\\/\",\"name\":\"CHAQUETA AIRBAG DAINESE SMART JACKET LS SPORT NEGRO \\\/ ROJO FLUOR - Boutique Francisco Belmonte\",\"isPartOf\":{\"@id\":\"https:\\\/\\\/franciscobelmonte.com\\\/tienda\\\/#website\"},\"primaryImageOfPage\":{\"@id\":\"https:\\\/\\\/franciscobelmonte.com\\\/tienda\\\/chaqueta-airbag-dainese-smart-jacket-ls-sport-negro-rojo-fluor\\\/#primaryimage\"},\"image\":{\"@id\":\"https:\\\/\\\/franciscobelmonte.com\\\/tienda\\\/chaqueta-airbag-dainese-smart-jacket-ls-sport-negro-rojo-fluor\\\/#primaryimage\"},\"thumbnailUrl\":\"https:\\\/\\\/franciscobelmonte.com\\\/tienda\\\/wp-content\\\/uploads\\\/2022\\\/09\\\/chaqueta-airbar-dainese-smart-jacket-ls-sport-negro-rojo-fluor.jpg\",\"datePublished\":\"2022-09-29T15:58:50+00:00\",\"dateModified\":\"2026-01-06T18:55:32+00:00\",\"description\":\"Se puede llevar encima o debajo de cualquier chaqueta. No necesita ning\u00fan tipo de conexi\u00f3n con la moto, es ventilada y se puede plegar con facilidad.\",\"breadcrumb\":{\"@id\":\"https:\\\/\\\/franciscobelmonte.com\\\/tienda\\\/chaqueta-airbag-dainese-smart-jacket-ls-sport-negro-rojo-fluor\\\/#breadcrumb\"},\"inLanguage\":\"es\",\"potentialAction\":[{\"@type\":\"ReadAction\",\"target\":[\"https:\\\/\\\/franciscobelmonte.com\\\/tienda\\\/chaqueta-airbag-dainese-smart-jacket-ls-sport-negro-rojo-fluor\\\/\"]}]},{\"@type\":\"ImageObject\",\"inLanguage\":\"es\",\"@id\":\"https:\\\/\\\/franciscobelmonte.com\\\/tienda\\\/chaqueta-airbag-dainese-smart-jacket-ls-sport-negro-rojo-fluor\\\/#primaryimage\",\"url\":\"https:\\\/\\\/franciscobelmonte.com\\\/tienda\\\/wp-content\\\/uploads\\\/2022\\\/09\\\/chaqueta-airbar-dainese-smart-jacket-ls-sport-negro-rojo-fluor.jpg\",\"contentUrl\":\"https:\\\/\\\/franciscobelmonte.com\\\/tienda\\\/wp-content\\\/uploads\\\/2022\\\/09\\\/chaqueta-airbar-dainese-smart-jacket-ls-sport-negro-rojo-fluor.jpg\",\"width\":800,\"height\":800,\"caption\":\"chaqueta airbag dainese smart jacket ls sport negro rojo fluor en murcia francisco belmonte\"},{\"@type\":\"BreadcrumbList\",\"@id\":\"https:\\\/\\\/franciscobelmonte.com\\\/tienda\\\/chaqueta-airbag-dainese-smart-jacket-ls-sport-negro-rojo-fluor\\\/#breadcrumb\",\"itemListElement\":[{\"@type\":\"ListItem\",\"position\":1,\"name\":\"Portada\",\"item\":\"https:\\\/\\\/franciscobelmonte.com\\\/tienda\\\/\"},{\"@type\":\"ListItem\",\"position\":2,\"name\":\"Tienda\",\"item\":\"https:\\\/\\\/franciscobelmonte.com\\\/tienda\\\/boutique-equipamiento-motero\\\/\"},{\"@type\":\"ListItem\",\"position\":3,\"name\":\"CHAQUETA AIRBAG DAINESE SMART JACKET LS SPORT NEGRO \\\/ ROJO FLUOR\"}]},{\"@type\":\"WebSite\",\"@id\":\"https:\\\/\\\/franciscobelmonte.com\\\/tienda\\\/#website\",\"url\":\"https:\\\/\\\/franciscobelmonte.com\\\/tienda\\\/\",\"name\":\"Boutique Francisco Belmonte\",\"description\":\"Todo en complementos para motoristas\",\"publisher\":{\"@id\":\"https:\\\/\\\/franciscobelmonte.com\\\/tienda\\\/#organization\"},\"potentialAction\":[{\"@type\":\"SearchAction\",\"target\":{\"@type\":\"EntryPoint\",\"urlTemplate\":\"https:\\\/\\\/franciscobelmonte.com\\\/tienda\\\/?s={search_term_string}\"},\"query-input\":{\"@type\":\"PropertyValueSpecification\",\"valueRequired\":true,\"valueName\":\"search_term_string\"}}],\"inLanguage\":\"es\"},{\"@type\":\"Organization\",\"@id\":\"https:\\\/\\\/franciscobelmonte.com\\\/tienda\\\/#organization\",\"name\":\"Boutique Francisco Belmonte\",\"url\":\"https:\\\/\\\/franciscobelmonte.com\\\/tienda\\\/\",\"logo\":{\"@type\":\"ImageObject\",\"inLanguage\":\"es\",\"@id\":\"https:\\\/\\\/franciscobelmonte.com\\\/tienda\\\/#\\\/schema\\\/logo\\\/image\\\/\",\"url\":\"https:\\\/\\\/franciscobelmonte.com\\\/tienda\\\/wp-content\\\/uploads\\\/2021\\\/12\\\/Francisco-Belmonte-logo.png\",\"contentUrl\":\"https:\\\/\\\/franciscobelmonte.com\\\/tienda\\\/wp-content\\\/uploads\\\/2021\\\/12\\\/Francisco-Belmonte-logo.png\",\"width\":2153,\"height\":536,\"caption\":\"Boutique Francisco Belmonte\"},\"image\":{\"@id\":\"https:\\\/\\\/franciscobelmonte.com\\\/tienda\\\/#\\\/schema\\\/logo\\\/image\\\/\"},\"sameAs\":[\"https:\\\/\\\/www.facebook.com\\\/motosfranciscobelmonte\",\"https:\\\/\\\/www.instagram.com\\\/fco.belmonte\\\/\"]}]}<\/script>\n<!-- \/ Yoast SEO plugin. -->","yoast_head_json":{"title":"CHAQUETA AIRBAG DAINESE SMART JACKET LS SPORT NEGRO \/ ROJO FLUOR - Boutique Francisco Belmonte","description":"Se puede llevar encima o debajo de cualquier chaqueta. No necesita ning\u00fan tipo de conexi\u00f3n con la moto, es ventilada y se puede plegar con facilidad.","robots":{"index":"index","follow":"follow","max-snippet":"max-snippet:-1","max-image-preview":"max-image-preview:large","max-video-preview":"max-video-preview:-1"},"canonical":"https:\/\/franciscobelmonte.com\/tienda\/chaqueta-airbag-dainese-smart-jacket-ls-sport-negro-rojo-fluor\/","og_locale":"es_ES","og_type":"article","og_title":"CHAQUETA AIRBAG DAINESE SMART JACKET LS SPORT NEGRO \/ ROJO FLUOR - Boutique Francisco Belmonte","og_description":"Se puede llevar encima o debajo de cualquier chaqueta. No necesita ning\u00fan tipo de conexi\u00f3n con la moto, es ventilada y se puede plegar con facilidad.","og_url":"https:\/\/franciscobelmonte.com\/tienda\/chaqueta-airbag-dainese-smart-jacket-ls-sport-negro-rojo-fluor\/","og_site_name":"Boutique Francisco Belmonte","article_publisher":"https:\/\/www.facebook.com\/motosfranciscobelmonte","article_modified_time":"2026-01-06T18:55:32+00:00","og_image":[{"width":800,"height":800,"url":"https:\/\/franciscobelmonte.com\/tienda\/wp-content\/uploads\/2022\/09\/chaqueta-airbar-dainese-smart-jacket-ls-sport-negro-rojo-fluor.jpg","type":"image\/jpeg"}],"twitter_card":"summary_large_image","twitter_misc":{"Tiempo de lectura":"1 minuto"},"schema":{"@context":"https:\/\/schema.org","@graph":[{"@type":"WebPage","@id":"https:\/\/franciscobelmonte.com\/tienda\/chaqueta-airbag-dainese-smart-jacket-ls-sport-negro-rojo-fluor\/","url":"https:\/\/franciscobelmonte.com\/tienda\/chaqueta-airbag-dainese-smart-jacket-ls-sport-negro-rojo-fluor\/","name":"CHAQUETA AIRBAG DAINESE SMART JACKET LS SPORT NEGRO \/ ROJO FLUOR - Boutique Francisco Belmonte","isPartOf":{"@id":"https:\/\/franciscobelmonte.com\/tienda\/#website"},"primaryImageOfPage":{"@id":"https:\/\/franciscobelmonte.com\/tienda\/chaqueta-airbag-dainese-smart-jacket-ls-sport-negro-rojo-fluor\/#primaryimage"},"image":{"@id":"https:\/\/franciscobelmonte.com\/tienda\/chaqueta-airbag-dainese-smart-jacket-ls-sport-negro-rojo-fluor\/#primaryimage"},"thumbnailUrl":"https:\/\/franciscobelmonte.com\/tienda\/wp-content\/uploads\/2022\/09\/chaqueta-airbar-dainese-smart-jacket-ls-sport-negro-rojo-fluor.jpg","datePublished":"2022-09-29T15:58:50+00:00","dateModified":"2026-01-06T18:55:32+00:00","description":"Se puede llevar encima o debajo de cualquier chaqueta. No necesita ning\u00fan tipo de conexi\u00f3n con la moto, es ventilada y se puede plegar con facilidad.","breadcrumb":{"@id":"https:\/\/franciscobelmonte.com\/tienda\/chaqueta-airbag-dainese-smart-jacket-ls-sport-negro-rojo-fluor\/#breadcrumb"},"inLanguage":"es","potentialAction":[{"@type":"ReadAction","target":["https:\/\/franciscobelmonte.com\/tienda\/chaqueta-airbag-dainese-smart-jacket-ls-sport-negro-rojo-fluor\/"]}]},{"@type":"ImageObject","inLanguage":"es","@id":"https:\/\/franciscobelmonte.com\/tienda\/chaqueta-airbag-dainese-smart-jacket-ls-sport-negro-rojo-fluor\/#primaryimage","url":"https:\/\/franciscobelmonte.com\/tienda\/wp-content\/uploads\/2022\/09\/chaqueta-airbar-dainese-smart-jacket-ls-sport-negro-rojo-fluor.jpg","contentUrl":"https:\/\/franciscobelmonte.com\/tienda\/wp-content\/uploads\/2022\/09\/chaqueta-airbar-dainese-smart-jacket-ls-sport-negro-rojo-fluor.jpg","width":800,"height":800,"caption":"chaqueta airbag dainese smart jacket ls sport negro rojo fluor en murcia francisco belmonte"},{"@type":"BreadcrumbList","@id":"https:\/\/franciscobelmonte.com\/tienda\/chaqueta-airbag-dainese-smart-jacket-ls-sport-negro-rojo-fluor\/#breadcrumb","itemListElement":[{"@type":"ListItem","position":1,"name":"Portada","item":"https:\/\/franciscobelmonte.com\/tienda\/"},{"@type":"ListItem","position":2,"name":"Tienda","item":"https:\/\/franciscobelmonte.com\/tienda\/boutique-equipamiento-motero\/"},{"@type":"ListItem","position":3,"name":"CHAQUETA AIRBAG DAINESE SMART JACKET LS SPORT NEGRO \/ ROJO FLUOR"}]},{"@type":"WebSite","@id":"https:\/\/franciscobelmonte.com\/tienda\/#website","url":"https:\/\/franciscobelmonte.com\/tienda\/","name":"Boutique Francisco Belmonte","description":"Todo en complementos para motoristas","publisher":{"@id":"https:\/\/franciscobelmonte.com\/tienda\/#organization"},"potentialAction":[{"@type":"SearchAction","target":{"@type":"EntryPoint","urlTemplate":"https:\/\/franciscobelmonte.com\/tienda\/?s={search_term_string}"},"query-input":{"@type":"PropertyValueSpecification","valueRequired":true,"valueName":"search_term_string"}}],"inLanguage":"es"},{"@type":"Organization","@id":"https:\/\/franciscobelmonte.com\/tienda\/#organization","name":"Boutique Francisco Belmonte","url":"https:\/\/franciscobelmonte.com\/tienda\/","logo":{"@type":"ImageObject","inLanguage":"es","@id":"https:\/\/franciscobelmonte.com\/tienda\/#\/schema\/logo\/image\/","url":"https:\/\/franciscobelmonte.com\/tienda\/wp-content\/uploads\/2021\/12\/Francisco-Belmonte-logo.png","contentUrl":"https:\/\/franciscobelmonte.com\/tienda\/wp-content\/uploads\/2021\/12\/Francisco-Belmonte-logo.png","width":2153,"height":536,"caption":"Boutique Francisco Belmonte"},"image":{"@id":"https:\/\/franciscobelmonte.com\/tienda\/#\/schema\/logo\/image\/"},"sameAs":["https:\/\/www.facebook.com\/motosfranciscobelmonte","https:\/\/www.instagram.com\/fco.belmonte\/"]}]}},"jetpack_sharing_enabled":true,"brands":[{"id":189,"name":"Dainese","slug":"dainese"}],"_links":{"self":[{"href":"https:\/\/franciscobelmonte.com\/tienda\/wp-json\/wp\/v2\/product\/6482","targetHints":{"allow":["GET"]}}],"collection":[{"href":"https:\/\/franciscobelmonte.com\/tienda\/wp-json\/wp\/v2\/product"}],"about":[{"href":"https:\/\/franciscobelmonte.com\/tienda\/wp-json\/wp\/v2\/types\/product"}],"replies":[{"embeddable":true,"href":"https:\/\/franciscobelmonte.com\/tienda\/wp-json\/wp\/v2\/comments?post=6482"}],"wp:featuredmedia":[{"embeddable":true,"href":"https:\/\/franciscobelmonte.com\/tienda\/wp-json\/wp\/v2\/media\/6488"}],"wp:attachment":[{"href":"https:\/\/franciscobelmonte.com\/tienda\/wp-json\/wp\/v2\/media?parent=6482"}],"wp:term":[{"taxonomy":"pwb-brand","embeddable":true,"href":"https:\/\/franciscobelmonte.com\/tienda\/wp-json\/wp\/v2\/pwb-brand?post=6482"},{"taxonomy":"product_brand","embeddable":true,"href":"https:\/\/franciscobelmonte.com\/tienda\/wp-json\/wp\/v2\/product_brand?post=6482"},{"taxonomy":"product_cat","embeddable":true,"href":"https:\/\/franciscobelmonte.com\/tienda\/wp-json\/wp\/v2\/product_cat?post=6482"},{"taxonomy":"product_tag","embeddable":true,"href":"https:\/\/franciscobelmonte.com\/tienda\/wp-json\/wp\/v2\/product_tag?post=6482"}],"curies":[{"name":"wp","href":"https:\/\/api.w.org\/{rel}","templated":true}]}}