{"id":6554,"date":"2022-09-30T15:02:16","date_gmt":"2022-09-30T15:02:16","guid":{"rendered":"https:\/\/franciscobelmonte.com\/tienda\/?post_type=product&#038;p=6554"},"modified":"2026-02-16T09:35:25","modified_gmt":"2026-02-16T07:35:25","slug":"intercomunicador-cardo-freecom-2x-duo","status":"publish","type":"product","link":"https:\/\/franciscobelmonte.com\/tienda\/intercomunicador-cardo-freecom-2x-duo\/","title":{"rendered":"INTERCOMUNICADOR CARDO FREECOM 2X DUO"},"content":{"rendered":"<h2>Intercomunicador CARDO Freecom 2X Duo<\/h2>\n<p>El nuevo Freecom 2x establece un nuevo est\u00e1ndar para los intercomunicadores Bluetooth con caracter\u00edsticas como la tecnolog\u00eda Live Intercom, una reconexi\u00f3n Bluetooth autom\u00e1tica para piloto y pasajero, calidad de sonido Premium con altavoces JBL, tim\u00f3n de control anal\u00f3gico, una distancia de comunicaci\u00f3n de moto a moto de hasta 800m, actualizaciones de software sin cables, carga r\u00e1pida de bater\u00eda y 13h de autonom\u00eda. El nuevo intercomunicador de moto Cardo Freecom 2x se convierte en la mejor opci\u00f3n Bluetooth para piloto y pasajero del mercado.<\/p>\n<p><strong>Caracter\u00edsticas generales<\/strong><\/p>\n<ul>\n<li>Chip Bluetooth: 5.2<\/li>\n<li>Peso centralita: 37 gr.<\/li>\n<li>dimensiones: 78mm x 48mm x 20mm.<\/li>\n<li>Testeado para no perjudicar la aerodin\u00e1mica de los cascos de \u00faltima generaci\u00f3n.<\/li>\n<li>Tiempo de conversaci\u00f3n: 13 h.<\/li>\n<li>Tiempo en espera: 10 d\u00edas.<\/li>\n<li>Carga r\u00e1pida de bater\u00eda: Con 20 minutos de carga se consiguen 2 h. de autonom\u00eda.<\/li>\n<li>Tecnolog\u00eda de comunicaci\u00f3n: Bluetooth.<\/li>\n<li>Fast Connect: Reconexi\u00f3n autom\u00e1tica de alta velocidad con dispositivos vinculados.<\/li>\n<li>Conexiones: USB Tipo C.<\/li>\n<\/ul>\n<p><strong>Kit Audio<\/strong><\/p>\n<ul>\n<li>Altavoces JBL 40mm x 10mm<\/li>\n<li>Peso de los altavoces: 41 gr.<\/li>\n<li>Compatible con el sistema de audio JBL opcional de 45mm.<\/li>\n<li>2 Micr\u00f3fonos: Micr\u00f3fono h\u00edbrido \/ cable intercambiable, para adaptar a cascos integrales, modulares y jet.<\/li>\n<li>Conexiones de audio protegidas: Las conexiones de micr\u00f3fono y altavoces quedan protegidas del polvo y agua en el interior del casco.<\/li>\n<\/ul>\n<p><strong>Manejabilidad<\/strong><\/p>\n<ul>\n<li>Tim\u00f3n de control: Seleccione el volumen o navegue por los men\u00fas de una forma f\u00e1cil con un solo dedo.<\/li>\n<li>Pulsadores ergon\u00f3micos: Dise\u00f1ados para un f\u00e1cil manejo incluso con guantes de invierno.<\/li>\n<li>Funci\u00f3n de control remoto: Posibilidad de controlar remotamente todas las funciones del dispositivo mediante su Smartphone y la app Cardo Connect.<\/li>\n<\/ul>\n<p><strong>Intercomunicador Bluetooth<\/strong><\/p>\n<ul>\n<li>Conectividad de 2 v\u00edas: Piloto pasajero full d\u00faplex.<\/li>\n<li>Conectividad de 2 v\u00edas: Moto a moto con hasta 800m de alcance full d\u00faplex.<\/li>\n<li>Cargo Gateway: Conectividad con intercomunicadores de otros fabricantes.<\/li>\n<li>Audio en paralelo: Escuche la radio, m\u00fasica a trav\u00e9s de su smartphone o reciba instrucciones de su dispositivo GPS durante una llamada telef\u00f3nica. Compatible con IOS a partir de la versi\u00f3n 3.6.<\/li>\n<li>Compartir llamada; Comparta una llamada telef\u00f3nica con su pasajero.<\/li>\n<\/ul>\n<p><strong>Conectividad con dispositivos m\u00f3viles<\/strong><\/p>\n<ul>\n<li>Conectividad con 2 dispositivos Bluetooth: 2 canales independientes para poder conectar 2 tel\u00e9fonos m\u00f3viles o 1 tel\u00e9fono m\u00f3vil y 1 GPS o mp3 bluetooth.<\/li>\n<li>Perfil de manos libres HFP: Gesti\u00f3n de 2 tel\u00e9fonos m\u00f3viles. Aviso de llamadas entrantes desde el 2\u00ba dispositivo mientras mantiene una llamada con el tel\u00e9fono principal.<\/li>\n<li>Perfil A2DP: Audio Stereo inal\u00e1mbrico para Smartphones.<\/li>\n<li>Operaciones con su tel\u00e9fono m\u00f3vil: Descuelgue una llamada con su voz. Realice o rechace llamadas pulsando un bot\u00f3n o mediante los comandos de voz de su Smartphone siempre que este sea compatible.<\/li>\n<li>Operaciones con su GPS: Recepci\u00f3n de instrucciones de navegaci\u00f3n de GPS a trav\u00e9s de Bluetooth.<\/li>\n<\/ul>\n<p><strong>M\u00fasica<\/strong><\/p>\n<ul>\n<li>Bluetooth Stereo (A2DP): Escuche m\u00fasica a trav\u00e9s de su Smartphone o reproductor MP3 Bluetooth.<\/li>\n<li>Music Sharing: El pasajero y el conductor pueden escuchar la misma m\u00fasica est\u00e9reo (v\u00eda A2DP).<\/li>\n<\/ul>\n<p><strong>Radio<\/strong><\/p>\n<ul>\n<li>Radio FM: Integrada en el dispositivo.<\/li>\n<li>Auto Scan: B\u00fasqueda autom\u00e1tica de emisoras.<\/li>\n<li>RDS: B\u00fasqueda autom\u00e1tica de la se\u00f1al con mayor intensidad en su zona.<\/li>\n<li>Multi Channel: 6 estaciones configurables.<\/li>\n<li>Auto Silent: La radio se silencia autom\u00e1ticamente al recibir una llamada.<\/li>\n<li>Radio Sharing: El pasajero y el conductor pueden escuchar la misma emisora de ratio de forma simult\u00e1nea.<\/li>\n<\/ul>\n<p><strong>Certificaciones<\/strong><\/p>\n<ul>\n<li>Impermeable, a prueba de polvo y agua.<\/li>\n<li>CE, Asembled in Europe.<\/li>\n<li>FCC, IC<\/li>\n<li>SIG BT<\/li>\n<li>TELEC<\/li>\n<li>UKCA<\/li>\n<\/ul>\n<div class=\"layoutArea\">\n<div class=\"column\">\n<p>&nbsp;<\/p>\n<p>&nbsp;<\/p>\n<\/div>\n<\/div>\n","protected":false},"excerpt":{"rendered":"<p>Dispone de la \u00faltima tecnolog\u00eda Bluetooth y ofrece todos los elementos esenciales que necesita un motociclista joven y urbano, combinando detalles, calidad de construcci\u00f3n y una durabilidad sin precedentes.<br \/>\n\n","protected":false},"featured_media":6556,"comment_status":"open","ping_status":"closed","template":"","meta":{"_themeisle_gutenberg_block_has_review":false},"pwb-brand":[],"product_brand":[],"product_cat":[29,604],"product_tag":[829],"class_list":{"0":"post-6554","1":"product","2":"type-product","3":"status-publish","4":"has-post-thumbnail","6":"product_cat-comunicacion-y-navegacion","7":"product_cat-promocion-intercomunicadores-cardo","8":"product_tag-cardo-10","10":"first","11":"instock","12":"sale","13":"taxable","14":"shipping-taxable","15":"purchasable","16":"product-type-simple"},"yoast_head":"<!-- This site is optimized with the Yoast SEO plugin v27.4 - https:\/\/yoast.com\/product\/yoast-seo-wordpress\/ -->\n<title>INTERCOMUNICADOR CARDO FREECOM 2X DUO - Boutique Francisco Belmonte<\/title>\n<meta name=\"description\" content=\"Intercomunicador Cardo Spirit Duo. Sistemas de comunicaci\u00f3n de moto CARDO en Murcia, Francisco Belmonte. Desc\u00fabrelos al mejor precio.\" \/>\n<meta name=\"robots\" content=\"index, follow, max-snippet:-1, max-image-preview:large, max-video-preview:-1\" \/>\n<link rel=\"canonical\" href=\"https:\/\/franciscobelmonte.com\/tienda\/intercomunicador-cardo-freecom-2x-duo\/\" \/>\n<meta property=\"og:locale\" content=\"es_ES\" \/>\n<meta property=\"og:type\" content=\"article\" \/>\n<meta property=\"og:title\" content=\"INTERCOMUNICADOR CARDO FREECOM 2X DUO - Boutique Francisco Belmonte\" \/>\n<meta property=\"og:description\" content=\"Intercomunicador Cardo Spirit Duo. Sistemas de comunicaci\u00f3n de moto CARDO en Murcia, Francisco Belmonte. Desc\u00fabrelos al mejor precio.\" \/>\n<meta property=\"og:url\" content=\"https:\/\/franciscobelmonte.com\/tienda\/intercomunicador-cardo-freecom-2x-duo\/\" \/>\n<meta property=\"og:site_name\" content=\"Boutique Francisco Belmonte\" \/>\n<meta property=\"article:publisher\" content=\"https:\/\/www.facebook.com\/motosfranciscobelmonte\" \/>\n<meta property=\"article:modified_time\" content=\"2026-02-16T07:35:25+00:00\" \/>\n<meta property=\"og:image\" content=\"https:\/\/franciscobelmonte.com\/tienda\/wp-content\/uploads\/2022\/09\/intercomunicador-cardo-freecom-2x-duo.jpg\" \/>\n\t<meta property=\"og:image:width\" content=\"800\" \/>\n\t<meta property=\"og:image:height\" content=\"800\" \/>\n\t<meta property=\"og:image:type\" content=\"image\/jpeg\" \/>\n<meta name=\"twitter:card\" content=\"summary_large_image\" \/>\n<meta name=\"twitter:label1\" content=\"Tiempo de lectura\" \/>\n\t<meta name=\"twitter:data1\" content=\"1 minuto\" \/>\n<script type=\"application\/ld+json\" class=\"yoast-schema-graph\">{\"@context\":\"https:\\\/\\\/schema.org\",\"@graph\":[{\"@type\":\"WebPage\",\"@id\":\"https:\\\/\\\/franciscobelmonte.com\\\/tienda\\\/intercomunicador-cardo-freecom-2x-duo\\\/\",\"url\":\"https:\\\/\\\/franciscobelmonte.com\\\/tienda\\\/intercomunicador-cardo-freecom-2x-duo\\\/\",\"name\":\"INTERCOMUNICADOR CARDO FREECOM 2X DUO - Boutique Francisco Belmonte\",\"isPartOf\":{\"@id\":\"https:\\\/\\\/franciscobelmonte.com\\\/tienda\\\/#website\"},\"primaryImageOfPage\":{\"@id\":\"https:\\\/\\\/franciscobelmonte.com\\\/tienda\\\/intercomunicador-cardo-freecom-2x-duo\\\/#primaryimage\"},\"image\":{\"@id\":\"https:\\\/\\\/franciscobelmonte.com\\\/tienda\\\/intercomunicador-cardo-freecom-2x-duo\\\/#primaryimage\"},\"thumbnailUrl\":\"https:\\\/\\\/franciscobelmonte.com\\\/tienda\\\/wp-content\\\/uploads\\\/2022\\\/09\\\/intercomunicador-cardo-freecom-2x-duo.jpg\",\"datePublished\":\"2022-09-30T15:02:16+00:00\",\"dateModified\":\"2026-02-16T07:35:25+00:00\",\"description\":\"Intercomunicador Cardo Spirit Duo. Sistemas de comunicaci\u00f3n de moto CARDO en Murcia, Francisco Belmonte. Desc\u00fabrelos al mejor precio.\",\"breadcrumb\":{\"@id\":\"https:\\\/\\\/franciscobelmonte.com\\\/tienda\\\/intercomunicador-cardo-freecom-2x-duo\\\/#breadcrumb\"},\"inLanguage\":\"es\",\"potentialAction\":[{\"@type\":\"ReadAction\",\"target\":[\"https:\\\/\\\/franciscobelmonte.com\\\/tienda\\\/intercomunicador-cardo-freecom-2x-duo\\\/\"]}]},{\"@type\":\"ImageObject\",\"inLanguage\":\"es\",\"@id\":\"https:\\\/\\\/franciscobelmonte.com\\\/tienda\\\/intercomunicador-cardo-freecom-2x-duo\\\/#primaryimage\",\"url\":\"https:\\\/\\\/franciscobelmonte.com\\\/tienda\\\/wp-content\\\/uploads\\\/2022\\\/09\\\/intercomunicador-cardo-freecom-2x-duo.jpg\",\"contentUrl\":\"https:\\\/\\\/franciscobelmonte.com\\\/tienda\\\/wp-content\\\/uploads\\\/2022\\\/09\\\/intercomunicador-cardo-freecom-2x-duo.jpg\",\"width\":800,\"height\":800,\"caption\":\"intercomunicador cardo freecom 2x duo en murcia francisco belmonte\"},{\"@type\":\"BreadcrumbList\",\"@id\":\"https:\\\/\\\/franciscobelmonte.com\\\/tienda\\\/intercomunicador-cardo-freecom-2x-duo\\\/#breadcrumb\",\"itemListElement\":[{\"@type\":\"ListItem\",\"position\":1,\"name\":\"Portada\",\"item\":\"https:\\\/\\\/franciscobelmonte.com\\\/tienda\\\/\"},{\"@type\":\"ListItem\",\"position\":2,\"name\":\"Tienda\",\"item\":\"https:\\\/\\\/franciscobelmonte.com\\\/tienda\\\/boutique-equipamiento-motero\\\/\"},{\"@type\":\"ListItem\",\"position\":3,\"name\":\"INTERCOMUNICADOR CARDO FREECOM 2X DUO\"}]},{\"@type\":\"WebSite\",\"@id\":\"https:\\\/\\\/franciscobelmonte.com\\\/tienda\\\/#website\",\"url\":\"https:\\\/\\\/franciscobelmonte.com\\\/tienda\\\/\",\"name\":\"Boutique Francisco Belmonte\",\"description\":\"Todo en complementos para motoristas\",\"publisher\":{\"@id\":\"https:\\\/\\\/franciscobelmonte.com\\\/tienda\\\/#organization\"},\"potentialAction\":[{\"@type\":\"SearchAction\",\"target\":{\"@type\":\"EntryPoint\",\"urlTemplate\":\"https:\\\/\\\/franciscobelmonte.com\\\/tienda\\\/?s={search_term_string}\"},\"query-input\":{\"@type\":\"PropertyValueSpecification\",\"valueRequired\":true,\"valueName\":\"search_term_string\"}}],\"inLanguage\":\"es\"},{\"@type\":\"Organization\",\"@id\":\"https:\\\/\\\/franciscobelmonte.com\\\/tienda\\\/#organization\",\"name\":\"Boutique Francisco Belmonte\",\"url\":\"https:\\\/\\\/franciscobelmonte.com\\\/tienda\\\/\",\"logo\":{\"@type\":\"ImageObject\",\"inLanguage\":\"es\",\"@id\":\"https:\\\/\\\/franciscobelmonte.com\\\/tienda\\\/#\\\/schema\\\/logo\\\/image\\\/\",\"url\":\"https:\\\/\\\/franciscobelmonte.com\\\/tienda\\\/wp-content\\\/uploads\\\/2021\\\/12\\\/Francisco-Belmonte-logo.png\",\"contentUrl\":\"https:\\\/\\\/franciscobelmonte.com\\\/tienda\\\/wp-content\\\/uploads\\\/2021\\\/12\\\/Francisco-Belmonte-logo.png\",\"width\":2153,\"height\":536,\"caption\":\"Boutique Francisco Belmonte\"},\"image\":{\"@id\":\"https:\\\/\\\/franciscobelmonte.com\\\/tienda\\\/#\\\/schema\\\/logo\\\/image\\\/\"},\"sameAs\":[\"https:\\\/\\\/www.facebook.com\\\/motosfranciscobelmonte\",\"https:\\\/\\\/www.instagram.com\\\/fco.belmonte\\\/\"]}]}<\/script>\n<!-- \/ Yoast SEO plugin. -->","yoast_head_json":{"title":"INTERCOMUNICADOR CARDO FREECOM 2X DUO - Boutique Francisco Belmonte","description":"Intercomunicador Cardo Spirit Duo. Sistemas de comunicaci\u00f3n de moto CARDO en Murcia, Francisco Belmonte. Desc\u00fabrelos al mejor precio.","robots":{"index":"index","follow":"follow","max-snippet":"max-snippet:-1","max-image-preview":"max-image-preview:large","max-video-preview":"max-video-preview:-1"},"canonical":"https:\/\/franciscobelmonte.com\/tienda\/intercomunicador-cardo-freecom-2x-duo\/","og_locale":"es_ES","og_type":"article","og_title":"INTERCOMUNICADOR CARDO FREECOM 2X DUO - Boutique Francisco Belmonte","og_description":"Intercomunicador Cardo Spirit Duo. Sistemas de comunicaci\u00f3n de moto CARDO en Murcia, Francisco Belmonte. Desc\u00fabrelos al mejor precio.","og_url":"https:\/\/franciscobelmonte.com\/tienda\/intercomunicador-cardo-freecom-2x-duo\/","og_site_name":"Boutique Francisco Belmonte","article_publisher":"https:\/\/www.facebook.com\/motosfranciscobelmonte","article_modified_time":"2026-02-16T07:35:25+00:00","og_image":[{"width":800,"height":800,"url":"https:\/\/franciscobelmonte.com\/tienda\/wp-content\/uploads\/2022\/09\/intercomunicador-cardo-freecom-2x-duo.jpg","type":"image\/jpeg"}],"twitter_card":"summary_large_image","twitter_misc":{"Tiempo de lectura":"1 minuto"},"schema":{"@context":"https:\/\/schema.org","@graph":[{"@type":"WebPage","@id":"https:\/\/franciscobelmonte.com\/tienda\/intercomunicador-cardo-freecom-2x-duo\/","url":"https:\/\/franciscobelmonte.com\/tienda\/intercomunicador-cardo-freecom-2x-duo\/","name":"INTERCOMUNICADOR CARDO FREECOM 2X DUO - Boutique Francisco Belmonte","isPartOf":{"@id":"https:\/\/franciscobelmonte.com\/tienda\/#website"},"primaryImageOfPage":{"@id":"https:\/\/franciscobelmonte.com\/tienda\/intercomunicador-cardo-freecom-2x-duo\/#primaryimage"},"image":{"@id":"https:\/\/franciscobelmonte.com\/tienda\/intercomunicador-cardo-freecom-2x-duo\/#primaryimage"},"thumbnailUrl":"https:\/\/franciscobelmonte.com\/tienda\/wp-content\/uploads\/2022\/09\/intercomunicador-cardo-freecom-2x-duo.jpg","datePublished":"2022-09-30T15:02:16+00:00","dateModified":"2026-02-16T07:35:25+00:00","description":"Intercomunicador Cardo Spirit Duo. Sistemas de comunicaci\u00f3n de moto CARDO en Murcia, Francisco Belmonte. Desc\u00fabrelos al mejor precio.","breadcrumb":{"@id":"https:\/\/franciscobelmonte.com\/tienda\/intercomunicador-cardo-freecom-2x-duo\/#breadcrumb"},"inLanguage":"es","potentialAction":[{"@type":"ReadAction","target":["https:\/\/franciscobelmonte.com\/tienda\/intercomunicador-cardo-freecom-2x-duo\/"]}]},{"@type":"ImageObject","inLanguage":"es","@id":"https:\/\/franciscobelmonte.com\/tienda\/intercomunicador-cardo-freecom-2x-duo\/#primaryimage","url":"https:\/\/franciscobelmonte.com\/tienda\/wp-content\/uploads\/2022\/09\/intercomunicador-cardo-freecom-2x-duo.jpg","contentUrl":"https:\/\/franciscobelmonte.com\/tienda\/wp-content\/uploads\/2022\/09\/intercomunicador-cardo-freecom-2x-duo.jpg","width":800,"height":800,"caption":"intercomunicador cardo freecom 2x duo en murcia francisco belmonte"},{"@type":"BreadcrumbList","@id":"https:\/\/franciscobelmonte.com\/tienda\/intercomunicador-cardo-freecom-2x-duo\/#breadcrumb","itemListElement":[{"@type":"ListItem","position":1,"name":"Portada","item":"https:\/\/franciscobelmonte.com\/tienda\/"},{"@type":"ListItem","position":2,"name":"Tienda","item":"https:\/\/franciscobelmonte.com\/tienda\/boutique-equipamiento-motero\/"},{"@type":"ListItem","position":3,"name":"INTERCOMUNICADOR CARDO FREECOM 2X DUO"}]},{"@type":"WebSite","@id":"https:\/\/franciscobelmonte.com\/tienda\/#website","url":"https:\/\/franciscobelmonte.com\/tienda\/","name":"Boutique Francisco Belmonte","description":"Todo en complementos para motoristas","publisher":{"@id":"https:\/\/franciscobelmonte.com\/tienda\/#organization"},"potentialAction":[{"@type":"SearchAction","target":{"@type":"EntryPoint","urlTemplate":"https:\/\/franciscobelmonte.com\/tienda\/?s={search_term_string}"},"query-input":{"@type":"PropertyValueSpecification","valueRequired":true,"valueName":"search_term_string"}}],"inLanguage":"es"},{"@type":"Organization","@id":"https:\/\/franciscobelmonte.com\/tienda\/#organization","name":"Boutique Francisco Belmonte","url":"https:\/\/franciscobelmonte.com\/tienda\/","logo":{"@type":"ImageObject","inLanguage":"es","@id":"https:\/\/franciscobelmonte.com\/tienda\/#\/schema\/logo\/image\/","url":"https:\/\/franciscobelmonte.com\/tienda\/wp-content\/uploads\/2021\/12\/Francisco-Belmonte-logo.png","contentUrl":"https:\/\/franciscobelmonte.com\/tienda\/wp-content\/uploads\/2021\/12\/Francisco-Belmonte-logo.png","width":2153,"height":536,"caption":"Boutique Francisco Belmonte"},"image":{"@id":"https:\/\/franciscobelmonte.com\/tienda\/#\/schema\/logo\/image\/"},"sameAs":["https:\/\/www.facebook.com\/motosfranciscobelmonte","https:\/\/www.instagram.com\/fco.belmonte\/"]}]}},"jetpack_sharing_enabled":true,"brands":[],"_links":{"self":[{"href":"https:\/\/franciscobelmonte.com\/tienda\/wp-json\/wp\/v2\/product\/6554","targetHints":{"allow":["GET"]}}],"collection":[{"href":"https:\/\/franciscobelmonte.com\/tienda\/wp-json\/wp\/v2\/product"}],"about":[{"href":"https:\/\/franciscobelmonte.com\/tienda\/wp-json\/wp\/v2\/types\/product"}],"replies":[{"embeddable":true,"href":"https:\/\/franciscobelmonte.com\/tienda\/wp-json\/wp\/v2\/comments?post=6554"}],"wp:featuredmedia":[{"embeddable":true,"href":"https:\/\/franciscobelmonte.com\/tienda\/wp-json\/wp\/v2\/media\/6556"}],"wp:attachment":[{"href":"https:\/\/franciscobelmonte.com\/tienda\/wp-json\/wp\/v2\/media?parent=6554"}],"wp:term":[{"taxonomy":"pwb-brand","embeddable":true,"href":"https:\/\/franciscobelmonte.com\/tienda\/wp-json\/wp\/v2\/pwb-brand?post=6554"},{"taxonomy":"product_brand","embeddable":true,"href":"https:\/\/franciscobelmonte.com\/tienda\/wp-json\/wp\/v2\/product_brand?post=6554"},{"taxonomy":"product_cat","embeddable":true,"href":"https:\/\/franciscobelmonte.com\/tienda\/wp-json\/wp\/v2\/product_cat?post=6554"},{"taxonomy":"product_tag","embeddable":true,"href":"https:\/\/franciscobelmonte.com\/tienda\/wp-json\/wp\/v2\/product_tag?post=6554"}],"curies":[{"name":"wp","href":"https:\/\/api.w.org\/{rel}","templated":true}]}}