{"id":6594,"date":"2022-10-03T10:40:14","date_gmt":"2022-10-03T10:40:14","guid":{"rendered":"https:\/\/franciscobelmonte.com\/tienda\/?post_type=product&#038;p=6594"},"modified":"2024-09-19T19:58:39","modified_gmt":"2024-09-19T17:58:39","slug":"casco-hjc-rpha-70-paika-rojo-azul-blanco","status":"publish","type":"product","link":"https:\/\/franciscobelmonte.com\/tienda\/casco-hjc-rpha-70-paika-rojo-azul-blanco\/","title":{"rendered":"CASCO HJC RPHA 70 PAIKA MC21 ROJO \/ AZUL \/ BLANCO"},"content":{"rendered":"<h1>Casco HJC RPHA 70 PAIKA Rojo \/ Azul \/ Blanco<\/h1>\n<p>El HJC RPHA 70 Paika es un casco integral sport-touring ligero, vers\u00e1til y funcional gracias a su visor solar interior, su eficaz sistema de ventilaci\u00f3n y por sus innovadoras caracter\u00edsticas.<\/p>\n<p><strong>CARACTERISTICAS<\/strong><\/p>\n<p><strong>Calota Externa<\/strong><\/p>\n<ul>\n<li>La calota exterior de este casco de moto est\u00e1 fabricada en un compuesto avanzado de fibra de carbono y fibra h\u00edbrida de vidrio y carbono. Este compuesto permite que el caso ofrezca gran resistencia a los impactos con un peso muy reducido. Esta tecnolog\u00eda ha sido bautizada por la marca como PIM+ (Premium Integrated Matrix Plus).<\/li>\n<li>El casco HJC RPHA 70 est\u00e1 disponible en 3 tama\u00f1os de calota para un mejor ajuste a cada talla.<\/li>\n<\/ul>\n<p><strong>Ventilaci\u00f3n del casco<\/strong><\/p>\n<ul>\n<li>El sistema de ventilaci\u00f3n consta de una entrada \/ salida de aire en la zona superior para ofrecer un mayor flujo de aire. Dispone de una entrada de aire en la mentonera y dos entradas de aire situadas en la parte superior de la calota que permiten absorber un mayor flujo de aire. encontramos dos orificios de salida en la zona posterior del casco que garantizan la total extracci\u00f3n de la humanidad y del aire caliente del interior del mismo.<\/li>\n<\/ul>\n<p><strong>Pantalla<\/strong><\/p>\n<ul>\n<li>La pantalla del RPHA 70 Paika (HJ-26ST) ofrece un amplio campo visual y dispone de tratamiento anti-rayadas y anti-vaho. Incluye pantallita interior Pinlock, evita que se empa\u00f1e la pantalla. El mecanismo de la pantalla RapidFire permite montar y desmontar la pantalla de forma r\u00e1pida y sin herramientas.<\/li>\n<li>Cuenta adem\u00e1s con visor solar ahumado (HJ-LT) integrado con tratamiento antirayas y antivaho.<\/li>\n<\/ul>\n<p><strong>Interior<\/strong><\/p>\n<ul>\n<li>Dispone del sistema Multicool, que presenta tres acabados textiles distintos, cada uno con funciones distintas: el de las carrilleras optimiza el tacto y el confort en marcha, mientras que el que rodea la parte superior de la cabeza combina el correcto ajuste y una \u00f3ptima transpiraci\u00f3n. El acolchado superior tiene como objetivo la correcta evacuaci\u00f3n del sudor y la humedad interior. El acabado exterior del acolchado incorpora zonas relfectantes y dispone de corona de goma que evita la entrada de agua en el interior del caso en caso de lluvia.<\/li>\n<li>Dispone de sistema de extracci\u00f3n de emergencia del acolchado lateral, que permite retirar de manera r\u00e1pida y sencilla los acolchados.<\/li>\n<li>Todos los acolchados son extra\u00edbles y lavables.<\/li>\n<li>El dise\u00f1o del EPS admite llevar gafas de uso diario o gafas de sol.<\/li>\n<\/ul>\n<p><strong>OTRAS CARACTERISTICAS<\/strong><\/p>\n<ul>\n<li>Sistema de cierre de doble hebilla o doble D.<\/li>\n<li>El dise\u00f1o interior permite el uso normal de gafas.<\/li>\n<li>Cubrenariz y cubrebarbilla incluidos.<\/li>\n<li>Peso del casco HJC RPHA 70:1350 g +\/- 50 g en talla S.<\/li>\n<li>Tiene homologaci\u00f3n ECE 22.05.<\/li>\n<li>Predisposici\u00f3n para montar el sistema de comunicaci\u00f3n Smarth Bluetooth by Cardo (no incluido).<\/li>\n<\/ul>\n<p>&nbsp;<\/p>\n<p>&nbsp;<\/p>\n<p>&nbsp;<\/p>\n<p>&nbsp;<\/p>\n<p>&nbsp;<\/p>\n","protected":false},"excerpt":{"rendered":"<p>El <strong>HJC RPHA 70 Paika<\/strong> es un casco integral sport-touring ligero, vers\u00e1til y funcional gracias a su visor solar interior, su eficaz sistema de ventilaci\u00f3n y por sus innovadoras caracter\u00edsticas.<\/p>\n","protected":false},"featured_media":6599,"comment_status":"open","ping_status":"closed","template":"","meta":{"_themeisle_gutenberg_block_has_review":false},"pwb-brand":[190],"product_brand":[],"product_cat":[15,145,657],"product_tag":[778,416],"class_list":{"0":"post-6594","1":"product","2":"type-product","3":"status-publish","4":"has-post-thumbnail","6":"pwb-brand-hjc","7":"product_cat-casco-de-moto","8":"product_cat-cascos-de-moto-integrales","9":"product_cat-seleccion-especial-navidad","10":"product_tag-hjc-sin-rebajas-30","11":"product_tag-liquidacion","13":"first","14":"outofstock","15":"taxable","16":"shipping-taxable","17":"product-type-variable","18":"has-default-attributes"},"yoast_head":"<!-- This site is optimized with the Yoast SEO plugin v27.3 - https:\/\/yoast.com\/product\/yoast-seo-wordpress\/ -->\n<title>CASCO HJC RPHA 70 PAIKA MC21 ROJO \/ AZUL \/ BLANCO - Boutique Francisco Belmonte<\/title>\n<meta name=\"description\" content=\"Casco HJC RPHA 70 Paika Rojo-Azul-Blanco. Cascos de moto HJC en Murcia, boutique Francisco Belmonte, en todos sus modelos y colores al mejor precio.\" \/>\n<meta name=\"robots\" content=\"index, follow, max-snippet:-1, max-image-preview:large, max-video-preview:-1\" \/>\n<link rel=\"canonical\" href=\"https:\/\/franciscobelmonte.com\/tienda\/casco-hjc-rpha-70-paika-rojo-azul-blanco\/\" \/>\n<meta property=\"og:locale\" content=\"es_ES\" \/>\n<meta property=\"og:type\" content=\"article\" \/>\n<meta property=\"og:title\" content=\"CASCO HJC RPHA 70 PAIKA MC21 ROJO \/ AZUL \/ BLANCO - Boutique Francisco Belmonte\" \/>\n<meta property=\"og:description\" content=\"Casco HJC RPHA 70 Paika Rojo-Azul-Blanco. Cascos de moto HJC en Murcia, boutique Francisco Belmonte, en todos sus modelos y colores al mejor precio.\" \/>\n<meta property=\"og:url\" content=\"https:\/\/franciscobelmonte.com\/tienda\/casco-hjc-rpha-70-paika-rojo-azul-blanco\/\" \/>\n<meta property=\"og:site_name\" content=\"Boutique Francisco Belmonte\" \/>\n<meta property=\"article:publisher\" content=\"https:\/\/www.facebook.com\/motosfranciscobelmonte\" \/>\n<meta property=\"article:modified_time\" content=\"2024-09-19T17:58:39+00:00\" \/>\n<meta property=\"og:image\" content=\"https:\/\/franciscobelmonte.com\/tienda\/wp-content\/uploads\/2022\/10\/casco-hjc-rpha-70-paika-rojo-azul-blanco.jpg\" \/>\n\t<meta property=\"og:image:width\" content=\"800\" \/>\n\t<meta property=\"og:image:height\" content=\"800\" \/>\n\t<meta property=\"og:image:type\" content=\"image\/jpeg\" \/>\n<meta name=\"twitter:card\" content=\"summary_large_image\" \/>\n<meta name=\"twitter:label1\" content=\"Tiempo de lectura\" \/>\n\t<meta name=\"twitter:data1\" content=\"1 minuto\" \/>\n<script type=\"application\/ld+json\" class=\"yoast-schema-graph\">{\"@context\":\"https:\\\/\\\/schema.org\",\"@graph\":[{\"@type\":\"WebPage\",\"@id\":\"https:\\\/\\\/franciscobelmonte.com\\\/tienda\\\/casco-hjc-rpha-70-paika-rojo-azul-blanco\\\/\",\"url\":\"https:\\\/\\\/franciscobelmonte.com\\\/tienda\\\/casco-hjc-rpha-70-paika-rojo-azul-blanco\\\/\",\"name\":\"CASCO HJC RPHA 70 PAIKA MC21 ROJO \\\/ AZUL \\\/ BLANCO - Boutique Francisco Belmonte\",\"isPartOf\":{\"@id\":\"https:\\\/\\\/franciscobelmonte.com\\\/tienda\\\/#website\"},\"primaryImageOfPage\":{\"@id\":\"https:\\\/\\\/franciscobelmonte.com\\\/tienda\\\/casco-hjc-rpha-70-paika-rojo-azul-blanco\\\/#primaryimage\"},\"image\":{\"@id\":\"https:\\\/\\\/franciscobelmonte.com\\\/tienda\\\/casco-hjc-rpha-70-paika-rojo-azul-blanco\\\/#primaryimage\"},\"thumbnailUrl\":\"https:\\\/\\\/franciscobelmonte.com\\\/tienda\\\/wp-content\\\/uploads\\\/2022\\\/10\\\/casco-hjc-rpha-70-paika-rojo-azul-blanco.jpg\",\"datePublished\":\"2022-10-03T10:40:14+00:00\",\"dateModified\":\"2024-09-19T17:58:39+00:00\",\"description\":\"Casco HJC RPHA 70 Paika Rojo-Azul-Blanco. Cascos de moto HJC en Murcia, boutique Francisco Belmonte, en todos sus modelos y colores al mejor precio.\",\"breadcrumb\":{\"@id\":\"https:\\\/\\\/franciscobelmonte.com\\\/tienda\\\/casco-hjc-rpha-70-paika-rojo-azul-blanco\\\/#breadcrumb\"},\"inLanguage\":\"es\",\"potentialAction\":[{\"@type\":\"ReadAction\",\"target\":[\"https:\\\/\\\/franciscobelmonte.com\\\/tienda\\\/casco-hjc-rpha-70-paika-rojo-azul-blanco\\\/\"]}]},{\"@type\":\"ImageObject\",\"inLanguage\":\"es\",\"@id\":\"https:\\\/\\\/franciscobelmonte.com\\\/tienda\\\/casco-hjc-rpha-70-paika-rojo-azul-blanco\\\/#primaryimage\",\"url\":\"https:\\\/\\\/franciscobelmonte.com\\\/tienda\\\/wp-content\\\/uploads\\\/2022\\\/10\\\/casco-hjc-rpha-70-paika-rojo-azul-blanco.jpg\",\"contentUrl\":\"https:\\\/\\\/franciscobelmonte.com\\\/tienda\\\/wp-content\\\/uploads\\\/2022\\\/10\\\/casco-hjc-rpha-70-paika-rojo-azul-blanco.jpg\",\"width\":800,\"height\":800,\"caption\":\"casco hjc rpha 70 paika rojo azul blanco en murcia francisco belmonte\"},{\"@type\":\"BreadcrumbList\",\"@id\":\"https:\\\/\\\/franciscobelmonte.com\\\/tienda\\\/casco-hjc-rpha-70-paika-rojo-azul-blanco\\\/#breadcrumb\",\"itemListElement\":[{\"@type\":\"ListItem\",\"position\":1,\"name\":\"Portada\",\"item\":\"https:\\\/\\\/franciscobelmonte.com\\\/tienda\\\/\"},{\"@type\":\"ListItem\",\"position\":2,\"name\":\"Tienda\",\"item\":\"https:\\\/\\\/franciscobelmonte.com\\\/tienda\\\/boutique-equipamiento-motero\\\/\"},{\"@type\":\"ListItem\",\"position\":3,\"name\":\"CASCO HJC RPHA 70 PAIKA MC21 ROJO \\\/ AZUL \\\/ BLANCO\"}]},{\"@type\":\"WebSite\",\"@id\":\"https:\\\/\\\/franciscobelmonte.com\\\/tienda\\\/#website\",\"url\":\"https:\\\/\\\/franciscobelmonte.com\\\/tienda\\\/\",\"name\":\"Boutique Francisco Belmonte\",\"description\":\"Todo en complementos para motoristas\",\"publisher\":{\"@id\":\"https:\\\/\\\/franciscobelmonte.com\\\/tienda\\\/#organization\"},\"potentialAction\":[{\"@type\":\"SearchAction\",\"target\":{\"@type\":\"EntryPoint\",\"urlTemplate\":\"https:\\\/\\\/franciscobelmonte.com\\\/tienda\\\/?s={search_term_string}\"},\"query-input\":{\"@type\":\"PropertyValueSpecification\",\"valueRequired\":true,\"valueName\":\"search_term_string\"}}],\"inLanguage\":\"es\"},{\"@type\":\"Organization\",\"@id\":\"https:\\\/\\\/franciscobelmonte.com\\\/tienda\\\/#organization\",\"name\":\"Boutique Francisco Belmonte\",\"url\":\"https:\\\/\\\/franciscobelmonte.com\\\/tienda\\\/\",\"logo\":{\"@type\":\"ImageObject\",\"inLanguage\":\"es\",\"@id\":\"https:\\\/\\\/franciscobelmonte.com\\\/tienda\\\/#\\\/schema\\\/logo\\\/image\\\/\",\"url\":\"https:\\\/\\\/franciscobelmonte.com\\\/tienda\\\/wp-content\\\/uploads\\\/2021\\\/12\\\/Francisco-Belmonte-logo.png\",\"contentUrl\":\"https:\\\/\\\/franciscobelmonte.com\\\/tienda\\\/wp-content\\\/uploads\\\/2021\\\/12\\\/Francisco-Belmonte-logo.png\",\"width\":2153,\"height\":536,\"caption\":\"Boutique Francisco Belmonte\"},\"image\":{\"@id\":\"https:\\\/\\\/franciscobelmonte.com\\\/tienda\\\/#\\\/schema\\\/logo\\\/image\\\/\"},\"sameAs\":[\"https:\\\/\\\/www.facebook.com\\\/motosfranciscobelmonte\",\"https:\\\/\\\/www.instagram.com\\\/fco.belmonte\\\/\"]}]}<\/script>\n<!-- \/ Yoast SEO plugin. -->","yoast_head_json":{"title":"CASCO HJC RPHA 70 PAIKA MC21 ROJO \/ AZUL \/ BLANCO - Boutique Francisco Belmonte","description":"Casco HJC RPHA 70 Paika Rojo-Azul-Blanco. Cascos de moto HJC en Murcia, boutique Francisco Belmonte, en todos sus modelos y colores al mejor precio.","robots":{"index":"index","follow":"follow","max-snippet":"max-snippet:-1","max-image-preview":"max-image-preview:large","max-video-preview":"max-video-preview:-1"},"canonical":"https:\/\/franciscobelmonte.com\/tienda\/casco-hjc-rpha-70-paika-rojo-azul-blanco\/","og_locale":"es_ES","og_type":"article","og_title":"CASCO HJC RPHA 70 PAIKA MC21 ROJO \/ AZUL \/ BLANCO - Boutique Francisco Belmonte","og_description":"Casco HJC RPHA 70 Paika Rojo-Azul-Blanco. Cascos de moto HJC en Murcia, boutique Francisco Belmonte, en todos sus modelos y colores al mejor precio.","og_url":"https:\/\/franciscobelmonte.com\/tienda\/casco-hjc-rpha-70-paika-rojo-azul-blanco\/","og_site_name":"Boutique Francisco Belmonte","article_publisher":"https:\/\/www.facebook.com\/motosfranciscobelmonte","article_modified_time":"2024-09-19T17:58:39+00:00","og_image":[{"width":800,"height":800,"url":"https:\/\/franciscobelmonte.com\/tienda\/wp-content\/uploads\/2022\/10\/casco-hjc-rpha-70-paika-rojo-azul-blanco.jpg","type":"image\/jpeg"}],"twitter_card":"summary_large_image","twitter_misc":{"Tiempo de lectura":"1 minuto"},"schema":{"@context":"https:\/\/schema.org","@graph":[{"@type":"WebPage","@id":"https:\/\/franciscobelmonte.com\/tienda\/casco-hjc-rpha-70-paika-rojo-azul-blanco\/","url":"https:\/\/franciscobelmonte.com\/tienda\/casco-hjc-rpha-70-paika-rojo-azul-blanco\/","name":"CASCO HJC RPHA 70 PAIKA MC21 ROJO \/ AZUL \/ BLANCO - Boutique Francisco Belmonte","isPartOf":{"@id":"https:\/\/franciscobelmonte.com\/tienda\/#website"},"primaryImageOfPage":{"@id":"https:\/\/franciscobelmonte.com\/tienda\/casco-hjc-rpha-70-paika-rojo-azul-blanco\/#primaryimage"},"image":{"@id":"https:\/\/franciscobelmonte.com\/tienda\/casco-hjc-rpha-70-paika-rojo-azul-blanco\/#primaryimage"},"thumbnailUrl":"https:\/\/franciscobelmonte.com\/tienda\/wp-content\/uploads\/2022\/10\/casco-hjc-rpha-70-paika-rojo-azul-blanco.jpg","datePublished":"2022-10-03T10:40:14+00:00","dateModified":"2024-09-19T17:58:39+00:00","description":"Casco HJC RPHA 70 Paika Rojo-Azul-Blanco. Cascos de moto HJC en Murcia, boutique Francisco Belmonte, en todos sus modelos y colores al mejor precio.","breadcrumb":{"@id":"https:\/\/franciscobelmonte.com\/tienda\/casco-hjc-rpha-70-paika-rojo-azul-blanco\/#breadcrumb"},"inLanguage":"es","potentialAction":[{"@type":"ReadAction","target":["https:\/\/franciscobelmonte.com\/tienda\/casco-hjc-rpha-70-paika-rojo-azul-blanco\/"]}]},{"@type":"ImageObject","inLanguage":"es","@id":"https:\/\/franciscobelmonte.com\/tienda\/casco-hjc-rpha-70-paika-rojo-azul-blanco\/#primaryimage","url":"https:\/\/franciscobelmonte.com\/tienda\/wp-content\/uploads\/2022\/10\/casco-hjc-rpha-70-paika-rojo-azul-blanco.jpg","contentUrl":"https:\/\/franciscobelmonte.com\/tienda\/wp-content\/uploads\/2022\/10\/casco-hjc-rpha-70-paika-rojo-azul-blanco.jpg","width":800,"height":800,"caption":"casco hjc rpha 70 paika rojo azul blanco en murcia francisco belmonte"},{"@type":"BreadcrumbList","@id":"https:\/\/franciscobelmonte.com\/tienda\/casco-hjc-rpha-70-paika-rojo-azul-blanco\/#breadcrumb","itemListElement":[{"@type":"ListItem","position":1,"name":"Portada","item":"https:\/\/franciscobelmonte.com\/tienda\/"},{"@type":"ListItem","position":2,"name":"Tienda","item":"https:\/\/franciscobelmonte.com\/tienda\/boutique-equipamiento-motero\/"},{"@type":"ListItem","position":3,"name":"CASCO HJC RPHA 70 PAIKA MC21 ROJO \/ AZUL \/ BLANCO"}]},{"@type":"WebSite","@id":"https:\/\/franciscobelmonte.com\/tienda\/#website","url":"https:\/\/franciscobelmonte.com\/tienda\/","name":"Boutique Francisco Belmonte","description":"Todo en complementos para motoristas","publisher":{"@id":"https:\/\/franciscobelmonte.com\/tienda\/#organization"},"potentialAction":[{"@type":"SearchAction","target":{"@type":"EntryPoint","urlTemplate":"https:\/\/franciscobelmonte.com\/tienda\/?s={search_term_string}"},"query-input":{"@type":"PropertyValueSpecification","valueRequired":true,"valueName":"search_term_string"}}],"inLanguage":"es"},{"@type":"Organization","@id":"https:\/\/franciscobelmonte.com\/tienda\/#organization","name":"Boutique Francisco Belmonte","url":"https:\/\/franciscobelmonte.com\/tienda\/","logo":{"@type":"ImageObject","inLanguage":"es","@id":"https:\/\/franciscobelmonte.com\/tienda\/#\/schema\/logo\/image\/","url":"https:\/\/franciscobelmonte.com\/tienda\/wp-content\/uploads\/2021\/12\/Francisco-Belmonte-logo.png","contentUrl":"https:\/\/franciscobelmonte.com\/tienda\/wp-content\/uploads\/2021\/12\/Francisco-Belmonte-logo.png","width":2153,"height":536,"caption":"Boutique Francisco Belmonte"},"image":{"@id":"https:\/\/franciscobelmonte.com\/tienda\/#\/schema\/logo\/image\/"},"sameAs":["https:\/\/www.facebook.com\/motosfranciscobelmonte","https:\/\/www.instagram.com\/fco.belmonte\/"]}]}},"jetpack_sharing_enabled":true,"brands":[{"id":190,"name":"Hjc","slug":"hjc"}],"_links":{"self":[{"href":"https:\/\/franciscobelmonte.com\/tienda\/wp-json\/wp\/v2\/product\/6594","targetHints":{"allow":["GET"]}}],"collection":[{"href":"https:\/\/franciscobelmonte.com\/tienda\/wp-json\/wp\/v2\/product"}],"about":[{"href":"https:\/\/franciscobelmonte.com\/tienda\/wp-json\/wp\/v2\/types\/product"}],"replies":[{"embeddable":true,"href":"https:\/\/franciscobelmonte.com\/tienda\/wp-json\/wp\/v2\/comments?post=6594"}],"wp:featuredmedia":[{"embeddable":true,"href":"https:\/\/franciscobelmonte.com\/tienda\/wp-json\/wp\/v2\/media\/6599"}],"wp:attachment":[{"href":"https:\/\/franciscobelmonte.com\/tienda\/wp-json\/wp\/v2\/media?parent=6594"}],"wp:term":[{"taxonomy":"pwb-brand","embeddable":true,"href":"https:\/\/franciscobelmonte.com\/tienda\/wp-json\/wp\/v2\/pwb-brand?post=6594"},{"taxonomy":"product_brand","embeddable":true,"href":"https:\/\/franciscobelmonte.com\/tienda\/wp-json\/wp\/v2\/product_brand?post=6594"},{"taxonomy":"product_cat","embeddable":true,"href":"https:\/\/franciscobelmonte.com\/tienda\/wp-json\/wp\/v2\/product_cat?post=6594"},{"taxonomy":"product_tag","embeddable":true,"href":"https:\/\/franciscobelmonte.com\/tienda\/wp-json\/wp\/v2\/product_tag?post=6594"}],"curies":[{"name":"wp","href":"https:\/\/api.w.org\/{rel}","templated":true}]}}