{"id":6878,"date":"2022-10-08T11:01:43","date_gmt":"2022-10-08T11:01:43","guid":{"rendered":"https:\/\/franciscobelmonte.com\/tienda\/?post_type=product&#038;p=6878"},"modified":"2026-02-26T16:58:07","modified_gmt":"2026-02-26T14:58:07","slug":"guantes-alpinestars-sp-2-v2-rojo","status":"publish","type":"product","link":"https:\/\/franciscobelmonte.com\/tienda\/guantes-alpinestars-sp-2-v2-rojo\/","title":{"rendered":"GUANTES ALPINESTARS SP-2 V2 ROJO"},"content":{"rendered":"<h2>Guantes\u00a0 ALPINESTARS SP-2 V2 Rojo<\/h2>\n<div class=\"layoutArea\">\n<div class=\"column\">\n<p>Guantes deportivos de ca\u00f1a media confeccionados en piel altamente resistente a la abrasi\u00f3n con perforaciones y refuerzos acolchados en zonas claves de impacto. Disponen de protecci\u00f3n de nudillos DFS fabricada en pol\u00edmero de doble densidad y el puente de dedos patentado por Alpinestars. Los SP-2 V2 ofrecen excelentes niveles de protecci\u00f3n y confort. Es el guante perfecto para los entusiastas de las motos deportivas o naked.<\/p>\n<p><strong>Caracter\u00edsticas t\u00e9cnicas<\/strong><\/p>\n<p><strong>Materiales<\/strong><\/p>\n<ul>\n<li>Confeccionados principalmente en piel de primera calidad muy duradera. Palma confeccionada en piel muy confortable y resistente a la abrasi\u00f3n.<\/li>\n<li>Inserciones en piel perforada estrat\u00e9gicamente ubicadas que ayudan a mantener las manos frescas cuando pilotamos.<\/li>\n<li>Refuerzos de elast\u00f3mero en la palma y el pulgar para m\u00e1ximo agarre.<\/li>\n<li>Refuerzos de piel sint\u00e9tica en la palma y las zonas m\u00e1s cr\u00edticas de la parte externa de la mano que proporcionan la m\u00e1xima resistencia a la abrasi\u00f3n.<\/li>\n<\/ul>\n<p><strong>Protecci\u00f3n<\/strong><\/p>\n<ul>\n<li>Protecciones Alpinestars Dynamic Friction Shield (DFS) ubicadas en la zona de los nudillos, fabricadas en pol\u00edmero de doble densidad para mayor protecci\u00f3n contra los impactos. Incorporan entradas de aire moldeadas para mayor refrigeraci\u00f3n y ventilaci\u00f3n.<\/li>\n<li>Uni\u00f3n del 4\u00ba y 5\u00ba dedo patentada por Alpinestars para evitar la torcedura durante el impacto.<\/li>\n<li>Guantes certificados seg\u00fan la normativa CE &#8211; Cat. II Nivel 1.<\/li>\n<\/ul>\n<p><strong>Confort<\/strong><\/p>\n<ul>\n<li>Inserciones el\u00e1sticas de piel en acorde\u00f3n en los dedos y pulgar para mayor confort y libertad de movimientos.<\/li>\n<li>Dedos pre-curvados para reducir la fatiga del piloto mientras conduce.<\/li>\n<li>Panel el\u00e1stico entre la palma y el pulgar para mayor confort y libertad de movimientos.<\/li>\n<li>Acolchados de 3mm en los dedos para mayor confort y absorci\u00f3n de impactos.<\/li>\n<li>Punta del dedo \u00edndice compatible con pantallas t\u00e1ctiles para su uso con smartphones y sistemas GPS.<\/li>\n<li>Cierre principal con ajuste de velcro en el pu\u00f1o. Cinta de velcro en la mu\u00f1eca para evitar el descalzado del guante.<\/li>\n<\/ul>\n<p><strong>Homologaciones<\/strong><\/p>\n<ul>\n<li>CE EPI EN13594-2015<\/li>\n<\/ul>\n<\/div>\n<\/div>\n","protected":false},"excerpt":{"rendered":"<p>Guantes deportivos de ca\u00f1a media confeccionados en piel altamente resistente a la abrasi\u00f3n con perforaciones y refuerzos acolchados en zonas claves de impacto. Disponen de protecci\u00f3n de nudillos DFS fabricada en pol\u00edmero de doble densidad y el puente de dedos patentado por Alpinestars.<\/p>\n<p><a style=\"color: #0000ff;\" href=\"https:\/\/franciscobelmonte.com\/tienda\/wp-content\/uploads\/2022\/09\/Tallas-guantes-alpinestars.png\" target=\"_blank\" rel=\"noopener\"><span style=\"font-size: xx-small;\"> Ver gu\u00eda de tallas<\/span><\/a><\/p>\n","protected":false},"featured_media":6884,"comment_status":"open","ping_status":"closed","template":"","meta":{"_themeisle_gutenberg_block_has_review":false},"pwb-brand":[186],"product_brand":[],"product_cat":[36,800],"product_tag":[374,794,416,889],"class_list":{"0":"post-6878","1":"product","2":"type-product","3":"status-publish","4":"has-post-thumbnail","6":"pwb-brand-alpinestars","7":"product_cat-guantes","8":"product_cat-halloween","9":"product_tag-alpinestars","10":"product_tag-alpinestars-liquidacion-30","11":"product_tag-liquidacion","12":"product_tag-rebajas-liquidacion-70","14":"first","15":"outofstock","16":"taxable","17":"shipping-taxable","18":"product-type-variable","19":"has-default-attributes"},"yoast_head":"<!-- This site is optimized with the Yoast SEO plugin v27.6 - https:\/\/yoast.com\/product\/yoast-seo-wordpress\/ -->\n<title>GUANTES ALPINESTARS SP-2 V2 ROJO - Boutique Francisco Belmonte<\/title>\n<meta name=\"description\" content=\"Guantes Alpinestars SP-2 V2 Rojo. Guantes de moto Alpinestars en Murcia Francisco Belmonte, Murcia, en sus diferentes colores.\" \/>\n<meta name=\"robots\" content=\"index, follow, max-snippet:-1, max-image-preview:large, max-video-preview:-1\" \/>\n<link rel=\"canonical\" href=\"https:\/\/franciscobelmonte.com\/tienda\/guantes-alpinestars-sp-2-v2-rojo\/\" \/>\n<meta property=\"og:locale\" content=\"es_ES\" \/>\n<meta property=\"og:type\" content=\"article\" \/>\n<meta property=\"og:title\" content=\"GUANTES ALPINESTARS SP-2 V2 ROJO - Boutique Francisco Belmonte\" \/>\n<meta property=\"og:description\" content=\"Guantes Alpinestars SP-2 V2 Rojo. Guantes de moto Alpinestars en Murcia Francisco Belmonte, Murcia, en sus diferentes colores.\" \/>\n<meta property=\"og:url\" content=\"https:\/\/franciscobelmonte.com\/tienda\/guantes-alpinestars-sp-2-v2-rojo\/\" \/>\n<meta property=\"og:site_name\" content=\"Boutique Francisco Belmonte\" \/>\n<meta property=\"article:publisher\" content=\"https:\/\/www.facebook.com\/motosfranciscobelmonte\" \/>\n<meta property=\"article:modified_time\" content=\"2026-02-26T14:58:07+00:00\" \/>\n<meta property=\"og:image\" content=\"https:\/\/franciscobelmonte.com\/tienda\/wp-content\/uploads\/2022\/10\/guantes-alpinestars-sp-2-v2-negro-blanco-rojo.jpg\" \/>\n\t<meta property=\"og:image:width\" content=\"619\" \/>\n\t<meta property=\"og:image:height\" content=\"800\" \/>\n\t<meta property=\"og:image:type\" content=\"image\/jpeg\" \/>\n<meta name=\"twitter:card\" content=\"summary_large_image\" \/>\n<meta name=\"twitter:label1\" content=\"Tiempo de lectura\" \/>\n\t<meta name=\"twitter:data1\" content=\"1 minuto\" \/>\n<script type=\"application\/ld+json\" class=\"yoast-schema-graph\">{\"@context\":\"https:\\\/\\\/schema.org\",\"@graph\":[{\"@type\":\"WebPage\",\"@id\":\"https:\\\/\\\/franciscobelmonte.com\\\/tienda\\\/guantes-alpinestars-sp-2-v2-rojo\\\/\",\"url\":\"https:\\\/\\\/franciscobelmonte.com\\\/tienda\\\/guantes-alpinestars-sp-2-v2-rojo\\\/\",\"name\":\"GUANTES ALPINESTARS SP-2 V2 ROJO - Boutique Francisco Belmonte\",\"isPartOf\":{\"@id\":\"https:\\\/\\\/franciscobelmonte.com\\\/tienda\\\/#website\"},\"primaryImageOfPage\":{\"@id\":\"https:\\\/\\\/franciscobelmonte.com\\\/tienda\\\/guantes-alpinestars-sp-2-v2-rojo\\\/#primaryimage\"},\"image\":{\"@id\":\"https:\\\/\\\/franciscobelmonte.com\\\/tienda\\\/guantes-alpinestars-sp-2-v2-rojo\\\/#primaryimage\"},\"thumbnailUrl\":\"https:\\\/\\\/franciscobelmonte.com\\\/tienda\\\/wp-content\\\/uploads\\\/2022\\\/10\\\/guantes-alpinestars-sp-2-v2-negro-blanco-rojo.jpg\",\"datePublished\":\"2022-10-08T11:01:43+00:00\",\"dateModified\":\"2026-02-26T14:58:07+00:00\",\"description\":\"Guantes Alpinestars SP-2 V2 Rojo. Guantes de moto Alpinestars en Murcia Francisco Belmonte, Murcia, en sus diferentes colores.\",\"breadcrumb\":{\"@id\":\"https:\\\/\\\/franciscobelmonte.com\\\/tienda\\\/guantes-alpinestars-sp-2-v2-rojo\\\/#breadcrumb\"},\"inLanguage\":\"es\",\"potentialAction\":[{\"@type\":\"ReadAction\",\"target\":[\"https:\\\/\\\/franciscobelmonte.com\\\/tienda\\\/guantes-alpinestars-sp-2-v2-rojo\\\/\"]}]},{\"@type\":\"ImageObject\",\"inLanguage\":\"es\",\"@id\":\"https:\\\/\\\/franciscobelmonte.com\\\/tienda\\\/guantes-alpinestars-sp-2-v2-rojo\\\/#primaryimage\",\"url\":\"https:\\\/\\\/franciscobelmonte.com\\\/tienda\\\/wp-content\\\/uploads\\\/2022\\\/10\\\/guantes-alpinestars-sp-2-v2-negro-blanco-rojo.jpg\",\"contentUrl\":\"https:\\\/\\\/franciscobelmonte.com\\\/tienda\\\/wp-content\\\/uploads\\\/2022\\\/10\\\/guantes-alpinestars-sp-2-v2-negro-blanco-rojo.jpg\",\"width\":619,\"height\":800,\"caption\":\"guantes alpinestars sp-2 v2 negro blanco rojoen murcia francisco belmonte\"},{\"@type\":\"BreadcrumbList\",\"@id\":\"https:\\\/\\\/franciscobelmonte.com\\\/tienda\\\/guantes-alpinestars-sp-2-v2-rojo\\\/#breadcrumb\",\"itemListElement\":[{\"@type\":\"ListItem\",\"position\":1,\"name\":\"Portada\",\"item\":\"https:\\\/\\\/franciscobelmonte.com\\\/tienda\\\/\"},{\"@type\":\"ListItem\",\"position\":2,\"name\":\"Tienda\",\"item\":\"https:\\\/\\\/franciscobelmonte.com\\\/tienda\\\/boutique-equipamiento-motero\\\/\"},{\"@type\":\"ListItem\",\"position\":3,\"name\":\"GUANTES ALPINESTARS SP-2 V2 ROJO\"}]},{\"@type\":\"WebSite\",\"@id\":\"https:\\\/\\\/franciscobelmonte.com\\\/tienda\\\/#website\",\"url\":\"https:\\\/\\\/franciscobelmonte.com\\\/tienda\\\/\",\"name\":\"Boutique Francisco Belmonte\",\"description\":\"Todo en complementos para motoristas\",\"publisher\":{\"@id\":\"https:\\\/\\\/franciscobelmonte.com\\\/tienda\\\/#organization\"},\"potentialAction\":[{\"@type\":\"SearchAction\",\"target\":{\"@type\":\"EntryPoint\",\"urlTemplate\":\"https:\\\/\\\/franciscobelmonte.com\\\/tienda\\\/?s={search_term_string}\"},\"query-input\":{\"@type\":\"PropertyValueSpecification\",\"valueRequired\":true,\"valueName\":\"search_term_string\"}}],\"inLanguage\":\"es\"},{\"@type\":\"Organization\",\"@id\":\"https:\\\/\\\/franciscobelmonte.com\\\/tienda\\\/#organization\",\"name\":\"Boutique Francisco Belmonte\",\"url\":\"https:\\\/\\\/franciscobelmonte.com\\\/tienda\\\/\",\"logo\":{\"@type\":\"ImageObject\",\"inLanguage\":\"es\",\"@id\":\"https:\\\/\\\/franciscobelmonte.com\\\/tienda\\\/#\\\/schema\\\/logo\\\/image\\\/\",\"url\":\"https:\\\/\\\/franciscobelmonte.com\\\/tienda\\\/wp-content\\\/uploads\\\/2021\\\/12\\\/Francisco-Belmonte-logo.png\",\"contentUrl\":\"https:\\\/\\\/franciscobelmonte.com\\\/tienda\\\/wp-content\\\/uploads\\\/2021\\\/12\\\/Francisco-Belmonte-logo.png\",\"width\":2153,\"height\":536,\"caption\":\"Boutique Francisco Belmonte\"},\"image\":{\"@id\":\"https:\\\/\\\/franciscobelmonte.com\\\/tienda\\\/#\\\/schema\\\/logo\\\/image\\\/\"},\"sameAs\":[\"https:\\\/\\\/www.facebook.com\\\/motosfranciscobelmonte\",\"https:\\\/\\\/www.instagram.com\\\/fco.belmonte\\\/\"]}]}<\/script>\n<!-- \/ Yoast SEO plugin. -->","yoast_head_json":{"title":"GUANTES ALPINESTARS SP-2 V2 ROJO - Boutique Francisco Belmonte","description":"Guantes Alpinestars SP-2 V2 Rojo. Guantes de moto Alpinestars en Murcia Francisco Belmonte, Murcia, en sus diferentes colores.","robots":{"index":"index","follow":"follow","max-snippet":"max-snippet:-1","max-image-preview":"max-image-preview:large","max-video-preview":"max-video-preview:-1"},"canonical":"https:\/\/franciscobelmonte.com\/tienda\/guantes-alpinestars-sp-2-v2-rojo\/","og_locale":"es_ES","og_type":"article","og_title":"GUANTES ALPINESTARS SP-2 V2 ROJO - Boutique Francisco Belmonte","og_description":"Guantes Alpinestars SP-2 V2 Rojo. Guantes de moto Alpinestars en Murcia Francisco Belmonte, Murcia, en sus diferentes colores.","og_url":"https:\/\/franciscobelmonte.com\/tienda\/guantes-alpinestars-sp-2-v2-rojo\/","og_site_name":"Boutique Francisco Belmonte","article_publisher":"https:\/\/www.facebook.com\/motosfranciscobelmonte","article_modified_time":"2026-02-26T14:58:07+00:00","og_image":[{"width":619,"height":800,"url":"https:\/\/franciscobelmonte.com\/tienda\/wp-content\/uploads\/2022\/10\/guantes-alpinestars-sp-2-v2-negro-blanco-rojo.jpg","type":"image\/jpeg"}],"twitter_card":"summary_large_image","twitter_misc":{"Tiempo de lectura":"1 minuto"},"schema":{"@context":"https:\/\/schema.org","@graph":[{"@type":"WebPage","@id":"https:\/\/franciscobelmonte.com\/tienda\/guantes-alpinestars-sp-2-v2-rojo\/","url":"https:\/\/franciscobelmonte.com\/tienda\/guantes-alpinestars-sp-2-v2-rojo\/","name":"GUANTES ALPINESTARS SP-2 V2 ROJO - Boutique Francisco Belmonte","isPartOf":{"@id":"https:\/\/franciscobelmonte.com\/tienda\/#website"},"primaryImageOfPage":{"@id":"https:\/\/franciscobelmonte.com\/tienda\/guantes-alpinestars-sp-2-v2-rojo\/#primaryimage"},"image":{"@id":"https:\/\/franciscobelmonte.com\/tienda\/guantes-alpinestars-sp-2-v2-rojo\/#primaryimage"},"thumbnailUrl":"https:\/\/franciscobelmonte.com\/tienda\/wp-content\/uploads\/2022\/10\/guantes-alpinestars-sp-2-v2-negro-blanco-rojo.jpg","datePublished":"2022-10-08T11:01:43+00:00","dateModified":"2026-02-26T14:58:07+00:00","description":"Guantes Alpinestars SP-2 V2 Rojo. Guantes de moto Alpinestars en Murcia Francisco Belmonte, Murcia, en sus diferentes colores.","breadcrumb":{"@id":"https:\/\/franciscobelmonte.com\/tienda\/guantes-alpinestars-sp-2-v2-rojo\/#breadcrumb"},"inLanguage":"es","potentialAction":[{"@type":"ReadAction","target":["https:\/\/franciscobelmonte.com\/tienda\/guantes-alpinestars-sp-2-v2-rojo\/"]}]},{"@type":"ImageObject","inLanguage":"es","@id":"https:\/\/franciscobelmonte.com\/tienda\/guantes-alpinestars-sp-2-v2-rojo\/#primaryimage","url":"https:\/\/franciscobelmonte.com\/tienda\/wp-content\/uploads\/2022\/10\/guantes-alpinestars-sp-2-v2-negro-blanco-rojo.jpg","contentUrl":"https:\/\/franciscobelmonte.com\/tienda\/wp-content\/uploads\/2022\/10\/guantes-alpinestars-sp-2-v2-negro-blanco-rojo.jpg","width":619,"height":800,"caption":"guantes alpinestars sp-2 v2 negro blanco rojoen murcia francisco belmonte"},{"@type":"BreadcrumbList","@id":"https:\/\/franciscobelmonte.com\/tienda\/guantes-alpinestars-sp-2-v2-rojo\/#breadcrumb","itemListElement":[{"@type":"ListItem","position":1,"name":"Portada","item":"https:\/\/franciscobelmonte.com\/tienda\/"},{"@type":"ListItem","position":2,"name":"Tienda","item":"https:\/\/franciscobelmonte.com\/tienda\/boutique-equipamiento-motero\/"},{"@type":"ListItem","position":3,"name":"GUANTES ALPINESTARS SP-2 V2 ROJO"}]},{"@type":"WebSite","@id":"https:\/\/franciscobelmonte.com\/tienda\/#website","url":"https:\/\/franciscobelmonte.com\/tienda\/","name":"Boutique Francisco Belmonte","description":"Todo en complementos para motoristas","publisher":{"@id":"https:\/\/franciscobelmonte.com\/tienda\/#organization"},"potentialAction":[{"@type":"SearchAction","target":{"@type":"EntryPoint","urlTemplate":"https:\/\/franciscobelmonte.com\/tienda\/?s={search_term_string}"},"query-input":{"@type":"PropertyValueSpecification","valueRequired":true,"valueName":"search_term_string"}}],"inLanguage":"es"},{"@type":"Organization","@id":"https:\/\/franciscobelmonte.com\/tienda\/#organization","name":"Boutique Francisco Belmonte","url":"https:\/\/franciscobelmonte.com\/tienda\/","logo":{"@type":"ImageObject","inLanguage":"es","@id":"https:\/\/franciscobelmonte.com\/tienda\/#\/schema\/logo\/image\/","url":"https:\/\/franciscobelmonte.com\/tienda\/wp-content\/uploads\/2021\/12\/Francisco-Belmonte-logo.png","contentUrl":"https:\/\/franciscobelmonte.com\/tienda\/wp-content\/uploads\/2021\/12\/Francisco-Belmonte-logo.png","width":2153,"height":536,"caption":"Boutique Francisco Belmonte"},"image":{"@id":"https:\/\/franciscobelmonte.com\/tienda\/#\/schema\/logo\/image\/"},"sameAs":["https:\/\/www.facebook.com\/motosfranciscobelmonte","https:\/\/www.instagram.com\/fco.belmonte\/"]}]}},"jetpack_sharing_enabled":true,"brands":[{"id":186,"name":"Alpinestars","slug":"alpinestars"}],"_links":{"self":[{"href":"https:\/\/franciscobelmonte.com\/tienda\/wp-json\/wp\/v2\/product\/6878","targetHints":{"allow":["GET"]}}],"collection":[{"href":"https:\/\/franciscobelmonte.com\/tienda\/wp-json\/wp\/v2\/product"}],"about":[{"href":"https:\/\/franciscobelmonte.com\/tienda\/wp-json\/wp\/v2\/types\/product"}],"replies":[{"embeddable":true,"href":"https:\/\/franciscobelmonte.com\/tienda\/wp-json\/wp\/v2\/comments?post=6878"}],"wp:featuredmedia":[{"embeddable":true,"href":"https:\/\/franciscobelmonte.com\/tienda\/wp-json\/wp\/v2\/media\/6884"}],"wp:attachment":[{"href":"https:\/\/franciscobelmonte.com\/tienda\/wp-json\/wp\/v2\/media?parent=6878"}],"wp:term":[{"taxonomy":"pwb-brand","embeddable":true,"href":"https:\/\/franciscobelmonte.com\/tienda\/wp-json\/wp\/v2\/pwb-brand?post=6878"},{"taxonomy":"product_brand","embeddable":true,"href":"https:\/\/franciscobelmonte.com\/tienda\/wp-json\/wp\/v2\/product_brand?post=6878"},{"taxonomy":"product_cat","embeddable":true,"href":"https:\/\/franciscobelmonte.com\/tienda\/wp-json\/wp\/v2\/product_cat?post=6878"},{"taxonomy":"product_tag","embeddable":true,"href":"https:\/\/franciscobelmonte.com\/tienda\/wp-json\/wp\/v2\/product_tag?post=6878"}],"curies":[{"name":"wp","href":"https:\/\/api.w.org\/{rel}","templated":true}]}}