{"id":6886,"date":"2022-10-10T08:41:05","date_gmt":"2022-10-10T08:41:05","guid":{"rendered":"https:\/\/franciscobelmonte.com\/tienda\/?post_type=product&#038;p=6886"},"modified":"2026-01-06T20:35:10","modified_gmt":"2026-01-06T18:35:10","slug":"botas-alpinestars-stella-valencia-waterproof-lady-negro","status":"publish","type":"product","link":"https:\/\/franciscobelmonte.com\/tienda\/botas-alpinestars-stella-valencia-waterproof-lady-negro\/","title":{"rendered":"BOTAS ALPINESTARS STELLA VALENCIA WATERPROOF LADY NEGRO"},"content":{"rendered":"<h1>Botas Alpinestars Stella Valencia Waterproof Lady Negro<\/h1>\n<p>Botas impermeables de ca\u00f1a baja espec\u00edficamente dise\u00f1adas para la mujer. Incorporan amplias zonas en acorde\u00f3n y pr\u00e1cticos ajustes para garantizar un magn\u00edfico confort tanto en viajes largos como cortos.<\/p>\n<p><strong>Caracter\u00edsticas<\/strong><\/p>\n<ul>\n<li>Confeccionadas principalmente en piel de plena flor con inserciones de ante para excelentes niveles de confort y durabilidad.<\/li>\n<li>Zonas de microfibra el\u00e1stica en acorde\u00f3n en la parte frontal y trasera para una excelente flexibilidad, maniobrabilidad y ajuste sobre la moto y fuera de ella.<\/li>\n<li>Forro con membrana 100% impermeable.<\/li>\n<li>Discos protectores de tobillo en TPU de doble densidad. Est\u00e1n discretamente integrados debajo de la capa principal y reforzados con espuma.<\/li>\n<li>Elegante y pr\u00e1ctico refuerzo en la zona de la palanca de cambio, confeccionado en ante con textura tipo serpiente.<\/li>\n<li>Pr\u00e1ctico y amplio sistema de entrada con una gran solapa de Velcro en la espinilla. Incorpora una entretela resistente al agua.<\/li>\n<li>ajuste con hebilla y cinta de Velcro en el tobillo para un cierre r\u00e1pido, seguro y personalizado.<\/li>\n<li>Suela de goma de nuevo dise\u00f1o, extremadamente ligera, con patr\u00f3n de agarre texturizado para una excelente adherencia y estabilidad en la moto y fuera de ella.<\/li>\n<li>Suela intermedia de PU para mayor confort. Dispone de un v\u00e1stago de metal integrado que ayuda a aumentar la rigidez y reduce la deformaci\u00f3n en caso de impacto.<\/li>\n<li>Plantilla anat\u00f3mica desmontable confeccionada en espuma EVA y forro de lycra en la parte superior: proporciona confort, apoyo y una excelente absorci\u00f3n de la humedad.<\/li>\n<li>Estas botas est\u00e1n certificadas seg\u00fan la normativa<\/li>\n<\/ul>\n<p>&nbsp;<\/p>\n<p>&nbsp;<\/p>\n<p>&nbsp;<\/p>\n","protected":false},"excerpt":{"rendered":"<p>Botas impermeables de ca\u00f1a baja espec\u00edficamente dise\u00f1adas para la mujer. Incorporan amplias zonas en acorde\u00f3n y pr\u00e1cticos ajustes para garantizar un magn\u00edfico confort tanto en viajes largos como cortos.<\/p>\n<p><a style=\"color: #0000ff;\" href=\"https:\/\/franciscobelmonte.com\/tienda\/wp-content\/uploads\/2022\/09\/Tallas-calzado-alpinestars-mujer.png\" target=\"_blank\" rel=\"noopener\"><span style=\"font-size: xx-small;\"> Ver gu\u00eda de tallas<\/span><\/a><\/p>\n","protected":false},"featured_media":6898,"comment_status":"open","ping_status":"closed","template":"","meta":{"_themeisle_gutenberg_block_has_review":false},"pwb-brand":[186],"product_brand":[],"product_cat":[656,148],"product_tag":[865,771,888],"class_list":{"0":"post-6886","1":"product","2":"type-product","3":"status-publish","4":"has-post-thumbnail","6":"pwb-brand-alpinestars","7":"product_cat-botas","8":"product_cat-botas-de-moto-touring","9":"product_tag-865","10":"product_tag-alpinestars-sin-rebajas-25","11":"product_tag-rebajas-40","13":"first","14":"instock","15":"sale","16":"taxable","17":"shipping-taxable","18":"purchasable","19":"product-type-variable","20":"has-default-attributes"},"yoast_head":"<!-- This site is optimized with the Yoast SEO plugin v27.4 - https:\/\/yoast.com\/product\/yoast-seo-wordpress\/ -->\n<title>BOTAS ALPINESTARS STELLA VALENCIA WATERPROOF LADY NEGRO - Boutique Francisco Belmonte<\/title>\n<meta name=\"description\" content=\"Botas Alpinestars Stella Valencia waterproof Lady Negro.. Botas de moto Alpinestars en Murcia Francisco Belmonte, en sus diferentes colores al mejor precio.\" \/>\n<meta name=\"robots\" content=\"index, follow, max-snippet:-1, max-image-preview:large, max-video-preview:-1\" \/>\n<link rel=\"canonical\" href=\"https:\/\/franciscobelmonte.com\/tienda\/botas-alpinestars-stella-valencia-waterproof-lady-negro\/\" \/>\n<meta property=\"og:locale\" content=\"es_ES\" \/>\n<meta property=\"og:type\" content=\"article\" \/>\n<meta property=\"og:title\" content=\"BOTAS ALPINESTARS STELLA VALENCIA WATERPROOF LADY NEGRO - Boutique Francisco Belmonte\" \/>\n<meta property=\"og:description\" content=\"Botas Alpinestars Stella Valencia waterproof Lady Negro.. Botas de moto Alpinestars en Murcia Francisco Belmonte, en sus diferentes colores al mejor precio.\" \/>\n<meta property=\"og:url\" content=\"https:\/\/franciscobelmonte.com\/tienda\/botas-alpinestars-stella-valencia-waterproof-lady-negro\/\" \/>\n<meta property=\"og:site_name\" content=\"Boutique Francisco Belmonte\" \/>\n<meta property=\"article:publisher\" content=\"https:\/\/www.facebook.com\/motosfranciscobelmonte\" \/>\n<meta property=\"article:modified_time\" content=\"2026-01-06T18:35:10+00:00\" \/>\n<meta property=\"og:image\" content=\"https:\/\/franciscobelmonte.com\/tienda\/wp-content\/uploads\/2022\/10\/botas-alpinestars-valencia-waterproof-lady-negro.jpg\" \/>\n\t<meta property=\"og:image:width\" content=\"800\" \/>\n\t<meta property=\"og:image:height\" content=\"800\" \/>\n\t<meta property=\"og:image:type\" content=\"image\/jpeg\" \/>\n<meta name=\"twitter:card\" content=\"summary_large_image\" \/>\n<meta name=\"twitter:label1\" content=\"Tiempo de lectura\" \/>\n\t<meta name=\"twitter:data1\" content=\"1 minuto\" \/>\n<script type=\"application\/ld+json\" class=\"yoast-schema-graph\">{\"@context\":\"https:\\\/\\\/schema.org\",\"@graph\":[{\"@type\":\"WebPage\",\"@id\":\"https:\\\/\\\/franciscobelmonte.com\\\/tienda\\\/botas-alpinestars-stella-valencia-waterproof-lady-negro\\\/\",\"url\":\"https:\\\/\\\/franciscobelmonte.com\\\/tienda\\\/botas-alpinestars-stella-valencia-waterproof-lady-negro\\\/\",\"name\":\"BOTAS ALPINESTARS STELLA VALENCIA WATERPROOF LADY NEGRO - Boutique Francisco Belmonte\",\"isPartOf\":{\"@id\":\"https:\\\/\\\/franciscobelmonte.com\\\/tienda\\\/#website\"},\"primaryImageOfPage\":{\"@id\":\"https:\\\/\\\/franciscobelmonte.com\\\/tienda\\\/botas-alpinestars-stella-valencia-waterproof-lady-negro\\\/#primaryimage\"},\"image\":{\"@id\":\"https:\\\/\\\/franciscobelmonte.com\\\/tienda\\\/botas-alpinestars-stella-valencia-waterproof-lady-negro\\\/#primaryimage\"},\"thumbnailUrl\":\"https:\\\/\\\/franciscobelmonte.com\\\/tienda\\\/wp-content\\\/uploads\\\/2022\\\/10\\\/botas-alpinestars-valencia-waterproof-lady-negro.jpg\",\"datePublished\":\"2022-10-10T08:41:05+00:00\",\"dateModified\":\"2026-01-06T18:35:10+00:00\",\"description\":\"Botas Alpinestars Stella Valencia waterproof Lady Negro.. Botas de moto Alpinestars en Murcia Francisco Belmonte, en sus diferentes colores al mejor precio.\",\"breadcrumb\":{\"@id\":\"https:\\\/\\\/franciscobelmonte.com\\\/tienda\\\/botas-alpinestars-stella-valencia-waterproof-lady-negro\\\/#breadcrumb\"},\"inLanguage\":\"es\",\"potentialAction\":[{\"@type\":\"ReadAction\",\"target\":[\"https:\\\/\\\/franciscobelmonte.com\\\/tienda\\\/botas-alpinestars-stella-valencia-waterproof-lady-negro\\\/\"]}]},{\"@type\":\"ImageObject\",\"inLanguage\":\"es\",\"@id\":\"https:\\\/\\\/franciscobelmonte.com\\\/tienda\\\/botas-alpinestars-stella-valencia-waterproof-lady-negro\\\/#primaryimage\",\"url\":\"https:\\\/\\\/franciscobelmonte.com\\\/tienda\\\/wp-content\\\/uploads\\\/2022\\\/10\\\/botas-alpinestars-valencia-waterproof-lady-negro.jpg\",\"contentUrl\":\"https:\\\/\\\/franciscobelmonte.com\\\/tienda\\\/wp-content\\\/uploads\\\/2022\\\/10\\\/botas-alpinestars-valencia-waterproof-lady-negro.jpg\",\"width\":800,\"height\":800,\"caption\":\"botas alpinestars valencia waterproof lady negro en murcia francisco belmonte\"},{\"@type\":\"BreadcrumbList\",\"@id\":\"https:\\\/\\\/franciscobelmonte.com\\\/tienda\\\/botas-alpinestars-stella-valencia-waterproof-lady-negro\\\/#breadcrumb\",\"itemListElement\":[{\"@type\":\"ListItem\",\"position\":1,\"name\":\"Portada\",\"item\":\"https:\\\/\\\/franciscobelmonte.com\\\/tienda\\\/\"},{\"@type\":\"ListItem\",\"position\":2,\"name\":\"Tienda\",\"item\":\"https:\\\/\\\/franciscobelmonte.com\\\/tienda\\\/boutique-equipamiento-motero\\\/\"},{\"@type\":\"ListItem\",\"position\":3,\"name\":\"BOTAS ALPINESTARS STELLA VALENCIA WATERPROOF LADY NEGRO\"}]},{\"@type\":\"WebSite\",\"@id\":\"https:\\\/\\\/franciscobelmonte.com\\\/tienda\\\/#website\",\"url\":\"https:\\\/\\\/franciscobelmonte.com\\\/tienda\\\/\",\"name\":\"Boutique Francisco Belmonte\",\"description\":\"Todo en complementos para motoristas\",\"publisher\":{\"@id\":\"https:\\\/\\\/franciscobelmonte.com\\\/tienda\\\/#organization\"},\"potentialAction\":[{\"@type\":\"SearchAction\",\"target\":{\"@type\":\"EntryPoint\",\"urlTemplate\":\"https:\\\/\\\/franciscobelmonte.com\\\/tienda\\\/?s={search_term_string}\"},\"query-input\":{\"@type\":\"PropertyValueSpecification\",\"valueRequired\":true,\"valueName\":\"search_term_string\"}}],\"inLanguage\":\"es\"},{\"@type\":\"Organization\",\"@id\":\"https:\\\/\\\/franciscobelmonte.com\\\/tienda\\\/#organization\",\"name\":\"Boutique Francisco Belmonte\",\"url\":\"https:\\\/\\\/franciscobelmonte.com\\\/tienda\\\/\",\"logo\":{\"@type\":\"ImageObject\",\"inLanguage\":\"es\",\"@id\":\"https:\\\/\\\/franciscobelmonte.com\\\/tienda\\\/#\\\/schema\\\/logo\\\/image\\\/\",\"url\":\"https:\\\/\\\/franciscobelmonte.com\\\/tienda\\\/wp-content\\\/uploads\\\/2021\\\/12\\\/Francisco-Belmonte-logo.png\",\"contentUrl\":\"https:\\\/\\\/franciscobelmonte.com\\\/tienda\\\/wp-content\\\/uploads\\\/2021\\\/12\\\/Francisco-Belmonte-logo.png\",\"width\":2153,\"height\":536,\"caption\":\"Boutique Francisco Belmonte\"},\"image\":{\"@id\":\"https:\\\/\\\/franciscobelmonte.com\\\/tienda\\\/#\\\/schema\\\/logo\\\/image\\\/\"},\"sameAs\":[\"https:\\\/\\\/www.facebook.com\\\/motosfranciscobelmonte\",\"https:\\\/\\\/www.instagram.com\\\/fco.belmonte\\\/\"]}]}<\/script>\n<!-- \/ Yoast SEO plugin. -->","yoast_head_json":{"title":"BOTAS ALPINESTARS STELLA VALENCIA WATERPROOF LADY NEGRO - Boutique Francisco Belmonte","description":"Botas Alpinestars Stella Valencia waterproof Lady Negro.. Botas de moto Alpinestars en Murcia Francisco Belmonte, en sus diferentes colores al mejor precio.","robots":{"index":"index","follow":"follow","max-snippet":"max-snippet:-1","max-image-preview":"max-image-preview:large","max-video-preview":"max-video-preview:-1"},"canonical":"https:\/\/franciscobelmonte.com\/tienda\/botas-alpinestars-stella-valencia-waterproof-lady-negro\/","og_locale":"es_ES","og_type":"article","og_title":"BOTAS ALPINESTARS STELLA VALENCIA WATERPROOF LADY NEGRO - Boutique Francisco Belmonte","og_description":"Botas Alpinestars Stella Valencia waterproof Lady Negro.. Botas de moto Alpinestars en Murcia Francisco Belmonte, en sus diferentes colores al mejor precio.","og_url":"https:\/\/franciscobelmonte.com\/tienda\/botas-alpinestars-stella-valencia-waterproof-lady-negro\/","og_site_name":"Boutique Francisco Belmonte","article_publisher":"https:\/\/www.facebook.com\/motosfranciscobelmonte","article_modified_time":"2026-01-06T18:35:10+00:00","og_image":[{"width":800,"height":800,"url":"https:\/\/franciscobelmonte.com\/tienda\/wp-content\/uploads\/2022\/10\/botas-alpinestars-valencia-waterproof-lady-negro.jpg","type":"image\/jpeg"}],"twitter_card":"summary_large_image","twitter_misc":{"Tiempo de lectura":"1 minuto"},"schema":{"@context":"https:\/\/schema.org","@graph":[{"@type":"WebPage","@id":"https:\/\/franciscobelmonte.com\/tienda\/botas-alpinestars-stella-valencia-waterproof-lady-negro\/","url":"https:\/\/franciscobelmonte.com\/tienda\/botas-alpinestars-stella-valencia-waterproof-lady-negro\/","name":"BOTAS ALPINESTARS STELLA VALENCIA WATERPROOF LADY NEGRO - Boutique Francisco Belmonte","isPartOf":{"@id":"https:\/\/franciscobelmonte.com\/tienda\/#website"},"primaryImageOfPage":{"@id":"https:\/\/franciscobelmonte.com\/tienda\/botas-alpinestars-stella-valencia-waterproof-lady-negro\/#primaryimage"},"image":{"@id":"https:\/\/franciscobelmonte.com\/tienda\/botas-alpinestars-stella-valencia-waterproof-lady-negro\/#primaryimage"},"thumbnailUrl":"https:\/\/franciscobelmonte.com\/tienda\/wp-content\/uploads\/2022\/10\/botas-alpinestars-valencia-waterproof-lady-negro.jpg","datePublished":"2022-10-10T08:41:05+00:00","dateModified":"2026-01-06T18:35:10+00:00","description":"Botas Alpinestars Stella Valencia waterproof Lady Negro.. Botas de moto Alpinestars en Murcia Francisco Belmonte, en sus diferentes colores al mejor precio.","breadcrumb":{"@id":"https:\/\/franciscobelmonte.com\/tienda\/botas-alpinestars-stella-valencia-waterproof-lady-negro\/#breadcrumb"},"inLanguage":"es","potentialAction":[{"@type":"ReadAction","target":["https:\/\/franciscobelmonte.com\/tienda\/botas-alpinestars-stella-valencia-waterproof-lady-negro\/"]}]},{"@type":"ImageObject","inLanguage":"es","@id":"https:\/\/franciscobelmonte.com\/tienda\/botas-alpinestars-stella-valencia-waterproof-lady-negro\/#primaryimage","url":"https:\/\/franciscobelmonte.com\/tienda\/wp-content\/uploads\/2022\/10\/botas-alpinestars-valencia-waterproof-lady-negro.jpg","contentUrl":"https:\/\/franciscobelmonte.com\/tienda\/wp-content\/uploads\/2022\/10\/botas-alpinestars-valencia-waterproof-lady-negro.jpg","width":800,"height":800,"caption":"botas alpinestars valencia waterproof lady negro en murcia francisco belmonte"},{"@type":"BreadcrumbList","@id":"https:\/\/franciscobelmonte.com\/tienda\/botas-alpinestars-stella-valencia-waterproof-lady-negro\/#breadcrumb","itemListElement":[{"@type":"ListItem","position":1,"name":"Portada","item":"https:\/\/franciscobelmonte.com\/tienda\/"},{"@type":"ListItem","position":2,"name":"Tienda","item":"https:\/\/franciscobelmonte.com\/tienda\/boutique-equipamiento-motero\/"},{"@type":"ListItem","position":3,"name":"BOTAS ALPINESTARS STELLA VALENCIA WATERPROOF LADY NEGRO"}]},{"@type":"WebSite","@id":"https:\/\/franciscobelmonte.com\/tienda\/#website","url":"https:\/\/franciscobelmonte.com\/tienda\/","name":"Boutique Francisco Belmonte","description":"Todo en complementos para motoristas","publisher":{"@id":"https:\/\/franciscobelmonte.com\/tienda\/#organization"},"potentialAction":[{"@type":"SearchAction","target":{"@type":"EntryPoint","urlTemplate":"https:\/\/franciscobelmonte.com\/tienda\/?s={search_term_string}"},"query-input":{"@type":"PropertyValueSpecification","valueRequired":true,"valueName":"search_term_string"}}],"inLanguage":"es"},{"@type":"Organization","@id":"https:\/\/franciscobelmonte.com\/tienda\/#organization","name":"Boutique Francisco Belmonte","url":"https:\/\/franciscobelmonte.com\/tienda\/","logo":{"@type":"ImageObject","inLanguage":"es","@id":"https:\/\/franciscobelmonte.com\/tienda\/#\/schema\/logo\/image\/","url":"https:\/\/franciscobelmonte.com\/tienda\/wp-content\/uploads\/2021\/12\/Francisco-Belmonte-logo.png","contentUrl":"https:\/\/franciscobelmonte.com\/tienda\/wp-content\/uploads\/2021\/12\/Francisco-Belmonte-logo.png","width":2153,"height":536,"caption":"Boutique Francisco Belmonte"},"image":{"@id":"https:\/\/franciscobelmonte.com\/tienda\/#\/schema\/logo\/image\/"},"sameAs":["https:\/\/www.facebook.com\/motosfranciscobelmonte","https:\/\/www.instagram.com\/fco.belmonte\/"]}]}},"jetpack_sharing_enabled":true,"brands":[{"id":186,"name":"Alpinestars","slug":"alpinestars"}],"_links":{"self":[{"href":"https:\/\/franciscobelmonte.com\/tienda\/wp-json\/wp\/v2\/product\/6886","targetHints":{"allow":["GET"]}}],"collection":[{"href":"https:\/\/franciscobelmonte.com\/tienda\/wp-json\/wp\/v2\/product"}],"about":[{"href":"https:\/\/franciscobelmonte.com\/tienda\/wp-json\/wp\/v2\/types\/product"}],"replies":[{"embeddable":true,"href":"https:\/\/franciscobelmonte.com\/tienda\/wp-json\/wp\/v2\/comments?post=6886"}],"wp:featuredmedia":[{"embeddable":true,"href":"https:\/\/franciscobelmonte.com\/tienda\/wp-json\/wp\/v2\/media\/6898"}],"wp:attachment":[{"href":"https:\/\/franciscobelmonte.com\/tienda\/wp-json\/wp\/v2\/media?parent=6886"}],"wp:term":[{"taxonomy":"pwb-brand","embeddable":true,"href":"https:\/\/franciscobelmonte.com\/tienda\/wp-json\/wp\/v2\/pwb-brand?post=6886"},{"taxonomy":"product_brand","embeddable":true,"href":"https:\/\/franciscobelmonte.com\/tienda\/wp-json\/wp\/v2\/product_brand?post=6886"},{"taxonomy":"product_cat","embeddable":true,"href":"https:\/\/franciscobelmonte.com\/tienda\/wp-json\/wp\/v2\/product_cat?post=6886"},{"taxonomy":"product_tag","embeddable":true,"href":"https:\/\/franciscobelmonte.com\/tienda\/wp-json\/wp\/v2\/product_tag?post=6886"}],"curies":[{"name":"wp","href":"https:\/\/api.w.org\/{rel}","templated":true}]}}