{"id":7334,"date":"2022-10-28T16:14:05","date_gmt":"2022-10-28T16:14:05","guid":{"rendered":"https:\/\/franciscobelmonte.com\/tienda\/?post_type=product&#038;p=7334"},"modified":"2026-01-14T16:19:23","modified_gmt":"2026-01-14T14:19:23","slug":"casco-ls2-ff906-advant-titanio-mate","status":"publish","type":"product","link":"https:\/\/franciscobelmonte.com\/tienda\/casco-ls2-ff906-advant-titanio-mate\/","title":{"rendered":"CASCO LS2 FF906 ADVANT TITANIO MATE"},"content":{"rendered":"<h3>Casco LS2 FF906 Advant Titanio Mate<\/h3>\n<p>Es un casco modular dise\u00f1ado para poder utilizarse en distintos entornos, tanto urbanos como en carretera, gracias a su mentonera basculante de 180\u00ba. Presenta una calota externa fabricada en KPA (Kinetic Polymer Alloy), que garantiza la flexibilidad y resistencia del casco. Dispone de sistema integrado de doble visera, con pantalla transparente anti-ara\u00f1azos y anti-UV, y de sistema de ventilaci\u00f3n canalizado. Adem\u00e1s, su interior es muy c\u00f3modo, transpirable, extra\u00edble y lavable.<\/p>\n<p><strong>Caracter\u00edsticas<\/strong><\/p>\n<ul>\n<li>Calota fabricada en KPA (Kinetic Polymer Alloy).<\/li>\n<li>3 Medidas de calota.<\/li>\n<li>Calota extra ovalada.<\/li>\n<li>Sistema integrado de doble visera.<\/li>\n<li>Sistema de extracci\u00f3n r\u00e1pida de visera.<\/li>\n<li>Pantalla transparente anti-ara\u00f1azos y anti-UV.<\/li>\n<li>Preparado para Pinlock Max Vision.<\/li>\n<li>Almohadillas cortadas a l\u00e1ser 3D para una excelente ergonom\u00eda.<\/li>\n<li>Forro transpirable, extra\u00edble y lavable.<\/li>\n<li>Hipoalerg\u00e9nico.<\/li>\n<li>Sistema de ventilaci\u00f3n canalizado.<\/li>\n<li>Inserciones reflectantes en las partes inferiores de los acolchados.<\/li>\n<li>EPS con acolchado multidensidad.<\/li>\n<li>Adhesivos reflectantes de seguridad.<\/li>\n<li>Correa reforzada en mentonera.<\/li>\n<li>Cierre microm\u00e9trico de acero.<\/li>\n<li>Inluye Pinlock Max Vision.<\/li>\n<li>Incluye mochila.<\/li>\n<li>Certificaci\u00f3n ECE 22.06.<\/li>\n<li>Peso: 11650 +- 50 gramos \/talla M)<\/li>\n<\/ul>\n","protected":false},"excerpt":{"rendered":"<p>Es un casco modular dise\u00f1ado para poder utilizarse en distintos entornos, tanto urbanos como en carretera, gracias a su mentonera basculante de 180\u00ba. Presenta una calota externa fabricada en KPA (Kinetic Polymer Alloy), que garantiza la flexibilidad y resistencia del casco.<\/p>\n","protected":false},"featured_media":8146,"comment_status":"open","ping_status":"closed","template":"","meta":{"_themeisle_gutenberg_block_has_review":false},"pwb-brand":[225],"product_brand":[],"product_cat":[15,144],"product_tag":[885,775,531],"class_list":{"0":"post-7334","1":"product","2":"type-product","3":"status-publish","4":"has-post-thumbnail","6":"pwb-brand-ls2-helmets","7":"product_cat-casco-de-moto","8":"product_cat-cascos-de-moto-modulares","9":"product_tag-dto-navideno-25","10":"product_tag-ls2-sin-rebajas-20","11":"product_tag-rebajas-25","13":"first","14":"instock","15":"sale","16":"taxable","17":"shipping-taxable","18":"purchasable","19":"product-type-variable","20":"has-default-attributes"},"yoast_head":"<!-- This site is optimized with the Yoast SEO plugin v27.4 - https:\/\/yoast.com\/product\/yoast-seo-wordpress\/ -->\n<title>CASCO LS2 FF906 ADVANT TITANIO MATE - Boutique Francisco Belmonte<\/title>\n<meta name=\"description\" content=\"Casco LS2 FF906 advant Titanio mate. Cascos de moto LS2 en Boutique Francisco Belmonte en Murcia. Descubre sus colores al mejor precio.\" \/>\n<meta name=\"robots\" content=\"index, follow, max-snippet:-1, max-image-preview:large, max-video-preview:-1\" \/>\n<link rel=\"canonical\" href=\"https:\/\/franciscobelmonte.com\/tienda\/casco-ls2-ff906-advant-titanio-mate\/\" \/>\n<meta property=\"og:locale\" content=\"es_ES\" \/>\n<meta property=\"og:type\" content=\"article\" \/>\n<meta property=\"og:title\" content=\"CASCO LS2 FF906 ADVANT TITANIO MATE - Boutique Francisco Belmonte\" \/>\n<meta property=\"og:description\" content=\"Casco LS2 FF906 advant Titanio mate. Cascos de moto LS2 en Boutique Francisco Belmonte en Murcia. Descubre sus colores al mejor precio.\" \/>\n<meta property=\"og:url\" content=\"https:\/\/franciscobelmonte.com\/tienda\/casco-ls2-ff906-advant-titanio-mate\/\" \/>\n<meta property=\"og:site_name\" content=\"Boutique Francisco Belmonte\" \/>\n<meta property=\"article:publisher\" content=\"https:\/\/www.facebook.com\/motosfranciscobelmonte\" \/>\n<meta property=\"article:modified_time\" content=\"2026-01-14T14:19:23+00:00\" \/>\n<meta property=\"og:image\" content=\"https:\/\/franciscobelmonte.com\/tienda\/wp-content\/uploads\/2022\/10\/casco-ls2-ff906-advant-solid-titanio-mate.jpg\" \/>\n\t<meta property=\"og:image:width\" content=\"800\" \/>\n\t<meta property=\"og:image:height\" content=\"800\" \/>\n\t<meta property=\"og:image:type\" content=\"image\/jpeg\" \/>\n<meta name=\"twitter:card\" content=\"summary_large_image\" \/>\n<meta name=\"twitter:label1\" content=\"Tiempo de lectura\" \/>\n\t<meta name=\"twitter:data1\" content=\"1 minuto\" \/>\n<script type=\"application\/ld+json\" class=\"yoast-schema-graph\">{\"@context\":\"https:\\\/\\\/schema.org\",\"@graph\":[{\"@type\":\"WebPage\",\"@id\":\"https:\\\/\\\/franciscobelmonte.com\\\/tienda\\\/casco-ls2-ff906-advant-titanio-mate\\\/\",\"url\":\"https:\\\/\\\/franciscobelmonte.com\\\/tienda\\\/casco-ls2-ff906-advant-titanio-mate\\\/\",\"name\":\"CASCO LS2 FF906 ADVANT TITANIO MATE - Boutique Francisco Belmonte\",\"isPartOf\":{\"@id\":\"https:\\\/\\\/franciscobelmonte.com\\\/tienda\\\/#website\"},\"primaryImageOfPage\":{\"@id\":\"https:\\\/\\\/franciscobelmonte.com\\\/tienda\\\/casco-ls2-ff906-advant-titanio-mate\\\/#primaryimage\"},\"image\":{\"@id\":\"https:\\\/\\\/franciscobelmonte.com\\\/tienda\\\/casco-ls2-ff906-advant-titanio-mate\\\/#primaryimage\"},\"thumbnailUrl\":\"https:\\\/\\\/franciscobelmonte.com\\\/tienda\\\/wp-content\\\/uploads\\\/2022\\\/10\\\/casco-ls2-ff906-advant-solid-titanio-mate.jpg\",\"datePublished\":\"2022-10-28T16:14:05+00:00\",\"dateModified\":\"2026-01-14T14:19:23+00:00\",\"description\":\"Casco LS2 FF906 advant Titanio mate. Cascos de moto LS2 en Boutique Francisco Belmonte en Murcia. Descubre sus colores al mejor precio.\",\"breadcrumb\":{\"@id\":\"https:\\\/\\\/franciscobelmonte.com\\\/tienda\\\/casco-ls2-ff906-advant-titanio-mate\\\/#breadcrumb\"},\"inLanguage\":\"es\",\"potentialAction\":[{\"@type\":\"ReadAction\",\"target\":[\"https:\\\/\\\/franciscobelmonte.com\\\/tienda\\\/casco-ls2-ff906-advant-titanio-mate\\\/\"]}]},{\"@type\":\"ImageObject\",\"inLanguage\":\"es\",\"@id\":\"https:\\\/\\\/franciscobelmonte.com\\\/tienda\\\/casco-ls2-ff906-advant-titanio-mate\\\/#primaryimage\",\"url\":\"https:\\\/\\\/franciscobelmonte.com\\\/tienda\\\/wp-content\\\/uploads\\\/2022\\\/10\\\/casco-ls2-ff906-advant-solid-titanio-mate.jpg\",\"contentUrl\":\"https:\\\/\\\/franciscobelmonte.com\\\/tienda\\\/wp-content\\\/uploads\\\/2022\\\/10\\\/casco-ls2-ff906-advant-solid-titanio-mate.jpg\",\"width\":800,\"height\":800,\"caption\":\"casco ls2 ff906 advant solid titanio mate en murcia francisco belmonte\"},{\"@type\":\"BreadcrumbList\",\"@id\":\"https:\\\/\\\/franciscobelmonte.com\\\/tienda\\\/casco-ls2-ff906-advant-titanio-mate\\\/#breadcrumb\",\"itemListElement\":[{\"@type\":\"ListItem\",\"position\":1,\"name\":\"Portada\",\"item\":\"https:\\\/\\\/franciscobelmonte.com\\\/tienda\\\/\"},{\"@type\":\"ListItem\",\"position\":2,\"name\":\"Tienda\",\"item\":\"https:\\\/\\\/franciscobelmonte.com\\\/tienda\\\/boutique-equipamiento-motero\\\/\"},{\"@type\":\"ListItem\",\"position\":3,\"name\":\"CASCO LS2 FF906 ADVANT TITANIO MATE\"}]},{\"@type\":\"WebSite\",\"@id\":\"https:\\\/\\\/franciscobelmonte.com\\\/tienda\\\/#website\",\"url\":\"https:\\\/\\\/franciscobelmonte.com\\\/tienda\\\/\",\"name\":\"Boutique Francisco Belmonte\",\"description\":\"Todo en complementos para motoristas\",\"publisher\":{\"@id\":\"https:\\\/\\\/franciscobelmonte.com\\\/tienda\\\/#organization\"},\"potentialAction\":[{\"@type\":\"SearchAction\",\"target\":{\"@type\":\"EntryPoint\",\"urlTemplate\":\"https:\\\/\\\/franciscobelmonte.com\\\/tienda\\\/?s={search_term_string}\"},\"query-input\":{\"@type\":\"PropertyValueSpecification\",\"valueRequired\":true,\"valueName\":\"search_term_string\"}}],\"inLanguage\":\"es\"},{\"@type\":\"Organization\",\"@id\":\"https:\\\/\\\/franciscobelmonte.com\\\/tienda\\\/#organization\",\"name\":\"Boutique Francisco Belmonte\",\"url\":\"https:\\\/\\\/franciscobelmonte.com\\\/tienda\\\/\",\"logo\":{\"@type\":\"ImageObject\",\"inLanguage\":\"es\",\"@id\":\"https:\\\/\\\/franciscobelmonte.com\\\/tienda\\\/#\\\/schema\\\/logo\\\/image\\\/\",\"url\":\"https:\\\/\\\/franciscobelmonte.com\\\/tienda\\\/wp-content\\\/uploads\\\/2021\\\/12\\\/Francisco-Belmonte-logo.png\",\"contentUrl\":\"https:\\\/\\\/franciscobelmonte.com\\\/tienda\\\/wp-content\\\/uploads\\\/2021\\\/12\\\/Francisco-Belmonte-logo.png\",\"width\":2153,\"height\":536,\"caption\":\"Boutique Francisco Belmonte\"},\"image\":{\"@id\":\"https:\\\/\\\/franciscobelmonte.com\\\/tienda\\\/#\\\/schema\\\/logo\\\/image\\\/\"},\"sameAs\":[\"https:\\\/\\\/www.facebook.com\\\/motosfranciscobelmonte\",\"https:\\\/\\\/www.instagram.com\\\/fco.belmonte\\\/\"]}]}<\/script>\n<!-- \/ Yoast SEO plugin. -->","yoast_head_json":{"title":"CASCO LS2 FF906 ADVANT TITANIO MATE - Boutique Francisco Belmonte","description":"Casco LS2 FF906 advant Titanio mate. Cascos de moto LS2 en Boutique Francisco Belmonte en Murcia. Descubre sus colores al mejor precio.","robots":{"index":"index","follow":"follow","max-snippet":"max-snippet:-1","max-image-preview":"max-image-preview:large","max-video-preview":"max-video-preview:-1"},"canonical":"https:\/\/franciscobelmonte.com\/tienda\/casco-ls2-ff906-advant-titanio-mate\/","og_locale":"es_ES","og_type":"article","og_title":"CASCO LS2 FF906 ADVANT TITANIO MATE - Boutique Francisco Belmonte","og_description":"Casco LS2 FF906 advant Titanio mate. Cascos de moto LS2 en Boutique Francisco Belmonte en Murcia. Descubre sus colores al mejor precio.","og_url":"https:\/\/franciscobelmonte.com\/tienda\/casco-ls2-ff906-advant-titanio-mate\/","og_site_name":"Boutique Francisco Belmonte","article_publisher":"https:\/\/www.facebook.com\/motosfranciscobelmonte","article_modified_time":"2026-01-14T14:19:23+00:00","og_image":[{"width":800,"height":800,"url":"https:\/\/franciscobelmonte.com\/tienda\/wp-content\/uploads\/2022\/10\/casco-ls2-ff906-advant-solid-titanio-mate.jpg","type":"image\/jpeg"}],"twitter_card":"summary_large_image","twitter_misc":{"Tiempo de lectura":"1 minuto"},"schema":{"@context":"https:\/\/schema.org","@graph":[{"@type":"WebPage","@id":"https:\/\/franciscobelmonte.com\/tienda\/casco-ls2-ff906-advant-titanio-mate\/","url":"https:\/\/franciscobelmonte.com\/tienda\/casco-ls2-ff906-advant-titanio-mate\/","name":"CASCO LS2 FF906 ADVANT TITANIO MATE - Boutique Francisco Belmonte","isPartOf":{"@id":"https:\/\/franciscobelmonte.com\/tienda\/#website"},"primaryImageOfPage":{"@id":"https:\/\/franciscobelmonte.com\/tienda\/casco-ls2-ff906-advant-titanio-mate\/#primaryimage"},"image":{"@id":"https:\/\/franciscobelmonte.com\/tienda\/casco-ls2-ff906-advant-titanio-mate\/#primaryimage"},"thumbnailUrl":"https:\/\/franciscobelmonte.com\/tienda\/wp-content\/uploads\/2022\/10\/casco-ls2-ff906-advant-solid-titanio-mate.jpg","datePublished":"2022-10-28T16:14:05+00:00","dateModified":"2026-01-14T14:19:23+00:00","description":"Casco LS2 FF906 advant Titanio mate. Cascos de moto LS2 en Boutique Francisco Belmonte en Murcia. Descubre sus colores al mejor precio.","breadcrumb":{"@id":"https:\/\/franciscobelmonte.com\/tienda\/casco-ls2-ff906-advant-titanio-mate\/#breadcrumb"},"inLanguage":"es","potentialAction":[{"@type":"ReadAction","target":["https:\/\/franciscobelmonte.com\/tienda\/casco-ls2-ff906-advant-titanio-mate\/"]}]},{"@type":"ImageObject","inLanguage":"es","@id":"https:\/\/franciscobelmonte.com\/tienda\/casco-ls2-ff906-advant-titanio-mate\/#primaryimage","url":"https:\/\/franciscobelmonte.com\/tienda\/wp-content\/uploads\/2022\/10\/casco-ls2-ff906-advant-solid-titanio-mate.jpg","contentUrl":"https:\/\/franciscobelmonte.com\/tienda\/wp-content\/uploads\/2022\/10\/casco-ls2-ff906-advant-solid-titanio-mate.jpg","width":800,"height":800,"caption":"casco ls2 ff906 advant solid titanio mate en murcia francisco belmonte"},{"@type":"BreadcrumbList","@id":"https:\/\/franciscobelmonte.com\/tienda\/casco-ls2-ff906-advant-titanio-mate\/#breadcrumb","itemListElement":[{"@type":"ListItem","position":1,"name":"Portada","item":"https:\/\/franciscobelmonte.com\/tienda\/"},{"@type":"ListItem","position":2,"name":"Tienda","item":"https:\/\/franciscobelmonte.com\/tienda\/boutique-equipamiento-motero\/"},{"@type":"ListItem","position":3,"name":"CASCO LS2 FF906 ADVANT TITANIO MATE"}]},{"@type":"WebSite","@id":"https:\/\/franciscobelmonte.com\/tienda\/#website","url":"https:\/\/franciscobelmonte.com\/tienda\/","name":"Boutique Francisco Belmonte","description":"Todo en complementos para motoristas","publisher":{"@id":"https:\/\/franciscobelmonte.com\/tienda\/#organization"},"potentialAction":[{"@type":"SearchAction","target":{"@type":"EntryPoint","urlTemplate":"https:\/\/franciscobelmonte.com\/tienda\/?s={search_term_string}"},"query-input":{"@type":"PropertyValueSpecification","valueRequired":true,"valueName":"search_term_string"}}],"inLanguage":"es"},{"@type":"Organization","@id":"https:\/\/franciscobelmonte.com\/tienda\/#organization","name":"Boutique Francisco Belmonte","url":"https:\/\/franciscobelmonte.com\/tienda\/","logo":{"@type":"ImageObject","inLanguage":"es","@id":"https:\/\/franciscobelmonte.com\/tienda\/#\/schema\/logo\/image\/","url":"https:\/\/franciscobelmonte.com\/tienda\/wp-content\/uploads\/2021\/12\/Francisco-Belmonte-logo.png","contentUrl":"https:\/\/franciscobelmonte.com\/tienda\/wp-content\/uploads\/2021\/12\/Francisco-Belmonte-logo.png","width":2153,"height":536,"caption":"Boutique Francisco Belmonte"},"image":{"@id":"https:\/\/franciscobelmonte.com\/tienda\/#\/schema\/logo\/image\/"},"sameAs":["https:\/\/www.facebook.com\/motosfranciscobelmonte","https:\/\/www.instagram.com\/fco.belmonte\/"]}]}},"jetpack_sharing_enabled":true,"brands":[{"id":225,"name":"LS2 Helmets","slug":"ls2-helmets"}],"_links":{"self":[{"href":"https:\/\/franciscobelmonte.com\/tienda\/wp-json\/wp\/v2\/product\/7334","targetHints":{"allow":["GET"]}}],"collection":[{"href":"https:\/\/franciscobelmonte.com\/tienda\/wp-json\/wp\/v2\/product"}],"about":[{"href":"https:\/\/franciscobelmonte.com\/tienda\/wp-json\/wp\/v2\/types\/product"}],"replies":[{"embeddable":true,"href":"https:\/\/franciscobelmonte.com\/tienda\/wp-json\/wp\/v2\/comments?post=7334"}],"wp:featuredmedia":[{"embeddable":true,"href":"https:\/\/franciscobelmonte.com\/tienda\/wp-json\/wp\/v2\/media\/8146"}],"wp:attachment":[{"href":"https:\/\/franciscobelmonte.com\/tienda\/wp-json\/wp\/v2\/media?parent=7334"}],"wp:term":[{"taxonomy":"pwb-brand","embeddable":true,"href":"https:\/\/franciscobelmonte.com\/tienda\/wp-json\/wp\/v2\/pwb-brand?post=7334"},{"taxonomy":"product_brand","embeddable":true,"href":"https:\/\/franciscobelmonte.com\/tienda\/wp-json\/wp\/v2\/product_brand?post=7334"},{"taxonomy":"product_cat","embeddable":true,"href":"https:\/\/franciscobelmonte.com\/tienda\/wp-json\/wp\/v2\/product_cat?post=7334"},{"taxonomy":"product_tag","embeddable":true,"href":"https:\/\/franciscobelmonte.com\/tienda\/wp-json\/wp\/v2\/product_tag?post=7334"}],"curies":[{"name":"wp","href":"https:\/\/api.w.org\/{rel}","templated":true}]}}