{"id":7778,"date":"2022-11-29T18:07:17","date_gmt":"2022-11-29T18:07:17","guid":{"rendered":"https:\/\/franciscobelmonte.com\/tienda\/?post_type=product&#038;p=7778"},"modified":"2023-12-22T13:28:10","modified_gmt":"2023-12-22T11:28:10","slug":"casco-agv-k-3-sv-pinlock-maxvision-rossi-mugello-2017","status":"publish","type":"product","link":"https:\/\/franciscobelmonte.com\/tienda\/casco-agv-k-3-sv-pinlock-maxvision-rossi-mugello-2017\/","title":{"rendered":"CASCO AGV K-3 SV PINLOCK MAXVISION ROSSI MUGELLO 2017"},"content":{"rendered":"<h1>Casco AGV K-3 Pinlock Maxvision Rossi Mugello 2017<\/h1>\n<p>El K-3 SV es el resultado de la experiencia adquirida durante el proceso de dise\u00f1o del Pista GP y el Corsa. Su calota exterior fabricada en resina fabricada en resina termopl\u00e1stica ofrece una estructura extremadamente compacta y ligera con unas prestaciones de seguridad sin igual. Este casco es adecuado tanto par aquellos pilotos que priorizan caracter\u00edsticas de confort y alto rendimiento como para aquellos que buscan dise\u00f1o y una buena relaci\u00f3n calidad-precio.<\/p>\n<p><strong>Caracter\u00edsticas principales<\/strong><\/p>\n<ul style=\"list-style-type: square;\">\n<li>Calota exterior de resina HIR-TH (High Resistant Thermoplastic).<\/li>\n<li>Disponible en dos tama\u00f1os de calota exterior para un mejor ajuste a cada talla. Calota interior de EPS en 4 tama\u00f1os y 4 densidades para una \u00f3ptima absorci\u00f3n de los impactos. Perfil inferior dise\u00f1ado para minimizar el riesgo de que la energ\u00eda generada por un eventual impacto se transmita a la zona de la clav\u00edcula.<\/li>\n<li>El sistema de ventilaci\u00f3n IVC (Integrated Ventilation System) est\u00e1 formado por cinco grandes entradas de aire y 2 extractores traseros. La ventilaci\u00f3n de la zona superior frontal ha sido estrat\u00e9gicamente situada para recibir el mayor flujo de aire.<\/li>\n<li>Nueva pantalla clara antirayas y antivaho dise\u00f1ada para ofrecer un campo de visi\u00f3n horizontal de 190 grados.<\/li>\n<li>Incorpora de serie una l\u00e1mina antivaho Pinlock 100% MaxVision para ofrecer una visi\u00f3n n\u00edtida bajo cualquier condici\u00f3n clim\u00e1tica.<\/li>\n<li>XQRS (X-tra Quick Release System): mecanismo para desmontar y sustituir la pantalla sin herramientas y en pocos segundos.<\/li>\n<li>Mecanismo de pantalla con sistema de PVC (Perimetrical Visor Seal) para un mejor sellado y protecci\u00f3n contra las corrientes de aire y el ruido.<\/li>\n<li>Visor sp\u00f1ar omtegradp (IVS) con tratamiento antirayas; f\u00e1cilmente desmontable sin herramientas.<\/li>\n<li>Acolchados interiores Dry-Comfort con tratamiento higi\u00e9nico completamente desmontable y lavables.<\/li>\n<li>Cubrenariz y cubrebarbilla extra\u00edbles.<\/li>\n<li>Sistema de cierre microm\u00e9trico.<\/li>\n<\/ul>\n","protected":false},"excerpt":{"rendered":"<p>El K-3 SV es el resultado de la experiencia adquirida durante el proceso de dise\u00f1o del Pista GP y el Corsa. Su calota exterior fabricada en resina fabricada en resina termopl\u00e1stica ofrece una estructura extremadamente compacta y ligera con unas prestaciones de seguridad sin igual.<\/p>\n","protected":false},"featured_media":7784,"comment_status":"open","ping_status":"closed","template":"","meta":{"_themeisle_gutenberg_block_has_review":false},"pwb-brand":[185],"product_brand":[],"product_cat":[15,145],"product_tag":[387],"class_list":{"0":"post-7778","1":"product","2":"type-product","3":"status-publish","4":"has-post-thumbnail","6":"pwb-brand-agv","7":"product_cat-casco-de-moto","8":"product_cat-cascos-de-moto-integrales","9":"product_tag-mugello","11":"first","12":"outofstock","13":"taxable","14":"shipping-taxable","15":"product-type-variable","16":"has-default-attributes"},"yoast_head":"<!-- This site is optimized with the Yoast SEO plugin v27.3 - https:\/\/yoast.com\/product\/yoast-seo-wordpress\/ -->\n<title>CASCO AGV K-3 SV PINLOCK MAXVISION ROSSI MUGELLO 2017 - Boutique Francisco Belmonte<\/title>\n<meta name=\"description\" content=\"Casco AGV K-3 P\u00eenlock Maxvision Rossi Mugello 2017. Cascos de moto AGV en Murcia Francisco Belmonte en sus diferentes modelos al mejor precio.\" \/>\n<meta name=\"robots\" content=\"index, follow, max-snippet:-1, max-image-preview:large, max-video-preview:-1\" \/>\n<link rel=\"canonical\" href=\"https:\/\/franciscobelmonte.com\/tienda\/casco-agv-k-3-sv-pinlock-maxvision-rossi-mugello-2017\/\" \/>\n<meta property=\"og:locale\" content=\"es_ES\" \/>\n<meta property=\"og:type\" content=\"article\" \/>\n<meta property=\"og:title\" content=\"CASCO AGV K-3 SV PINLOCK MAXVISION ROSSI MUGELLO 2017 - Boutique Francisco Belmonte\" \/>\n<meta property=\"og:description\" content=\"Casco AGV K-3 P\u00eenlock Maxvision Rossi Mugello 2017. Cascos de moto AGV en Murcia Francisco Belmonte en sus diferentes modelos al mejor precio.\" \/>\n<meta property=\"og:url\" content=\"https:\/\/franciscobelmonte.com\/tienda\/casco-agv-k-3-sv-pinlock-maxvision-rossi-mugello-2017\/\" \/>\n<meta property=\"og:site_name\" content=\"Boutique Francisco Belmonte\" \/>\n<meta property=\"article:publisher\" content=\"https:\/\/www.facebook.com\/motosfranciscobelmonte\" \/>\n<meta property=\"article:modified_time\" content=\"2023-12-22T11:28:10+00:00\" \/>\n<meta property=\"og:image\" content=\"https:\/\/franciscobelmonte.com\/tienda\/wp-content\/uploads\/2022\/11\/casco-agv-k-3-sv-pinlock-maxvision-rossi-muguello-2017.jpg\" \/>\n\t<meta property=\"og:image:width\" content=\"800\" \/>\n\t<meta property=\"og:image:height\" content=\"800\" \/>\n\t<meta property=\"og:image:type\" content=\"image\/jpeg\" \/>\n<meta name=\"twitter:card\" content=\"summary_large_image\" \/>\n<meta name=\"twitter:label1\" content=\"Tiempo de lectura\" \/>\n\t<meta name=\"twitter:data1\" content=\"1 minuto\" \/>\n<script type=\"application\/ld+json\" class=\"yoast-schema-graph\">{\"@context\":\"https:\\\/\\\/schema.org\",\"@graph\":[{\"@type\":\"WebPage\",\"@id\":\"https:\\\/\\\/franciscobelmonte.com\\\/tienda\\\/casco-agv-k-3-sv-pinlock-maxvision-rossi-mugello-2017\\\/\",\"url\":\"https:\\\/\\\/franciscobelmonte.com\\\/tienda\\\/casco-agv-k-3-sv-pinlock-maxvision-rossi-mugello-2017\\\/\",\"name\":\"CASCO AGV K-3 SV PINLOCK MAXVISION ROSSI MUGELLO 2017 - Boutique Francisco Belmonte\",\"isPartOf\":{\"@id\":\"https:\\\/\\\/franciscobelmonte.com\\\/tienda\\\/#website\"},\"primaryImageOfPage\":{\"@id\":\"https:\\\/\\\/franciscobelmonte.com\\\/tienda\\\/casco-agv-k-3-sv-pinlock-maxvision-rossi-mugello-2017\\\/#primaryimage\"},\"image\":{\"@id\":\"https:\\\/\\\/franciscobelmonte.com\\\/tienda\\\/casco-agv-k-3-sv-pinlock-maxvision-rossi-mugello-2017\\\/#primaryimage\"},\"thumbnailUrl\":\"https:\\\/\\\/franciscobelmonte.com\\\/tienda\\\/wp-content\\\/uploads\\\/2022\\\/11\\\/casco-agv-k-3-sv-pinlock-maxvision-rossi-muguello-2017.jpg\",\"datePublished\":\"2022-11-29T18:07:17+00:00\",\"dateModified\":\"2023-12-22T11:28:10+00:00\",\"description\":\"Casco AGV K-3 P\u00eenlock Maxvision Rossi Mugello 2017. Cascos de moto AGV en Murcia Francisco Belmonte en sus diferentes modelos al mejor precio.\",\"breadcrumb\":{\"@id\":\"https:\\\/\\\/franciscobelmonte.com\\\/tienda\\\/casco-agv-k-3-sv-pinlock-maxvision-rossi-mugello-2017\\\/#breadcrumb\"},\"inLanguage\":\"es\",\"potentialAction\":[{\"@type\":\"ReadAction\",\"target\":[\"https:\\\/\\\/franciscobelmonte.com\\\/tienda\\\/casco-agv-k-3-sv-pinlock-maxvision-rossi-mugello-2017\\\/\"]}]},{\"@type\":\"ImageObject\",\"inLanguage\":\"es\",\"@id\":\"https:\\\/\\\/franciscobelmonte.com\\\/tienda\\\/casco-agv-k-3-sv-pinlock-maxvision-rossi-mugello-2017\\\/#primaryimage\",\"url\":\"https:\\\/\\\/franciscobelmonte.com\\\/tienda\\\/wp-content\\\/uploads\\\/2022\\\/11\\\/casco-agv-k-3-sv-pinlock-maxvision-rossi-muguello-2017.jpg\",\"contentUrl\":\"https:\\\/\\\/franciscobelmonte.com\\\/tienda\\\/wp-content\\\/uploads\\\/2022\\\/11\\\/casco-agv-k-3-sv-pinlock-maxvision-rossi-muguello-2017.jpg\",\"width\":800,\"height\":800,\"caption\":\"casco agv k3 sv pinlock maxvision rossi mugello 2017 en murcia francisco belmonte\"},{\"@type\":\"BreadcrumbList\",\"@id\":\"https:\\\/\\\/franciscobelmonte.com\\\/tienda\\\/casco-agv-k-3-sv-pinlock-maxvision-rossi-mugello-2017\\\/#breadcrumb\",\"itemListElement\":[{\"@type\":\"ListItem\",\"position\":1,\"name\":\"Portada\",\"item\":\"https:\\\/\\\/franciscobelmonte.com\\\/tienda\\\/\"},{\"@type\":\"ListItem\",\"position\":2,\"name\":\"Tienda\",\"item\":\"https:\\\/\\\/franciscobelmonte.com\\\/tienda\\\/boutique-equipamiento-motero\\\/\"},{\"@type\":\"ListItem\",\"position\":3,\"name\":\"CASCO AGV K-3 SV PINLOCK MAXVISION ROSSI MUGELLO 2017\"}]},{\"@type\":\"WebSite\",\"@id\":\"https:\\\/\\\/franciscobelmonte.com\\\/tienda\\\/#website\",\"url\":\"https:\\\/\\\/franciscobelmonte.com\\\/tienda\\\/\",\"name\":\"Boutique Francisco Belmonte\",\"description\":\"Todo en complementos para motoristas\",\"publisher\":{\"@id\":\"https:\\\/\\\/franciscobelmonte.com\\\/tienda\\\/#organization\"},\"potentialAction\":[{\"@type\":\"SearchAction\",\"target\":{\"@type\":\"EntryPoint\",\"urlTemplate\":\"https:\\\/\\\/franciscobelmonte.com\\\/tienda\\\/?s={search_term_string}\"},\"query-input\":{\"@type\":\"PropertyValueSpecification\",\"valueRequired\":true,\"valueName\":\"search_term_string\"}}],\"inLanguage\":\"es\"},{\"@type\":\"Organization\",\"@id\":\"https:\\\/\\\/franciscobelmonte.com\\\/tienda\\\/#organization\",\"name\":\"Boutique Francisco Belmonte\",\"url\":\"https:\\\/\\\/franciscobelmonte.com\\\/tienda\\\/\",\"logo\":{\"@type\":\"ImageObject\",\"inLanguage\":\"es\",\"@id\":\"https:\\\/\\\/franciscobelmonte.com\\\/tienda\\\/#\\\/schema\\\/logo\\\/image\\\/\",\"url\":\"https:\\\/\\\/franciscobelmonte.com\\\/tienda\\\/wp-content\\\/uploads\\\/2021\\\/12\\\/Francisco-Belmonte-logo.png\",\"contentUrl\":\"https:\\\/\\\/franciscobelmonte.com\\\/tienda\\\/wp-content\\\/uploads\\\/2021\\\/12\\\/Francisco-Belmonte-logo.png\",\"width\":2153,\"height\":536,\"caption\":\"Boutique Francisco Belmonte\"},\"image\":{\"@id\":\"https:\\\/\\\/franciscobelmonte.com\\\/tienda\\\/#\\\/schema\\\/logo\\\/image\\\/\"},\"sameAs\":[\"https:\\\/\\\/www.facebook.com\\\/motosfranciscobelmonte\",\"https:\\\/\\\/www.instagram.com\\\/fco.belmonte\\\/\"]}]}<\/script>\n<!-- \/ Yoast SEO plugin. -->","yoast_head_json":{"title":"CASCO AGV K-3 SV PINLOCK MAXVISION ROSSI MUGELLO 2017 - Boutique Francisco Belmonte","description":"Casco AGV K-3 P\u00eenlock Maxvision Rossi Mugello 2017. Cascos de moto AGV en Murcia Francisco Belmonte en sus diferentes modelos al mejor precio.","robots":{"index":"index","follow":"follow","max-snippet":"max-snippet:-1","max-image-preview":"max-image-preview:large","max-video-preview":"max-video-preview:-1"},"canonical":"https:\/\/franciscobelmonte.com\/tienda\/casco-agv-k-3-sv-pinlock-maxvision-rossi-mugello-2017\/","og_locale":"es_ES","og_type":"article","og_title":"CASCO AGV K-3 SV PINLOCK MAXVISION ROSSI MUGELLO 2017 - Boutique Francisco Belmonte","og_description":"Casco AGV K-3 P\u00eenlock Maxvision Rossi Mugello 2017. Cascos de moto AGV en Murcia Francisco Belmonte en sus diferentes modelos al mejor precio.","og_url":"https:\/\/franciscobelmonte.com\/tienda\/casco-agv-k-3-sv-pinlock-maxvision-rossi-mugello-2017\/","og_site_name":"Boutique Francisco Belmonte","article_publisher":"https:\/\/www.facebook.com\/motosfranciscobelmonte","article_modified_time":"2023-12-22T11:28:10+00:00","og_image":[{"width":800,"height":800,"url":"https:\/\/franciscobelmonte.com\/tienda\/wp-content\/uploads\/2022\/11\/casco-agv-k-3-sv-pinlock-maxvision-rossi-muguello-2017.jpg","type":"image\/jpeg"}],"twitter_card":"summary_large_image","twitter_misc":{"Tiempo de lectura":"1 minuto"},"schema":{"@context":"https:\/\/schema.org","@graph":[{"@type":"WebPage","@id":"https:\/\/franciscobelmonte.com\/tienda\/casco-agv-k-3-sv-pinlock-maxvision-rossi-mugello-2017\/","url":"https:\/\/franciscobelmonte.com\/tienda\/casco-agv-k-3-sv-pinlock-maxvision-rossi-mugello-2017\/","name":"CASCO AGV K-3 SV PINLOCK MAXVISION ROSSI MUGELLO 2017 - Boutique Francisco Belmonte","isPartOf":{"@id":"https:\/\/franciscobelmonte.com\/tienda\/#website"},"primaryImageOfPage":{"@id":"https:\/\/franciscobelmonte.com\/tienda\/casco-agv-k-3-sv-pinlock-maxvision-rossi-mugello-2017\/#primaryimage"},"image":{"@id":"https:\/\/franciscobelmonte.com\/tienda\/casco-agv-k-3-sv-pinlock-maxvision-rossi-mugello-2017\/#primaryimage"},"thumbnailUrl":"https:\/\/franciscobelmonte.com\/tienda\/wp-content\/uploads\/2022\/11\/casco-agv-k-3-sv-pinlock-maxvision-rossi-muguello-2017.jpg","datePublished":"2022-11-29T18:07:17+00:00","dateModified":"2023-12-22T11:28:10+00:00","description":"Casco AGV K-3 P\u00eenlock Maxvision Rossi Mugello 2017. Cascos de moto AGV en Murcia Francisco Belmonte en sus diferentes modelos al mejor precio.","breadcrumb":{"@id":"https:\/\/franciscobelmonte.com\/tienda\/casco-agv-k-3-sv-pinlock-maxvision-rossi-mugello-2017\/#breadcrumb"},"inLanguage":"es","potentialAction":[{"@type":"ReadAction","target":["https:\/\/franciscobelmonte.com\/tienda\/casco-agv-k-3-sv-pinlock-maxvision-rossi-mugello-2017\/"]}]},{"@type":"ImageObject","inLanguage":"es","@id":"https:\/\/franciscobelmonte.com\/tienda\/casco-agv-k-3-sv-pinlock-maxvision-rossi-mugello-2017\/#primaryimage","url":"https:\/\/franciscobelmonte.com\/tienda\/wp-content\/uploads\/2022\/11\/casco-agv-k-3-sv-pinlock-maxvision-rossi-muguello-2017.jpg","contentUrl":"https:\/\/franciscobelmonte.com\/tienda\/wp-content\/uploads\/2022\/11\/casco-agv-k-3-sv-pinlock-maxvision-rossi-muguello-2017.jpg","width":800,"height":800,"caption":"casco agv k3 sv pinlock maxvision rossi mugello 2017 en murcia francisco belmonte"},{"@type":"BreadcrumbList","@id":"https:\/\/franciscobelmonte.com\/tienda\/casco-agv-k-3-sv-pinlock-maxvision-rossi-mugello-2017\/#breadcrumb","itemListElement":[{"@type":"ListItem","position":1,"name":"Portada","item":"https:\/\/franciscobelmonte.com\/tienda\/"},{"@type":"ListItem","position":2,"name":"Tienda","item":"https:\/\/franciscobelmonte.com\/tienda\/boutique-equipamiento-motero\/"},{"@type":"ListItem","position":3,"name":"CASCO AGV K-3 SV PINLOCK MAXVISION ROSSI MUGELLO 2017"}]},{"@type":"WebSite","@id":"https:\/\/franciscobelmonte.com\/tienda\/#website","url":"https:\/\/franciscobelmonte.com\/tienda\/","name":"Boutique Francisco Belmonte","description":"Todo en complementos para motoristas","publisher":{"@id":"https:\/\/franciscobelmonte.com\/tienda\/#organization"},"potentialAction":[{"@type":"SearchAction","target":{"@type":"EntryPoint","urlTemplate":"https:\/\/franciscobelmonte.com\/tienda\/?s={search_term_string}"},"query-input":{"@type":"PropertyValueSpecification","valueRequired":true,"valueName":"search_term_string"}}],"inLanguage":"es"},{"@type":"Organization","@id":"https:\/\/franciscobelmonte.com\/tienda\/#organization","name":"Boutique Francisco Belmonte","url":"https:\/\/franciscobelmonte.com\/tienda\/","logo":{"@type":"ImageObject","inLanguage":"es","@id":"https:\/\/franciscobelmonte.com\/tienda\/#\/schema\/logo\/image\/","url":"https:\/\/franciscobelmonte.com\/tienda\/wp-content\/uploads\/2021\/12\/Francisco-Belmonte-logo.png","contentUrl":"https:\/\/franciscobelmonte.com\/tienda\/wp-content\/uploads\/2021\/12\/Francisco-Belmonte-logo.png","width":2153,"height":536,"caption":"Boutique Francisco Belmonte"},"image":{"@id":"https:\/\/franciscobelmonte.com\/tienda\/#\/schema\/logo\/image\/"},"sameAs":["https:\/\/www.facebook.com\/motosfranciscobelmonte","https:\/\/www.instagram.com\/fco.belmonte\/"]}]}},"jetpack_sharing_enabled":true,"brands":[{"id":185,"name":"Agv","slug":"agv"}],"_links":{"self":[{"href":"https:\/\/franciscobelmonte.com\/tienda\/wp-json\/wp\/v2\/product\/7778","targetHints":{"allow":["GET"]}}],"collection":[{"href":"https:\/\/franciscobelmonte.com\/tienda\/wp-json\/wp\/v2\/product"}],"about":[{"href":"https:\/\/franciscobelmonte.com\/tienda\/wp-json\/wp\/v2\/types\/product"}],"replies":[{"embeddable":true,"href":"https:\/\/franciscobelmonte.com\/tienda\/wp-json\/wp\/v2\/comments?post=7778"}],"wp:featuredmedia":[{"embeddable":true,"href":"https:\/\/franciscobelmonte.com\/tienda\/wp-json\/wp\/v2\/media\/7784"}],"wp:attachment":[{"href":"https:\/\/franciscobelmonte.com\/tienda\/wp-json\/wp\/v2\/media?parent=7778"}],"wp:term":[{"taxonomy":"pwb-brand","embeddable":true,"href":"https:\/\/franciscobelmonte.com\/tienda\/wp-json\/wp\/v2\/pwb-brand?post=7778"},{"taxonomy":"product_brand","embeddable":true,"href":"https:\/\/franciscobelmonte.com\/tienda\/wp-json\/wp\/v2\/product_brand?post=7778"},{"taxonomy":"product_cat","embeddable":true,"href":"https:\/\/franciscobelmonte.com\/tienda\/wp-json\/wp\/v2\/product_cat?post=7778"},{"taxonomy":"product_tag","embeddable":true,"href":"https:\/\/franciscobelmonte.com\/tienda\/wp-json\/wp\/v2\/product_tag?post=7778"}],"curies":[{"name":"wp","href":"https:\/\/api.w.org\/{rel}","templated":true}]}}