{"id":7891,"date":"2022-12-02T10:07:39","date_gmt":"2022-12-02T10:07:39","guid":{"rendered":"https:\/\/franciscobelmonte.com\/tienda\/?post_type=product&#038;p=7891"},"modified":"2026-03-13T10:10:20","modified_gmt":"2026-03-13T08:10:20","slug":"casco-agv-k-5-s-core-negro-azul-amarillo-fluor","status":"publish","type":"product","link":"https:\/\/franciscobelmonte.com\/tienda\/casco-agv-k-5-s-core-negro-azul-amarillo-fluor\/","title":{"rendered":"CASCO AGV K-5 S CORE NEGRO \/ AZUL \/ AMARILLO FLUOR"},"content":{"rendered":"<h2>Casco AGV K-5 S Core Negro \/ Azul \/ Amarillo Fl\u00faor<\/h2>\n<p><strong>Aerodin\u00e1mica<\/strong><\/p>\n<ul>\n<li>Aler\u00f3n integrado<\/li>\n<\/ul>\n<p><strong>Interior<\/strong><\/p>\n<ul>\n<li>2Dry: Absorci\u00f3n instant\u00e1nea del sudor.<\/li>\n<li>Acolchado de mejillas: tejido Shalimar para un tacto suave y agradable.<\/li>\n<li>Tejido Dry-Comfort.<\/li>\n<li>Microsense: M\u00e1xima comodidad al tacto.<\/li>\n<li>Protecci\u00f3n de nuca: Tejido Shalimar con tratamiento resistente al agua.<\/li>\n<li>Compatible con el sistema AGV de intercomunicador ARK.<\/li>\n<li>Inserciones reflectantes.<\/li>\n<li>Interior extra\u00edble y lavable.<\/li>\n<li>Protector de nariz desmontable.<\/li>\n<li>Protector antiviento desmontable.<\/li>\n<\/ul>\n<p><strong>Calota<\/strong><\/p>\n<ul>\n<li>2 tama\u00f1os de concha<\/li>\n<li>EPS de 4 densidades desarrollado en 4 tallas.<\/li>\n<li>Carbono y fibra de vidrio.<\/li>\n<li>Perfil para la seguridad de la clav\u00edcula.<\/li>\n<li>Termopl\u00e1stico de alta resistencia.<\/li>\n<\/ul>\n<p><strong>Ventilaci\u00f3n\u00a0<\/strong><\/p>\n<ul>\n<li>2 Extractores traseros.<\/li>\n<li>5 Aberturas de ventilaci\u00f3n delanteras.<\/li>\n<li>Salidas de ventilaci\u00f3n ajustables.<\/li>\n<\/ul>\n<p>&nbsp;<\/p>\n","protected":false},"excerpt":{"rendered":"<p>Casco para moto AGV K5 S E2205. Modelo deportivo premium de AGV, a\u00fan m\u00e1s c\u00f3modo gracias a una nueva fabricaci\u00f3n de los interiores.<\/p>\n","protected":false},"featured_media":7897,"comment_status":"open","ping_status":"closed","template":"","meta":{"_themeisle_gutenberg_block_has_review":false},"pwb-brand":[185],"product_brand":[],"product_cat":[15,800,145],"product_tag":[803,802,416,889],"class_list":{"0":"post-7891","1":"product","2":"type-product","3":"status-publish","4":"has-post-thumbnail","6":"pwb-brand-agv","7":"product_cat-casco-de-moto","8":"product_cat-halloween","9":"product_cat-cascos-de-moto-integrales","10":"product_tag-agv-k5-liquidacion-30","11":"product_tag-halloween-2024","12":"product_tag-liquidacion","13":"product_tag-rebajas-liquidacion-70","15":"first","16":"outofstock","17":"taxable","18":"shipping-taxable","19":"product-type-variable","20":"has-default-attributes"},"yoast_head":"<!-- This site is optimized with the Yoast SEO plugin v27.3 - https:\/\/yoast.com\/product\/yoast-seo-wordpress\/ -->\n<title>CASCO AGV K-5 S CORE NEGRO \/ AZUL \/ AMARILLO FLUOR - Boutique Francisco Belmonte<\/title>\n<meta name=\"description\" content=\"Casco AGV K-5 S Core Negro - Azul - Amarillo Fl\u00faor. Cascos de moto AGV en Murcia Francisco Belmonte en sus diferentes modelos al mejor precio.\" \/>\n<meta name=\"robots\" content=\"index, follow, max-snippet:-1, max-image-preview:large, max-video-preview:-1\" \/>\n<link rel=\"canonical\" href=\"https:\/\/franciscobelmonte.com\/tienda\/casco-agv-k-5-s-core-negro-azul-amarillo-fluor\/\" \/>\n<meta property=\"og:locale\" content=\"es_ES\" \/>\n<meta property=\"og:type\" content=\"article\" \/>\n<meta property=\"og:title\" content=\"CASCO AGV K-5 S CORE NEGRO \/ AZUL \/ AMARILLO FLUOR - Boutique Francisco Belmonte\" \/>\n<meta property=\"og:description\" content=\"Casco AGV K-5 S Core Negro - Azul - Amarillo Fl\u00faor. Cascos de moto AGV en Murcia Francisco Belmonte en sus diferentes modelos al mejor precio.\" \/>\n<meta property=\"og:url\" content=\"https:\/\/franciscobelmonte.com\/tienda\/casco-agv-k-5-s-core-negro-azul-amarillo-fluor\/\" \/>\n<meta property=\"og:site_name\" content=\"Boutique Francisco Belmonte\" \/>\n<meta property=\"article:publisher\" content=\"https:\/\/www.facebook.com\/motosfranciscobelmonte\" \/>\n<meta property=\"article:modified_time\" content=\"2026-03-13T08:10:20+00:00\" \/>\n<meta property=\"og:image\" content=\"https:\/\/franciscobelmonte.com\/tienda\/wp-content\/uploads\/2022\/12\/casco-agv-k-5-s-Core-Negro-Azul-Amarillo-Fluor.jpg\" \/>\n\t<meta property=\"og:image:width\" content=\"800\" \/>\n\t<meta property=\"og:image:height\" content=\"800\" \/>\n\t<meta property=\"og:image:type\" content=\"image\/jpeg\" \/>\n<meta name=\"twitter:card\" content=\"summary_large_image\" \/>\n<meta name=\"twitter:label1\" content=\"Tiempo de lectura\" \/>\n\t<meta name=\"twitter:data1\" content=\"1 minuto\" \/>\n<script type=\"application\/ld+json\" class=\"yoast-schema-graph\">{\"@context\":\"https:\\\/\\\/schema.org\",\"@graph\":[{\"@type\":\"WebPage\",\"@id\":\"https:\\\/\\\/franciscobelmonte.com\\\/tienda\\\/casco-agv-k-5-s-core-negro-azul-amarillo-fluor\\\/\",\"url\":\"https:\\\/\\\/franciscobelmonte.com\\\/tienda\\\/casco-agv-k-5-s-core-negro-azul-amarillo-fluor\\\/\",\"name\":\"CASCO AGV K-5 S CORE NEGRO \\\/ AZUL \\\/ AMARILLO FLUOR - Boutique Francisco Belmonte\",\"isPartOf\":{\"@id\":\"https:\\\/\\\/franciscobelmonte.com\\\/tienda\\\/#website\"},\"primaryImageOfPage\":{\"@id\":\"https:\\\/\\\/franciscobelmonte.com\\\/tienda\\\/casco-agv-k-5-s-core-negro-azul-amarillo-fluor\\\/#primaryimage\"},\"image\":{\"@id\":\"https:\\\/\\\/franciscobelmonte.com\\\/tienda\\\/casco-agv-k-5-s-core-negro-azul-amarillo-fluor\\\/#primaryimage\"},\"thumbnailUrl\":\"https:\\\/\\\/franciscobelmonte.com\\\/tienda\\\/wp-content\\\/uploads\\\/2022\\\/12\\\/casco-agv-k-5-s-Core-Negro-Azul-Amarillo-Fluor.jpg\",\"datePublished\":\"2022-12-02T10:07:39+00:00\",\"dateModified\":\"2026-03-13T08:10:20+00:00\",\"description\":\"Casco AGV K-5 S Core Negro - Azul - Amarillo Fl\u00faor. Cascos de moto AGV en Murcia Francisco Belmonte en sus diferentes modelos al mejor precio.\",\"breadcrumb\":{\"@id\":\"https:\\\/\\\/franciscobelmonte.com\\\/tienda\\\/casco-agv-k-5-s-core-negro-azul-amarillo-fluor\\\/#breadcrumb\"},\"inLanguage\":\"es\",\"potentialAction\":[{\"@type\":\"ReadAction\",\"target\":[\"https:\\\/\\\/franciscobelmonte.com\\\/tienda\\\/casco-agv-k-5-s-core-negro-azul-amarillo-fluor\\\/\"]}]},{\"@type\":\"ImageObject\",\"inLanguage\":\"es\",\"@id\":\"https:\\\/\\\/franciscobelmonte.com\\\/tienda\\\/casco-agv-k-5-s-core-negro-azul-amarillo-fluor\\\/#primaryimage\",\"url\":\"https:\\\/\\\/franciscobelmonte.com\\\/tienda\\\/wp-content\\\/uploads\\\/2022\\\/12\\\/casco-agv-k-5-s-Core-Negro-Azul-Amarillo-Fluor.jpg\",\"contentUrl\":\"https:\\\/\\\/franciscobelmonte.com\\\/tienda\\\/wp-content\\\/uploads\\\/2022\\\/12\\\/casco-agv-k-5-s-Core-Negro-Azul-Amarillo-Fluor.jpg\",\"width\":800,\"height\":800,\"caption\":\"casco agv k5 s core negro azul amarillo fluor en murcia francisco belmonte\"},{\"@type\":\"BreadcrumbList\",\"@id\":\"https:\\\/\\\/franciscobelmonte.com\\\/tienda\\\/casco-agv-k-5-s-core-negro-azul-amarillo-fluor\\\/#breadcrumb\",\"itemListElement\":[{\"@type\":\"ListItem\",\"position\":1,\"name\":\"Portada\",\"item\":\"https:\\\/\\\/franciscobelmonte.com\\\/tienda\\\/\"},{\"@type\":\"ListItem\",\"position\":2,\"name\":\"Tienda\",\"item\":\"https:\\\/\\\/franciscobelmonte.com\\\/tienda\\\/boutique-equipamiento-motero\\\/\"},{\"@type\":\"ListItem\",\"position\":3,\"name\":\"CASCO AGV K-5 S CORE NEGRO \\\/ AZUL \\\/ AMARILLO FLUOR\"}]},{\"@type\":\"WebSite\",\"@id\":\"https:\\\/\\\/franciscobelmonte.com\\\/tienda\\\/#website\",\"url\":\"https:\\\/\\\/franciscobelmonte.com\\\/tienda\\\/\",\"name\":\"Boutique Francisco Belmonte\",\"description\":\"Todo en complementos para motoristas\",\"publisher\":{\"@id\":\"https:\\\/\\\/franciscobelmonte.com\\\/tienda\\\/#organization\"},\"potentialAction\":[{\"@type\":\"SearchAction\",\"target\":{\"@type\":\"EntryPoint\",\"urlTemplate\":\"https:\\\/\\\/franciscobelmonte.com\\\/tienda\\\/?s={search_term_string}\"},\"query-input\":{\"@type\":\"PropertyValueSpecification\",\"valueRequired\":true,\"valueName\":\"search_term_string\"}}],\"inLanguage\":\"es\"},{\"@type\":\"Organization\",\"@id\":\"https:\\\/\\\/franciscobelmonte.com\\\/tienda\\\/#organization\",\"name\":\"Boutique Francisco Belmonte\",\"url\":\"https:\\\/\\\/franciscobelmonte.com\\\/tienda\\\/\",\"logo\":{\"@type\":\"ImageObject\",\"inLanguage\":\"es\",\"@id\":\"https:\\\/\\\/franciscobelmonte.com\\\/tienda\\\/#\\\/schema\\\/logo\\\/image\\\/\",\"url\":\"https:\\\/\\\/franciscobelmonte.com\\\/tienda\\\/wp-content\\\/uploads\\\/2021\\\/12\\\/Francisco-Belmonte-logo.png\",\"contentUrl\":\"https:\\\/\\\/franciscobelmonte.com\\\/tienda\\\/wp-content\\\/uploads\\\/2021\\\/12\\\/Francisco-Belmonte-logo.png\",\"width\":2153,\"height\":536,\"caption\":\"Boutique Francisco Belmonte\"},\"image\":{\"@id\":\"https:\\\/\\\/franciscobelmonte.com\\\/tienda\\\/#\\\/schema\\\/logo\\\/image\\\/\"},\"sameAs\":[\"https:\\\/\\\/www.facebook.com\\\/motosfranciscobelmonte\",\"https:\\\/\\\/www.instagram.com\\\/fco.belmonte\\\/\"]}]}<\/script>\n<!-- \/ Yoast SEO plugin. -->","yoast_head_json":{"title":"CASCO AGV K-5 S CORE NEGRO \/ AZUL \/ AMARILLO FLUOR - Boutique Francisco Belmonte","description":"Casco AGV K-5 S Core Negro - Azul - Amarillo Fl\u00faor. Cascos de moto AGV en Murcia Francisco Belmonte en sus diferentes modelos al mejor precio.","robots":{"index":"index","follow":"follow","max-snippet":"max-snippet:-1","max-image-preview":"max-image-preview:large","max-video-preview":"max-video-preview:-1"},"canonical":"https:\/\/franciscobelmonte.com\/tienda\/casco-agv-k-5-s-core-negro-azul-amarillo-fluor\/","og_locale":"es_ES","og_type":"article","og_title":"CASCO AGV K-5 S CORE NEGRO \/ AZUL \/ AMARILLO FLUOR - Boutique Francisco Belmonte","og_description":"Casco AGV K-5 S Core Negro - Azul - Amarillo Fl\u00faor. Cascos de moto AGV en Murcia Francisco Belmonte en sus diferentes modelos al mejor precio.","og_url":"https:\/\/franciscobelmonte.com\/tienda\/casco-agv-k-5-s-core-negro-azul-amarillo-fluor\/","og_site_name":"Boutique Francisco Belmonte","article_publisher":"https:\/\/www.facebook.com\/motosfranciscobelmonte","article_modified_time":"2026-03-13T08:10:20+00:00","og_image":[{"width":800,"height":800,"url":"https:\/\/franciscobelmonte.com\/tienda\/wp-content\/uploads\/2022\/12\/casco-agv-k-5-s-Core-Negro-Azul-Amarillo-Fluor.jpg","type":"image\/jpeg"}],"twitter_card":"summary_large_image","twitter_misc":{"Tiempo de lectura":"1 minuto"},"schema":{"@context":"https:\/\/schema.org","@graph":[{"@type":"WebPage","@id":"https:\/\/franciscobelmonte.com\/tienda\/casco-agv-k-5-s-core-negro-azul-amarillo-fluor\/","url":"https:\/\/franciscobelmonte.com\/tienda\/casco-agv-k-5-s-core-negro-azul-amarillo-fluor\/","name":"CASCO AGV K-5 S CORE NEGRO \/ AZUL \/ AMARILLO FLUOR - Boutique Francisco Belmonte","isPartOf":{"@id":"https:\/\/franciscobelmonte.com\/tienda\/#website"},"primaryImageOfPage":{"@id":"https:\/\/franciscobelmonte.com\/tienda\/casco-agv-k-5-s-core-negro-azul-amarillo-fluor\/#primaryimage"},"image":{"@id":"https:\/\/franciscobelmonte.com\/tienda\/casco-agv-k-5-s-core-negro-azul-amarillo-fluor\/#primaryimage"},"thumbnailUrl":"https:\/\/franciscobelmonte.com\/tienda\/wp-content\/uploads\/2022\/12\/casco-agv-k-5-s-Core-Negro-Azul-Amarillo-Fluor.jpg","datePublished":"2022-12-02T10:07:39+00:00","dateModified":"2026-03-13T08:10:20+00:00","description":"Casco AGV K-5 S Core Negro - Azul - Amarillo Fl\u00faor. Cascos de moto AGV en Murcia Francisco Belmonte en sus diferentes modelos al mejor precio.","breadcrumb":{"@id":"https:\/\/franciscobelmonte.com\/tienda\/casco-agv-k-5-s-core-negro-azul-amarillo-fluor\/#breadcrumb"},"inLanguage":"es","potentialAction":[{"@type":"ReadAction","target":["https:\/\/franciscobelmonte.com\/tienda\/casco-agv-k-5-s-core-negro-azul-amarillo-fluor\/"]}]},{"@type":"ImageObject","inLanguage":"es","@id":"https:\/\/franciscobelmonte.com\/tienda\/casco-agv-k-5-s-core-negro-azul-amarillo-fluor\/#primaryimage","url":"https:\/\/franciscobelmonte.com\/tienda\/wp-content\/uploads\/2022\/12\/casco-agv-k-5-s-Core-Negro-Azul-Amarillo-Fluor.jpg","contentUrl":"https:\/\/franciscobelmonte.com\/tienda\/wp-content\/uploads\/2022\/12\/casco-agv-k-5-s-Core-Negro-Azul-Amarillo-Fluor.jpg","width":800,"height":800,"caption":"casco agv k5 s core negro azul amarillo fluor en murcia francisco belmonte"},{"@type":"BreadcrumbList","@id":"https:\/\/franciscobelmonte.com\/tienda\/casco-agv-k-5-s-core-negro-azul-amarillo-fluor\/#breadcrumb","itemListElement":[{"@type":"ListItem","position":1,"name":"Portada","item":"https:\/\/franciscobelmonte.com\/tienda\/"},{"@type":"ListItem","position":2,"name":"Tienda","item":"https:\/\/franciscobelmonte.com\/tienda\/boutique-equipamiento-motero\/"},{"@type":"ListItem","position":3,"name":"CASCO AGV K-5 S CORE NEGRO \/ AZUL \/ AMARILLO FLUOR"}]},{"@type":"WebSite","@id":"https:\/\/franciscobelmonte.com\/tienda\/#website","url":"https:\/\/franciscobelmonte.com\/tienda\/","name":"Boutique Francisco Belmonte","description":"Todo en complementos para motoristas","publisher":{"@id":"https:\/\/franciscobelmonte.com\/tienda\/#organization"},"potentialAction":[{"@type":"SearchAction","target":{"@type":"EntryPoint","urlTemplate":"https:\/\/franciscobelmonte.com\/tienda\/?s={search_term_string}"},"query-input":{"@type":"PropertyValueSpecification","valueRequired":true,"valueName":"search_term_string"}}],"inLanguage":"es"},{"@type":"Organization","@id":"https:\/\/franciscobelmonte.com\/tienda\/#organization","name":"Boutique Francisco Belmonte","url":"https:\/\/franciscobelmonte.com\/tienda\/","logo":{"@type":"ImageObject","inLanguage":"es","@id":"https:\/\/franciscobelmonte.com\/tienda\/#\/schema\/logo\/image\/","url":"https:\/\/franciscobelmonte.com\/tienda\/wp-content\/uploads\/2021\/12\/Francisco-Belmonte-logo.png","contentUrl":"https:\/\/franciscobelmonte.com\/tienda\/wp-content\/uploads\/2021\/12\/Francisco-Belmonte-logo.png","width":2153,"height":536,"caption":"Boutique Francisco Belmonte"},"image":{"@id":"https:\/\/franciscobelmonte.com\/tienda\/#\/schema\/logo\/image\/"},"sameAs":["https:\/\/www.facebook.com\/motosfranciscobelmonte","https:\/\/www.instagram.com\/fco.belmonte\/"]}]}},"jetpack_sharing_enabled":true,"brands":[{"id":185,"name":"Agv","slug":"agv"}],"_links":{"self":[{"href":"https:\/\/franciscobelmonte.com\/tienda\/wp-json\/wp\/v2\/product\/7891","targetHints":{"allow":["GET"]}}],"collection":[{"href":"https:\/\/franciscobelmonte.com\/tienda\/wp-json\/wp\/v2\/product"}],"about":[{"href":"https:\/\/franciscobelmonte.com\/tienda\/wp-json\/wp\/v2\/types\/product"}],"replies":[{"embeddable":true,"href":"https:\/\/franciscobelmonte.com\/tienda\/wp-json\/wp\/v2\/comments?post=7891"}],"wp:featuredmedia":[{"embeddable":true,"href":"https:\/\/franciscobelmonte.com\/tienda\/wp-json\/wp\/v2\/media\/7897"}],"wp:attachment":[{"href":"https:\/\/franciscobelmonte.com\/tienda\/wp-json\/wp\/v2\/media?parent=7891"}],"wp:term":[{"taxonomy":"pwb-brand","embeddable":true,"href":"https:\/\/franciscobelmonte.com\/tienda\/wp-json\/wp\/v2\/pwb-brand?post=7891"},{"taxonomy":"product_brand","embeddable":true,"href":"https:\/\/franciscobelmonte.com\/tienda\/wp-json\/wp\/v2\/product_brand?post=7891"},{"taxonomy":"product_cat","embeddable":true,"href":"https:\/\/franciscobelmonte.com\/tienda\/wp-json\/wp\/v2\/product_cat?post=7891"},{"taxonomy":"product_tag","embeddable":true,"href":"https:\/\/franciscobelmonte.com\/tienda\/wp-json\/wp\/v2\/product_tag?post=7891"}],"curies":[{"name":"wp","href":"https:\/\/api.w.org\/{rel}","templated":true}]}}