{"id":7973,"date":"2022-12-12T11:02:27","date_gmt":"2022-12-12T11:02:27","guid":{"rendered":"https:\/\/franciscobelmonte.com\/tienda\/?post_type=product&#038;p=7973"},"modified":"2025-12-15T14:06:38","modified_gmt":"2025-12-15T12:06:38","slug":"guantes-alpinestars-halo-negro","status":"publish","type":"product","link":"https:\/\/franciscobelmonte.com\/tienda\/guantes-alpinestars-halo-negro\/","title":{"rendered":"GUANTES ALPINESTARS HALO NEGRO"},"content":{"rendered":"<h2>Guantes\u00a0 Alpinestars Halo Negro<\/h2>\n<div class=\"layoutArea\">\n<div class=\"column\">\n<p>Guantes de pu\u00f1o corto de dise\u00f1o agresivo especialmente indicados para una conducci\u00f3n Adventure. Confeccionados en combinaci\u00f3n de piel de cabra y tejido el\u00e1stico. Las protecciones en los nudillos de doble densidad y las capas de ARshield estrat\u00e9gicamente ubicadas ofrecen una excelente protecci\u00f3n en caso de impacto. Disponen de un pu\u00f1o fino y aerodin\u00e1mico para reducir el volumen, lo que permite llevarlos f\u00e1cilmente bajo las mangas de una chaqueta.<\/p>\n<p><strong>Caracter\u00edsticas principales<\/strong><\/p>\n<ul>\n<li>Dorso en tejido el\u00e1stico fabricado en poliamida y reforzado con aramida para una perfecta flexibilidad, confort y durabilidad.<\/li>\n<li>Piel de cabra de primera calidad.<\/li>\n<li>Protecciones Alpinestars Dynamic Friction Shield (DFS) ubicadas en la zona de los nudillos de dise\u00f1o ergon\u00f3mico para la conducci\u00f3n. Fabricadas en pol\u00edmero de doble densidad para mayor protecci\u00f3n contra los impactos.<\/li>\n<li>Refuerzo en palma para mayor protecci\u00f3n.<\/li>\n<li>Capa ARshield en la zona del dorso, zonas de roce y en las yernas de los dedos para una protecci\u00f3n adicional.<\/li>\n<li>Panales perforados en los dedos para mayor ventilaci\u00f3n.<\/li>\n<li>Inserciones el\u00e1sticas y tejido acorde\u00f3n estrat\u00e9gicamente ubicados para un mayor confort y libertad de movimientos.<\/li>\n<li>Inserci\u00f3n de goma en la palma para mayor agarre.<\/li>\n<li>Punta del dedo \u00edndice y pulgar compatible con el uso de pantallas t\u00e1ctiles.<\/li>\n<li>Sistema de cierre con velcro en la mu\u00f1eca para un ajuste seguro.<\/li>\n<li>Guantes con certificado CE EN 13594 2015 Nivel 1 KP.<\/li>\n<\/ul>\n<p>&nbsp;<\/p>\n<\/div>\n<\/div>\n","protected":false},"excerpt":{"rendered":"<p>Guantes de pu\u00f1o corto de dise\u00f1o agresivo especialmente indicados para una conducci\u00f3n Adventure. Confeccionados en combinaci\u00f3n de piel de cabra y tejido el\u00e1stico.<\/p>\n<p><a style=\"color: #0000ff;\" href=\"https:\/\/franciscobelmonte.com\/tienda\/wp-content\/uploads\/2022\/09\/Tallas-guantes-alpinestars.png\" target=\"_blank\" rel=\"noopener\"><span style=\"font-size: xx-small;\"> Ver gu\u00eda de tallas<\/span><\/a><\/p>\n","protected":false},"featured_media":7979,"comment_status":"open","ping_status":"closed","template":"","meta":{"_themeisle_gutenberg_block_has_review":false},"pwb-brand":[186],"product_brand":[],"product_cat":[36,151],"product_tag":[865,885,850,772],"class_list":{"0":"post-7973","1":"product","2":"type-product","3":"status-publish","4":"has-post-thumbnail","6":"pwb-brand-alpinestars","7":"product_cat-guantes","8":"product_cat-guantes-de-moto-verano","9":"product_tag-865","10":"product_tag-dto-navideno-25","11":"product_tag-rebajas-ropa-verano-20","12":"product_tag-todas-marcas-verano-25","14":"first","15":"instock","16":"sale","17":"taxable","18":"shipping-taxable","19":"purchasable","20":"product-type-variable","21":"has-default-attributes"},"yoast_head":"<!-- This site is optimized with the Yoast SEO plugin v27.4 - https:\/\/yoast.com\/product\/yoast-seo-wordpress\/ -->\n<title>GUANTES ALPINESTARS HALO NEGRO - Boutique Francisco Belmonte<\/title>\n<meta name=\"description\" content=\"Guantes Alpinestars Halo Negro. Guantes de moto Alpinestars en Murcia Francisco Belmonte, en sus diferentes colores al mejor precio.\" \/>\n<meta name=\"robots\" content=\"index, follow, max-snippet:-1, max-image-preview:large, max-video-preview:-1\" \/>\n<link rel=\"canonical\" href=\"https:\/\/franciscobelmonte.com\/tienda\/guantes-alpinestars-halo-negro\/\" \/>\n<meta property=\"og:locale\" content=\"es_ES\" \/>\n<meta property=\"og:type\" content=\"article\" \/>\n<meta property=\"og:title\" content=\"GUANTES ALPINESTARS HALO NEGRO - Boutique Francisco Belmonte\" \/>\n<meta property=\"og:description\" content=\"Guantes Alpinestars Halo Negro. Guantes de moto Alpinestars en Murcia Francisco Belmonte, en sus diferentes colores al mejor precio.\" \/>\n<meta property=\"og:url\" content=\"https:\/\/franciscobelmonte.com\/tienda\/guantes-alpinestars-halo-negro\/\" \/>\n<meta property=\"og:site_name\" content=\"Boutique Francisco Belmonte\" \/>\n<meta property=\"article:publisher\" content=\"https:\/\/www.facebook.com\/motosfranciscobelmonte\" \/>\n<meta property=\"article:modified_time\" content=\"2025-12-15T12:06:38+00:00\" \/>\n<meta property=\"og:image\" content=\"https:\/\/franciscobelmonte.com\/tienda\/wp-content\/uploads\/2022\/12\/guantes-alpinestars-halo-negro.jpg\" \/>\n\t<meta property=\"og:image:width\" content=\"619\" \/>\n\t<meta property=\"og:image:height\" content=\"800\" \/>\n\t<meta property=\"og:image:type\" content=\"image\/jpeg\" \/>\n<meta name=\"twitter:card\" content=\"summary_large_image\" \/>\n<meta name=\"twitter:label1\" content=\"Tiempo de lectura\" \/>\n\t<meta name=\"twitter:data1\" content=\"1 minuto\" \/>\n<script type=\"application\/ld+json\" class=\"yoast-schema-graph\">{\"@context\":\"https:\\\/\\\/schema.org\",\"@graph\":[{\"@type\":\"WebPage\",\"@id\":\"https:\\\/\\\/franciscobelmonte.com\\\/tienda\\\/guantes-alpinestars-halo-negro\\\/\",\"url\":\"https:\\\/\\\/franciscobelmonte.com\\\/tienda\\\/guantes-alpinestars-halo-negro\\\/\",\"name\":\"GUANTES ALPINESTARS HALO NEGRO - Boutique Francisco Belmonte\",\"isPartOf\":{\"@id\":\"https:\\\/\\\/franciscobelmonte.com\\\/tienda\\\/#website\"},\"primaryImageOfPage\":{\"@id\":\"https:\\\/\\\/franciscobelmonte.com\\\/tienda\\\/guantes-alpinestars-halo-negro\\\/#primaryimage\"},\"image\":{\"@id\":\"https:\\\/\\\/franciscobelmonte.com\\\/tienda\\\/guantes-alpinestars-halo-negro\\\/#primaryimage\"},\"thumbnailUrl\":\"https:\\\/\\\/franciscobelmonte.com\\\/tienda\\\/wp-content\\\/uploads\\\/2022\\\/12\\\/guantes-alpinestars-halo-negro.jpg\",\"datePublished\":\"2022-12-12T11:02:27+00:00\",\"dateModified\":\"2025-12-15T12:06:38+00:00\",\"description\":\"Guantes Alpinestars Halo Negro. Guantes de moto Alpinestars en Murcia Francisco Belmonte, en sus diferentes colores al mejor precio.\",\"breadcrumb\":{\"@id\":\"https:\\\/\\\/franciscobelmonte.com\\\/tienda\\\/guantes-alpinestars-halo-negro\\\/#breadcrumb\"},\"inLanguage\":\"es\",\"potentialAction\":[{\"@type\":\"ReadAction\",\"target\":[\"https:\\\/\\\/franciscobelmonte.com\\\/tienda\\\/guantes-alpinestars-halo-negro\\\/\"]}]},{\"@type\":\"ImageObject\",\"inLanguage\":\"es\",\"@id\":\"https:\\\/\\\/franciscobelmonte.com\\\/tienda\\\/guantes-alpinestars-halo-negro\\\/#primaryimage\",\"url\":\"https:\\\/\\\/franciscobelmonte.com\\\/tienda\\\/wp-content\\\/uploads\\\/2022\\\/12\\\/guantes-alpinestars-halo-negro.jpg\",\"contentUrl\":\"https:\\\/\\\/franciscobelmonte.com\\\/tienda\\\/wp-content\\\/uploads\\\/2022\\\/12\\\/guantes-alpinestars-halo-negro.jpg\",\"width\":619,\"height\":800,\"caption\":\"guantes alpinestars halo negro en murcia francisco belmonte\"},{\"@type\":\"BreadcrumbList\",\"@id\":\"https:\\\/\\\/franciscobelmonte.com\\\/tienda\\\/guantes-alpinestars-halo-negro\\\/#breadcrumb\",\"itemListElement\":[{\"@type\":\"ListItem\",\"position\":1,\"name\":\"Portada\",\"item\":\"https:\\\/\\\/franciscobelmonte.com\\\/tienda\\\/\"},{\"@type\":\"ListItem\",\"position\":2,\"name\":\"Tienda\",\"item\":\"https:\\\/\\\/franciscobelmonte.com\\\/tienda\\\/boutique-equipamiento-motero\\\/\"},{\"@type\":\"ListItem\",\"position\":3,\"name\":\"GUANTES ALPINESTARS HALO NEGRO\"}]},{\"@type\":\"WebSite\",\"@id\":\"https:\\\/\\\/franciscobelmonte.com\\\/tienda\\\/#website\",\"url\":\"https:\\\/\\\/franciscobelmonte.com\\\/tienda\\\/\",\"name\":\"Boutique Francisco Belmonte\",\"description\":\"Todo en complementos para motoristas\",\"publisher\":{\"@id\":\"https:\\\/\\\/franciscobelmonte.com\\\/tienda\\\/#organization\"},\"potentialAction\":[{\"@type\":\"SearchAction\",\"target\":{\"@type\":\"EntryPoint\",\"urlTemplate\":\"https:\\\/\\\/franciscobelmonte.com\\\/tienda\\\/?s={search_term_string}\"},\"query-input\":{\"@type\":\"PropertyValueSpecification\",\"valueRequired\":true,\"valueName\":\"search_term_string\"}}],\"inLanguage\":\"es\"},{\"@type\":\"Organization\",\"@id\":\"https:\\\/\\\/franciscobelmonte.com\\\/tienda\\\/#organization\",\"name\":\"Boutique Francisco Belmonte\",\"url\":\"https:\\\/\\\/franciscobelmonte.com\\\/tienda\\\/\",\"logo\":{\"@type\":\"ImageObject\",\"inLanguage\":\"es\",\"@id\":\"https:\\\/\\\/franciscobelmonte.com\\\/tienda\\\/#\\\/schema\\\/logo\\\/image\\\/\",\"url\":\"https:\\\/\\\/franciscobelmonte.com\\\/tienda\\\/wp-content\\\/uploads\\\/2021\\\/12\\\/Francisco-Belmonte-logo.png\",\"contentUrl\":\"https:\\\/\\\/franciscobelmonte.com\\\/tienda\\\/wp-content\\\/uploads\\\/2021\\\/12\\\/Francisco-Belmonte-logo.png\",\"width\":2153,\"height\":536,\"caption\":\"Boutique Francisco Belmonte\"},\"image\":{\"@id\":\"https:\\\/\\\/franciscobelmonte.com\\\/tienda\\\/#\\\/schema\\\/logo\\\/image\\\/\"},\"sameAs\":[\"https:\\\/\\\/www.facebook.com\\\/motosfranciscobelmonte\",\"https:\\\/\\\/www.instagram.com\\\/fco.belmonte\\\/\"]}]}<\/script>\n<!-- \/ Yoast SEO plugin. -->","yoast_head_json":{"title":"GUANTES ALPINESTARS HALO NEGRO - Boutique Francisco Belmonte","description":"Guantes Alpinestars Halo Negro. Guantes de moto Alpinestars en Murcia Francisco Belmonte, en sus diferentes colores al mejor precio.","robots":{"index":"index","follow":"follow","max-snippet":"max-snippet:-1","max-image-preview":"max-image-preview:large","max-video-preview":"max-video-preview:-1"},"canonical":"https:\/\/franciscobelmonte.com\/tienda\/guantes-alpinestars-halo-negro\/","og_locale":"es_ES","og_type":"article","og_title":"GUANTES ALPINESTARS HALO NEGRO - Boutique Francisco Belmonte","og_description":"Guantes Alpinestars Halo Negro. Guantes de moto Alpinestars en Murcia Francisco Belmonte, en sus diferentes colores al mejor precio.","og_url":"https:\/\/franciscobelmonte.com\/tienda\/guantes-alpinestars-halo-negro\/","og_site_name":"Boutique Francisco Belmonte","article_publisher":"https:\/\/www.facebook.com\/motosfranciscobelmonte","article_modified_time":"2025-12-15T12:06:38+00:00","og_image":[{"width":619,"height":800,"url":"https:\/\/franciscobelmonte.com\/tienda\/wp-content\/uploads\/2022\/12\/guantes-alpinestars-halo-negro.jpg","type":"image\/jpeg"}],"twitter_card":"summary_large_image","twitter_misc":{"Tiempo de lectura":"1 minuto"},"schema":{"@context":"https:\/\/schema.org","@graph":[{"@type":"WebPage","@id":"https:\/\/franciscobelmonte.com\/tienda\/guantes-alpinestars-halo-negro\/","url":"https:\/\/franciscobelmonte.com\/tienda\/guantes-alpinestars-halo-negro\/","name":"GUANTES ALPINESTARS HALO NEGRO - Boutique Francisco Belmonte","isPartOf":{"@id":"https:\/\/franciscobelmonte.com\/tienda\/#website"},"primaryImageOfPage":{"@id":"https:\/\/franciscobelmonte.com\/tienda\/guantes-alpinestars-halo-negro\/#primaryimage"},"image":{"@id":"https:\/\/franciscobelmonte.com\/tienda\/guantes-alpinestars-halo-negro\/#primaryimage"},"thumbnailUrl":"https:\/\/franciscobelmonte.com\/tienda\/wp-content\/uploads\/2022\/12\/guantes-alpinestars-halo-negro.jpg","datePublished":"2022-12-12T11:02:27+00:00","dateModified":"2025-12-15T12:06:38+00:00","description":"Guantes Alpinestars Halo Negro. Guantes de moto Alpinestars en Murcia Francisco Belmonte, en sus diferentes colores al mejor precio.","breadcrumb":{"@id":"https:\/\/franciscobelmonte.com\/tienda\/guantes-alpinestars-halo-negro\/#breadcrumb"},"inLanguage":"es","potentialAction":[{"@type":"ReadAction","target":["https:\/\/franciscobelmonte.com\/tienda\/guantes-alpinestars-halo-negro\/"]}]},{"@type":"ImageObject","inLanguage":"es","@id":"https:\/\/franciscobelmonte.com\/tienda\/guantes-alpinestars-halo-negro\/#primaryimage","url":"https:\/\/franciscobelmonte.com\/tienda\/wp-content\/uploads\/2022\/12\/guantes-alpinestars-halo-negro.jpg","contentUrl":"https:\/\/franciscobelmonte.com\/tienda\/wp-content\/uploads\/2022\/12\/guantes-alpinestars-halo-negro.jpg","width":619,"height":800,"caption":"guantes alpinestars halo negro en murcia francisco belmonte"},{"@type":"BreadcrumbList","@id":"https:\/\/franciscobelmonte.com\/tienda\/guantes-alpinestars-halo-negro\/#breadcrumb","itemListElement":[{"@type":"ListItem","position":1,"name":"Portada","item":"https:\/\/franciscobelmonte.com\/tienda\/"},{"@type":"ListItem","position":2,"name":"Tienda","item":"https:\/\/franciscobelmonte.com\/tienda\/boutique-equipamiento-motero\/"},{"@type":"ListItem","position":3,"name":"GUANTES ALPINESTARS HALO NEGRO"}]},{"@type":"WebSite","@id":"https:\/\/franciscobelmonte.com\/tienda\/#website","url":"https:\/\/franciscobelmonte.com\/tienda\/","name":"Boutique Francisco Belmonte","description":"Todo en complementos para motoristas","publisher":{"@id":"https:\/\/franciscobelmonte.com\/tienda\/#organization"},"potentialAction":[{"@type":"SearchAction","target":{"@type":"EntryPoint","urlTemplate":"https:\/\/franciscobelmonte.com\/tienda\/?s={search_term_string}"},"query-input":{"@type":"PropertyValueSpecification","valueRequired":true,"valueName":"search_term_string"}}],"inLanguage":"es"},{"@type":"Organization","@id":"https:\/\/franciscobelmonte.com\/tienda\/#organization","name":"Boutique Francisco Belmonte","url":"https:\/\/franciscobelmonte.com\/tienda\/","logo":{"@type":"ImageObject","inLanguage":"es","@id":"https:\/\/franciscobelmonte.com\/tienda\/#\/schema\/logo\/image\/","url":"https:\/\/franciscobelmonte.com\/tienda\/wp-content\/uploads\/2021\/12\/Francisco-Belmonte-logo.png","contentUrl":"https:\/\/franciscobelmonte.com\/tienda\/wp-content\/uploads\/2021\/12\/Francisco-Belmonte-logo.png","width":2153,"height":536,"caption":"Boutique Francisco Belmonte"},"image":{"@id":"https:\/\/franciscobelmonte.com\/tienda\/#\/schema\/logo\/image\/"},"sameAs":["https:\/\/www.facebook.com\/motosfranciscobelmonte","https:\/\/www.instagram.com\/fco.belmonte\/"]}]}},"jetpack_sharing_enabled":true,"brands":[{"id":186,"name":"Alpinestars","slug":"alpinestars"}],"_links":{"self":[{"href":"https:\/\/franciscobelmonte.com\/tienda\/wp-json\/wp\/v2\/product\/7973","targetHints":{"allow":["GET"]}}],"collection":[{"href":"https:\/\/franciscobelmonte.com\/tienda\/wp-json\/wp\/v2\/product"}],"about":[{"href":"https:\/\/franciscobelmonte.com\/tienda\/wp-json\/wp\/v2\/types\/product"}],"replies":[{"embeddable":true,"href":"https:\/\/franciscobelmonte.com\/tienda\/wp-json\/wp\/v2\/comments?post=7973"}],"wp:featuredmedia":[{"embeddable":true,"href":"https:\/\/franciscobelmonte.com\/tienda\/wp-json\/wp\/v2\/media\/7979"}],"wp:attachment":[{"href":"https:\/\/franciscobelmonte.com\/tienda\/wp-json\/wp\/v2\/media?parent=7973"}],"wp:term":[{"taxonomy":"pwb-brand","embeddable":true,"href":"https:\/\/franciscobelmonte.com\/tienda\/wp-json\/wp\/v2\/pwb-brand?post=7973"},{"taxonomy":"product_brand","embeddable":true,"href":"https:\/\/franciscobelmonte.com\/tienda\/wp-json\/wp\/v2\/product_brand?post=7973"},{"taxonomy":"product_cat","embeddable":true,"href":"https:\/\/franciscobelmonte.com\/tienda\/wp-json\/wp\/v2\/product_cat?post=7973"},{"taxonomy":"product_tag","embeddable":true,"href":"https:\/\/franciscobelmonte.com\/tienda\/wp-json\/wp\/v2\/product_tag?post=7973"}],"curies":[{"name":"wp","href":"https:\/\/api.w.org\/{rel}","templated":true}]}}