{"id":8163,"date":"2022-12-21T09:54:40","date_gmt":"2022-12-21T09:54:40","guid":{"rendered":"https:\/\/franciscobelmonte.com\/tienda\/?post_type=product&#038;p=8163"},"modified":"2026-01-05T11:05:36","modified_gmt":"2026-01-05T09:05:36","slug":"casco-scorpion-belfast-evo-soul-blanco-mate-azul-rojo","status":"publish","type":"product","link":"https:\/\/franciscobelmonte.com\/tienda\/casco-scorpion-belfast-evo-soul-blanco-mate-azul-rojo\/","title":{"rendered":"CASCO SCORPION BELFAST EVO SOUL BLANCO MATE \/ AZUL \/ ROJO"},"content":{"rendered":"<h2>Casco SCOPRION Belfast Evo Soul Blanco Mate\u00a0 \/ Azul \/ Rojo<\/h2>\n<p>Casco tipo Jet que combina entre un look moderno y retro ideal para la conducci\u00f3n urbana. Su calota exterior ha sido fabricada en Ultra TCT con fibra de vidrio que ofrece genial protecci\u00f3n. Dispone de visor solar Speedview y acolchados interiores Kwikwick 2 muy agradables y sencillamente desmontables y lavables.<\/p>\n<p><strong>Caracter\u00edsticas<\/strong><\/p>\n<ul>\n<li>Calota fabricada en Ultra TCT Thermodynamical Composite Technology: Calota extremadamente ligera con nueva estructura TCT fabricada en fibra de vidrio; ofrece un nivel de protecci\u00f3n excelente en el mundo de los cascos. Esta calota es capaz de doblarse gradualmente en caso de impacto lo que le permite absorber la mayor\u00eda de energ\u00eda generada por el mismo mientras conserva una de las estructuras m\u00e1s fuertes.<\/li>\n<li>2 tama\u00f1os de calota exterior para adaptarse mejor a cada talla.<\/li>\n<li>Visor solar Seepview f\u00e1cilmente reemplazable y con tratamiento antivaho en ambas caras.<\/li>\n<li>Acolchado interior Kwikwick 2 con tratamiento antial\u00e9rgico. Ofrece una excelente absorci\u00f3n de la humedad y destaca por ser muy c\u00f3moda suave y el\u00e1stico. Puede desmontarse y lavarse. dise\u00f1o de los acolchados laterales optimizado para usuarios de gafas.<\/li>\n<li>Cierre microm\u00e9trico.<\/li>\n<li>ECE 22.06.<\/li>\n<\/ul>\n","protected":false},"excerpt":{"rendered":"<p>Casco tipo Jet que combina entre un look moderno y retro ideal para la conducci\u00f3n urbana. Su calota exterior ha sido fabricada en Ultra TCT con fibra de vidrio que ofrece genial protecci\u00f3n. Dispone de visor solar Speedview y acolchados interiores Kwikwick 2 muy agradables y sencillamente desmontables y lavables.<\/p>\n","protected":false},"featured_media":8168,"comment_status":"open","ping_status":"closed","template":"","meta":{"_themeisle_gutenberg_block_has_review":false},"pwb-brand":[226],"product_brand":[],"product_cat":[15,143],"product_tag":[865,885,888],"class_list":{"0":"post-8163","1":"product","2":"type-product","3":"status-publish","4":"has-post-thumbnail","6":"pwb-brand-scorpion","7":"product_cat-casco-de-moto","8":"product_cat-cascos-de-moto-jet","9":"product_tag-865","10":"product_tag-dto-navideno-25","11":"product_tag-rebajas-40","13":"first","14":"instock","15":"sale","16":"taxable","17":"shipping-taxable","18":"purchasable","19":"product-type-variable","20":"has-default-attributes"},"yoast_head":"<!-- This site is optimized with the Yoast SEO plugin v27.4 - https:\/\/yoast.com\/product\/yoast-seo-wordpress\/ -->\n<title>CASCO SCORPION BELFAST EVO SOUL BLANCO MATE \/ AZUL \/ ROJO - Boutique Francisco Belmonte<\/title>\n<meta name=\"description\" content=\"Casco Scorpion Belfast Evo Soul Blanco Mate-Azul-Rojo. Cascos moto Scorpion al mejor precio en Murcia Francisco Belmonte al mejor precio.\" \/>\n<meta name=\"robots\" content=\"index, follow, max-snippet:-1, max-image-preview:large, max-video-preview:-1\" \/>\n<link rel=\"canonical\" href=\"https:\/\/franciscobelmonte.com\/tienda\/casco-scorpion-belfast-evo-soul-blanco-mate-azul-rojo\/\" \/>\n<meta property=\"og:locale\" content=\"es_ES\" \/>\n<meta property=\"og:type\" content=\"article\" \/>\n<meta property=\"og:title\" content=\"CASCO SCORPION BELFAST EVO SOUL BLANCO MATE \/ AZUL \/ ROJO - Boutique Francisco Belmonte\" \/>\n<meta property=\"og:description\" content=\"Casco Scorpion Belfast Evo Soul Blanco Mate-Azul-Rojo. Cascos moto Scorpion al mejor precio en Murcia Francisco Belmonte al mejor precio.\" \/>\n<meta property=\"og:url\" content=\"https:\/\/franciscobelmonte.com\/tienda\/casco-scorpion-belfast-evo-soul-blanco-mate-azul-rojo\/\" \/>\n<meta property=\"og:site_name\" content=\"Boutique Francisco Belmonte\" \/>\n<meta property=\"article:publisher\" content=\"https:\/\/www.facebook.com\/motosfranciscobelmonte\" \/>\n<meta property=\"article:modified_time\" content=\"2026-01-05T09:05:36+00:00\" \/>\n<meta property=\"og:image\" content=\"https:\/\/franciscobelmonte.com\/tienda\/wp-content\/uploads\/2022\/12\/casco-scorpion-belfast-evo-soul-blanco-mate-azul-rojo.jpg\" \/>\n\t<meta property=\"og:image:width\" content=\"800\" \/>\n\t<meta property=\"og:image:height\" content=\"800\" \/>\n\t<meta property=\"og:image:type\" content=\"image\/jpeg\" \/>\n<meta name=\"twitter:card\" content=\"summary_large_image\" \/>\n<meta name=\"twitter:label1\" content=\"Tiempo de lectura\" \/>\n\t<meta name=\"twitter:data1\" content=\"1 minuto\" \/>\n<script type=\"application\/ld+json\" class=\"yoast-schema-graph\">{\"@context\":\"https:\\\/\\\/schema.org\",\"@graph\":[{\"@type\":\"WebPage\",\"@id\":\"https:\\\/\\\/franciscobelmonte.com\\\/tienda\\\/casco-scorpion-belfast-evo-soul-blanco-mate-azul-rojo\\\/\",\"url\":\"https:\\\/\\\/franciscobelmonte.com\\\/tienda\\\/casco-scorpion-belfast-evo-soul-blanco-mate-azul-rojo\\\/\",\"name\":\"CASCO SCORPION BELFAST EVO SOUL BLANCO MATE \\\/ AZUL \\\/ ROJO - Boutique Francisco Belmonte\",\"isPartOf\":{\"@id\":\"https:\\\/\\\/franciscobelmonte.com\\\/tienda\\\/#website\"},\"primaryImageOfPage\":{\"@id\":\"https:\\\/\\\/franciscobelmonte.com\\\/tienda\\\/casco-scorpion-belfast-evo-soul-blanco-mate-azul-rojo\\\/#primaryimage\"},\"image\":{\"@id\":\"https:\\\/\\\/franciscobelmonte.com\\\/tienda\\\/casco-scorpion-belfast-evo-soul-blanco-mate-azul-rojo\\\/#primaryimage\"},\"thumbnailUrl\":\"https:\\\/\\\/franciscobelmonte.com\\\/tienda\\\/wp-content\\\/uploads\\\/2022\\\/12\\\/casco-scorpion-belfast-evo-soul-blanco-mate-azul-rojo.jpg\",\"datePublished\":\"2022-12-21T09:54:40+00:00\",\"dateModified\":\"2026-01-05T09:05:36+00:00\",\"description\":\"Casco Scorpion Belfast Evo Soul Blanco Mate-Azul-Rojo. Cascos moto Scorpion al mejor precio en Murcia Francisco Belmonte al mejor precio.\",\"breadcrumb\":{\"@id\":\"https:\\\/\\\/franciscobelmonte.com\\\/tienda\\\/casco-scorpion-belfast-evo-soul-blanco-mate-azul-rojo\\\/#breadcrumb\"},\"inLanguage\":\"es\",\"potentialAction\":[{\"@type\":\"ReadAction\",\"target\":[\"https:\\\/\\\/franciscobelmonte.com\\\/tienda\\\/casco-scorpion-belfast-evo-soul-blanco-mate-azul-rojo\\\/\"]}]},{\"@type\":\"ImageObject\",\"inLanguage\":\"es\",\"@id\":\"https:\\\/\\\/franciscobelmonte.com\\\/tienda\\\/casco-scorpion-belfast-evo-soul-blanco-mate-azul-rojo\\\/#primaryimage\",\"url\":\"https:\\\/\\\/franciscobelmonte.com\\\/tienda\\\/wp-content\\\/uploads\\\/2022\\\/12\\\/casco-scorpion-belfast-evo-soul-blanco-mate-azul-rojo.jpg\",\"contentUrl\":\"https:\\\/\\\/franciscobelmonte.com\\\/tienda\\\/wp-content\\\/uploads\\\/2022\\\/12\\\/casco-scorpion-belfast-evo-soul-blanco-mate-azul-rojo.jpg\",\"width\":800,\"height\":800,\"caption\":\"casco scorpion belfast evo soul blanco mate azul rojo en murcia francisco belmonte\"},{\"@type\":\"BreadcrumbList\",\"@id\":\"https:\\\/\\\/franciscobelmonte.com\\\/tienda\\\/casco-scorpion-belfast-evo-soul-blanco-mate-azul-rojo\\\/#breadcrumb\",\"itemListElement\":[{\"@type\":\"ListItem\",\"position\":1,\"name\":\"Portada\",\"item\":\"https:\\\/\\\/franciscobelmonte.com\\\/tienda\\\/\"},{\"@type\":\"ListItem\",\"position\":2,\"name\":\"Tienda\",\"item\":\"https:\\\/\\\/franciscobelmonte.com\\\/tienda\\\/boutique-equipamiento-motero\\\/\"},{\"@type\":\"ListItem\",\"position\":3,\"name\":\"CASCO SCORPION BELFAST EVO SOUL BLANCO MATE \\\/ AZUL \\\/ ROJO\"}]},{\"@type\":\"WebSite\",\"@id\":\"https:\\\/\\\/franciscobelmonte.com\\\/tienda\\\/#website\",\"url\":\"https:\\\/\\\/franciscobelmonte.com\\\/tienda\\\/\",\"name\":\"Boutique Francisco Belmonte\",\"description\":\"Todo en complementos para motoristas\",\"publisher\":{\"@id\":\"https:\\\/\\\/franciscobelmonte.com\\\/tienda\\\/#organization\"},\"potentialAction\":[{\"@type\":\"SearchAction\",\"target\":{\"@type\":\"EntryPoint\",\"urlTemplate\":\"https:\\\/\\\/franciscobelmonte.com\\\/tienda\\\/?s={search_term_string}\"},\"query-input\":{\"@type\":\"PropertyValueSpecification\",\"valueRequired\":true,\"valueName\":\"search_term_string\"}}],\"inLanguage\":\"es\"},{\"@type\":\"Organization\",\"@id\":\"https:\\\/\\\/franciscobelmonte.com\\\/tienda\\\/#organization\",\"name\":\"Boutique Francisco Belmonte\",\"url\":\"https:\\\/\\\/franciscobelmonte.com\\\/tienda\\\/\",\"logo\":{\"@type\":\"ImageObject\",\"inLanguage\":\"es\",\"@id\":\"https:\\\/\\\/franciscobelmonte.com\\\/tienda\\\/#\\\/schema\\\/logo\\\/image\\\/\",\"url\":\"https:\\\/\\\/franciscobelmonte.com\\\/tienda\\\/wp-content\\\/uploads\\\/2021\\\/12\\\/Francisco-Belmonte-logo.png\",\"contentUrl\":\"https:\\\/\\\/franciscobelmonte.com\\\/tienda\\\/wp-content\\\/uploads\\\/2021\\\/12\\\/Francisco-Belmonte-logo.png\",\"width\":2153,\"height\":536,\"caption\":\"Boutique Francisco Belmonte\"},\"image\":{\"@id\":\"https:\\\/\\\/franciscobelmonte.com\\\/tienda\\\/#\\\/schema\\\/logo\\\/image\\\/\"},\"sameAs\":[\"https:\\\/\\\/www.facebook.com\\\/motosfranciscobelmonte\",\"https:\\\/\\\/www.instagram.com\\\/fco.belmonte\\\/\"]}]}<\/script>\n<!-- \/ Yoast SEO plugin. -->","yoast_head_json":{"title":"CASCO SCORPION BELFAST EVO SOUL BLANCO MATE \/ AZUL \/ ROJO - Boutique Francisco Belmonte","description":"Casco Scorpion Belfast Evo Soul Blanco Mate-Azul-Rojo. Cascos moto Scorpion al mejor precio en Murcia Francisco Belmonte al mejor precio.","robots":{"index":"index","follow":"follow","max-snippet":"max-snippet:-1","max-image-preview":"max-image-preview:large","max-video-preview":"max-video-preview:-1"},"canonical":"https:\/\/franciscobelmonte.com\/tienda\/casco-scorpion-belfast-evo-soul-blanco-mate-azul-rojo\/","og_locale":"es_ES","og_type":"article","og_title":"CASCO SCORPION BELFAST EVO SOUL BLANCO MATE \/ AZUL \/ ROJO - Boutique Francisco Belmonte","og_description":"Casco Scorpion Belfast Evo Soul Blanco Mate-Azul-Rojo. Cascos moto Scorpion al mejor precio en Murcia Francisco Belmonte al mejor precio.","og_url":"https:\/\/franciscobelmonte.com\/tienda\/casco-scorpion-belfast-evo-soul-blanco-mate-azul-rojo\/","og_site_name":"Boutique Francisco Belmonte","article_publisher":"https:\/\/www.facebook.com\/motosfranciscobelmonte","article_modified_time":"2026-01-05T09:05:36+00:00","og_image":[{"width":800,"height":800,"url":"https:\/\/franciscobelmonte.com\/tienda\/wp-content\/uploads\/2022\/12\/casco-scorpion-belfast-evo-soul-blanco-mate-azul-rojo.jpg","type":"image\/jpeg"}],"twitter_card":"summary_large_image","twitter_misc":{"Tiempo de lectura":"1 minuto"},"schema":{"@context":"https:\/\/schema.org","@graph":[{"@type":"WebPage","@id":"https:\/\/franciscobelmonte.com\/tienda\/casco-scorpion-belfast-evo-soul-blanco-mate-azul-rojo\/","url":"https:\/\/franciscobelmonte.com\/tienda\/casco-scorpion-belfast-evo-soul-blanco-mate-azul-rojo\/","name":"CASCO SCORPION BELFAST EVO SOUL BLANCO MATE \/ AZUL \/ ROJO - Boutique Francisco Belmonte","isPartOf":{"@id":"https:\/\/franciscobelmonte.com\/tienda\/#website"},"primaryImageOfPage":{"@id":"https:\/\/franciscobelmonte.com\/tienda\/casco-scorpion-belfast-evo-soul-blanco-mate-azul-rojo\/#primaryimage"},"image":{"@id":"https:\/\/franciscobelmonte.com\/tienda\/casco-scorpion-belfast-evo-soul-blanco-mate-azul-rojo\/#primaryimage"},"thumbnailUrl":"https:\/\/franciscobelmonte.com\/tienda\/wp-content\/uploads\/2022\/12\/casco-scorpion-belfast-evo-soul-blanco-mate-azul-rojo.jpg","datePublished":"2022-12-21T09:54:40+00:00","dateModified":"2026-01-05T09:05:36+00:00","description":"Casco Scorpion Belfast Evo Soul Blanco Mate-Azul-Rojo. Cascos moto Scorpion al mejor precio en Murcia Francisco Belmonte al mejor precio.","breadcrumb":{"@id":"https:\/\/franciscobelmonte.com\/tienda\/casco-scorpion-belfast-evo-soul-blanco-mate-azul-rojo\/#breadcrumb"},"inLanguage":"es","potentialAction":[{"@type":"ReadAction","target":["https:\/\/franciscobelmonte.com\/tienda\/casco-scorpion-belfast-evo-soul-blanco-mate-azul-rojo\/"]}]},{"@type":"ImageObject","inLanguage":"es","@id":"https:\/\/franciscobelmonte.com\/tienda\/casco-scorpion-belfast-evo-soul-blanco-mate-azul-rojo\/#primaryimage","url":"https:\/\/franciscobelmonte.com\/tienda\/wp-content\/uploads\/2022\/12\/casco-scorpion-belfast-evo-soul-blanco-mate-azul-rojo.jpg","contentUrl":"https:\/\/franciscobelmonte.com\/tienda\/wp-content\/uploads\/2022\/12\/casco-scorpion-belfast-evo-soul-blanco-mate-azul-rojo.jpg","width":800,"height":800,"caption":"casco scorpion belfast evo soul blanco mate azul rojo en murcia francisco belmonte"},{"@type":"BreadcrumbList","@id":"https:\/\/franciscobelmonte.com\/tienda\/casco-scorpion-belfast-evo-soul-blanco-mate-azul-rojo\/#breadcrumb","itemListElement":[{"@type":"ListItem","position":1,"name":"Portada","item":"https:\/\/franciscobelmonte.com\/tienda\/"},{"@type":"ListItem","position":2,"name":"Tienda","item":"https:\/\/franciscobelmonte.com\/tienda\/boutique-equipamiento-motero\/"},{"@type":"ListItem","position":3,"name":"CASCO SCORPION BELFAST EVO SOUL BLANCO MATE \/ AZUL \/ ROJO"}]},{"@type":"WebSite","@id":"https:\/\/franciscobelmonte.com\/tienda\/#website","url":"https:\/\/franciscobelmonte.com\/tienda\/","name":"Boutique Francisco Belmonte","description":"Todo en complementos para motoristas","publisher":{"@id":"https:\/\/franciscobelmonte.com\/tienda\/#organization"},"potentialAction":[{"@type":"SearchAction","target":{"@type":"EntryPoint","urlTemplate":"https:\/\/franciscobelmonte.com\/tienda\/?s={search_term_string}"},"query-input":{"@type":"PropertyValueSpecification","valueRequired":true,"valueName":"search_term_string"}}],"inLanguage":"es"},{"@type":"Organization","@id":"https:\/\/franciscobelmonte.com\/tienda\/#organization","name":"Boutique Francisco Belmonte","url":"https:\/\/franciscobelmonte.com\/tienda\/","logo":{"@type":"ImageObject","inLanguage":"es","@id":"https:\/\/franciscobelmonte.com\/tienda\/#\/schema\/logo\/image\/","url":"https:\/\/franciscobelmonte.com\/tienda\/wp-content\/uploads\/2021\/12\/Francisco-Belmonte-logo.png","contentUrl":"https:\/\/franciscobelmonte.com\/tienda\/wp-content\/uploads\/2021\/12\/Francisco-Belmonte-logo.png","width":2153,"height":536,"caption":"Boutique Francisco Belmonte"},"image":{"@id":"https:\/\/franciscobelmonte.com\/tienda\/#\/schema\/logo\/image\/"},"sameAs":["https:\/\/www.facebook.com\/motosfranciscobelmonte","https:\/\/www.instagram.com\/fco.belmonte\/"]}]}},"jetpack_sharing_enabled":true,"brands":[{"id":226,"name":"Scorpion","slug":"scorpion"}],"_links":{"self":[{"href":"https:\/\/franciscobelmonte.com\/tienda\/wp-json\/wp\/v2\/product\/8163","targetHints":{"allow":["GET"]}}],"collection":[{"href":"https:\/\/franciscobelmonte.com\/tienda\/wp-json\/wp\/v2\/product"}],"about":[{"href":"https:\/\/franciscobelmonte.com\/tienda\/wp-json\/wp\/v2\/types\/product"}],"replies":[{"embeddable":true,"href":"https:\/\/franciscobelmonte.com\/tienda\/wp-json\/wp\/v2\/comments?post=8163"}],"wp:featuredmedia":[{"embeddable":true,"href":"https:\/\/franciscobelmonte.com\/tienda\/wp-json\/wp\/v2\/media\/8168"}],"wp:attachment":[{"href":"https:\/\/franciscobelmonte.com\/tienda\/wp-json\/wp\/v2\/media?parent=8163"}],"wp:term":[{"taxonomy":"pwb-brand","embeddable":true,"href":"https:\/\/franciscobelmonte.com\/tienda\/wp-json\/wp\/v2\/pwb-brand?post=8163"},{"taxonomy":"product_brand","embeddable":true,"href":"https:\/\/franciscobelmonte.com\/tienda\/wp-json\/wp\/v2\/product_brand?post=8163"},{"taxonomy":"product_cat","embeddable":true,"href":"https:\/\/franciscobelmonte.com\/tienda\/wp-json\/wp\/v2\/product_cat?post=8163"},{"taxonomy":"product_tag","embeddable":true,"href":"https:\/\/franciscobelmonte.com\/tienda\/wp-json\/wp\/v2\/product_tag?post=8163"}],"curies":[{"name":"wp","href":"https:\/\/api.w.org\/{rel}","templated":true}]}}