{"id":8422,"date":"2023-01-18T09:08:08","date_gmt":"2023-01-18T09:08:08","guid":{"rendered":"https:\/\/franciscobelmonte.com\/tienda\/?post_type=product&#038;p=8422"},"modified":"2024-02-21T13:02:40","modified_gmt":"2024-02-21T11:02:40","slug":"casco-scorpion-exo-r1-evo-air-victory-rojo-azul-amarillo","status":"publish","type":"product","link":"https:\/\/franciscobelmonte.com\/tienda\/casco-scorpion-exo-r1-evo-air-victory-rojo-azul-amarillo\/","title":{"rendered":"CASCO SCORPION EXO R1 EVO AIR VICTORY"},"content":{"rendered":"<h2>Casco SCOPRION Exo R1 Evo Air Victory (Rojo-Azul-Amarillo)<\/h2>\n<p><strong>Caracter\u00edsticas<\/strong><\/p>\n<ul>\n<li>Fabricado en fibra Ultra TCT. 5 capas entrelazadas y especialmente formuladas de fibra, Aramida y fibras org\u00e1nicas de poliresinas.<\/li>\n<li>Homologaci\u00f3n ECE 22.06.<\/li>\n<li>3 tama\u00f1os de calota: XS-M, L y XL-XXL.<\/li>\n<li>Sistema Airfit. Almohadillas laterales inflables para un ajuste personalizado.<\/li>\n<li>Sistema de extracci\u00f3n de emergencia.<\/li>\n<li>Cierre de doble anilla de titanio.<\/li>\n<li>Sistema de montaje-desmontaje r\u00e1pido de la pantalla.<\/li>\n<li>Incluye pantalla transparente y ahumada oscura.<\/li>\n<li>Pinlock 120 Maxvision incluido.<\/li>\n<li>Incluye cubrebarbilla y cubrenariz.<\/li>\n<li>Interior Kwikwick 3 con material hipoalerg\u00e9nico, desmontable y lavable. Te mantiene fresco y seco en climas calurosos y caliente en climas fr\u00edos.<\/li>\n<li>Permite el uso de gafas de vista.<\/li>\n<\/ul>\n<p>&nbsp;<\/p>\n<p>&nbsp;<\/p>\n","protected":false},"excerpt":{"rendered":"<p>Casco SCOPRION Exo R1 Evo Air Victory (Rojo-Azul-Amarillo) Caracter\u00edsticas Fabricado en fibra Ultra TCT. 5 capas entrelazadas y especialmente formuladas de fibra, Aramida y fibras org\u00e1nicas de poliresinas. Homologaci\u00f3n ECE 22.06. 3 tama\u00f1os de calota: XS-M, L y XL-XXL. Sistema Airfit. Almohadillas laterales inflables para un ajuste personalizado. Sistema de extracci\u00f3n de emergencia. Cierre de [&#8230;]\n","protected":false},"featured_media":8430,"comment_status":"open","ping_status":"closed","template":"","meta":{"_themeisle_gutenberg_block_has_review":false},"pwb-brand":[226],"product_brand":[],"product_cat":[15,145],"product_tag":[709],"class_list":{"0":"post-8422","1":"product","2":"type-product","3":"status-publish","4":"has-post-thumbnail","6":"pwb-brand-scorpion","7":"product_cat-casco-de-moto","8":"product_cat-cascos-de-moto-integrales","9":"product_tag-rebajas-febrero-20","11":"first","12":"outofstock","13":"taxable","14":"shipping-taxable","15":"product-type-variable","16":"has-default-attributes"},"yoast_head":"<!-- This site is optimized with the Yoast SEO plugin v27.4 - https:\/\/yoast.com\/product\/yoast-seo-wordpress\/ -->\n<title>CASCO SCORPION EXO R1 EVO AIR VICTORY - Boutique Francisco Belmonte<\/title>\n<meta name=\"description\" content=\"Casco Scorpion Exo R1 Evo Air Victory Rojo-Azul-Amarillo. Cascos de moto Scorpion al mejor precio en Murcia Francisco Belmonte, en sus diferentes colores.\" \/>\n<meta name=\"robots\" content=\"index, follow, max-snippet:-1, max-image-preview:large, max-video-preview:-1\" \/>\n<link rel=\"canonical\" href=\"https:\/\/franciscobelmonte.com\/tienda\/casco-scorpion-exo-r1-evo-air-victory-rojo-azul-amarillo\/\" \/>\n<meta property=\"og:locale\" content=\"es_ES\" \/>\n<meta property=\"og:type\" content=\"article\" \/>\n<meta property=\"og:title\" content=\"CASCO SCORPION EXO R1 EVO AIR VICTORY - Boutique Francisco Belmonte\" \/>\n<meta property=\"og:description\" content=\"Casco Scorpion Exo R1 Evo Air Victory Rojo-Azul-Amarillo. Cascos de moto Scorpion al mejor precio en Murcia Francisco Belmonte, en sus diferentes colores.\" \/>\n<meta property=\"og:url\" content=\"https:\/\/franciscobelmonte.com\/tienda\/casco-scorpion-exo-r1-evo-air-victory-rojo-azul-amarillo\/\" \/>\n<meta property=\"og:site_name\" content=\"Boutique Francisco Belmonte\" \/>\n<meta property=\"article:publisher\" content=\"https:\/\/www.facebook.com\/motosfranciscobelmonte\" \/>\n<meta property=\"article:modified_time\" content=\"2024-02-21T11:02:40+00:00\" \/>\n<meta property=\"og:image\" content=\"https:\/\/franciscobelmonte.com\/tienda\/wp-content\/uploads\/2023\/01\/casco-scorpion-exo-r1-evo-air-victory-rojo-azul-amarillo.jpg\" \/>\n\t<meta property=\"og:image:width\" content=\"800\" \/>\n\t<meta property=\"og:image:height\" content=\"800\" \/>\n\t<meta property=\"og:image:type\" content=\"image\/jpeg\" \/>\n<meta name=\"twitter:card\" content=\"summary_large_image\" \/>\n<meta name=\"twitter:label1\" content=\"Tiempo de lectura\" \/>\n\t<meta name=\"twitter:data1\" content=\"1 minuto\" \/>\n<script type=\"application\/ld+json\" class=\"yoast-schema-graph\">{\"@context\":\"https:\\\/\\\/schema.org\",\"@graph\":[{\"@type\":\"WebPage\",\"@id\":\"https:\\\/\\\/franciscobelmonte.com\\\/tienda\\\/casco-scorpion-exo-r1-evo-air-victory-rojo-azul-amarillo\\\/\",\"url\":\"https:\\\/\\\/franciscobelmonte.com\\\/tienda\\\/casco-scorpion-exo-r1-evo-air-victory-rojo-azul-amarillo\\\/\",\"name\":\"CASCO SCORPION EXO R1 EVO AIR VICTORY - Boutique Francisco Belmonte\",\"isPartOf\":{\"@id\":\"https:\\\/\\\/franciscobelmonte.com\\\/tienda\\\/#website\"},\"primaryImageOfPage\":{\"@id\":\"https:\\\/\\\/franciscobelmonte.com\\\/tienda\\\/casco-scorpion-exo-r1-evo-air-victory-rojo-azul-amarillo\\\/#primaryimage\"},\"image\":{\"@id\":\"https:\\\/\\\/franciscobelmonte.com\\\/tienda\\\/casco-scorpion-exo-r1-evo-air-victory-rojo-azul-amarillo\\\/#primaryimage\"},\"thumbnailUrl\":\"https:\\\/\\\/franciscobelmonte.com\\\/tienda\\\/wp-content\\\/uploads\\\/2023\\\/01\\\/casco-scorpion-exo-r1-evo-air-victory-rojo-azul-amarillo.jpg\",\"datePublished\":\"2023-01-18T09:08:08+00:00\",\"dateModified\":\"2024-02-21T11:02:40+00:00\",\"description\":\"Casco Scorpion Exo R1 Evo Air Victory Rojo-Azul-Amarillo. Cascos de moto Scorpion al mejor precio en Murcia Francisco Belmonte, en sus diferentes colores.\",\"breadcrumb\":{\"@id\":\"https:\\\/\\\/franciscobelmonte.com\\\/tienda\\\/casco-scorpion-exo-r1-evo-air-victory-rojo-azul-amarillo\\\/#breadcrumb\"},\"inLanguage\":\"es\",\"potentialAction\":[{\"@type\":\"ReadAction\",\"target\":[\"https:\\\/\\\/franciscobelmonte.com\\\/tienda\\\/casco-scorpion-exo-r1-evo-air-victory-rojo-azul-amarillo\\\/\"]}]},{\"@type\":\"ImageObject\",\"inLanguage\":\"es\",\"@id\":\"https:\\\/\\\/franciscobelmonte.com\\\/tienda\\\/casco-scorpion-exo-r1-evo-air-victory-rojo-azul-amarillo\\\/#primaryimage\",\"url\":\"https:\\\/\\\/franciscobelmonte.com\\\/tienda\\\/wp-content\\\/uploads\\\/2023\\\/01\\\/casco-scorpion-exo-r1-evo-air-victory-rojo-azul-amarillo.jpg\",\"contentUrl\":\"https:\\\/\\\/franciscobelmonte.com\\\/tienda\\\/wp-content\\\/uploads\\\/2023\\\/01\\\/casco-scorpion-exo-r1-evo-air-victory-rojo-azul-amarillo.jpg\",\"width\":800,\"height\":800,\"caption\":\"casco scorpion exo r1 evo air victory rojo azul amarillo en murcia francisco belmonte\"},{\"@type\":\"BreadcrumbList\",\"@id\":\"https:\\\/\\\/franciscobelmonte.com\\\/tienda\\\/casco-scorpion-exo-r1-evo-air-victory-rojo-azul-amarillo\\\/#breadcrumb\",\"itemListElement\":[{\"@type\":\"ListItem\",\"position\":1,\"name\":\"Portada\",\"item\":\"https:\\\/\\\/franciscobelmonte.com\\\/tienda\\\/\"},{\"@type\":\"ListItem\",\"position\":2,\"name\":\"Tienda\",\"item\":\"https:\\\/\\\/franciscobelmonte.com\\\/tienda\\\/boutique-equipamiento-motero\\\/\"},{\"@type\":\"ListItem\",\"position\":3,\"name\":\"CASCO SCORPION EXO R1 EVO AIR VICTORY\"}]},{\"@type\":\"WebSite\",\"@id\":\"https:\\\/\\\/franciscobelmonte.com\\\/tienda\\\/#website\",\"url\":\"https:\\\/\\\/franciscobelmonte.com\\\/tienda\\\/\",\"name\":\"Boutique Francisco Belmonte\",\"description\":\"Todo en complementos para motoristas\",\"publisher\":{\"@id\":\"https:\\\/\\\/franciscobelmonte.com\\\/tienda\\\/#organization\"},\"potentialAction\":[{\"@type\":\"SearchAction\",\"target\":{\"@type\":\"EntryPoint\",\"urlTemplate\":\"https:\\\/\\\/franciscobelmonte.com\\\/tienda\\\/?s={search_term_string}\"},\"query-input\":{\"@type\":\"PropertyValueSpecification\",\"valueRequired\":true,\"valueName\":\"search_term_string\"}}],\"inLanguage\":\"es\"},{\"@type\":\"Organization\",\"@id\":\"https:\\\/\\\/franciscobelmonte.com\\\/tienda\\\/#organization\",\"name\":\"Boutique Francisco Belmonte\",\"url\":\"https:\\\/\\\/franciscobelmonte.com\\\/tienda\\\/\",\"logo\":{\"@type\":\"ImageObject\",\"inLanguage\":\"es\",\"@id\":\"https:\\\/\\\/franciscobelmonte.com\\\/tienda\\\/#\\\/schema\\\/logo\\\/image\\\/\",\"url\":\"https:\\\/\\\/franciscobelmonte.com\\\/tienda\\\/wp-content\\\/uploads\\\/2021\\\/12\\\/Francisco-Belmonte-logo.png\",\"contentUrl\":\"https:\\\/\\\/franciscobelmonte.com\\\/tienda\\\/wp-content\\\/uploads\\\/2021\\\/12\\\/Francisco-Belmonte-logo.png\",\"width\":2153,\"height\":536,\"caption\":\"Boutique Francisco Belmonte\"},\"image\":{\"@id\":\"https:\\\/\\\/franciscobelmonte.com\\\/tienda\\\/#\\\/schema\\\/logo\\\/image\\\/\"},\"sameAs\":[\"https:\\\/\\\/www.facebook.com\\\/motosfranciscobelmonte\",\"https:\\\/\\\/www.instagram.com\\\/fco.belmonte\\\/\"]}]}<\/script>\n<!-- \/ Yoast SEO plugin. -->","yoast_head_json":{"title":"CASCO SCORPION EXO R1 EVO AIR VICTORY - Boutique Francisco Belmonte","description":"Casco Scorpion Exo R1 Evo Air Victory Rojo-Azul-Amarillo. Cascos de moto Scorpion al mejor precio en Murcia Francisco Belmonte, en sus diferentes colores.","robots":{"index":"index","follow":"follow","max-snippet":"max-snippet:-1","max-image-preview":"max-image-preview:large","max-video-preview":"max-video-preview:-1"},"canonical":"https:\/\/franciscobelmonte.com\/tienda\/casco-scorpion-exo-r1-evo-air-victory-rojo-azul-amarillo\/","og_locale":"es_ES","og_type":"article","og_title":"CASCO SCORPION EXO R1 EVO AIR VICTORY - Boutique Francisco Belmonte","og_description":"Casco Scorpion Exo R1 Evo Air Victory Rojo-Azul-Amarillo. Cascos de moto Scorpion al mejor precio en Murcia Francisco Belmonte, en sus diferentes colores.","og_url":"https:\/\/franciscobelmonte.com\/tienda\/casco-scorpion-exo-r1-evo-air-victory-rojo-azul-amarillo\/","og_site_name":"Boutique Francisco Belmonte","article_publisher":"https:\/\/www.facebook.com\/motosfranciscobelmonte","article_modified_time":"2024-02-21T11:02:40+00:00","og_image":[{"width":800,"height":800,"url":"https:\/\/franciscobelmonte.com\/tienda\/wp-content\/uploads\/2023\/01\/casco-scorpion-exo-r1-evo-air-victory-rojo-azul-amarillo.jpg","type":"image\/jpeg"}],"twitter_card":"summary_large_image","twitter_misc":{"Tiempo de lectura":"1 minuto"},"schema":{"@context":"https:\/\/schema.org","@graph":[{"@type":"WebPage","@id":"https:\/\/franciscobelmonte.com\/tienda\/casco-scorpion-exo-r1-evo-air-victory-rojo-azul-amarillo\/","url":"https:\/\/franciscobelmonte.com\/tienda\/casco-scorpion-exo-r1-evo-air-victory-rojo-azul-amarillo\/","name":"CASCO SCORPION EXO R1 EVO AIR VICTORY - Boutique Francisco Belmonte","isPartOf":{"@id":"https:\/\/franciscobelmonte.com\/tienda\/#website"},"primaryImageOfPage":{"@id":"https:\/\/franciscobelmonte.com\/tienda\/casco-scorpion-exo-r1-evo-air-victory-rojo-azul-amarillo\/#primaryimage"},"image":{"@id":"https:\/\/franciscobelmonte.com\/tienda\/casco-scorpion-exo-r1-evo-air-victory-rojo-azul-amarillo\/#primaryimage"},"thumbnailUrl":"https:\/\/franciscobelmonte.com\/tienda\/wp-content\/uploads\/2023\/01\/casco-scorpion-exo-r1-evo-air-victory-rojo-azul-amarillo.jpg","datePublished":"2023-01-18T09:08:08+00:00","dateModified":"2024-02-21T11:02:40+00:00","description":"Casco Scorpion Exo R1 Evo Air Victory Rojo-Azul-Amarillo. Cascos de moto Scorpion al mejor precio en Murcia Francisco Belmonte, en sus diferentes colores.","breadcrumb":{"@id":"https:\/\/franciscobelmonte.com\/tienda\/casco-scorpion-exo-r1-evo-air-victory-rojo-azul-amarillo\/#breadcrumb"},"inLanguage":"es","potentialAction":[{"@type":"ReadAction","target":["https:\/\/franciscobelmonte.com\/tienda\/casco-scorpion-exo-r1-evo-air-victory-rojo-azul-amarillo\/"]}]},{"@type":"ImageObject","inLanguage":"es","@id":"https:\/\/franciscobelmonte.com\/tienda\/casco-scorpion-exo-r1-evo-air-victory-rojo-azul-amarillo\/#primaryimage","url":"https:\/\/franciscobelmonte.com\/tienda\/wp-content\/uploads\/2023\/01\/casco-scorpion-exo-r1-evo-air-victory-rojo-azul-amarillo.jpg","contentUrl":"https:\/\/franciscobelmonte.com\/tienda\/wp-content\/uploads\/2023\/01\/casco-scorpion-exo-r1-evo-air-victory-rojo-azul-amarillo.jpg","width":800,"height":800,"caption":"casco scorpion exo r1 evo air victory rojo azul amarillo en murcia francisco belmonte"},{"@type":"BreadcrumbList","@id":"https:\/\/franciscobelmonte.com\/tienda\/casco-scorpion-exo-r1-evo-air-victory-rojo-azul-amarillo\/#breadcrumb","itemListElement":[{"@type":"ListItem","position":1,"name":"Portada","item":"https:\/\/franciscobelmonte.com\/tienda\/"},{"@type":"ListItem","position":2,"name":"Tienda","item":"https:\/\/franciscobelmonte.com\/tienda\/boutique-equipamiento-motero\/"},{"@type":"ListItem","position":3,"name":"CASCO SCORPION EXO R1 EVO AIR VICTORY"}]},{"@type":"WebSite","@id":"https:\/\/franciscobelmonte.com\/tienda\/#website","url":"https:\/\/franciscobelmonte.com\/tienda\/","name":"Boutique Francisco Belmonte","description":"Todo en complementos para motoristas","publisher":{"@id":"https:\/\/franciscobelmonte.com\/tienda\/#organization"},"potentialAction":[{"@type":"SearchAction","target":{"@type":"EntryPoint","urlTemplate":"https:\/\/franciscobelmonte.com\/tienda\/?s={search_term_string}"},"query-input":{"@type":"PropertyValueSpecification","valueRequired":true,"valueName":"search_term_string"}}],"inLanguage":"es"},{"@type":"Organization","@id":"https:\/\/franciscobelmonte.com\/tienda\/#organization","name":"Boutique Francisco Belmonte","url":"https:\/\/franciscobelmonte.com\/tienda\/","logo":{"@type":"ImageObject","inLanguage":"es","@id":"https:\/\/franciscobelmonte.com\/tienda\/#\/schema\/logo\/image\/","url":"https:\/\/franciscobelmonte.com\/tienda\/wp-content\/uploads\/2021\/12\/Francisco-Belmonte-logo.png","contentUrl":"https:\/\/franciscobelmonte.com\/tienda\/wp-content\/uploads\/2021\/12\/Francisco-Belmonte-logo.png","width":2153,"height":536,"caption":"Boutique Francisco Belmonte"},"image":{"@id":"https:\/\/franciscobelmonte.com\/tienda\/#\/schema\/logo\/image\/"},"sameAs":["https:\/\/www.facebook.com\/motosfranciscobelmonte","https:\/\/www.instagram.com\/fco.belmonte\/"]}]}},"jetpack_sharing_enabled":true,"brands":[{"id":226,"name":"Scorpion","slug":"scorpion"}],"_links":{"self":[{"href":"https:\/\/franciscobelmonte.com\/tienda\/wp-json\/wp\/v2\/product\/8422","targetHints":{"allow":["GET"]}}],"collection":[{"href":"https:\/\/franciscobelmonte.com\/tienda\/wp-json\/wp\/v2\/product"}],"about":[{"href":"https:\/\/franciscobelmonte.com\/tienda\/wp-json\/wp\/v2\/types\/product"}],"replies":[{"embeddable":true,"href":"https:\/\/franciscobelmonte.com\/tienda\/wp-json\/wp\/v2\/comments?post=8422"}],"wp:featuredmedia":[{"embeddable":true,"href":"https:\/\/franciscobelmonte.com\/tienda\/wp-json\/wp\/v2\/media\/8430"}],"wp:attachment":[{"href":"https:\/\/franciscobelmonte.com\/tienda\/wp-json\/wp\/v2\/media?parent=8422"}],"wp:term":[{"taxonomy":"pwb-brand","embeddable":true,"href":"https:\/\/franciscobelmonte.com\/tienda\/wp-json\/wp\/v2\/pwb-brand?post=8422"},{"taxonomy":"product_brand","embeddable":true,"href":"https:\/\/franciscobelmonte.com\/tienda\/wp-json\/wp\/v2\/product_brand?post=8422"},{"taxonomy":"product_cat","embeddable":true,"href":"https:\/\/franciscobelmonte.com\/tienda\/wp-json\/wp\/v2\/product_cat?post=8422"},{"taxonomy":"product_tag","embeddable":true,"href":"https:\/\/franciscobelmonte.com\/tienda\/wp-json\/wp\/v2\/product_tag?post=8422"}],"curies":[{"name":"wp","href":"https:\/\/api.w.org\/{rel}","templated":true}]}}