{"id":8684,"date":"2023-02-06T09:50:00","date_gmt":"2023-02-06T09:50:00","guid":{"rendered":"https:\/\/franciscobelmonte.com\/tienda\/?post_type=product&#038;p=8684"},"modified":"2026-01-17T13:51:24","modified_gmt":"2026-01-17T11:51:24","slug":"guantes-dainese-tempest-d-dry-long-negro-rojo","status":"publish","type":"product","link":"https:\/\/franciscobelmonte.com\/tienda\/guantes-dainese-tempest-d-dry-long-negro-rojo\/","title":{"rendered":"GUANTES DAINESE TEMPEST D-DRY LONG NEGRO \/ ROJO"},"content":{"rendered":"<h2>Guantes DAINIESE Tempest D-Dry Long Negro \/ Rojo<\/h2>\n<p>Guantes de pu\u00f1o largo perfectos para d\u00edas lluviosos. Confeccionados en combinaci\u00f3n de tejido elastizado con refuerzos de piel y ante en la palma. Incorporan protecciones homologadas Comfortech en los nudillos. Disponen de acolchado t\u00e9rmico y de membrana D-Dry impermeable y transpirable.<\/p>\n<p><strong>Material<\/strong><\/p>\n<ul>\n<li>Tejido elastizado.<\/li>\n<li>Palma en ante Amica con inserciones de piel.<\/li>\n<\/ul>\n<p><strong>Protecci\u00f3n<\/strong><\/p>\n<ul>\n<li>Protecciones Comfortech en los nudillos.<\/li>\n<li>Palma reforzada.<\/li>\n<\/ul>\n<p><strong>Ergonom\u00eda y Confort<\/strong><\/p>\n<ul>\n<li>Dedos pre-curvados.<\/li>\n<li>Inserciones en tejido elastizado.<\/li>\n<li>Inserciones elastizadas..<\/li>\n<li>Tira el\u00e1stica con Velcro en la mu\u00f1eca para evitar el descalzado del guante.<\/li>\n<li>Tirilla de regulaci\u00f3n del manguito.<\/li>\n<\/ul>\n<p><strong>Temperatura<\/strong><\/p>\n<ul>\n<li>Membrana D-Dry jmpermeable y transpirable.<\/li>\n<li>Acolchado t\u00e9rmico.<\/li>\n<\/ul>\n<p align=\"left\"><strong>Otras caracter\u00edsticas<\/strong><\/p>\n<ul>\n<li>Permiten utilizar un dispositivo de pantalla t\u00e1ctil sin tener que quitarse los guantes gracias al Dainese Smart Touch.<\/li>\n<li>Elementos reflectantes para ser m\u00e1s visible en conducci\u00f3n nocturna o con poca luz.<\/li>\n<li>La mano izquierda incorpora Visor Wiper, un elemento de TPR suave y flexible, para limpiar f\u00e1cilmente la suciedad de la pantalla del casco.<\/li>\n<\/ul>\n<p><strong>Homologaci\u00f3n<\/strong><\/p>\n<ul>\n<li>Guantes certificados seg\u00fan la normativa CE &#8211; Cat. II &#8211; EN 13594 Nivel 1.<\/li>\n<\/ul>\n<p>&nbsp;<\/p>\n<p>&nbsp;<\/p>\n","protected":false},"excerpt":{"rendered":"<p>Guantes de pu\u00f1o largo perfectos para d\u00edas lluviosos. Confeccionados en combinaci\u00f3n de tejido elastizado con refuerzos de piel y ante en la palma. Incorporan protecciones homologadas Comfortech en los nudillos.<\/p>\n","protected":false},"featured_media":8693,"comment_status":"open","ping_status":"closed","template":"","meta":{"_themeisle_gutenberg_block_has_review":false},"pwb-brand":[189],"product_brand":[],"product_cat":[36,150],"product_tag":[796,416,712,889],"class_list":{"0":"post-8684","1":"product","2":"type-product","3":"status-publish","4":"has-post-thumbnail","6":"pwb-brand-dainese","7":"product_cat-guantes","8":"product_cat-guantes-de-moto-invierno","9":"product_tag-dainese-liquidacion-30","10":"product_tag-liquidacion","11":"product_tag-liquidacion-guantes-dainese-tempest","12":"product_tag-rebajas-liquidacion-70","14":"first","15":"instock","16":"sale","17":"taxable","18":"shipping-taxable","19":"purchasable","20":"product-type-variable","21":"has-default-attributes"},"yoast_head":"<!-- This site is optimized with the Yoast SEO plugin v27.4 - https:\/\/yoast.com\/product\/yoast-seo-wordpress\/ -->\n<title>GUANTES DAINESE TEMPEST D-DRY LONG NEGRO \/ ROJO - Boutique Francisco Belmonte<\/title>\n<meta name=\"description\" content=\"Guantes Dainese Tempest D-Dry Long Negro-Rojo. Guantes de moto Dainese en Murcia Francisco Belmonte. Desc\u00fabre su gama de colores al mejor precio.\" \/>\n<meta name=\"robots\" content=\"index, follow, max-snippet:-1, max-image-preview:large, max-video-preview:-1\" \/>\n<link rel=\"canonical\" href=\"https:\/\/franciscobelmonte.com\/tienda\/guantes-dainese-tempest-d-dry-long-negro-rojo\/\" \/>\n<meta property=\"og:locale\" content=\"es_ES\" \/>\n<meta property=\"og:type\" content=\"article\" \/>\n<meta property=\"og:title\" content=\"GUANTES DAINESE TEMPEST D-DRY LONG NEGRO \/ ROJO - Boutique Francisco Belmonte\" \/>\n<meta property=\"og:description\" content=\"Guantes Dainese Tempest D-Dry Long Negro-Rojo. Guantes de moto Dainese en Murcia Francisco Belmonte. Desc\u00fabre su gama de colores al mejor precio.\" \/>\n<meta property=\"og:url\" content=\"https:\/\/franciscobelmonte.com\/tienda\/guantes-dainese-tempest-d-dry-long-negro-rojo\/\" \/>\n<meta property=\"og:site_name\" content=\"Boutique Francisco Belmonte\" \/>\n<meta property=\"article:publisher\" content=\"https:\/\/www.facebook.com\/motosfranciscobelmonte\" \/>\n<meta property=\"article:modified_time\" content=\"2026-01-17T11:51:24+00:00\" \/>\n<meta property=\"og:image\" content=\"https:\/\/franciscobelmonte.com\/tienda\/wp-content\/uploads\/2023\/02\/guantes-dainese-tempest-d-dry-long-negro-rojo-ok.jpg\" \/>\n\t<meta property=\"og:image:width\" content=\"619\" \/>\n\t<meta property=\"og:image:height\" content=\"800\" \/>\n\t<meta property=\"og:image:type\" content=\"image\/jpeg\" \/>\n<meta name=\"twitter:card\" content=\"summary_large_image\" \/>\n<meta name=\"twitter:label1\" content=\"Tiempo de lectura\" \/>\n\t<meta name=\"twitter:data1\" content=\"1 minuto\" \/>\n<script type=\"application\/ld+json\" class=\"yoast-schema-graph\">{\"@context\":\"https:\\\/\\\/schema.org\",\"@graph\":[{\"@type\":\"WebPage\",\"@id\":\"https:\\\/\\\/franciscobelmonte.com\\\/tienda\\\/guantes-dainese-tempest-d-dry-long-negro-rojo\\\/\",\"url\":\"https:\\\/\\\/franciscobelmonte.com\\\/tienda\\\/guantes-dainese-tempest-d-dry-long-negro-rojo\\\/\",\"name\":\"GUANTES DAINESE TEMPEST D-DRY LONG NEGRO \\\/ ROJO - Boutique Francisco Belmonte\",\"isPartOf\":{\"@id\":\"https:\\\/\\\/franciscobelmonte.com\\\/tienda\\\/#website\"},\"primaryImageOfPage\":{\"@id\":\"https:\\\/\\\/franciscobelmonte.com\\\/tienda\\\/guantes-dainese-tempest-d-dry-long-negro-rojo\\\/#primaryimage\"},\"image\":{\"@id\":\"https:\\\/\\\/franciscobelmonte.com\\\/tienda\\\/guantes-dainese-tempest-d-dry-long-negro-rojo\\\/#primaryimage\"},\"thumbnailUrl\":\"https:\\\/\\\/franciscobelmonte.com\\\/tienda\\\/wp-content\\\/uploads\\\/2023\\\/02\\\/guantes-dainese-tempest-d-dry-long-negro-rojo-ok.jpg\",\"datePublished\":\"2023-02-06T09:50:00+00:00\",\"dateModified\":\"2026-01-17T11:51:24+00:00\",\"description\":\"Guantes Dainese Tempest D-Dry Long Negro-Rojo. Guantes de moto Dainese en Murcia Francisco Belmonte. Desc\u00fabre su gama de colores al mejor precio.\",\"breadcrumb\":{\"@id\":\"https:\\\/\\\/franciscobelmonte.com\\\/tienda\\\/guantes-dainese-tempest-d-dry-long-negro-rojo\\\/#breadcrumb\"},\"inLanguage\":\"es\",\"potentialAction\":[{\"@type\":\"ReadAction\",\"target\":[\"https:\\\/\\\/franciscobelmonte.com\\\/tienda\\\/guantes-dainese-tempest-d-dry-long-negro-rojo\\\/\"]}]},{\"@type\":\"ImageObject\",\"inLanguage\":\"es\",\"@id\":\"https:\\\/\\\/franciscobelmonte.com\\\/tienda\\\/guantes-dainese-tempest-d-dry-long-negro-rojo\\\/#primaryimage\",\"url\":\"https:\\\/\\\/franciscobelmonte.com\\\/tienda\\\/wp-content\\\/uploads\\\/2023\\\/02\\\/guantes-dainese-tempest-d-dry-long-negro-rojo-ok.jpg\",\"contentUrl\":\"https:\\\/\\\/franciscobelmonte.com\\\/tienda\\\/wp-content\\\/uploads\\\/2023\\\/02\\\/guantes-dainese-tempest-d-dry-long-negro-rojo-ok.jpg\",\"width\":619,\"height\":800,\"caption\":\"guantes dainese tempest d-dry long negro rojo\"},{\"@type\":\"BreadcrumbList\",\"@id\":\"https:\\\/\\\/franciscobelmonte.com\\\/tienda\\\/guantes-dainese-tempest-d-dry-long-negro-rojo\\\/#breadcrumb\",\"itemListElement\":[{\"@type\":\"ListItem\",\"position\":1,\"name\":\"Portada\",\"item\":\"https:\\\/\\\/franciscobelmonte.com\\\/tienda\\\/\"},{\"@type\":\"ListItem\",\"position\":2,\"name\":\"Tienda\",\"item\":\"https:\\\/\\\/franciscobelmonte.com\\\/tienda\\\/boutique-equipamiento-motero\\\/\"},{\"@type\":\"ListItem\",\"position\":3,\"name\":\"GUANTES DAINESE TEMPEST D-DRY LONG NEGRO \\\/ ROJO\"}]},{\"@type\":\"WebSite\",\"@id\":\"https:\\\/\\\/franciscobelmonte.com\\\/tienda\\\/#website\",\"url\":\"https:\\\/\\\/franciscobelmonte.com\\\/tienda\\\/\",\"name\":\"Boutique Francisco Belmonte\",\"description\":\"Todo en complementos para motoristas\",\"publisher\":{\"@id\":\"https:\\\/\\\/franciscobelmonte.com\\\/tienda\\\/#organization\"},\"potentialAction\":[{\"@type\":\"SearchAction\",\"target\":{\"@type\":\"EntryPoint\",\"urlTemplate\":\"https:\\\/\\\/franciscobelmonte.com\\\/tienda\\\/?s={search_term_string}\"},\"query-input\":{\"@type\":\"PropertyValueSpecification\",\"valueRequired\":true,\"valueName\":\"search_term_string\"}}],\"inLanguage\":\"es\"},{\"@type\":\"Organization\",\"@id\":\"https:\\\/\\\/franciscobelmonte.com\\\/tienda\\\/#organization\",\"name\":\"Boutique Francisco Belmonte\",\"url\":\"https:\\\/\\\/franciscobelmonte.com\\\/tienda\\\/\",\"logo\":{\"@type\":\"ImageObject\",\"inLanguage\":\"es\",\"@id\":\"https:\\\/\\\/franciscobelmonte.com\\\/tienda\\\/#\\\/schema\\\/logo\\\/image\\\/\",\"url\":\"https:\\\/\\\/franciscobelmonte.com\\\/tienda\\\/wp-content\\\/uploads\\\/2021\\\/12\\\/Francisco-Belmonte-logo.png\",\"contentUrl\":\"https:\\\/\\\/franciscobelmonte.com\\\/tienda\\\/wp-content\\\/uploads\\\/2021\\\/12\\\/Francisco-Belmonte-logo.png\",\"width\":2153,\"height\":536,\"caption\":\"Boutique Francisco Belmonte\"},\"image\":{\"@id\":\"https:\\\/\\\/franciscobelmonte.com\\\/tienda\\\/#\\\/schema\\\/logo\\\/image\\\/\"},\"sameAs\":[\"https:\\\/\\\/www.facebook.com\\\/motosfranciscobelmonte\",\"https:\\\/\\\/www.instagram.com\\\/fco.belmonte\\\/\"]}]}<\/script>\n<!-- \/ Yoast SEO plugin. -->","yoast_head_json":{"title":"GUANTES DAINESE TEMPEST D-DRY LONG NEGRO \/ ROJO - Boutique Francisco Belmonte","description":"Guantes Dainese Tempest D-Dry Long Negro-Rojo. Guantes de moto Dainese en Murcia Francisco Belmonte. Desc\u00fabre su gama de colores al mejor precio.","robots":{"index":"index","follow":"follow","max-snippet":"max-snippet:-1","max-image-preview":"max-image-preview:large","max-video-preview":"max-video-preview:-1"},"canonical":"https:\/\/franciscobelmonte.com\/tienda\/guantes-dainese-tempest-d-dry-long-negro-rojo\/","og_locale":"es_ES","og_type":"article","og_title":"GUANTES DAINESE TEMPEST D-DRY LONG NEGRO \/ ROJO - Boutique Francisco Belmonte","og_description":"Guantes Dainese Tempest D-Dry Long Negro-Rojo. Guantes de moto Dainese en Murcia Francisco Belmonte. Desc\u00fabre su gama de colores al mejor precio.","og_url":"https:\/\/franciscobelmonte.com\/tienda\/guantes-dainese-tempest-d-dry-long-negro-rojo\/","og_site_name":"Boutique Francisco Belmonte","article_publisher":"https:\/\/www.facebook.com\/motosfranciscobelmonte","article_modified_time":"2026-01-17T11:51:24+00:00","og_image":[{"width":619,"height":800,"url":"https:\/\/franciscobelmonte.com\/tienda\/wp-content\/uploads\/2023\/02\/guantes-dainese-tempest-d-dry-long-negro-rojo-ok.jpg","type":"image\/jpeg"}],"twitter_card":"summary_large_image","twitter_misc":{"Tiempo de lectura":"1 minuto"},"schema":{"@context":"https:\/\/schema.org","@graph":[{"@type":"WebPage","@id":"https:\/\/franciscobelmonte.com\/tienda\/guantes-dainese-tempest-d-dry-long-negro-rojo\/","url":"https:\/\/franciscobelmonte.com\/tienda\/guantes-dainese-tempest-d-dry-long-negro-rojo\/","name":"GUANTES DAINESE TEMPEST D-DRY LONG NEGRO \/ ROJO - Boutique Francisco Belmonte","isPartOf":{"@id":"https:\/\/franciscobelmonte.com\/tienda\/#website"},"primaryImageOfPage":{"@id":"https:\/\/franciscobelmonte.com\/tienda\/guantes-dainese-tempest-d-dry-long-negro-rojo\/#primaryimage"},"image":{"@id":"https:\/\/franciscobelmonte.com\/tienda\/guantes-dainese-tempest-d-dry-long-negro-rojo\/#primaryimage"},"thumbnailUrl":"https:\/\/franciscobelmonte.com\/tienda\/wp-content\/uploads\/2023\/02\/guantes-dainese-tempest-d-dry-long-negro-rojo-ok.jpg","datePublished":"2023-02-06T09:50:00+00:00","dateModified":"2026-01-17T11:51:24+00:00","description":"Guantes Dainese Tempest D-Dry Long Negro-Rojo. Guantes de moto Dainese en Murcia Francisco Belmonte. Desc\u00fabre su gama de colores al mejor precio.","breadcrumb":{"@id":"https:\/\/franciscobelmonte.com\/tienda\/guantes-dainese-tempest-d-dry-long-negro-rojo\/#breadcrumb"},"inLanguage":"es","potentialAction":[{"@type":"ReadAction","target":["https:\/\/franciscobelmonte.com\/tienda\/guantes-dainese-tempest-d-dry-long-negro-rojo\/"]}]},{"@type":"ImageObject","inLanguage":"es","@id":"https:\/\/franciscobelmonte.com\/tienda\/guantes-dainese-tempest-d-dry-long-negro-rojo\/#primaryimage","url":"https:\/\/franciscobelmonte.com\/tienda\/wp-content\/uploads\/2023\/02\/guantes-dainese-tempest-d-dry-long-negro-rojo-ok.jpg","contentUrl":"https:\/\/franciscobelmonte.com\/tienda\/wp-content\/uploads\/2023\/02\/guantes-dainese-tempest-d-dry-long-negro-rojo-ok.jpg","width":619,"height":800,"caption":"guantes dainese tempest d-dry long negro rojo"},{"@type":"BreadcrumbList","@id":"https:\/\/franciscobelmonte.com\/tienda\/guantes-dainese-tempest-d-dry-long-negro-rojo\/#breadcrumb","itemListElement":[{"@type":"ListItem","position":1,"name":"Portada","item":"https:\/\/franciscobelmonte.com\/tienda\/"},{"@type":"ListItem","position":2,"name":"Tienda","item":"https:\/\/franciscobelmonte.com\/tienda\/boutique-equipamiento-motero\/"},{"@type":"ListItem","position":3,"name":"GUANTES DAINESE TEMPEST D-DRY LONG NEGRO \/ ROJO"}]},{"@type":"WebSite","@id":"https:\/\/franciscobelmonte.com\/tienda\/#website","url":"https:\/\/franciscobelmonte.com\/tienda\/","name":"Boutique Francisco Belmonte","description":"Todo en complementos para motoristas","publisher":{"@id":"https:\/\/franciscobelmonte.com\/tienda\/#organization"},"potentialAction":[{"@type":"SearchAction","target":{"@type":"EntryPoint","urlTemplate":"https:\/\/franciscobelmonte.com\/tienda\/?s={search_term_string}"},"query-input":{"@type":"PropertyValueSpecification","valueRequired":true,"valueName":"search_term_string"}}],"inLanguage":"es"},{"@type":"Organization","@id":"https:\/\/franciscobelmonte.com\/tienda\/#organization","name":"Boutique Francisco Belmonte","url":"https:\/\/franciscobelmonte.com\/tienda\/","logo":{"@type":"ImageObject","inLanguage":"es","@id":"https:\/\/franciscobelmonte.com\/tienda\/#\/schema\/logo\/image\/","url":"https:\/\/franciscobelmonte.com\/tienda\/wp-content\/uploads\/2021\/12\/Francisco-Belmonte-logo.png","contentUrl":"https:\/\/franciscobelmonte.com\/tienda\/wp-content\/uploads\/2021\/12\/Francisco-Belmonte-logo.png","width":2153,"height":536,"caption":"Boutique Francisco Belmonte"},"image":{"@id":"https:\/\/franciscobelmonte.com\/tienda\/#\/schema\/logo\/image\/"},"sameAs":["https:\/\/www.facebook.com\/motosfranciscobelmonte","https:\/\/www.instagram.com\/fco.belmonte\/"]}]}},"jetpack_sharing_enabled":true,"brands":[{"id":189,"name":"Dainese","slug":"dainese"}],"_links":{"self":[{"href":"https:\/\/franciscobelmonte.com\/tienda\/wp-json\/wp\/v2\/product\/8684","targetHints":{"allow":["GET"]}}],"collection":[{"href":"https:\/\/franciscobelmonte.com\/tienda\/wp-json\/wp\/v2\/product"}],"about":[{"href":"https:\/\/franciscobelmonte.com\/tienda\/wp-json\/wp\/v2\/types\/product"}],"replies":[{"embeddable":true,"href":"https:\/\/franciscobelmonte.com\/tienda\/wp-json\/wp\/v2\/comments?post=8684"}],"wp:featuredmedia":[{"embeddable":true,"href":"https:\/\/franciscobelmonte.com\/tienda\/wp-json\/wp\/v2\/media\/8693"}],"wp:attachment":[{"href":"https:\/\/franciscobelmonte.com\/tienda\/wp-json\/wp\/v2\/media?parent=8684"}],"wp:term":[{"taxonomy":"pwb-brand","embeddable":true,"href":"https:\/\/franciscobelmonte.com\/tienda\/wp-json\/wp\/v2\/pwb-brand?post=8684"},{"taxonomy":"product_brand","embeddable":true,"href":"https:\/\/franciscobelmonte.com\/tienda\/wp-json\/wp\/v2\/product_brand?post=8684"},{"taxonomy":"product_cat","embeddable":true,"href":"https:\/\/franciscobelmonte.com\/tienda\/wp-json\/wp\/v2\/product_cat?post=8684"},{"taxonomy":"product_tag","embeddable":true,"href":"https:\/\/franciscobelmonte.com\/tienda\/wp-json\/wp\/v2\/product_tag?post=8684"}],"curies":[{"name":"wp","href":"https:\/\/api.w.org\/{rel}","templated":true}]}}