{"id":8717,"date":"2023-02-07T17:00:57","date_gmt":"2023-02-07T17:00:57","guid":{"rendered":"https:\/\/franciscobelmonte.com\/tienda\/?post_type=product&#038;p=8717"},"modified":"2026-01-06T19:11:40","modified_gmt":"2026-01-06T17:11:40","slug":"guantes-alpinestars-sp-8-v3-stella-lady-negro-blanco-diva-pink","status":"publish","type":"product","link":"https:\/\/franciscobelmonte.com\/tienda\/guantes-alpinestars-sp-8-v3-stella-lady-negro-blanco-diva-pink\/","title":{"rendered":"GUANTES ALPINESTARS STELLA SP-8 V3 LADY NEGRO \/ BLANCO \/ DIVA PINK"},"content":{"rendered":"<h2>Guantes\u00a0 Alp\u00ecnestars Stella SP-8 V3 Lady Negro \/ Blanco \/ Diva Pink<\/h2>\n<div class=\"layoutArea\">\n<div class=\"column\">\n<p>Guantes dise\u00f1ados espec\u00edficamente para la mujer. Guantes racing confeccionados en piel de cabra de primera calidad altamente resistente a la abrasi\u00f3n y piel sint\u00e9tica. Incorporan protectores de nudillos DFS y refuerzos y acolchados estrat\u00e9gicamente ubicados. Los SP-8 V3 han sido dise\u00f1ados con un nuevo patr\u00f3n de confecci\u00f3n con costuras reducidas para ofrecer altos niveles de libertad de movimiento y confort.<\/p>\n<p><strong>Materiales<\/strong><\/p>\n<ul>\n<li>La confecci\u00f3n en piel de cabra de primera calidad muy confortable, duradera y ofrece una excelente resistencia a la abrasi\u00f3n.<\/li>\n<li>Inserciones en piel perforada en el pu\u00f1o y las paredes de los dedos que ayudan a mantener las manos frescas cuando pilotamos.<\/li>\n<li>Refuerzos de microfibra y PU en la palma y el pulgar para mayor agarre y durabilidad.<\/li>\n<li>Palma y zonas de aterrizaje en ante sint\u00e9tico de primera calidad para mayor confort, agarre y durabilidad.<\/li>\n<\/ul>\n<p><strong>Protecci\u00f3n<\/strong><\/p>\n<ul>\n<li>El protector de nudillos DFS: ofrece un excelente rendimiento ante impactos.<\/li>\n<li>Refuerzo en Arshield en la palma para comodidad y rendimiento frente a la abrasi\u00f3n.<\/li>\n<li>Uni\u00f3n del 4\u00ba y 5\u00ba dedo patentada por Alpinestars para evitar la torcedura durante el impacto.<\/li>\n<li>Pu\u00f1o largo para ofrecer mayor cobertura.<\/li>\n<\/ul>\n<p><strong>Confort<\/strong><\/p>\n<ul>\n<li>Amplio panel el\u00e1stico entre la palma y el pulgar para mayor confort y libertad de movimientos.<\/li>\n<li>Amplio cierre de Velcro en la zona de la manga y el\u00e1stico en la mu\u00f1eca para evitar el descalzado del guante.<\/li>\n<li>Dise\u00f1o de los dedos anat\u00f3mico y costuras externas para mayor confort y ajuste.<\/li>\n<li>Punta del dedo \u00edndice compatible con pantallas t\u00e1ctiles para su uso con smartphones y sistemas GPS.<\/li>\n<\/ul>\n<p><strong>Homologaci\u00f3n<\/strong><\/p>\n<ul>\n<li>Certificados seg\u00fan la normativa CE EN 13594\/2015 Nivel 1 KP.<\/li>\n<\/ul>\n<p>&nbsp;<\/p>\n<p>&nbsp;<\/p>\n<p>&nbsp;<\/p>\n<\/div>\n<\/div>\n","protected":false},"excerpt":{"rendered":"<p>Guantes dise\u00f1ados espec\u00edficamente para la mujer. Guantes racing confeccionados en piel de cabra de primera calidad altamente resistente a la abrasi\u00f3n y piel sint\u00e9tica. Incorporan protectores de nudillos DFS y refuerzos y acolchados estrat\u00e9gicamente ubicados.<\/p>\n<p><a style=\"color: #0000ff;\" href=\"https:\/\/franciscobelmonte.com\/tienda\/wp-content\/uploads\/2022\/09\/Tallas-guantes-alpinestars.png\" target=\"_blank\" rel=\"noopener\"><span style=\"font-size: xx-small;\"> Ver gu\u00eda de tallas<\/span><\/a><\/p>\n","protected":false},"featured_media":8725,"comment_status":"open","ping_status":"closed","template":"","meta":{"_themeisle_gutenberg_block_has_review":false},"pwb-brand":[186],"product_brand":[],"product_cat":[36,152],"product_tag":[865,771,888],"class_list":{"0":"post-8717","1":"product","2":"type-product","3":"status-publish","4":"has-post-thumbnail","6":"pwb-brand-alpinestars","7":"product_cat-guantes","8":"product_cat-guantes-de-moto-racing","9":"product_tag-865","10":"product_tag-alpinestars-sin-rebajas-25","11":"product_tag-rebajas-40","13":"first","14":"instock","15":"sale","16":"taxable","17":"shipping-taxable","18":"purchasable","19":"product-type-variable","20":"has-default-attributes"},"yoast_head":"<!-- This site is optimized with the Yoast SEO plugin v27.4 - https:\/\/yoast.com\/product\/yoast-seo-wordpress\/ -->\n<title>GUANTES ALPINESTARS STELLA SP-8 V3 LADY NEGRO \/ BLANCO \/ DIVA PINK - Boutique Francisco Belmonte<\/title>\n<meta name=\"description\" content=\"Guantes Alpinestars SP-8 V3 Stella Lady Negro-Blanco-Diva Pink. Guantes de moto Alpinestars en Murcia Francisco Belmonte, en sus diferentes colores.\" \/>\n<meta name=\"robots\" content=\"index, follow, max-snippet:-1, max-image-preview:large, max-video-preview:-1\" \/>\n<link rel=\"canonical\" href=\"https:\/\/franciscobelmonte.com\/tienda\/guantes-alpinestars-sp-8-v3-stella-lady-negro-blanco-diva-pink\/\" \/>\n<meta property=\"og:locale\" content=\"es_ES\" \/>\n<meta property=\"og:type\" content=\"article\" \/>\n<meta property=\"og:title\" content=\"GUANTES ALPINESTARS STELLA SP-8 V3 LADY NEGRO \/ BLANCO \/ DIVA PINK - Boutique Francisco Belmonte\" \/>\n<meta property=\"og:description\" content=\"Guantes Alpinestars SP-8 V3 Stella Lady Negro-Blanco-Diva Pink. Guantes de moto Alpinestars en Murcia Francisco Belmonte, en sus diferentes colores.\" \/>\n<meta property=\"og:url\" content=\"https:\/\/franciscobelmonte.com\/tienda\/guantes-alpinestars-sp-8-v3-stella-lady-negro-blanco-diva-pink\/\" \/>\n<meta property=\"og:site_name\" content=\"Boutique Francisco Belmonte\" \/>\n<meta property=\"article:publisher\" content=\"https:\/\/www.facebook.com\/motosfranciscobelmonte\" \/>\n<meta property=\"article:modified_time\" content=\"2026-01-06T17:11:40+00:00\" \/>\n<meta property=\"og:image\" content=\"https:\/\/franciscobelmonte.com\/tienda\/wp-content\/uploads\/2023\/02\/guantes-alpinestars-stella-sp-8-v3-negro-blanco-diva-pink-ok.jpg\" \/>\n\t<meta property=\"og:image:width\" content=\"619\" \/>\n\t<meta property=\"og:image:height\" content=\"800\" \/>\n\t<meta property=\"og:image:type\" content=\"image\/jpeg\" \/>\n<meta name=\"twitter:card\" content=\"summary_large_image\" \/>\n<meta name=\"twitter:label1\" content=\"Tiempo de lectura\" \/>\n\t<meta name=\"twitter:data1\" content=\"1 minuto\" \/>\n<script type=\"application\/ld+json\" class=\"yoast-schema-graph\">{\"@context\":\"https:\\\/\\\/schema.org\",\"@graph\":[{\"@type\":\"WebPage\",\"@id\":\"https:\\\/\\\/franciscobelmonte.com\\\/tienda\\\/guantes-alpinestars-sp-8-v3-stella-lady-negro-blanco-diva-pink\\\/\",\"url\":\"https:\\\/\\\/franciscobelmonte.com\\\/tienda\\\/guantes-alpinestars-sp-8-v3-stella-lady-negro-blanco-diva-pink\\\/\",\"name\":\"GUANTES ALPINESTARS STELLA SP-8 V3 LADY NEGRO \\\/ BLANCO \\\/ DIVA PINK - Boutique Francisco Belmonte\",\"isPartOf\":{\"@id\":\"https:\\\/\\\/franciscobelmonte.com\\\/tienda\\\/#website\"},\"primaryImageOfPage\":{\"@id\":\"https:\\\/\\\/franciscobelmonte.com\\\/tienda\\\/guantes-alpinestars-sp-8-v3-stella-lady-negro-blanco-diva-pink\\\/#primaryimage\"},\"image\":{\"@id\":\"https:\\\/\\\/franciscobelmonte.com\\\/tienda\\\/guantes-alpinestars-sp-8-v3-stella-lady-negro-blanco-diva-pink\\\/#primaryimage\"},\"thumbnailUrl\":\"https:\\\/\\\/franciscobelmonte.com\\\/tienda\\\/wp-content\\\/uploads\\\/2023\\\/02\\\/guantes-alpinestars-stella-sp-8-v3-negro-blanco-diva-pink-ok.jpg\",\"datePublished\":\"2023-02-07T17:00:57+00:00\",\"dateModified\":\"2026-01-06T17:11:40+00:00\",\"description\":\"Guantes Alpinestars SP-8 V3 Stella Lady Negro-Blanco-Diva Pink. Guantes de moto Alpinestars en Murcia Francisco Belmonte, en sus diferentes colores.\",\"breadcrumb\":{\"@id\":\"https:\\\/\\\/franciscobelmonte.com\\\/tienda\\\/guantes-alpinestars-sp-8-v3-stella-lady-negro-blanco-diva-pink\\\/#breadcrumb\"},\"inLanguage\":\"es\",\"potentialAction\":[{\"@type\":\"ReadAction\",\"target\":[\"https:\\\/\\\/franciscobelmonte.com\\\/tienda\\\/guantes-alpinestars-sp-8-v3-stella-lady-negro-blanco-diva-pink\\\/\"]}]},{\"@type\":\"ImageObject\",\"inLanguage\":\"es\",\"@id\":\"https:\\\/\\\/franciscobelmonte.com\\\/tienda\\\/guantes-alpinestars-sp-8-v3-stella-lady-negro-blanco-diva-pink\\\/#primaryimage\",\"url\":\"https:\\\/\\\/franciscobelmonte.com\\\/tienda\\\/wp-content\\\/uploads\\\/2023\\\/02\\\/guantes-alpinestars-stella-sp-8-v3-negro-blanco-diva-pink-ok.jpg\",\"contentUrl\":\"https:\\\/\\\/franciscobelmonte.com\\\/tienda\\\/wp-content\\\/uploads\\\/2023\\\/02\\\/guantes-alpinestars-stella-sp-8-v3-negro-blanco-diva-pink-ok.jpg\",\"width\":619,\"height\":800,\"caption\":\"guantes alpinestars stella sp-8 v3 negro blando diva pink en murcia francisco belmonte\"},{\"@type\":\"BreadcrumbList\",\"@id\":\"https:\\\/\\\/franciscobelmonte.com\\\/tienda\\\/guantes-alpinestars-sp-8-v3-stella-lady-negro-blanco-diva-pink\\\/#breadcrumb\",\"itemListElement\":[{\"@type\":\"ListItem\",\"position\":1,\"name\":\"Portada\",\"item\":\"https:\\\/\\\/franciscobelmonte.com\\\/tienda\\\/\"},{\"@type\":\"ListItem\",\"position\":2,\"name\":\"Tienda\",\"item\":\"https:\\\/\\\/franciscobelmonte.com\\\/tienda\\\/boutique-equipamiento-motero\\\/\"},{\"@type\":\"ListItem\",\"position\":3,\"name\":\"GUANTES ALPINESTARS STELLA SP-8 V3 LADY NEGRO \\\/ BLANCO \\\/ DIVA PINK\"}]},{\"@type\":\"WebSite\",\"@id\":\"https:\\\/\\\/franciscobelmonte.com\\\/tienda\\\/#website\",\"url\":\"https:\\\/\\\/franciscobelmonte.com\\\/tienda\\\/\",\"name\":\"Boutique Francisco Belmonte\",\"description\":\"Todo en complementos para motoristas\",\"publisher\":{\"@id\":\"https:\\\/\\\/franciscobelmonte.com\\\/tienda\\\/#organization\"},\"potentialAction\":[{\"@type\":\"SearchAction\",\"target\":{\"@type\":\"EntryPoint\",\"urlTemplate\":\"https:\\\/\\\/franciscobelmonte.com\\\/tienda\\\/?s={search_term_string}\"},\"query-input\":{\"@type\":\"PropertyValueSpecification\",\"valueRequired\":true,\"valueName\":\"search_term_string\"}}],\"inLanguage\":\"es\"},{\"@type\":\"Organization\",\"@id\":\"https:\\\/\\\/franciscobelmonte.com\\\/tienda\\\/#organization\",\"name\":\"Boutique Francisco Belmonte\",\"url\":\"https:\\\/\\\/franciscobelmonte.com\\\/tienda\\\/\",\"logo\":{\"@type\":\"ImageObject\",\"inLanguage\":\"es\",\"@id\":\"https:\\\/\\\/franciscobelmonte.com\\\/tienda\\\/#\\\/schema\\\/logo\\\/image\\\/\",\"url\":\"https:\\\/\\\/franciscobelmonte.com\\\/tienda\\\/wp-content\\\/uploads\\\/2021\\\/12\\\/Francisco-Belmonte-logo.png\",\"contentUrl\":\"https:\\\/\\\/franciscobelmonte.com\\\/tienda\\\/wp-content\\\/uploads\\\/2021\\\/12\\\/Francisco-Belmonte-logo.png\",\"width\":2153,\"height\":536,\"caption\":\"Boutique Francisco Belmonte\"},\"image\":{\"@id\":\"https:\\\/\\\/franciscobelmonte.com\\\/tienda\\\/#\\\/schema\\\/logo\\\/image\\\/\"},\"sameAs\":[\"https:\\\/\\\/www.facebook.com\\\/motosfranciscobelmonte\",\"https:\\\/\\\/www.instagram.com\\\/fco.belmonte\\\/\"]}]}<\/script>\n<!-- \/ Yoast SEO plugin. -->","yoast_head_json":{"title":"GUANTES ALPINESTARS STELLA SP-8 V3 LADY NEGRO \/ BLANCO \/ DIVA PINK - Boutique Francisco Belmonte","description":"Guantes Alpinestars SP-8 V3 Stella Lady Negro-Blanco-Diva Pink. Guantes de moto Alpinestars en Murcia Francisco Belmonte, en sus diferentes colores.","robots":{"index":"index","follow":"follow","max-snippet":"max-snippet:-1","max-image-preview":"max-image-preview:large","max-video-preview":"max-video-preview:-1"},"canonical":"https:\/\/franciscobelmonte.com\/tienda\/guantes-alpinestars-sp-8-v3-stella-lady-negro-blanco-diva-pink\/","og_locale":"es_ES","og_type":"article","og_title":"GUANTES ALPINESTARS STELLA SP-8 V3 LADY NEGRO \/ BLANCO \/ DIVA PINK - Boutique Francisco Belmonte","og_description":"Guantes Alpinestars SP-8 V3 Stella Lady Negro-Blanco-Diva Pink. Guantes de moto Alpinestars en Murcia Francisco Belmonte, en sus diferentes colores.","og_url":"https:\/\/franciscobelmonte.com\/tienda\/guantes-alpinestars-sp-8-v3-stella-lady-negro-blanco-diva-pink\/","og_site_name":"Boutique Francisco Belmonte","article_publisher":"https:\/\/www.facebook.com\/motosfranciscobelmonte","article_modified_time":"2026-01-06T17:11:40+00:00","og_image":[{"width":619,"height":800,"url":"https:\/\/franciscobelmonte.com\/tienda\/wp-content\/uploads\/2023\/02\/guantes-alpinestars-stella-sp-8-v3-negro-blanco-diva-pink-ok.jpg","type":"image\/jpeg"}],"twitter_card":"summary_large_image","twitter_misc":{"Tiempo de lectura":"1 minuto"},"schema":{"@context":"https:\/\/schema.org","@graph":[{"@type":"WebPage","@id":"https:\/\/franciscobelmonte.com\/tienda\/guantes-alpinestars-sp-8-v3-stella-lady-negro-blanco-diva-pink\/","url":"https:\/\/franciscobelmonte.com\/tienda\/guantes-alpinestars-sp-8-v3-stella-lady-negro-blanco-diva-pink\/","name":"GUANTES ALPINESTARS STELLA SP-8 V3 LADY NEGRO \/ BLANCO \/ DIVA PINK - Boutique Francisco Belmonte","isPartOf":{"@id":"https:\/\/franciscobelmonte.com\/tienda\/#website"},"primaryImageOfPage":{"@id":"https:\/\/franciscobelmonte.com\/tienda\/guantes-alpinestars-sp-8-v3-stella-lady-negro-blanco-diva-pink\/#primaryimage"},"image":{"@id":"https:\/\/franciscobelmonte.com\/tienda\/guantes-alpinestars-sp-8-v3-stella-lady-negro-blanco-diva-pink\/#primaryimage"},"thumbnailUrl":"https:\/\/franciscobelmonte.com\/tienda\/wp-content\/uploads\/2023\/02\/guantes-alpinestars-stella-sp-8-v3-negro-blanco-diva-pink-ok.jpg","datePublished":"2023-02-07T17:00:57+00:00","dateModified":"2026-01-06T17:11:40+00:00","description":"Guantes Alpinestars SP-8 V3 Stella Lady Negro-Blanco-Diva Pink. Guantes de moto Alpinestars en Murcia Francisco Belmonte, en sus diferentes colores.","breadcrumb":{"@id":"https:\/\/franciscobelmonte.com\/tienda\/guantes-alpinestars-sp-8-v3-stella-lady-negro-blanco-diva-pink\/#breadcrumb"},"inLanguage":"es","potentialAction":[{"@type":"ReadAction","target":["https:\/\/franciscobelmonte.com\/tienda\/guantes-alpinestars-sp-8-v3-stella-lady-negro-blanco-diva-pink\/"]}]},{"@type":"ImageObject","inLanguage":"es","@id":"https:\/\/franciscobelmonte.com\/tienda\/guantes-alpinestars-sp-8-v3-stella-lady-negro-blanco-diva-pink\/#primaryimage","url":"https:\/\/franciscobelmonte.com\/tienda\/wp-content\/uploads\/2023\/02\/guantes-alpinestars-stella-sp-8-v3-negro-blanco-diva-pink-ok.jpg","contentUrl":"https:\/\/franciscobelmonte.com\/tienda\/wp-content\/uploads\/2023\/02\/guantes-alpinestars-stella-sp-8-v3-negro-blanco-diva-pink-ok.jpg","width":619,"height":800,"caption":"guantes alpinestars stella sp-8 v3 negro blando diva pink en murcia francisco belmonte"},{"@type":"BreadcrumbList","@id":"https:\/\/franciscobelmonte.com\/tienda\/guantes-alpinestars-sp-8-v3-stella-lady-negro-blanco-diva-pink\/#breadcrumb","itemListElement":[{"@type":"ListItem","position":1,"name":"Portada","item":"https:\/\/franciscobelmonte.com\/tienda\/"},{"@type":"ListItem","position":2,"name":"Tienda","item":"https:\/\/franciscobelmonte.com\/tienda\/boutique-equipamiento-motero\/"},{"@type":"ListItem","position":3,"name":"GUANTES ALPINESTARS STELLA SP-8 V3 LADY NEGRO \/ BLANCO \/ DIVA PINK"}]},{"@type":"WebSite","@id":"https:\/\/franciscobelmonte.com\/tienda\/#website","url":"https:\/\/franciscobelmonte.com\/tienda\/","name":"Boutique Francisco Belmonte","description":"Todo en complementos para motoristas","publisher":{"@id":"https:\/\/franciscobelmonte.com\/tienda\/#organization"},"potentialAction":[{"@type":"SearchAction","target":{"@type":"EntryPoint","urlTemplate":"https:\/\/franciscobelmonte.com\/tienda\/?s={search_term_string}"},"query-input":{"@type":"PropertyValueSpecification","valueRequired":true,"valueName":"search_term_string"}}],"inLanguage":"es"},{"@type":"Organization","@id":"https:\/\/franciscobelmonte.com\/tienda\/#organization","name":"Boutique Francisco Belmonte","url":"https:\/\/franciscobelmonte.com\/tienda\/","logo":{"@type":"ImageObject","inLanguage":"es","@id":"https:\/\/franciscobelmonte.com\/tienda\/#\/schema\/logo\/image\/","url":"https:\/\/franciscobelmonte.com\/tienda\/wp-content\/uploads\/2021\/12\/Francisco-Belmonte-logo.png","contentUrl":"https:\/\/franciscobelmonte.com\/tienda\/wp-content\/uploads\/2021\/12\/Francisco-Belmonte-logo.png","width":2153,"height":536,"caption":"Boutique Francisco Belmonte"},"image":{"@id":"https:\/\/franciscobelmonte.com\/tienda\/#\/schema\/logo\/image\/"},"sameAs":["https:\/\/www.facebook.com\/motosfranciscobelmonte","https:\/\/www.instagram.com\/fco.belmonte\/"]}]}},"jetpack_sharing_enabled":true,"brands":[{"id":186,"name":"Alpinestars","slug":"alpinestars"}],"_links":{"self":[{"href":"https:\/\/franciscobelmonte.com\/tienda\/wp-json\/wp\/v2\/product\/8717","targetHints":{"allow":["GET"]}}],"collection":[{"href":"https:\/\/franciscobelmonte.com\/tienda\/wp-json\/wp\/v2\/product"}],"about":[{"href":"https:\/\/franciscobelmonte.com\/tienda\/wp-json\/wp\/v2\/types\/product"}],"replies":[{"embeddable":true,"href":"https:\/\/franciscobelmonte.com\/tienda\/wp-json\/wp\/v2\/comments?post=8717"}],"wp:featuredmedia":[{"embeddable":true,"href":"https:\/\/franciscobelmonte.com\/tienda\/wp-json\/wp\/v2\/media\/8725"}],"wp:attachment":[{"href":"https:\/\/franciscobelmonte.com\/tienda\/wp-json\/wp\/v2\/media?parent=8717"}],"wp:term":[{"taxonomy":"pwb-brand","embeddable":true,"href":"https:\/\/franciscobelmonte.com\/tienda\/wp-json\/wp\/v2\/pwb-brand?post=8717"},{"taxonomy":"product_brand","embeddable":true,"href":"https:\/\/franciscobelmonte.com\/tienda\/wp-json\/wp\/v2\/product_brand?post=8717"},{"taxonomy":"product_cat","embeddable":true,"href":"https:\/\/franciscobelmonte.com\/tienda\/wp-json\/wp\/v2\/product_cat?post=8717"},{"taxonomy":"product_tag","embeddable":true,"href":"https:\/\/franciscobelmonte.com\/tienda\/wp-json\/wp\/v2\/product_tag?post=8717"}],"curies":[{"name":"wp","href":"https:\/\/api.w.org\/{rel}","templated":true}]}}