{"id":8734,"date":"2023-02-09T08:43:48","date_gmt":"2023-02-09T08:43:48","guid":{"rendered":"https:\/\/franciscobelmonte.com\/tienda\/?post_type=product&#038;p=8734"},"modified":"2025-12-15T13:54:00","modified_gmt":"2025-12-15T11:54:00","slug":"guantes-seventy-sd-c45-urban-lady-negro-gris","status":"publish","type":"product","link":"https:\/\/franciscobelmonte.com\/tienda\/guantes-seventy-sd-c45-urban-lady-negro-gris\/","title":{"rendered":"GUANTES SEVENTY SD-C45 URBAN LADY NEGRO \/ GRIS"},"content":{"rendered":"<h2>Guantes SEVENTY SD-C45 Urban Lady Negro \/ Gris<\/h2>\n<p>Guantes de invierno impermeables, c\u00f3modos y de estilo urbano ligero fabricados con el\u00e1stico 4way y piel sint\u00e9tica costuras con sistema pro curve lycra entre los dedos para mayor flexibilidad cierre de velcro en la mu\u00f1eca para un buen ajuste tejido t\u00e1ctil en el dedo \u00edndice forro interior ligero forrado con 100% membrana impermeable wintertex protectores de nudillos de pvc semirr\u00edgido refuerzos de espuma de doble densidad en dorso y palma del guante en zonas de alto impacto inserciones de silicona para mejor agarre.<\/p>\n<p><strong>Caracter\u00edsticas<\/strong><\/p>\n<ul>\n<li>Tejido el\u00e1stico 4way y piel sint\u00e9tica.<\/li>\n<li>Cosido con el sistema pro-curve.<\/li>\n<li>Lycra entre los dedos que le dan flexibilidad.<\/li>\n<li>Cierre de Velcro en la mu\u00f1eca para un buen ajuste.<\/li>\n<li>Tejido t\u00e1ctil en el dedo \u00edndice.<\/li>\n<li>Fino forro interior revestido de la membrana Wintertex 100% impermeable.<\/li>\n<li>Protecciones de los nudillos semi-r\u00edgidas de PVC.<\/li>\n<li>Refuerzos de foam de doble densidad en el dorso y la palma del guante en las zonas con mayor riesgo de impacto.<\/li>\n<li>Inserciones de silicona para un mayor agarre.<\/li>\n<li>Exterior en tejido el\u00e1stico 4way y piel sint\u00e9tica.<\/li>\n<li>Membrana WinterTex 100% impermeable.<\/li>\n<li>Resistente a bajas temperaturas.<\/li>\n<li>Protecci\u00f3n de PVC en nudillos revestida de tejido.<\/li>\n<li>Refuerzo en la palma con protecci\u00f3n de PVC.<\/li>\n<li>Cierre ajustable en mu\u00f1eca.<\/li>\n<li>Tejido t\u00e1ctil en el dedo \u00edndice.<\/li>\n<\/ul>\n<p>&nbsp;<\/p>\n<p>&nbsp;<\/p>\n<div class=\"layoutArea\">\n<div class=\"column\">\n<p>&nbsp;<\/p>\n<\/div>\n<\/div>\n","protected":false},"excerpt":{"rendered":"<p>Guantes de invierno impermeables, de estilo urbano, c\u00f3modos y ligeros.<\/p>\n","protected":false},"featured_media":8744,"comment_status":"open","ping_status":"closed","template":"","meta":{"_themeisle_gutenberg_block_has_review":false},"pwb-brand":[228],"product_brand":[],"product_cat":[36,150],"product_tag":[865,885,849,790],"class_list":{"0":"post-8734","1":"product","2":"type-product","3":"status-publish","4":"has-post-thumbnail","6":"pwb-brand-seventy","7":"product_cat-guantes","8":"product_cat-guantes-de-moto-invierno","9":"product_tag-865","10":"product_tag-dto-navideno-25","11":"product_tag-rebajas-ropa-invierno-25","12":"product_tag-seventy-sin-rebajas-10","14":"first","15":"instock","16":"sale","17":"taxable","18":"shipping-taxable","19":"purchasable","20":"product-type-variable","21":"has-default-attributes"},"yoast_head":"<!-- This site is optimized with the Yoast SEO plugin v27.4 - https:\/\/yoast.com\/product\/yoast-seo-wordpress\/ -->\n<title>GUANTES SEVENTY SD-C45 URBAN LADY NEGRO \/ GRIS - Boutique Francisco Belmonte<\/title>\n<meta name=\"description\" content=\"Guantes Seventy SD-C45 urban Lady Negro-Gris. Guantes de moto Seventy en Francisco Belmonte en Murcia. Descubre toda su gama de colores al mejor precio.\" \/>\n<meta name=\"robots\" content=\"index, follow, max-snippet:-1, max-image-preview:large, max-video-preview:-1\" \/>\n<link rel=\"canonical\" href=\"https:\/\/franciscobelmonte.com\/tienda\/guantes-seventy-sd-c45-urban-lady-negro-gris\/\" \/>\n<meta property=\"og:locale\" content=\"es_ES\" \/>\n<meta property=\"og:type\" content=\"article\" \/>\n<meta property=\"og:title\" content=\"GUANTES SEVENTY SD-C45 URBAN LADY NEGRO \/ GRIS - Boutique Francisco Belmonte\" \/>\n<meta property=\"og:description\" content=\"Guantes Seventy SD-C45 urban Lady Negro-Gris. Guantes de moto Seventy en Francisco Belmonte en Murcia. Descubre toda su gama de colores al mejor precio.\" \/>\n<meta property=\"og:url\" content=\"https:\/\/franciscobelmonte.com\/tienda\/guantes-seventy-sd-c45-urban-lady-negro-gris\/\" \/>\n<meta property=\"og:site_name\" content=\"Boutique Francisco Belmonte\" \/>\n<meta property=\"article:publisher\" content=\"https:\/\/www.facebook.com\/motosfranciscobelmonte\" \/>\n<meta property=\"article:modified_time\" content=\"2025-12-15T11:54:00+00:00\" \/>\n<meta property=\"og:image\" content=\"https:\/\/franciscobelmonte.com\/tienda\/wp-content\/uploads\/2023\/02\/guantes-seventy-degrees-sd-c45-urban-lady-negro-gris-1.jpg\" \/>\n\t<meta property=\"og:image:width\" content=\"619\" \/>\n\t<meta property=\"og:image:height\" content=\"800\" \/>\n\t<meta property=\"og:image:type\" content=\"image\/jpeg\" \/>\n<meta name=\"twitter:card\" content=\"summary_large_image\" \/>\n<meta name=\"twitter:label1\" content=\"Tiempo de lectura\" \/>\n\t<meta name=\"twitter:data1\" content=\"1 minuto\" \/>\n<script type=\"application\/ld+json\" class=\"yoast-schema-graph\">{\"@context\":\"https:\\\/\\\/schema.org\",\"@graph\":[{\"@type\":\"WebPage\",\"@id\":\"https:\\\/\\\/franciscobelmonte.com\\\/tienda\\\/guantes-seventy-sd-c45-urban-lady-negro-gris\\\/\",\"url\":\"https:\\\/\\\/franciscobelmonte.com\\\/tienda\\\/guantes-seventy-sd-c45-urban-lady-negro-gris\\\/\",\"name\":\"GUANTES SEVENTY SD-C45 URBAN LADY NEGRO \\\/ GRIS - Boutique Francisco Belmonte\",\"isPartOf\":{\"@id\":\"https:\\\/\\\/franciscobelmonte.com\\\/tienda\\\/#website\"},\"primaryImageOfPage\":{\"@id\":\"https:\\\/\\\/franciscobelmonte.com\\\/tienda\\\/guantes-seventy-sd-c45-urban-lady-negro-gris\\\/#primaryimage\"},\"image\":{\"@id\":\"https:\\\/\\\/franciscobelmonte.com\\\/tienda\\\/guantes-seventy-sd-c45-urban-lady-negro-gris\\\/#primaryimage\"},\"thumbnailUrl\":\"https:\\\/\\\/franciscobelmonte.com\\\/tienda\\\/wp-content\\\/uploads\\\/2023\\\/02\\\/guantes-seventy-degrees-sd-c45-urban-lady-negro-gris-1.jpg\",\"datePublished\":\"2023-02-09T08:43:48+00:00\",\"dateModified\":\"2025-12-15T11:54:00+00:00\",\"description\":\"Guantes Seventy SD-C45 urban Lady Negro-Gris. Guantes de moto Seventy en Francisco Belmonte en Murcia. Descubre toda su gama de colores al mejor precio.\",\"breadcrumb\":{\"@id\":\"https:\\\/\\\/franciscobelmonte.com\\\/tienda\\\/guantes-seventy-sd-c45-urban-lady-negro-gris\\\/#breadcrumb\"},\"inLanguage\":\"es\",\"potentialAction\":[{\"@type\":\"ReadAction\",\"target\":[\"https:\\\/\\\/franciscobelmonte.com\\\/tienda\\\/guantes-seventy-sd-c45-urban-lady-negro-gris\\\/\"]}]},{\"@type\":\"ImageObject\",\"inLanguage\":\"es\",\"@id\":\"https:\\\/\\\/franciscobelmonte.com\\\/tienda\\\/guantes-seventy-sd-c45-urban-lady-negro-gris\\\/#primaryimage\",\"url\":\"https:\\\/\\\/franciscobelmonte.com\\\/tienda\\\/wp-content\\\/uploads\\\/2023\\\/02\\\/guantes-seventy-degrees-sd-c45-urban-lady-negro-gris-1.jpg\",\"contentUrl\":\"https:\\\/\\\/franciscobelmonte.com\\\/tienda\\\/wp-content\\\/uploads\\\/2023\\\/02\\\/guantes-seventy-degrees-sd-c45-urban-lady-negro-gris-1.jpg\",\"width\":619,\"height\":800,\"caption\":\"guantes seventy sd-c45 urban lady negro gris en murcia francisco belmonte\"},{\"@type\":\"BreadcrumbList\",\"@id\":\"https:\\\/\\\/franciscobelmonte.com\\\/tienda\\\/guantes-seventy-sd-c45-urban-lady-negro-gris\\\/#breadcrumb\",\"itemListElement\":[{\"@type\":\"ListItem\",\"position\":1,\"name\":\"Portada\",\"item\":\"https:\\\/\\\/franciscobelmonte.com\\\/tienda\\\/\"},{\"@type\":\"ListItem\",\"position\":2,\"name\":\"Tienda\",\"item\":\"https:\\\/\\\/franciscobelmonte.com\\\/tienda\\\/boutique-equipamiento-motero\\\/\"},{\"@type\":\"ListItem\",\"position\":3,\"name\":\"GUANTES SEVENTY SD-C45 URBAN LADY NEGRO \\\/ GRIS\"}]},{\"@type\":\"WebSite\",\"@id\":\"https:\\\/\\\/franciscobelmonte.com\\\/tienda\\\/#website\",\"url\":\"https:\\\/\\\/franciscobelmonte.com\\\/tienda\\\/\",\"name\":\"Boutique Francisco Belmonte\",\"description\":\"Todo en complementos para motoristas\",\"publisher\":{\"@id\":\"https:\\\/\\\/franciscobelmonte.com\\\/tienda\\\/#organization\"},\"potentialAction\":[{\"@type\":\"SearchAction\",\"target\":{\"@type\":\"EntryPoint\",\"urlTemplate\":\"https:\\\/\\\/franciscobelmonte.com\\\/tienda\\\/?s={search_term_string}\"},\"query-input\":{\"@type\":\"PropertyValueSpecification\",\"valueRequired\":true,\"valueName\":\"search_term_string\"}}],\"inLanguage\":\"es\"},{\"@type\":\"Organization\",\"@id\":\"https:\\\/\\\/franciscobelmonte.com\\\/tienda\\\/#organization\",\"name\":\"Boutique Francisco Belmonte\",\"url\":\"https:\\\/\\\/franciscobelmonte.com\\\/tienda\\\/\",\"logo\":{\"@type\":\"ImageObject\",\"inLanguage\":\"es\",\"@id\":\"https:\\\/\\\/franciscobelmonte.com\\\/tienda\\\/#\\\/schema\\\/logo\\\/image\\\/\",\"url\":\"https:\\\/\\\/franciscobelmonte.com\\\/tienda\\\/wp-content\\\/uploads\\\/2021\\\/12\\\/Francisco-Belmonte-logo.png\",\"contentUrl\":\"https:\\\/\\\/franciscobelmonte.com\\\/tienda\\\/wp-content\\\/uploads\\\/2021\\\/12\\\/Francisco-Belmonte-logo.png\",\"width\":2153,\"height\":536,\"caption\":\"Boutique Francisco Belmonte\"},\"image\":{\"@id\":\"https:\\\/\\\/franciscobelmonte.com\\\/tienda\\\/#\\\/schema\\\/logo\\\/image\\\/\"},\"sameAs\":[\"https:\\\/\\\/www.facebook.com\\\/motosfranciscobelmonte\",\"https:\\\/\\\/www.instagram.com\\\/fco.belmonte\\\/\"]}]}<\/script>\n<!-- \/ Yoast SEO plugin. -->","yoast_head_json":{"title":"GUANTES SEVENTY SD-C45 URBAN LADY NEGRO \/ GRIS - Boutique Francisco Belmonte","description":"Guantes Seventy SD-C45 urban Lady Negro-Gris. Guantes de moto Seventy en Francisco Belmonte en Murcia. Descubre toda su gama de colores al mejor precio.","robots":{"index":"index","follow":"follow","max-snippet":"max-snippet:-1","max-image-preview":"max-image-preview:large","max-video-preview":"max-video-preview:-1"},"canonical":"https:\/\/franciscobelmonte.com\/tienda\/guantes-seventy-sd-c45-urban-lady-negro-gris\/","og_locale":"es_ES","og_type":"article","og_title":"GUANTES SEVENTY SD-C45 URBAN LADY NEGRO \/ GRIS - Boutique Francisco Belmonte","og_description":"Guantes Seventy SD-C45 urban Lady Negro-Gris. Guantes de moto Seventy en Francisco Belmonte en Murcia. Descubre toda su gama de colores al mejor precio.","og_url":"https:\/\/franciscobelmonte.com\/tienda\/guantes-seventy-sd-c45-urban-lady-negro-gris\/","og_site_name":"Boutique Francisco Belmonte","article_publisher":"https:\/\/www.facebook.com\/motosfranciscobelmonte","article_modified_time":"2025-12-15T11:54:00+00:00","og_image":[{"width":619,"height":800,"url":"https:\/\/franciscobelmonte.com\/tienda\/wp-content\/uploads\/2023\/02\/guantes-seventy-degrees-sd-c45-urban-lady-negro-gris-1.jpg","type":"image\/jpeg"}],"twitter_card":"summary_large_image","twitter_misc":{"Tiempo de lectura":"1 minuto"},"schema":{"@context":"https:\/\/schema.org","@graph":[{"@type":"WebPage","@id":"https:\/\/franciscobelmonte.com\/tienda\/guantes-seventy-sd-c45-urban-lady-negro-gris\/","url":"https:\/\/franciscobelmonte.com\/tienda\/guantes-seventy-sd-c45-urban-lady-negro-gris\/","name":"GUANTES SEVENTY SD-C45 URBAN LADY NEGRO \/ GRIS - Boutique Francisco Belmonte","isPartOf":{"@id":"https:\/\/franciscobelmonte.com\/tienda\/#website"},"primaryImageOfPage":{"@id":"https:\/\/franciscobelmonte.com\/tienda\/guantes-seventy-sd-c45-urban-lady-negro-gris\/#primaryimage"},"image":{"@id":"https:\/\/franciscobelmonte.com\/tienda\/guantes-seventy-sd-c45-urban-lady-negro-gris\/#primaryimage"},"thumbnailUrl":"https:\/\/franciscobelmonte.com\/tienda\/wp-content\/uploads\/2023\/02\/guantes-seventy-degrees-sd-c45-urban-lady-negro-gris-1.jpg","datePublished":"2023-02-09T08:43:48+00:00","dateModified":"2025-12-15T11:54:00+00:00","description":"Guantes Seventy SD-C45 urban Lady Negro-Gris. Guantes de moto Seventy en Francisco Belmonte en Murcia. Descubre toda su gama de colores al mejor precio.","breadcrumb":{"@id":"https:\/\/franciscobelmonte.com\/tienda\/guantes-seventy-sd-c45-urban-lady-negro-gris\/#breadcrumb"},"inLanguage":"es","potentialAction":[{"@type":"ReadAction","target":["https:\/\/franciscobelmonte.com\/tienda\/guantes-seventy-sd-c45-urban-lady-negro-gris\/"]}]},{"@type":"ImageObject","inLanguage":"es","@id":"https:\/\/franciscobelmonte.com\/tienda\/guantes-seventy-sd-c45-urban-lady-negro-gris\/#primaryimage","url":"https:\/\/franciscobelmonte.com\/tienda\/wp-content\/uploads\/2023\/02\/guantes-seventy-degrees-sd-c45-urban-lady-negro-gris-1.jpg","contentUrl":"https:\/\/franciscobelmonte.com\/tienda\/wp-content\/uploads\/2023\/02\/guantes-seventy-degrees-sd-c45-urban-lady-negro-gris-1.jpg","width":619,"height":800,"caption":"guantes seventy sd-c45 urban lady negro gris en murcia francisco belmonte"},{"@type":"BreadcrumbList","@id":"https:\/\/franciscobelmonte.com\/tienda\/guantes-seventy-sd-c45-urban-lady-negro-gris\/#breadcrumb","itemListElement":[{"@type":"ListItem","position":1,"name":"Portada","item":"https:\/\/franciscobelmonte.com\/tienda\/"},{"@type":"ListItem","position":2,"name":"Tienda","item":"https:\/\/franciscobelmonte.com\/tienda\/boutique-equipamiento-motero\/"},{"@type":"ListItem","position":3,"name":"GUANTES SEVENTY SD-C45 URBAN LADY NEGRO \/ GRIS"}]},{"@type":"WebSite","@id":"https:\/\/franciscobelmonte.com\/tienda\/#website","url":"https:\/\/franciscobelmonte.com\/tienda\/","name":"Boutique Francisco Belmonte","description":"Todo en complementos para motoristas","publisher":{"@id":"https:\/\/franciscobelmonte.com\/tienda\/#organization"},"potentialAction":[{"@type":"SearchAction","target":{"@type":"EntryPoint","urlTemplate":"https:\/\/franciscobelmonte.com\/tienda\/?s={search_term_string}"},"query-input":{"@type":"PropertyValueSpecification","valueRequired":true,"valueName":"search_term_string"}}],"inLanguage":"es"},{"@type":"Organization","@id":"https:\/\/franciscobelmonte.com\/tienda\/#organization","name":"Boutique Francisco Belmonte","url":"https:\/\/franciscobelmonte.com\/tienda\/","logo":{"@type":"ImageObject","inLanguage":"es","@id":"https:\/\/franciscobelmonte.com\/tienda\/#\/schema\/logo\/image\/","url":"https:\/\/franciscobelmonte.com\/tienda\/wp-content\/uploads\/2021\/12\/Francisco-Belmonte-logo.png","contentUrl":"https:\/\/franciscobelmonte.com\/tienda\/wp-content\/uploads\/2021\/12\/Francisco-Belmonte-logo.png","width":2153,"height":536,"caption":"Boutique Francisco Belmonte"},"image":{"@id":"https:\/\/franciscobelmonte.com\/tienda\/#\/schema\/logo\/image\/"},"sameAs":["https:\/\/www.facebook.com\/motosfranciscobelmonte","https:\/\/www.instagram.com\/fco.belmonte\/"]}]}},"jetpack_sharing_enabled":true,"brands":[{"id":228,"name":"Seventy","slug":"seventy"}],"_links":{"self":[{"href":"https:\/\/franciscobelmonte.com\/tienda\/wp-json\/wp\/v2\/product\/8734","targetHints":{"allow":["GET"]}}],"collection":[{"href":"https:\/\/franciscobelmonte.com\/tienda\/wp-json\/wp\/v2\/product"}],"about":[{"href":"https:\/\/franciscobelmonte.com\/tienda\/wp-json\/wp\/v2\/types\/product"}],"replies":[{"embeddable":true,"href":"https:\/\/franciscobelmonte.com\/tienda\/wp-json\/wp\/v2\/comments?post=8734"}],"wp:featuredmedia":[{"embeddable":true,"href":"https:\/\/franciscobelmonte.com\/tienda\/wp-json\/wp\/v2\/media\/8744"}],"wp:attachment":[{"href":"https:\/\/franciscobelmonte.com\/tienda\/wp-json\/wp\/v2\/media?parent=8734"}],"wp:term":[{"taxonomy":"pwb-brand","embeddable":true,"href":"https:\/\/franciscobelmonte.com\/tienda\/wp-json\/wp\/v2\/pwb-brand?post=8734"},{"taxonomy":"product_brand","embeddable":true,"href":"https:\/\/franciscobelmonte.com\/tienda\/wp-json\/wp\/v2\/product_brand?post=8734"},{"taxonomy":"product_cat","embeddable":true,"href":"https:\/\/franciscobelmonte.com\/tienda\/wp-json\/wp\/v2\/product_cat?post=8734"},{"taxonomy":"product_tag","embeddable":true,"href":"https:\/\/franciscobelmonte.com\/tienda\/wp-json\/wp\/v2\/product_tag?post=8734"}],"curies":[{"name":"wp","href":"https:\/\/api.w.org\/{rel}","templated":true}]}}