{"id":8764,"date":"2023-02-10T09:30:24","date_gmt":"2023-02-10T09:30:24","guid":{"rendered":"https:\/\/franciscobelmonte.com\/tienda\/?post_type=product&#038;p=8764"},"modified":"2025-12-15T13:53:40","modified_gmt":"2025-12-15T11:53:40","slug":"casco-mt-helmets-thunder-4-sv-exeo-gris-mate-c2","status":"publish","type":"product","link":"https:\/\/franciscobelmonte.com\/tienda\/casco-mt-helmets-thunder-4-sv-exeo-gris-mate-c2\/","title":{"rendered":"CASCO MT HELMETS THUNDER 4 SV EXEO GRIS MATE C2"},"content":{"rendered":"<h1>Casco MT HELMETS Thunder 4 SV EXEO Gris Mate C2<\/h1>\n<p>Casco integral deportivo con homologaci\u00f3n ECE 22.06. Fabricado con combinaci\u00f3n de pol\u00edmeros (HIRP) que proporciona una protecci\u00f3n excepcional contra los impactos. Dispone de visor solar interior y de sistema de ventilaci\u00f3n MT-AFCS muy eficaz. Destaca por su est\u00e9tica deportiva gracias a su aler\u00f3n trasero de estilo agresivo.<\/p>\n<p><strong>Caracter\u00edsticas principales<\/strong><\/p>\n<ul>\n<li>Calota HIRP.<\/li>\n<li>2 tama\u00f1os de calota exterior para un mejor ajuste a cada talla.<\/li>\n<li>Pantalla con predisposici\u00f3n para montar Pinlock 100% Maxvision (no incluido). Fabricada en policarbonato de alta calidad. Destaca por ofrecer una excelente nitidez y es muy resistente.<\/li>\n<li>Sistema de bloqueo de la pantalla para impedir la apertura involuntaria en caso de impacto.<\/li>\n<li>Sistema MT-QVSS de extracci\u00f3n r\u00e1pida de la pantalla. Permite un montaje\/desmontaje de la pantalla r\u00e1pido y c\u00f3modo sin necesidad de quitar el casco de la cabeza.<\/li>\n<li>Visor solar interior MT-ESP retr\u00e1ctil que protege por completo el \u00e1rea de visi\u00f3n.<\/li>\n<li>Sistema de ventilaci\u00f3n MT-AFCS: dispone de una entrada de aire en la zona de la mentonera y una entrada de aire situada en la parte superior de la calota para absorber un mayor flujo de aire. En el sp\u00f3iler trasero del casco encontramos dos orificios de salida que garantizan la total extracci\u00f3n de la humedad y del aire caliente del interior del mismo. Ofrece mayor flujo de ventilaci\u00f3n, menor resistencia al aire y menor temperatura y humedad.<\/li>\n<li>Acolchado interior desmontable y lavable fabricado en tejidos muy transpirables. Estos acolchados se han desarrollado de forma espec\u00edfica para cada talla, consiguiendo adaptarse de una forma \u00f3ptima y favoreciendo la ventilaci\u00f3n y evacuaci\u00f3n de la humedad.<\/li>\n<li>Sistema de extracci\u00f3n de emergencia de los acolchados laterales en caso de accidente.<\/li>\n<li>Sistema reflectante para ser visible en condiciones de poca visibilidad.<\/li>\n<li>Base del casco con sistema de elevaci\u00f3n de 3 puntos para evitar rozamientos.<\/li>\n<li>Eco-Conscious. Dispone de elementos desmontables para poder reducir el impacto medioambiental. Lo que permite que \u00e9stos sean sustituidos f\u00e1cilmente en caso de rotura o renovaci\u00f3n.<\/li>\n<li>Cierre microm\u00e9trico de doble gancho.<\/li>\n<li>Predisposici\u00f3n para integrar un sistema de comunicaci\u00f3n universal.<\/li>\n<li>Peso: 1.500 gr. +\/- 50 gr.<\/li>\n<\/ul>\n<p>&nbsp;<\/p>\n<p>&nbsp;<\/p>\n","protected":false},"excerpt":{"rendered":"<p>Casco integral deportivo con homologaci\u00f3n ECE 22.06. Fabricado con combinaci\u00f3n de pol\u00edmeros (HIRP) que proporciona una protecci\u00f3n excepcional contra los impactos. Dispone de visor solar interior y de sistema de ventilaci\u00f3n MT-AFCS muy eficaz.<\/p>\n<p><strong>*Cons\u00faltenos disponibilidad de talla que necesita a trav\u00e9s de nuestro WhatsApp\u00a0<\/strong><\/p>\n<div style=\"text-align: center;\"><a href=\"https:\/\/wa.me\/34674529107\" target=\"_blank\" rel=\"noopener\"><img loading=\"lazy\" decoding=\"async\" class=\"alignnone wp-image-4363\" src=\"https:\/\/franciscobelmonte.com\/wp-content\/uploads\/2023\/01\/boton-whatsapp.jpg\" alt=\"\" width=\"50\" height=\"50\" \/><\/a><\/div>\n","protected":false},"featured_media":8770,"comment_status":"open","ping_status":"closed","template":"","meta":{"_themeisle_gutenberg_block_has_review":false},"pwb-brand":[224],"product_brand":[],"product_cat":[15,145],"product_tag":[885,780,818],"class_list":{"0":"post-8764","1":"product","2":"type-product","3":"status-publish","4":"has-post-thumbnail","6":"pwb-brand-mt-helmets","7":"product_cat-casco-de-moto","8":"product_cat-cascos-de-moto-integrales","9":"product_tag-dto-navideno-25","10":"product_tag-mt-sin-rebajas-10","11":"product_tag-rebajas-20","13":"first","14":"instock","15":"sale","16":"taxable","17":"shipping-taxable","18":"purchasable","19":"product-type-variable"},"yoast_head":"<!-- This site is optimized with the Yoast SEO plugin v27.4 - https:\/\/yoast.com\/product\/yoast-seo-wordpress\/ -->\n<title>CASCO MT HELMETS THUNDER 4 SV EXEO GRIS MATE C2 - Boutique Francisco Belmonte<\/title>\n<meta name=\"description\" content=\"Casco MT Helmets Thunder 4 SV Exeo Gris Mate C2. Cascos de moto MT en Boutique Francisco Belmonte en Murcia. Descubre toda su gama de colores.\" \/>\n<meta name=\"robots\" content=\"index, follow, max-snippet:-1, max-image-preview:large, max-video-preview:-1\" \/>\n<link rel=\"canonical\" href=\"https:\/\/franciscobelmonte.com\/tienda\/casco-mt-helmets-thunder-4-sv-exeo-gris-mate-c2\/\" \/>\n<meta property=\"og:locale\" content=\"es_ES\" \/>\n<meta property=\"og:type\" content=\"article\" \/>\n<meta property=\"og:title\" content=\"CASCO MT HELMETS THUNDER 4 SV EXEO GRIS MATE C2 - Boutique Francisco Belmonte\" \/>\n<meta property=\"og:description\" content=\"Casco MT Helmets Thunder 4 SV Exeo Gris Mate C2. Cascos de moto MT en Boutique Francisco Belmonte en Murcia. Descubre toda su gama de colores.\" \/>\n<meta property=\"og:url\" content=\"https:\/\/franciscobelmonte.com\/tienda\/casco-mt-helmets-thunder-4-sv-exeo-gris-mate-c2\/\" \/>\n<meta property=\"og:site_name\" content=\"Boutique Francisco Belmonte\" \/>\n<meta property=\"article:publisher\" content=\"https:\/\/www.facebook.com\/motosfranciscobelmonte\" \/>\n<meta property=\"article:modified_time\" content=\"2025-12-15T11:53:40+00:00\" \/>\n<meta property=\"og:image\" content=\"https:\/\/franciscobelmonte.com\/tienda\/wp-content\/uploads\/2023\/02\/casco-mt-thunder-4-sv-exeo-gris-mate.jpg\" \/>\n\t<meta property=\"og:image:width\" content=\"800\" \/>\n\t<meta property=\"og:image:height\" content=\"800\" \/>\n\t<meta property=\"og:image:type\" content=\"image\/jpeg\" \/>\n<meta name=\"twitter:card\" content=\"summary_large_image\" \/>\n<meta name=\"twitter:label1\" content=\"Tiempo de lectura\" \/>\n\t<meta name=\"twitter:data1\" content=\"1 minuto\" \/>\n<script type=\"application\/ld+json\" class=\"yoast-schema-graph\">{\"@context\":\"https:\\\/\\\/schema.org\",\"@graph\":[{\"@type\":\"WebPage\",\"@id\":\"https:\\\/\\\/franciscobelmonte.com\\\/tienda\\\/casco-mt-helmets-thunder-4-sv-exeo-gris-mate-c2\\\/\",\"url\":\"https:\\\/\\\/franciscobelmonte.com\\\/tienda\\\/casco-mt-helmets-thunder-4-sv-exeo-gris-mate-c2\\\/\",\"name\":\"CASCO MT HELMETS THUNDER 4 SV EXEO GRIS MATE C2 - Boutique Francisco Belmonte\",\"isPartOf\":{\"@id\":\"https:\\\/\\\/franciscobelmonte.com\\\/tienda\\\/#website\"},\"primaryImageOfPage\":{\"@id\":\"https:\\\/\\\/franciscobelmonte.com\\\/tienda\\\/casco-mt-helmets-thunder-4-sv-exeo-gris-mate-c2\\\/#primaryimage\"},\"image\":{\"@id\":\"https:\\\/\\\/franciscobelmonte.com\\\/tienda\\\/casco-mt-helmets-thunder-4-sv-exeo-gris-mate-c2\\\/#primaryimage\"},\"thumbnailUrl\":\"https:\\\/\\\/franciscobelmonte.com\\\/tienda\\\/wp-content\\\/uploads\\\/2023\\\/02\\\/casco-mt-thunder-4-sv-exeo-gris-mate.jpg\",\"datePublished\":\"2023-02-10T09:30:24+00:00\",\"dateModified\":\"2025-12-15T11:53:40+00:00\",\"description\":\"Casco MT Helmets Thunder 4 SV Exeo Gris Mate C2. Cascos de moto MT en Boutique Francisco Belmonte en Murcia. Descubre toda su gama de colores.\",\"breadcrumb\":{\"@id\":\"https:\\\/\\\/franciscobelmonte.com\\\/tienda\\\/casco-mt-helmets-thunder-4-sv-exeo-gris-mate-c2\\\/#breadcrumb\"},\"inLanguage\":\"es\",\"potentialAction\":[{\"@type\":\"ReadAction\",\"target\":[\"https:\\\/\\\/franciscobelmonte.com\\\/tienda\\\/casco-mt-helmets-thunder-4-sv-exeo-gris-mate-c2\\\/\"]}]},{\"@type\":\"ImageObject\",\"inLanguage\":\"es\",\"@id\":\"https:\\\/\\\/franciscobelmonte.com\\\/tienda\\\/casco-mt-helmets-thunder-4-sv-exeo-gris-mate-c2\\\/#primaryimage\",\"url\":\"https:\\\/\\\/franciscobelmonte.com\\\/tienda\\\/wp-content\\\/uploads\\\/2023\\\/02\\\/casco-mt-thunder-4-sv-exeo-gris-mate.jpg\",\"contentUrl\":\"https:\\\/\\\/franciscobelmonte.com\\\/tienda\\\/wp-content\\\/uploads\\\/2023\\\/02\\\/casco-mt-thunder-4-sv-exeo-gris-mate.jpg\",\"width\":800,\"height\":800,\"caption\":\"casco mt thunder 4 sv exeo gris mate en murcia francisco belmonte\"},{\"@type\":\"BreadcrumbList\",\"@id\":\"https:\\\/\\\/franciscobelmonte.com\\\/tienda\\\/casco-mt-helmets-thunder-4-sv-exeo-gris-mate-c2\\\/#breadcrumb\",\"itemListElement\":[{\"@type\":\"ListItem\",\"position\":1,\"name\":\"Portada\",\"item\":\"https:\\\/\\\/franciscobelmonte.com\\\/tienda\\\/\"},{\"@type\":\"ListItem\",\"position\":2,\"name\":\"Tienda\",\"item\":\"https:\\\/\\\/franciscobelmonte.com\\\/tienda\\\/boutique-equipamiento-motero\\\/\"},{\"@type\":\"ListItem\",\"position\":3,\"name\":\"CASCO MT HELMETS THUNDER 4 SV EXEO GRIS MATE C2\"}]},{\"@type\":\"WebSite\",\"@id\":\"https:\\\/\\\/franciscobelmonte.com\\\/tienda\\\/#website\",\"url\":\"https:\\\/\\\/franciscobelmonte.com\\\/tienda\\\/\",\"name\":\"Boutique Francisco Belmonte\",\"description\":\"Todo en complementos para motoristas\",\"publisher\":{\"@id\":\"https:\\\/\\\/franciscobelmonte.com\\\/tienda\\\/#organization\"},\"potentialAction\":[{\"@type\":\"SearchAction\",\"target\":{\"@type\":\"EntryPoint\",\"urlTemplate\":\"https:\\\/\\\/franciscobelmonte.com\\\/tienda\\\/?s={search_term_string}\"},\"query-input\":{\"@type\":\"PropertyValueSpecification\",\"valueRequired\":true,\"valueName\":\"search_term_string\"}}],\"inLanguage\":\"es\"},{\"@type\":\"Organization\",\"@id\":\"https:\\\/\\\/franciscobelmonte.com\\\/tienda\\\/#organization\",\"name\":\"Boutique Francisco Belmonte\",\"url\":\"https:\\\/\\\/franciscobelmonte.com\\\/tienda\\\/\",\"logo\":{\"@type\":\"ImageObject\",\"inLanguage\":\"es\",\"@id\":\"https:\\\/\\\/franciscobelmonte.com\\\/tienda\\\/#\\\/schema\\\/logo\\\/image\\\/\",\"url\":\"https:\\\/\\\/franciscobelmonte.com\\\/tienda\\\/wp-content\\\/uploads\\\/2021\\\/12\\\/Francisco-Belmonte-logo.png\",\"contentUrl\":\"https:\\\/\\\/franciscobelmonte.com\\\/tienda\\\/wp-content\\\/uploads\\\/2021\\\/12\\\/Francisco-Belmonte-logo.png\",\"width\":2153,\"height\":536,\"caption\":\"Boutique Francisco Belmonte\"},\"image\":{\"@id\":\"https:\\\/\\\/franciscobelmonte.com\\\/tienda\\\/#\\\/schema\\\/logo\\\/image\\\/\"},\"sameAs\":[\"https:\\\/\\\/www.facebook.com\\\/motosfranciscobelmonte\",\"https:\\\/\\\/www.instagram.com\\\/fco.belmonte\\\/\"]}]}<\/script>\n<!-- \/ Yoast SEO plugin. -->","yoast_head_json":{"title":"CASCO MT HELMETS THUNDER 4 SV EXEO GRIS MATE C2 - Boutique Francisco Belmonte","description":"Casco MT Helmets Thunder 4 SV Exeo Gris Mate C2. Cascos de moto MT en Boutique Francisco Belmonte en Murcia. Descubre toda su gama de colores.","robots":{"index":"index","follow":"follow","max-snippet":"max-snippet:-1","max-image-preview":"max-image-preview:large","max-video-preview":"max-video-preview:-1"},"canonical":"https:\/\/franciscobelmonte.com\/tienda\/casco-mt-helmets-thunder-4-sv-exeo-gris-mate-c2\/","og_locale":"es_ES","og_type":"article","og_title":"CASCO MT HELMETS THUNDER 4 SV EXEO GRIS MATE C2 - Boutique Francisco Belmonte","og_description":"Casco MT Helmets Thunder 4 SV Exeo Gris Mate C2. Cascos de moto MT en Boutique Francisco Belmonte en Murcia. Descubre toda su gama de colores.","og_url":"https:\/\/franciscobelmonte.com\/tienda\/casco-mt-helmets-thunder-4-sv-exeo-gris-mate-c2\/","og_site_name":"Boutique Francisco Belmonte","article_publisher":"https:\/\/www.facebook.com\/motosfranciscobelmonte","article_modified_time":"2025-12-15T11:53:40+00:00","og_image":[{"width":800,"height":800,"url":"https:\/\/franciscobelmonte.com\/tienda\/wp-content\/uploads\/2023\/02\/casco-mt-thunder-4-sv-exeo-gris-mate.jpg","type":"image\/jpeg"}],"twitter_card":"summary_large_image","twitter_misc":{"Tiempo de lectura":"1 minuto"},"schema":{"@context":"https:\/\/schema.org","@graph":[{"@type":"WebPage","@id":"https:\/\/franciscobelmonte.com\/tienda\/casco-mt-helmets-thunder-4-sv-exeo-gris-mate-c2\/","url":"https:\/\/franciscobelmonte.com\/tienda\/casco-mt-helmets-thunder-4-sv-exeo-gris-mate-c2\/","name":"CASCO MT HELMETS THUNDER 4 SV EXEO GRIS MATE C2 - Boutique Francisco Belmonte","isPartOf":{"@id":"https:\/\/franciscobelmonte.com\/tienda\/#website"},"primaryImageOfPage":{"@id":"https:\/\/franciscobelmonte.com\/tienda\/casco-mt-helmets-thunder-4-sv-exeo-gris-mate-c2\/#primaryimage"},"image":{"@id":"https:\/\/franciscobelmonte.com\/tienda\/casco-mt-helmets-thunder-4-sv-exeo-gris-mate-c2\/#primaryimage"},"thumbnailUrl":"https:\/\/franciscobelmonte.com\/tienda\/wp-content\/uploads\/2023\/02\/casco-mt-thunder-4-sv-exeo-gris-mate.jpg","datePublished":"2023-02-10T09:30:24+00:00","dateModified":"2025-12-15T11:53:40+00:00","description":"Casco MT Helmets Thunder 4 SV Exeo Gris Mate C2. Cascos de moto MT en Boutique Francisco Belmonte en Murcia. Descubre toda su gama de colores.","breadcrumb":{"@id":"https:\/\/franciscobelmonte.com\/tienda\/casco-mt-helmets-thunder-4-sv-exeo-gris-mate-c2\/#breadcrumb"},"inLanguage":"es","potentialAction":[{"@type":"ReadAction","target":["https:\/\/franciscobelmonte.com\/tienda\/casco-mt-helmets-thunder-4-sv-exeo-gris-mate-c2\/"]}]},{"@type":"ImageObject","inLanguage":"es","@id":"https:\/\/franciscobelmonte.com\/tienda\/casco-mt-helmets-thunder-4-sv-exeo-gris-mate-c2\/#primaryimage","url":"https:\/\/franciscobelmonte.com\/tienda\/wp-content\/uploads\/2023\/02\/casco-mt-thunder-4-sv-exeo-gris-mate.jpg","contentUrl":"https:\/\/franciscobelmonte.com\/tienda\/wp-content\/uploads\/2023\/02\/casco-mt-thunder-4-sv-exeo-gris-mate.jpg","width":800,"height":800,"caption":"casco mt thunder 4 sv exeo gris mate en murcia francisco belmonte"},{"@type":"BreadcrumbList","@id":"https:\/\/franciscobelmonte.com\/tienda\/casco-mt-helmets-thunder-4-sv-exeo-gris-mate-c2\/#breadcrumb","itemListElement":[{"@type":"ListItem","position":1,"name":"Portada","item":"https:\/\/franciscobelmonte.com\/tienda\/"},{"@type":"ListItem","position":2,"name":"Tienda","item":"https:\/\/franciscobelmonte.com\/tienda\/boutique-equipamiento-motero\/"},{"@type":"ListItem","position":3,"name":"CASCO MT HELMETS THUNDER 4 SV EXEO GRIS MATE C2"}]},{"@type":"WebSite","@id":"https:\/\/franciscobelmonte.com\/tienda\/#website","url":"https:\/\/franciscobelmonte.com\/tienda\/","name":"Boutique Francisco Belmonte","description":"Todo en complementos para motoristas","publisher":{"@id":"https:\/\/franciscobelmonte.com\/tienda\/#organization"},"potentialAction":[{"@type":"SearchAction","target":{"@type":"EntryPoint","urlTemplate":"https:\/\/franciscobelmonte.com\/tienda\/?s={search_term_string}"},"query-input":{"@type":"PropertyValueSpecification","valueRequired":true,"valueName":"search_term_string"}}],"inLanguage":"es"},{"@type":"Organization","@id":"https:\/\/franciscobelmonte.com\/tienda\/#organization","name":"Boutique Francisco Belmonte","url":"https:\/\/franciscobelmonte.com\/tienda\/","logo":{"@type":"ImageObject","inLanguage":"es","@id":"https:\/\/franciscobelmonte.com\/tienda\/#\/schema\/logo\/image\/","url":"https:\/\/franciscobelmonte.com\/tienda\/wp-content\/uploads\/2021\/12\/Francisco-Belmonte-logo.png","contentUrl":"https:\/\/franciscobelmonte.com\/tienda\/wp-content\/uploads\/2021\/12\/Francisco-Belmonte-logo.png","width":2153,"height":536,"caption":"Boutique Francisco Belmonte"},"image":{"@id":"https:\/\/franciscobelmonte.com\/tienda\/#\/schema\/logo\/image\/"},"sameAs":["https:\/\/www.facebook.com\/motosfranciscobelmonte","https:\/\/www.instagram.com\/fco.belmonte\/"]}]}},"jetpack_sharing_enabled":true,"brands":[{"id":224,"name":"MT Helmets","slug":"mt-helmets"}],"_links":{"self":[{"href":"https:\/\/franciscobelmonte.com\/tienda\/wp-json\/wp\/v2\/product\/8764","targetHints":{"allow":["GET"]}}],"collection":[{"href":"https:\/\/franciscobelmonte.com\/tienda\/wp-json\/wp\/v2\/product"}],"about":[{"href":"https:\/\/franciscobelmonte.com\/tienda\/wp-json\/wp\/v2\/types\/product"}],"replies":[{"embeddable":true,"href":"https:\/\/franciscobelmonte.com\/tienda\/wp-json\/wp\/v2\/comments?post=8764"}],"wp:featuredmedia":[{"embeddable":true,"href":"https:\/\/franciscobelmonte.com\/tienda\/wp-json\/wp\/v2\/media\/8770"}],"wp:attachment":[{"href":"https:\/\/franciscobelmonte.com\/tienda\/wp-json\/wp\/v2\/media?parent=8764"}],"wp:term":[{"taxonomy":"pwb-brand","embeddable":true,"href":"https:\/\/franciscobelmonte.com\/tienda\/wp-json\/wp\/v2\/pwb-brand?post=8764"},{"taxonomy":"product_brand","embeddable":true,"href":"https:\/\/franciscobelmonte.com\/tienda\/wp-json\/wp\/v2\/product_brand?post=8764"},{"taxonomy":"product_cat","embeddable":true,"href":"https:\/\/franciscobelmonte.com\/tienda\/wp-json\/wp\/v2\/product_cat?post=8764"},{"taxonomy":"product_tag","embeddable":true,"href":"https:\/\/franciscobelmonte.com\/tienda\/wp-json\/wp\/v2\/product_tag?post=8764"}],"curies":[{"name":"wp","href":"https:\/\/api.w.org\/{rel}","templated":true}]}}