{"id":8907,"date":"2023-02-27T09:27:51","date_gmt":"2023-02-27T09:27:51","guid":{"rendered":"https:\/\/franciscobelmonte.com\/tienda\/?post_type=product&#038;p=8907"},"modified":"2026-01-06T18:43:04","modified_gmt":"2026-01-06T16:43:04","slug":"chaqueta-alpinestars-t-jaws-v3-waterproof-negro-rojo","status":"publish","type":"product","link":"https:\/\/franciscobelmonte.com\/tienda\/chaqueta-alpinestars-t-jaws-v3-waterproof-negro-rojo\/","title":{"rendered":"CHAQUETA ALPINESTARS T-JAWS V3 WATERPROOF NEGRO \/ ROJO"},"content":{"rendered":"<h1><strong>Chaqueta Alpinestars T-JAWS V3 Waterproof Negro \/ Rojo\u00a0<\/strong><\/h1>\n<p>Chaqueta\u00a0textil de estilo deportivo espec\u00edficamente dise\u00f1ada para la mujer. dispone de membrana impermeable fija, forro t\u00e9rmico desmontable y entradas de aire con cremallera para poder adaptarse a las diferentes condiciones clim\u00e1ticas.<\/p>\n<p><strong>Confecci\u00f3n<\/strong><\/p>\n<ul class=\"squareUl\">\n<li>Confeccionada en m\u00faltiples tejidos con refuerzos en material muy resistente a la abrasi\u00f3n en puntos clave.<\/li>\n<li>Membrana impermeable y transpirable.<\/li>\n<li>Forro t\u00e9rmico desmontable<\/li>\n<\/ul>\n<p><strong>Seguridad<\/strong><\/p>\n<ul class=\"squareUl\">\n<li type=\"\">Protecciones desmontables Alpinestars Bio-Armor (certificadas CE &#8211; Nivel 1) en hombros y codos.<\/li>\n<li type=\"\">Deslizaderas externas GP Lite de TPU de doble densidad DFS (Dyanmic Friction Shield) en la parte externa de los hombros.<\/li>\n<li type=\"\">Compartimentos en el pecho y en la espalda en los que podemos montar los protectores Alpinestars Nucleon (no incluidos).<\/li>\n<li type=\"\">Sistema \u00abSnap-on\u00bb para poder instalar el protector de espalda Nucleon KR-R de nivel 2 (no incluido).<\/li>\n<li type=\"\">Detalles reflectantes para ser m\u00e1s visible en condiciones nocturnas o con poca luz.<\/li>\n<\/ul>\n<p><strong>Confort y alto rendimiento<\/strong><\/p>\n<ul class=\"squareUl\">\n<li type=\"\">Entradas de aire con cremallera para una \u00f3ptima circulaci\u00f3n del flujo de aire.<\/li>\n<li type=\"\">Mangas pre-curvadas para reducir la fatiga mientras pilotamos.<\/li>\n<li type=\"\">Inserciones de tejido en acorde\u00f3n en los codos para mejorar el confort y el ajuste.<\/li>\n<li type=\"\">Cuello de perfil alto con interior en tejido 3D texturizado con acabado en microfibra para mayor confort.<\/li>\n<li type=\"\">Ancho de las mangas regulable con botones a presi\u00f3n.<\/li>\n<li type=\"\">Pu\u00f1os y cintura regulables mediante velcro.<\/li>\n<li type=\"\">2 bolsillos exteriores con cremallera.<\/li>\n<li type=\"\">Bolsillo interior impermeable.<\/li>\n<li type=\"\">Cremallera de conexi\u00f3n Chaqueta-Pantal\u00f3n Alpinestars.<\/li>\n<li><\/li>\n<\/ul>\n<p><strong>Homologaci\u00f3n<\/strong><\/p>\n<ul style=\"list-style-type: square;\">\n<li>Chaqueta certificada seg\u00fan la normativa CE\u00a0Cat. II &#8211; PPE (EU) 2016\/425 Clase A<\/li>\n<\/ul>\n","protected":false},"excerpt":{"rendered":"<p>Chaqueta\u00a0textil de estilo deportivo espec\u00edficamente dise\u00f1ada para la mujer. dispone de membrana impermeable fija, forro t\u00e9rmico desmontable y entradas de aire con cremallera para poder adaptarse a las diferentes condiciones clim\u00e1ticas.<\/p>\n<p><a style=\"color: #0000ff;\" href=\"https:\/\/franciscobelmonte.com\/tienda\/wp-content\/uploads\/2022\/09\/Tallas-pantalones-y-chaquetas-alpinestars-mujer.png\" target=\"_blank\" rel=\"noopener\"><span style=\"font-size: xx-small;\"> Ver gu\u00eda de tallas<\/span><\/a><\/p>\n","protected":false},"featured_media":8914,"comment_status":"open","ping_status":"closed","template":"","meta":{"_themeisle_gutenberg_block_has_review":false},"pwb-brand":[186],"product_brand":[],"product_cat":[46,137],"product_tag":[416,733,889],"class_list":{"0":"post-8907","1":"product","2":"type-product","3":"status-publish","4":"has-post-thumbnail","6":"pwb-brand-alpinestars","7":"product_cat-chaquetas-de-moto","8":"product_cat-chaquetas-de-moto-invierno","9":"product_tag-liquidacion","10":"product_tag-liquidacion-25","11":"product_tag-rebajas-liquidacion-70","13":"first","14":"instock","15":"sale","16":"taxable","17":"shipping-taxable","18":"purchasable","19":"product-type-variable","20":"has-default-attributes"},"yoast_head":"<!-- This site is optimized with the Yoast SEO plugin v27.5 - https:\/\/yoast.com\/product\/yoast-seo-wordpress\/ -->\n<title>CHAQUETA ALPINESTARS T-JAWS V3 WATERPROOF NEGRO \/ ROJO - Boutique Francisco Belmonte<\/title>\n<meta name=\"description\" content=\"Chaqueta Alpinestars T-JAWS V3 Waterproof Negro - Rojo . Chaquetas moto Alpinestars al mejor precio en Murcia Francisco Belmonte, en diferentes colores.\" \/>\n<meta name=\"robots\" content=\"index, follow, max-snippet:-1, max-image-preview:large, max-video-preview:-1\" \/>\n<link rel=\"canonical\" href=\"https:\/\/franciscobelmonte.com\/tienda\/chaqueta-alpinestars-t-jaws-v3-waterproof-negro-rojo\/\" \/>\n<meta property=\"og:locale\" content=\"es_ES\" \/>\n<meta property=\"og:type\" content=\"article\" \/>\n<meta property=\"og:title\" content=\"CHAQUETA ALPINESTARS T-JAWS V3 WATERPROOF NEGRO \/ ROJO - Boutique Francisco Belmonte\" \/>\n<meta property=\"og:description\" content=\"Chaqueta Alpinestars T-JAWS V3 Waterproof Negro - Rojo . Chaquetas moto Alpinestars al mejor precio en Murcia Francisco Belmonte, en diferentes colores.\" \/>\n<meta property=\"og:url\" content=\"https:\/\/franciscobelmonte.com\/tienda\/chaqueta-alpinestars-t-jaws-v3-waterproof-negro-rojo\/\" \/>\n<meta property=\"og:site_name\" content=\"Boutique Francisco Belmonte\" \/>\n<meta property=\"article:publisher\" content=\"https:\/\/www.facebook.com\/motosfranciscobelmonte\" \/>\n<meta property=\"article:modified_time\" content=\"2026-01-06T16:43:04+00:00\" \/>\n<meta property=\"og:image\" content=\"https:\/\/franciscobelmonte.com\/tienda\/wp-content\/uploads\/2023\/02\/chaqueta-alpinestars-t-jaws-v3-waterproof-negrorojo.jpg\" \/>\n\t<meta property=\"og:image:width\" content=\"800\" \/>\n\t<meta property=\"og:image:height\" content=\"800\" \/>\n\t<meta property=\"og:image:type\" content=\"image\/jpeg\" \/>\n<meta name=\"twitter:card\" content=\"summary_large_image\" \/>\n<meta name=\"twitter:label1\" content=\"Tiempo de lectura\" \/>\n\t<meta name=\"twitter:data1\" content=\"1 minuto\" \/>\n<script type=\"application\/ld+json\" class=\"yoast-schema-graph\">{\"@context\":\"https:\\\/\\\/schema.org\",\"@graph\":[{\"@type\":\"WebPage\",\"@id\":\"https:\\\/\\\/franciscobelmonte.com\\\/tienda\\\/chaqueta-alpinestars-t-jaws-v3-waterproof-negro-rojo\\\/\",\"url\":\"https:\\\/\\\/franciscobelmonte.com\\\/tienda\\\/chaqueta-alpinestars-t-jaws-v3-waterproof-negro-rojo\\\/\",\"name\":\"CHAQUETA ALPINESTARS T-JAWS V3 WATERPROOF NEGRO \\\/ ROJO - Boutique Francisco Belmonte\",\"isPartOf\":{\"@id\":\"https:\\\/\\\/franciscobelmonte.com\\\/tienda\\\/#website\"},\"primaryImageOfPage\":{\"@id\":\"https:\\\/\\\/franciscobelmonte.com\\\/tienda\\\/chaqueta-alpinestars-t-jaws-v3-waterproof-negro-rojo\\\/#primaryimage\"},\"image\":{\"@id\":\"https:\\\/\\\/franciscobelmonte.com\\\/tienda\\\/chaqueta-alpinestars-t-jaws-v3-waterproof-negro-rojo\\\/#primaryimage\"},\"thumbnailUrl\":\"https:\\\/\\\/franciscobelmonte.com\\\/tienda\\\/wp-content\\\/uploads\\\/2023\\\/02\\\/chaqueta-alpinestars-t-jaws-v3-waterproof-negrorojo.jpg\",\"datePublished\":\"2023-02-27T09:27:51+00:00\",\"dateModified\":\"2026-01-06T16:43:04+00:00\",\"description\":\"Chaqueta Alpinestars T-JAWS V3 Waterproof Negro - Rojo . Chaquetas moto Alpinestars al mejor precio en Murcia Francisco Belmonte, en diferentes colores.\",\"breadcrumb\":{\"@id\":\"https:\\\/\\\/franciscobelmonte.com\\\/tienda\\\/chaqueta-alpinestars-t-jaws-v3-waterproof-negro-rojo\\\/#breadcrumb\"},\"inLanguage\":\"es\",\"potentialAction\":[{\"@type\":\"ReadAction\",\"target\":[\"https:\\\/\\\/franciscobelmonte.com\\\/tienda\\\/chaqueta-alpinestars-t-jaws-v3-waterproof-negro-rojo\\\/\"]}]},{\"@type\":\"ImageObject\",\"inLanguage\":\"es\",\"@id\":\"https:\\\/\\\/franciscobelmonte.com\\\/tienda\\\/chaqueta-alpinestars-t-jaws-v3-waterproof-negro-rojo\\\/#primaryimage\",\"url\":\"https:\\\/\\\/franciscobelmonte.com\\\/tienda\\\/wp-content\\\/uploads\\\/2023\\\/02\\\/chaqueta-alpinestars-t-jaws-v3-waterproof-negrorojo.jpg\",\"contentUrl\":\"https:\\\/\\\/franciscobelmonte.com\\\/tienda\\\/wp-content\\\/uploads\\\/2023\\\/02\\\/chaqueta-alpinestars-t-jaws-v3-waterproof-negrorojo.jpg\",\"width\":800,\"height\":800,\"caption\":\"chaqueta alpinestars t-jaws v3 waterproof negro rojo en murcia francisco belmonte\"},{\"@type\":\"BreadcrumbList\",\"@id\":\"https:\\\/\\\/franciscobelmonte.com\\\/tienda\\\/chaqueta-alpinestars-t-jaws-v3-waterproof-negro-rojo\\\/#breadcrumb\",\"itemListElement\":[{\"@type\":\"ListItem\",\"position\":1,\"name\":\"Portada\",\"item\":\"https:\\\/\\\/franciscobelmonte.com\\\/tienda\\\/\"},{\"@type\":\"ListItem\",\"position\":2,\"name\":\"Tienda\",\"item\":\"https:\\\/\\\/franciscobelmonte.com\\\/tienda\\\/boutique-equipamiento-motero\\\/\"},{\"@type\":\"ListItem\",\"position\":3,\"name\":\"CHAQUETA ALPINESTARS T-JAWS V3 WATERPROOF NEGRO \\\/ ROJO\"}]},{\"@type\":\"WebSite\",\"@id\":\"https:\\\/\\\/franciscobelmonte.com\\\/tienda\\\/#website\",\"url\":\"https:\\\/\\\/franciscobelmonte.com\\\/tienda\\\/\",\"name\":\"Boutique Francisco Belmonte\",\"description\":\"Todo en complementos para motoristas\",\"publisher\":{\"@id\":\"https:\\\/\\\/franciscobelmonte.com\\\/tienda\\\/#organization\"},\"potentialAction\":[{\"@type\":\"SearchAction\",\"target\":{\"@type\":\"EntryPoint\",\"urlTemplate\":\"https:\\\/\\\/franciscobelmonte.com\\\/tienda\\\/?s={search_term_string}\"},\"query-input\":{\"@type\":\"PropertyValueSpecification\",\"valueRequired\":true,\"valueName\":\"search_term_string\"}}],\"inLanguage\":\"es\"},{\"@type\":\"Organization\",\"@id\":\"https:\\\/\\\/franciscobelmonte.com\\\/tienda\\\/#organization\",\"name\":\"Boutique Francisco Belmonte\",\"url\":\"https:\\\/\\\/franciscobelmonte.com\\\/tienda\\\/\",\"logo\":{\"@type\":\"ImageObject\",\"inLanguage\":\"es\",\"@id\":\"https:\\\/\\\/franciscobelmonte.com\\\/tienda\\\/#\\\/schema\\\/logo\\\/image\\\/\",\"url\":\"https:\\\/\\\/franciscobelmonte.com\\\/tienda\\\/wp-content\\\/uploads\\\/2021\\\/12\\\/Francisco-Belmonte-logo.png\",\"contentUrl\":\"https:\\\/\\\/franciscobelmonte.com\\\/tienda\\\/wp-content\\\/uploads\\\/2021\\\/12\\\/Francisco-Belmonte-logo.png\",\"width\":2153,\"height\":536,\"caption\":\"Boutique Francisco Belmonte\"},\"image\":{\"@id\":\"https:\\\/\\\/franciscobelmonte.com\\\/tienda\\\/#\\\/schema\\\/logo\\\/image\\\/\"},\"sameAs\":[\"https:\\\/\\\/www.facebook.com\\\/motosfranciscobelmonte\",\"https:\\\/\\\/www.instagram.com\\\/fco.belmonte\\\/\"]}]}<\/script>\n<!-- \/ Yoast SEO plugin. -->","yoast_head_json":{"title":"CHAQUETA ALPINESTARS T-JAWS V3 WATERPROOF NEGRO \/ ROJO - Boutique Francisco Belmonte","description":"Chaqueta Alpinestars T-JAWS V3 Waterproof Negro - Rojo . Chaquetas moto Alpinestars al mejor precio en Murcia Francisco Belmonte, en diferentes colores.","robots":{"index":"index","follow":"follow","max-snippet":"max-snippet:-1","max-image-preview":"max-image-preview:large","max-video-preview":"max-video-preview:-1"},"canonical":"https:\/\/franciscobelmonte.com\/tienda\/chaqueta-alpinestars-t-jaws-v3-waterproof-negro-rojo\/","og_locale":"es_ES","og_type":"article","og_title":"CHAQUETA ALPINESTARS T-JAWS V3 WATERPROOF NEGRO \/ ROJO - Boutique Francisco Belmonte","og_description":"Chaqueta Alpinestars T-JAWS V3 Waterproof Negro - Rojo . Chaquetas moto Alpinestars al mejor precio en Murcia Francisco Belmonte, en diferentes colores.","og_url":"https:\/\/franciscobelmonte.com\/tienda\/chaqueta-alpinestars-t-jaws-v3-waterproof-negro-rojo\/","og_site_name":"Boutique Francisco Belmonte","article_publisher":"https:\/\/www.facebook.com\/motosfranciscobelmonte","article_modified_time":"2026-01-06T16:43:04+00:00","og_image":[{"width":800,"height":800,"url":"https:\/\/franciscobelmonte.com\/tienda\/wp-content\/uploads\/2023\/02\/chaqueta-alpinestars-t-jaws-v3-waterproof-negrorojo.jpg","type":"image\/jpeg"}],"twitter_card":"summary_large_image","twitter_misc":{"Tiempo de lectura":"1 minuto"},"schema":{"@context":"https:\/\/schema.org","@graph":[{"@type":"WebPage","@id":"https:\/\/franciscobelmonte.com\/tienda\/chaqueta-alpinestars-t-jaws-v3-waterproof-negro-rojo\/","url":"https:\/\/franciscobelmonte.com\/tienda\/chaqueta-alpinestars-t-jaws-v3-waterproof-negro-rojo\/","name":"CHAQUETA ALPINESTARS T-JAWS V3 WATERPROOF NEGRO \/ ROJO - Boutique Francisco Belmonte","isPartOf":{"@id":"https:\/\/franciscobelmonte.com\/tienda\/#website"},"primaryImageOfPage":{"@id":"https:\/\/franciscobelmonte.com\/tienda\/chaqueta-alpinestars-t-jaws-v3-waterproof-negro-rojo\/#primaryimage"},"image":{"@id":"https:\/\/franciscobelmonte.com\/tienda\/chaqueta-alpinestars-t-jaws-v3-waterproof-negro-rojo\/#primaryimage"},"thumbnailUrl":"https:\/\/franciscobelmonte.com\/tienda\/wp-content\/uploads\/2023\/02\/chaqueta-alpinestars-t-jaws-v3-waterproof-negrorojo.jpg","datePublished":"2023-02-27T09:27:51+00:00","dateModified":"2026-01-06T16:43:04+00:00","description":"Chaqueta Alpinestars T-JAWS V3 Waterproof Negro - Rojo . Chaquetas moto Alpinestars al mejor precio en Murcia Francisco Belmonte, en diferentes colores.","breadcrumb":{"@id":"https:\/\/franciscobelmonte.com\/tienda\/chaqueta-alpinestars-t-jaws-v3-waterproof-negro-rojo\/#breadcrumb"},"inLanguage":"es","potentialAction":[{"@type":"ReadAction","target":["https:\/\/franciscobelmonte.com\/tienda\/chaqueta-alpinestars-t-jaws-v3-waterproof-negro-rojo\/"]}]},{"@type":"ImageObject","inLanguage":"es","@id":"https:\/\/franciscobelmonte.com\/tienda\/chaqueta-alpinestars-t-jaws-v3-waterproof-negro-rojo\/#primaryimage","url":"https:\/\/franciscobelmonte.com\/tienda\/wp-content\/uploads\/2023\/02\/chaqueta-alpinestars-t-jaws-v3-waterproof-negrorojo.jpg","contentUrl":"https:\/\/franciscobelmonte.com\/tienda\/wp-content\/uploads\/2023\/02\/chaqueta-alpinestars-t-jaws-v3-waterproof-negrorojo.jpg","width":800,"height":800,"caption":"chaqueta alpinestars t-jaws v3 waterproof negro rojo en murcia francisco belmonte"},{"@type":"BreadcrumbList","@id":"https:\/\/franciscobelmonte.com\/tienda\/chaqueta-alpinestars-t-jaws-v3-waterproof-negro-rojo\/#breadcrumb","itemListElement":[{"@type":"ListItem","position":1,"name":"Portada","item":"https:\/\/franciscobelmonte.com\/tienda\/"},{"@type":"ListItem","position":2,"name":"Tienda","item":"https:\/\/franciscobelmonte.com\/tienda\/boutique-equipamiento-motero\/"},{"@type":"ListItem","position":3,"name":"CHAQUETA ALPINESTARS T-JAWS V3 WATERPROOF NEGRO \/ ROJO"}]},{"@type":"WebSite","@id":"https:\/\/franciscobelmonte.com\/tienda\/#website","url":"https:\/\/franciscobelmonte.com\/tienda\/","name":"Boutique Francisco Belmonte","description":"Todo en complementos para motoristas","publisher":{"@id":"https:\/\/franciscobelmonte.com\/tienda\/#organization"},"potentialAction":[{"@type":"SearchAction","target":{"@type":"EntryPoint","urlTemplate":"https:\/\/franciscobelmonte.com\/tienda\/?s={search_term_string}"},"query-input":{"@type":"PropertyValueSpecification","valueRequired":true,"valueName":"search_term_string"}}],"inLanguage":"es"},{"@type":"Organization","@id":"https:\/\/franciscobelmonte.com\/tienda\/#organization","name":"Boutique Francisco Belmonte","url":"https:\/\/franciscobelmonte.com\/tienda\/","logo":{"@type":"ImageObject","inLanguage":"es","@id":"https:\/\/franciscobelmonte.com\/tienda\/#\/schema\/logo\/image\/","url":"https:\/\/franciscobelmonte.com\/tienda\/wp-content\/uploads\/2021\/12\/Francisco-Belmonte-logo.png","contentUrl":"https:\/\/franciscobelmonte.com\/tienda\/wp-content\/uploads\/2021\/12\/Francisco-Belmonte-logo.png","width":2153,"height":536,"caption":"Boutique Francisco Belmonte"},"image":{"@id":"https:\/\/franciscobelmonte.com\/tienda\/#\/schema\/logo\/image\/"},"sameAs":["https:\/\/www.facebook.com\/motosfranciscobelmonte","https:\/\/www.instagram.com\/fco.belmonte\/"]}]}},"jetpack_sharing_enabled":true,"brands":[{"id":186,"name":"Alpinestars","slug":"alpinestars"}],"_links":{"self":[{"href":"https:\/\/franciscobelmonte.com\/tienda\/wp-json\/wp\/v2\/product\/8907","targetHints":{"allow":["GET"]}}],"collection":[{"href":"https:\/\/franciscobelmonte.com\/tienda\/wp-json\/wp\/v2\/product"}],"about":[{"href":"https:\/\/franciscobelmonte.com\/tienda\/wp-json\/wp\/v2\/types\/product"}],"replies":[{"embeddable":true,"href":"https:\/\/franciscobelmonte.com\/tienda\/wp-json\/wp\/v2\/comments?post=8907"}],"wp:featuredmedia":[{"embeddable":true,"href":"https:\/\/franciscobelmonte.com\/tienda\/wp-json\/wp\/v2\/media\/8914"}],"wp:attachment":[{"href":"https:\/\/franciscobelmonte.com\/tienda\/wp-json\/wp\/v2\/media?parent=8907"}],"wp:term":[{"taxonomy":"pwb-brand","embeddable":true,"href":"https:\/\/franciscobelmonte.com\/tienda\/wp-json\/wp\/v2\/pwb-brand?post=8907"},{"taxonomy":"product_brand","embeddable":true,"href":"https:\/\/franciscobelmonte.com\/tienda\/wp-json\/wp\/v2\/product_brand?post=8907"},{"taxonomy":"product_cat","embeddable":true,"href":"https:\/\/franciscobelmonte.com\/tienda\/wp-json\/wp\/v2\/product_cat?post=8907"},{"taxonomy":"product_tag","embeddable":true,"href":"https:\/\/franciscobelmonte.com\/tienda\/wp-json\/wp\/v2\/product_tag?post=8907"}],"curies":[{"name":"wp","href":"https:\/\/api.w.org\/{rel}","templated":true}]}}